{"id":39698,"date":"2024-05-28T15:52:57","date_gmt":"2024-05-28T12:52:57","guid":{"rendered":"https:\/\/afianeswines.gr\/?post_type=product&#038;p=39698"},"modified":"2025-10-03T17:12:30","modified_gmt":"2025-10-03T14:12:30","slug":"visite-classique-et-degustation-de-vins-acompte-5-e-prix-35-e-par-personne","status":"publish","type":"product","link":"https:\/\/afianeswines.gr\/fr\/product\/visite-classique-et-degustation-de-vins-acompte-5-e-prix-35-e-par-personne\/","title":{"rendered":"Visite classique et d\u00e9gustation de vins Acompte : 5 \u20ac \/ Prix : 35 \u20ac par personne"},"content":{"rendered":"<p>Plongez dans l\u2019art de la d\u00e9gustation de vin et d\u00e9couvrez les secrets du domaine viticole Afianes.<\/p>\n<p>Apprenez \u00e0 reconna\u00eetre le v\u00e9ritable caract\u00e8re de chaque vin, avec un membre exp\u00e9riment\u00e9 du domaine qui vous guidera \u00e0 travers les principes fondamentaux de la d\u00e9gustation, dans un cours court mais enrichissant. D\u00e9gustez deux vins jeunes et deux vins vieillis, et d\u00e9couvrez comment identifier les caract\u00e9ristiques sp\u00e9cifiques et les nuances aromatiques apport\u00e9es par le vieillissement. Cette initiation \u00e0 la d\u00e9gustation est accompagn\u00e9e de biscuits traditionnels cuits dans un four \u00e0 bois. Apprenez non seulement \u00e0 reconna\u00eetre les diff\u00e9rents profils \u0153nologiques, mais aussi \u00e0 choisir le vin le plus adapt\u00e9 \u00e0 chaque occasion.<\/p>\n","protected":false},"excerpt":{"rendered":"<p>Plongez dans l\u2019art de la d\u00e9gustation de vin et d\u00e9couvrez les secrets du domaine viticole Afianes.<\/p>\n<p>Apprenez \u00e0 reconna\u00eetre le v\u00e9ritable caract\u00e8re de chaque vin, avec un membre exp\u00e9riment\u00e9 du domaine qui vous guidera \u00e0 travers les principes fondamentaux de la d\u00e9gustation, dans un cours court mais enrichissant. D\u00e9gustez deux vins jeunes et deux vins vieillis, et d\u00e9couvrez comment identifier les caract\u00e9ristiques sp\u00e9cifiques et les nuances aromatiques apport\u00e9es par le vieillissement. Cette initiation \u00e0 la d\u00e9gustation est accompagn\u00e9e de biscuits traditionnels cuits dans un four \u00e0 bois. Apprenez non seulement \u00e0 reconna\u00eetre les diff\u00e9rents profils \u0153nologiques, mais aussi \u00e0 choisir le vin le plus adapt\u00e9 \u00e0 chaque occasion.<\/p>\n","protected":false},"author":1,"featured_media":38474,"template":"","meta":[],"product_brand":[],"product_cat":[97],"product_tag":[],"class_list":{"0":"post-39698","1":"product","2":"type-product","3":"status-publish","4":"has-post-thumbnail","6":"product_cat-experiences","7":"product_shipping_class-event-buy","9":"first","10":"instock","11":"virtual","12":"taxable","13":"purchasable","14":"product-type-simple"},"yoast_head":"<!-- This site is optimized with the Yoast SEO plugin v27.2 - https:\/\/yoast.com\/product\/yoast-seo-wordpress\/ -->\n<title>Visite guid\u00e9e &amp; D\u00e9gustation au Domaine Afianes | Icarie<\/title>\n<meta name=\"description\" content=\"Vivez une exp\u00e9rience unique au domaine Afianes, sur l\u2019\u00eele d\u2019Icarie. Visite du pressoir antique, des jarres en terre cuite et du mus\u00e9e, d\u00e9gustation de vins naturels et coucher de soleil sur le domaine.\" \/>\n<meta name=\"robots\" content=\"index, follow, max-snippet:-1, max-image-preview:large, max-video-preview:-1\" \/>\n<link rel=\"canonical\" href=\"https:\/\/afianeswines.gr\/fr\/product\/visite-classique-et-degustation-de-vins-acompte-5-e-prix-35-e-par-personne\/\" \/>\n<meta property=\"og:locale\" content=\"fr_FR\" \/>\n<meta property=\"og:type\" content=\"article\" \/>\n<meta property=\"og:title\" content=\"Visite guid\u00e9e &amp; D\u00e9gustation au Domaine Afianes | Icarie\" \/>\n<meta property=\"og:description\" content=\"Vivez une exp\u00e9rience unique au domaine Afianes, sur l\u2019\u00eele d\u2019Icarie. Visite du pressoir antique, des jarres en terre cuite et du mus\u00e9e, d\u00e9gustation de vins naturels et coucher de soleil sur le domaine.\" \/>\n<meta property=\"og:url\" content=\"https:\/\/afianeswines.gr\/fr\/product\/visite-classique-et-degustation-de-vins-acompte-5-e-prix-35-e-par-personne\/\" \/>\n<meta property=\"og:site_name\" content=\"Afianes Wines\" \/>\n<meta property=\"article:modified_time\" content=\"2025-10-03T14:12:30+00:00\" \/>\n<meta property=\"og:image\" content=\"https:\/\/afianeswines.gr\/wp-content\/uploads\/2024\/05\/geysignwsia_thumb2.jpg\" \/>\n\t<meta property=\"og:image:width\" content=\"557\" \/>\n\t<meta property=\"og:image:height\" content=\"793\" \/>\n\t<meta property=\"og:image:type\" content=\"image\/jpeg\" \/>\n<meta name=\"twitter:card\" content=\"summary_large_image\" \/>\n<meta name=\"twitter:label1\" content=\"Dur\u00e9e de lecture estim\u00e9e\" \/>\n\t<meta name=\"twitter:data1\" content=\"1 minute\" \/>\n<script type=\"application\/ld+json\" class=\"yoast-schema-graph\">{\"@context\":\"https:\/\/schema.org\",\"@graph\":[{\"@type\":\"WebPage\",\"@id\":\"https:\/\/afianeswines.gr\/fr\/product\/visite-classique-et-degustation-de-vins-acompte-5-e-prix-35-e-par-personne\/\",\"url\":\"https:\/\/afianeswines.gr\/fr\/product\/visite-classique-et-degustation-de-vins-acompte-5-e-prix-35-e-par-personne\/\",\"name\":\"Visite guid\u00e9e & D\u00e9gustation au Domaine Afianes | Icarie\",\"isPartOf\":{\"@id\":\"https:\/\/afianeswines.gr\/fr\/#website\"},\"primaryImageOfPage\":{\"@id\":\"https:\/\/afianeswines.gr\/fr\/product\/visite-classique-et-degustation-de-vins-acompte-5-e-prix-35-e-par-personne\/#primaryimage\"},\"image\":{\"@id\":\"https:\/\/afianeswines.gr\/fr\/product\/visite-classique-et-degustation-de-vins-acompte-5-e-prix-35-e-par-personne\/#primaryimage\"},\"thumbnailUrl\":\"https:\/\/afianeswines.gr\/wp-content\/uploads\/2024\/05\/geysignwsia_thumb2.jpg\",\"datePublished\":\"2024-05-28T12:52:57+00:00\",\"dateModified\":\"2025-10-03T14:12:30+00:00\",\"description\":\"Vivez une exp\u00e9rience unique au domaine Afianes, sur l\u2019\u00eele d\u2019Icarie. Visite du pressoir antique, des jarres en terre cuite et du mus\u00e9e, d\u00e9gustation de vins naturels et coucher de soleil sur le domaine.\",\"breadcrumb\":{\"@id\":\"https:\/\/afianeswines.gr\/fr\/product\/visite-classique-et-degustation-de-vins-acompte-5-e-prix-35-e-par-personne\/#breadcrumb\"},\"inLanguage\":\"fr-FR\",\"potentialAction\":[{\"@type\":\"ReadAction\",\"target\":[\"https:\/\/afianeswines.gr\/fr\/product\/visite-classique-et-degustation-de-vins-acompte-5-e-prix-35-e-par-personne\/\"]}]},{\"@type\":\"ImageObject\",\"inLanguage\":\"fr-FR\",\"@id\":\"https:\/\/afianeswines.gr\/fr\/product\/visite-classique-et-degustation-de-vins-acompte-5-e-prix-35-e-par-personne\/#primaryimage\",\"url\":\"https:\/\/afianeswines.gr\/wp-content\/uploads\/2024\/05\/geysignwsia_thumb2.jpg\",\"contentUrl\":\"https:\/\/afianeswines.gr\/wp-content\/uploads\/2024\/05\/geysignwsia_thumb2.jpg\",\"width\":557,\"height\":793},{\"@type\":\"BreadcrumbList\",\"@id\":\"https:\/\/afianeswines.gr\/fr\/product\/visite-classique-et-degustation-de-vins-acompte-5-e-prix-35-e-par-personne\/#breadcrumb\",\"itemListElement\":[{\"@type\":\"ListItem\",\"position\":1,\"name\":\"Home\",\"item\":\"https:\/\/afianeswines.gr\/fr\/\"},{\"@type\":\"ListItem\",\"position\":2,\"name\":\"\u0395SHOP\",\"item\":\"https:\/\/afianeswines.gr\/fr\/eshop\/\"},{\"@type\":\"ListItem\",\"position\":3,\"name\":\"Visite classique et d\u00e9gustation de vins Acompte : 5 \u20ac \/ Prix : 35 \u20ac par personne\"}]},{\"@type\":\"WebSite\",\"@id\":\"https:\/\/afianeswines.gr\/fr\/#website\",\"url\":\"https:\/\/afianeswines.gr\/fr\/\",\"name\":\"Afianes Wines\",\"description\":\"\u039f\u03b9\u03bd\u03bf\u03c0\u03bf\u03b9\u03b5\u03af\u03bf \u0399\u03ba\u03b1\u03c1\u03af\u03b1 - \u0395\u03ba\u03bb\u03b5\u03ba\u03c4\u03ac \u03ba\u03c1\u03b1\u03c3\u03b9\u03ac\",\"potentialAction\":[{\"@type\":\"SearchAction\",\"target\":{\"@type\":\"EntryPoint\",\"urlTemplate\":\"https:\/\/afianeswines.gr\/fr\/?s={search_term_string}\"},\"query-input\":{\"@type\":\"PropertyValueSpecification\",\"valueRequired\":true,\"valueName\":\"search_term_string\"}}],\"inLanguage\":\"fr-FR\"}]}<\/script>\n<!-- \/ Yoast SEO plugin. -->","yoast_head_json":{"title":"Visite guid\u00e9e & D\u00e9gustation au Domaine Afianes | Icarie","description":"Vivez une exp\u00e9rience unique au domaine Afianes, sur l\u2019\u00eele d\u2019Icarie. Visite du pressoir antique, des jarres en terre cuite et du mus\u00e9e, d\u00e9gustation de vins naturels et coucher de soleil sur le domaine.","robots":{"index":"index","follow":"follow","max-snippet":"max-snippet:-1","max-image-preview":"max-image-preview:large","max-video-preview":"max-video-preview:-1"},"canonical":"https:\/\/afianeswines.gr\/fr\/product\/visite-classique-et-degustation-de-vins-acompte-5-e-prix-35-e-par-personne\/","og_locale":"fr_FR","og_type":"article","og_title":"Visite guid\u00e9e & D\u00e9gustation au Domaine Afianes | Icarie","og_description":"Vivez une exp\u00e9rience unique au domaine Afianes, sur l\u2019\u00eele d\u2019Icarie. Visite du pressoir antique, des jarres en terre cuite et du mus\u00e9e, d\u00e9gustation de vins naturels et coucher de soleil sur le domaine.","og_url":"https:\/\/afianeswines.gr\/fr\/product\/visite-classique-et-degustation-de-vins-acompte-5-e-prix-35-e-par-personne\/","og_site_name":"Afianes Wines","article_modified_time":"2025-10-03T14:12:30+00:00","og_image":[{"width":557,"height":793,"url":"https:\/\/afianeswines.gr\/wp-content\/uploads\/2024\/05\/geysignwsia_thumb2.jpg","type":"image\/jpeg"}],"twitter_card":"summary_large_image","twitter_misc":{"Dur\u00e9e de lecture estim\u00e9e":"1 minute"},"schema":{"@context":"https:\/\/schema.org","@graph":[{"@type":"WebPage","@id":"https:\/\/afianeswines.gr\/fr\/product\/visite-classique-et-degustation-de-vins-acompte-5-e-prix-35-e-par-personne\/","url":"https:\/\/afianeswines.gr\/fr\/product\/visite-classique-et-degustation-de-vins-acompte-5-e-prix-35-e-par-personne\/","name":"Visite guid\u00e9e & D\u00e9gustation au Domaine Afianes | Icarie","isPartOf":{"@id":"https:\/\/afianeswines.gr\/fr\/#website"},"primaryImageOfPage":{"@id":"https:\/\/afianeswines.gr\/fr\/product\/visite-classique-et-degustation-de-vins-acompte-5-e-prix-35-e-par-personne\/#primaryimage"},"image":{"@id":"https:\/\/afianeswines.gr\/fr\/product\/visite-classique-et-degustation-de-vins-acompte-5-e-prix-35-e-par-personne\/#primaryimage"},"thumbnailUrl":"https:\/\/afianeswines.gr\/wp-content\/uploads\/2024\/05\/geysignwsia_thumb2.jpg","datePublished":"2024-05-28T12:52:57+00:00","dateModified":"2025-10-03T14:12:30+00:00","description":"Vivez une exp\u00e9rience unique au domaine Afianes, sur l\u2019\u00eele d\u2019Icarie. Visite du pressoir antique, des jarres en terre cuite et du mus\u00e9e, d\u00e9gustation de vins naturels et coucher de soleil sur le domaine.","breadcrumb":{"@id":"https:\/\/afianeswines.gr\/fr\/product\/visite-classique-et-degustation-de-vins-acompte-5-e-prix-35-e-par-personne\/#breadcrumb"},"inLanguage":"fr-FR","potentialAction":[{"@type":"ReadAction","target":["https:\/\/afianeswines.gr\/fr\/product\/visite-classique-et-degustation-de-vins-acompte-5-e-prix-35-e-par-personne\/"]}]},{"@type":"ImageObject","inLanguage":"fr-FR","@id":"https:\/\/afianeswines.gr\/fr\/product\/visite-classique-et-degustation-de-vins-acompte-5-e-prix-35-e-par-personne\/#primaryimage","url":"https:\/\/afianeswines.gr\/wp-content\/uploads\/2024\/05\/geysignwsia_thumb2.jpg","contentUrl":"https:\/\/afianeswines.gr\/wp-content\/uploads\/2024\/05\/geysignwsia_thumb2.jpg","width":557,"height":793},{"@type":"BreadcrumbList","@id":"https:\/\/afianeswines.gr\/fr\/product\/visite-classique-et-degustation-de-vins-acompte-5-e-prix-35-e-par-personne\/#breadcrumb","itemListElement":[{"@type":"ListItem","position":1,"name":"Home","item":"https:\/\/afianeswines.gr\/fr\/"},{"@type":"ListItem","position":2,"name":"\u0395SHOP","item":"https:\/\/afianeswines.gr\/fr\/eshop\/"},{"@type":"ListItem","position":3,"name":"Visite classique et d\u00e9gustation de vins Acompte : 5 \u20ac \/ Prix : 35 \u20ac par personne"}]},{"@type":"WebSite","@id":"https:\/\/afianeswines.gr\/fr\/#website","url":"https:\/\/afianeswines.gr\/fr\/","name":"Afianes Wines","description":"\u039f\u03b9\u03bd\u03bf\u03c0\u03bf\u03b9\u03b5\u03af\u03bf \u0399\u03ba\u03b1\u03c1\u03af\u03b1 - \u0395\u03ba\u03bb\u03b5\u03ba\u03c4\u03ac \u03ba\u03c1\u03b1\u03c3\u03b9\u03ac","potentialAction":[{"@type":"SearchAction","target":{"@type":"EntryPoint","urlTemplate":"https:\/\/afianeswines.gr\/fr\/?s={search_term_string}"},"query-input":{"@type":"PropertyValueSpecification","valueRequired":true,"valueName":"search_term_string"}}],"inLanguage":"fr-FR"}]}},"_links":{"self":[{"href":"https:\/\/afianeswines.gr\/fr\/wp-json\/wp\/v2\/product\/39698","targetHints":{"allow":["GET"]}}],"collection":[{"href":"https:\/\/afianeswines.gr\/fr\/wp-json\/wp\/v2\/product"}],"about":[{"href":"https:\/\/afianeswines.gr\/fr\/wp-json\/wp\/v2\/types\/product"}],"author":[{"embeddable":true,"href":"https:\/\/afianeswines.gr\/fr\/wp-json\/wp\/v2\/users\/1"}],"wp:featuredmedia":[{"embeddable":true,"href":"https:\/\/afianeswines.gr\/fr\/wp-json\/wp\/v2\/media\/38474"}],"wp:attachment":[{"href":"https:\/\/afianeswines.gr\/fr\/wp-json\/wp\/v2\/media?parent=39698"}],"wp:term":[{"taxonomy":"product_brand","embeddable":true,"href":"https:\/\/afianeswines.gr\/fr\/wp-json\/wp\/v2\/product_brand?post=39698"},{"taxonomy":"product_cat","embeddable":true,"href":"https:\/\/afianeswines.gr\/fr\/wp-json\/wp\/v2\/product_cat?post=39698"},{"taxonomy":"product_tag","embeddable":true,"href":"https:\/\/afianeswines.gr\/fr\/wp-json\/wp\/v2\/product_tag?post=39698"}],"curies":[{"name":"wp","href":"https:\/\/api.w.org\/{rel}","templated":true}]}}