{"id":39471,"date":"2024-05-28T15:52:57","date_gmt":"2024-05-28T12:52:57","guid":{"rendered":"https:\/\/afianeswines.gr\/product\/visite-professionnelle\/"},"modified":"2025-10-03T17:31:02","modified_gmt":"2025-10-03T14:31:02","slug":"visite-professionnelle","status":"publish","type":"product","link":"https:\/\/afianeswines.gr\/fr\/product\/visite-professionnelle\/","title":{"rendered":"Vivez une exp\u00e9rience culinaire et \u0153nologique inoubliable en compagnie du vigneron Acompte : 20 \u20ac \/ Prix : 210 \u20ac par personne"},"content":{"rendered":"<div class=\"gg_list list_style_remove \">\n<ul>\n<li class=\"diarkeia\">4\u00a0heures<\/li>\n<li class=\"dokimi\">5 vins de cave<\/li>\n<li>Visite du domaine (pressoir en granit, pithostasi, maison anti-pirate, espace culturel)<\/li>\n<li>D\u00eener traditionnel ikarien 6<strong class=\"skrollable skrollable-between\" data-start=\"358\" data-end=\"369\">\u00a0plats<\/strong>, pr\u00e9par\u00e9 par <strong class=\"skrollable skrollable-between\" data-start=\"383\" data-end=\"392\">Maria<\/strong><\/li>\n<li class=\"people\">Vigneron Nikos ou Konstantinos<\/li>\n<li><span class=\"HwtZe\" lang=\"fr\"><span class=\"jCAhz ChMk0b\"><span class=\"ryNqvb\">Tous les Mardis-Jeudis \u2013 Samedis : horaires de d\u00e9part pour avril \u2013 octobre 12h00 et 17h00. Minimum 2 maximum 8 personnes<\/span><\/span><\/span><\/li>\n<li><strong class=\"skrollable skrollable-between\" data-start=\"450\" data-end=\"477\">R\u00e9servation obligatoire<\/strong> <strong class=\"skrollable skrollable-between\" data-start=\"478\" data-end=\"502\" data-is-only-node=\"\">48 heures \u00e0 l\u2019avance<\/strong><\/li>\n<\/ul>\n<\/div>\n","protected":false},"excerpt":{"rendered":"<p>Une immersion profonde dans l\u2019univers du vin avec le vigneron Nikos ou Konstantinos.<\/p>\n<p>Commencez cette exp\u00e9rience unique par la visite du \u00ab Pithostasi \u00bb, o\u00f9 le vin est ferment\u00e9 et vieilli dans des jarres d\u2019argile enfouies sous terre, selon la m\u00e9thode ancestrale des Ikariens. Observez de pr\u00e8s le pressoir en granit, o\u00f9 les raisins sont foul\u00e9s aux pieds, et explorez l\u2019espace culturel du domaine, qui abrite une riche collection d\u2019objets traditionnels ikariens.<\/p>\n<p>Poursuivez avec une randonn\u00e9e jusqu\u2019au vignoble de notre grand-p\u00e8re Nikos. D\u00e9couvrez la biodiversit\u00e9 d\u2019Ikaria, comprenez la richesse des sols et le fonctionnement de l\u2019\u00e9cosyst\u00e8me naturel du vignoble.<\/p>\n<p>Apr\u00e8s cette promenade, assistez \u00e0 un cours de d\u00e9gustation sous la direction du vigneron lui-m\u00eame, qui partagera ses techniques de vinification et de d\u00e9gustation, affin\u00e9es au fil des ans. Visitez ensuite la maison en pierre anti-pirate, o\u00f9 sont conserv\u00e9s les plus anciens vins du domaine, et d\u00e9gustez sept mill\u00e9simes d\u2019exception, r\u00e9v\u00e9lant des ar\u00f4mes complexes et multiples.<\/p>\n<p>Enfin, savourez un d\u00eener traditionnel ikarien, pr\u00e9par\u00e9 par Maria, comprenant 6 plats faits maison, accompagn\u00e9s de deux verres de vin.<\/p>\n<p>Nous serions ravis de vous accueillir, de vous faire d\u00e9couvrir notre univers et de partager avec vous toutes ces saveurs et ce savoir unique !<\/p>\n","protected":false},"author":1,"featured_media":38478,"template":"","meta":[],"product_brand":[],"product_cat":[97],"product_tag":[],"class_list":{"0":"post-39471","1":"product","2":"type-product","3":"status-publish","4":"has-post-thumbnail","6":"product_cat-experiences","8":"first","9":"instock","10":"virtual","11":"taxable","12":"purchasable","13":"product-type-simple"},"yoast_head":"<!-- This site is optimized with the Yoast SEO plugin v27.2 - https:\/\/yoast.com\/product\/yoast-seo-wordpress\/ -->\n<title>Vivez une exp\u00e9rience culinaire et \u0153nologique inoubliable en compagnie du vigneron Acompte : 20 \u20ac \/ Prix : 210 \u20ac par personne - Afianes Wines<\/title>\n<meta name=\"robots\" content=\"index, follow, max-snippet:-1, max-image-preview:large, max-video-preview:-1\" \/>\n<link rel=\"canonical\" href=\"https:\/\/afianeswines.gr\/fr\/product\/visite-professionnelle\/\" \/>\n<meta property=\"og:locale\" content=\"fr_FR\" \/>\n<meta property=\"og:type\" content=\"article\" \/>\n<meta property=\"og:title\" content=\"Vivez une exp\u00e9rience culinaire et \u0153nologique inoubliable en compagnie du vigneron Acompte : 20 \u20ac \/ Prix : 210 \u20ac par personne - Afianes Wines\" \/>\n<meta property=\"og:description\" content=\"Une immersion profonde dans l\u2019univers du vin avec le vigneron Nikos ou Konstantinos.  Commencez cette exp\u00e9rience unique par la visite du \u00ab Pithostasi \u00bb, o\u00f9 le vin est ferment\u00e9 et vieilli dans des jarres d\u2019argile enfouies sous terre, selon la m\u00e9thode ancestrale des Ikariens. Observez de pr\u00e8s le pressoir en granit, o\u00f9 les raisins sont foul\u00e9s aux pieds, et explorez l\u2019espace culturel du domaine, qui abrite une riche collection d\u2019objets traditionnels ikariens.  Poursuivez avec une randonn\u00e9e jusqu\u2019au vignoble de notre grand-p\u00e8re Nikos. D\u00e9couvrez la biodiversit\u00e9 d\u2019Ikaria, comprenez la richesse des sols et le fonctionnement de l\u2019\u00e9cosyst\u00e8me naturel du vignoble.  Apr\u00e8s cette promenade, assistez \u00e0 un cours de d\u00e9gustation sous la direction du vigneron lui-m\u00eame, qui partagera ses techniques de vinification et de d\u00e9gustation, affin\u00e9es au fil des ans. Visitez ensuite la maison en pierre anti-pirate, o\u00f9 sont conserv\u00e9s les plus anciens vins du domaine, et d\u00e9gustez sept mill\u00e9simes d\u2019exception, r\u00e9v\u00e9lant des ar\u00f4mes complexes et multiples.  Enfin, savourez un d\u00eener traditionnel ikarien, pr\u00e9par\u00e9 par Maria, comprenant 6 plats faits maison, accompagn\u00e9s de deux verres de vin.  Nous serions ravis de vous accueillir, de vous faire d\u00e9couvrir notre univers et de partager avec vous toutes ces saveurs et ce savoir unique !\" \/>\n<meta property=\"og:url\" content=\"https:\/\/afianeswines.gr\/fr\/product\/visite-professionnelle\/\" \/>\n<meta property=\"og:site_name\" content=\"Afianes Wines\" \/>\n<meta property=\"article:modified_time\" content=\"2025-10-03T14:31:02+00:00\" \/>\n<meta property=\"og:image\" content=\"https:\/\/afianeswines.gr\/wp-content\/uploads\/2024\/05\/geysignwsia_thumb3.jpg\" \/>\n\t<meta property=\"og:image:width\" content=\"557\" \/>\n\t<meta property=\"og:image:height\" content=\"793\" \/>\n\t<meta property=\"og:image:type\" content=\"image\/jpeg\" \/>\n<meta name=\"twitter:card\" content=\"summary_large_image\" \/>\n<meta name=\"twitter:label1\" content=\"Dur\u00e9e de lecture estim\u00e9e\" \/>\n\t<meta name=\"twitter:data1\" content=\"1 minute\" \/>\n<script type=\"application\/ld+json\" class=\"yoast-schema-graph\">{\"@context\":\"https:\/\/schema.org\",\"@graph\":[{\"@type\":\"WebPage\",\"@id\":\"https:\/\/afianeswines.gr\/fr\/product\/visite-professionnelle\/\",\"url\":\"https:\/\/afianeswines.gr\/fr\/product\/visite-professionnelle\/\",\"name\":\"Vivez une exp\u00e9rience culinaire et \u0153nologique inoubliable en compagnie du vigneron Acompte : 20 \u20ac \/ Prix : 210 \u20ac par personne - Afianes Wines\",\"isPartOf\":{\"@id\":\"https:\/\/afianeswines.gr\/fr\/#website\"},\"primaryImageOfPage\":{\"@id\":\"https:\/\/afianeswines.gr\/fr\/product\/visite-professionnelle\/#primaryimage\"},\"image\":{\"@id\":\"https:\/\/afianeswines.gr\/fr\/product\/visite-professionnelle\/#primaryimage\"},\"thumbnailUrl\":\"https:\/\/afianeswines.gr\/wp-content\/uploads\/2024\/05\/geysignwsia_thumb3.jpg\",\"datePublished\":\"2024-05-28T12:52:57+00:00\",\"dateModified\":\"2025-10-03T14:31:02+00:00\",\"breadcrumb\":{\"@id\":\"https:\/\/afianeswines.gr\/fr\/product\/visite-professionnelle\/#breadcrumb\"},\"inLanguage\":\"fr-FR\",\"potentialAction\":[{\"@type\":\"ReadAction\",\"target\":[\"https:\/\/afianeswines.gr\/fr\/product\/visite-professionnelle\/\"]}]},{\"@type\":\"ImageObject\",\"inLanguage\":\"fr-FR\",\"@id\":\"https:\/\/afianeswines.gr\/fr\/product\/visite-professionnelle\/#primaryimage\",\"url\":\"https:\/\/afianeswines.gr\/wp-content\/uploads\/2024\/05\/geysignwsia_thumb3.jpg\",\"contentUrl\":\"https:\/\/afianeswines.gr\/wp-content\/uploads\/2024\/05\/geysignwsia_thumb3.jpg\",\"width\":557,\"height\":793},{\"@type\":\"BreadcrumbList\",\"@id\":\"https:\/\/afianeswines.gr\/fr\/product\/visite-professionnelle\/#breadcrumb\",\"itemListElement\":[{\"@type\":\"ListItem\",\"position\":1,\"name\":\"Home\",\"item\":\"https:\/\/afianeswines.gr\/fr\/\"},{\"@type\":\"ListItem\",\"position\":2,\"name\":\"\u0395SHOP\",\"item\":\"https:\/\/afianeswines.gr\/fr\/eshop\/\"},{\"@type\":\"ListItem\",\"position\":3,\"name\":\"Vivez une exp\u00e9rience culinaire et \u0153nologique inoubliable en compagnie du vigneron Acompte : 20 \u20ac \/ Prix : 210 \u20ac par personne\"}]},{\"@type\":\"WebSite\",\"@id\":\"https:\/\/afianeswines.gr\/fr\/#website\",\"url\":\"https:\/\/afianeswines.gr\/fr\/\",\"name\":\"Afianes Wines\",\"description\":\"\u039f\u03b9\u03bd\u03bf\u03c0\u03bf\u03b9\u03b5\u03af\u03bf \u0399\u03ba\u03b1\u03c1\u03af\u03b1 - \u0395\u03ba\u03bb\u03b5\u03ba\u03c4\u03ac \u03ba\u03c1\u03b1\u03c3\u03b9\u03ac\",\"potentialAction\":[{\"@type\":\"SearchAction\",\"target\":{\"@type\":\"EntryPoint\",\"urlTemplate\":\"https:\/\/afianeswines.gr\/fr\/?s={search_term_string}\"},\"query-input\":{\"@type\":\"PropertyValueSpecification\",\"valueRequired\":true,\"valueName\":\"search_term_string\"}}],\"inLanguage\":\"fr-FR\"}]}<\/script>\n<!-- \/ Yoast SEO plugin. -->","yoast_head_json":{"title":"Vivez une exp\u00e9rience culinaire et \u0153nologique inoubliable en compagnie du vigneron Acompte : 20 \u20ac \/ Prix : 210 \u20ac par personne - Afianes Wines","robots":{"index":"index","follow":"follow","max-snippet":"max-snippet:-1","max-image-preview":"max-image-preview:large","max-video-preview":"max-video-preview:-1"},"canonical":"https:\/\/afianeswines.gr\/fr\/product\/visite-professionnelle\/","og_locale":"fr_FR","og_type":"article","og_title":"Vivez une exp\u00e9rience culinaire et \u0153nologique inoubliable en compagnie du vigneron Acompte : 20 \u20ac \/ Prix : 210 \u20ac par personne - Afianes Wines","og_description":"Une immersion profonde dans l\u2019univers du vin avec le vigneron Nikos ou Konstantinos.  Commencez cette exp\u00e9rience unique par la visite du \u00ab Pithostasi \u00bb, o\u00f9 le vin est ferment\u00e9 et vieilli dans des jarres d\u2019argile enfouies sous terre, selon la m\u00e9thode ancestrale des Ikariens. Observez de pr\u00e8s le pressoir en granit, o\u00f9 les raisins sont foul\u00e9s aux pieds, et explorez l\u2019espace culturel du domaine, qui abrite une riche collection d\u2019objets traditionnels ikariens.  Poursuivez avec une randonn\u00e9e jusqu\u2019au vignoble de notre grand-p\u00e8re Nikos. D\u00e9couvrez la biodiversit\u00e9 d\u2019Ikaria, comprenez la richesse des sols et le fonctionnement de l\u2019\u00e9cosyst\u00e8me naturel du vignoble.  Apr\u00e8s cette promenade, assistez \u00e0 un cours de d\u00e9gustation sous la direction du vigneron lui-m\u00eame, qui partagera ses techniques de vinification et de d\u00e9gustation, affin\u00e9es au fil des ans. Visitez ensuite la maison en pierre anti-pirate, o\u00f9 sont conserv\u00e9s les plus anciens vins du domaine, et d\u00e9gustez sept mill\u00e9simes d\u2019exception, r\u00e9v\u00e9lant des ar\u00f4mes complexes et multiples.  Enfin, savourez un d\u00eener traditionnel ikarien, pr\u00e9par\u00e9 par Maria, comprenant 6 plats faits maison, accompagn\u00e9s de deux verres de vin.  Nous serions ravis de vous accueillir, de vous faire d\u00e9couvrir notre univers et de partager avec vous toutes ces saveurs et ce savoir unique !","og_url":"https:\/\/afianeswines.gr\/fr\/product\/visite-professionnelle\/","og_site_name":"Afianes Wines","article_modified_time":"2025-10-03T14:31:02+00:00","og_image":[{"width":557,"height":793,"url":"https:\/\/afianeswines.gr\/wp-content\/uploads\/2024\/05\/geysignwsia_thumb3.jpg","type":"image\/jpeg"}],"twitter_card":"summary_large_image","twitter_misc":{"Dur\u00e9e de lecture estim\u00e9e":"1 minute"},"schema":{"@context":"https:\/\/schema.org","@graph":[{"@type":"WebPage","@id":"https:\/\/afianeswines.gr\/fr\/product\/visite-professionnelle\/","url":"https:\/\/afianeswines.gr\/fr\/product\/visite-professionnelle\/","name":"Vivez une exp\u00e9rience culinaire et \u0153nologique inoubliable en compagnie du vigneron Acompte : 20 \u20ac \/ Prix : 210 \u20ac par personne - Afianes Wines","isPartOf":{"@id":"https:\/\/afianeswines.gr\/fr\/#website"},"primaryImageOfPage":{"@id":"https:\/\/afianeswines.gr\/fr\/product\/visite-professionnelle\/#primaryimage"},"image":{"@id":"https:\/\/afianeswines.gr\/fr\/product\/visite-professionnelle\/#primaryimage"},"thumbnailUrl":"https:\/\/afianeswines.gr\/wp-content\/uploads\/2024\/05\/geysignwsia_thumb3.jpg","datePublished":"2024-05-28T12:52:57+00:00","dateModified":"2025-10-03T14:31:02+00:00","breadcrumb":{"@id":"https:\/\/afianeswines.gr\/fr\/product\/visite-professionnelle\/#breadcrumb"},"inLanguage":"fr-FR","potentialAction":[{"@type":"ReadAction","target":["https:\/\/afianeswines.gr\/fr\/product\/visite-professionnelle\/"]}]},{"@type":"ImageObject","inLanguage":"fr-FR","@id":"https:\/\/afianeswines.gr\/fr\/product\/visite-professionnelle\/#primaryimage","url":"https:\/\/afianeswines.gr\/wp-content\/uploads\/2024\/05\/geysignwsia_thumb3.jpg","contentUrl":"https:\/\/afianeswines.gr\/wp-content\/uploads\/2024\/05\/geysignwsia_thumb3.jpg","width":557,"height":793},{"@type":"BreadcrumbList","@id":"https:\/\/afianeswines.gr\/fr\/product\/visite-professionnelle\/#breadcrumb","itemListElement":[{"@type":"ListItem","position":1,"name":"Home","item":"https:\/\/afianeswines.gr\/fr\/"},{"@type":"ListItem","position":2,"name":"\u0395SHOP","item":"https:\/\/afianeswines.gr\/fr\/eshop\/"},{"@type":"ListItem","position":3,"name":"Vivez une exp\u00e9rience culinaire et \u0153nologique inoubliable en compagnie du vigneron Acompte : 20 \u20ac \/ Prix : 210 \u20ac par personne"}]},{"@type":"WebSite","@id":"https:\/\/afianeswines.gr\/fr\/#website","url":"https:\/\/afianeswines.gr\/fr\/","name":"Afianes Wines","description":"\u039f\u03b9\u03bd\u03bf\u03c0\u03bf\u03b9\u03b5\u03af\u03bf \u0399\u03ba\u03b1\u03c1\u03af\u03b1 - \u0395\u03ba\u03bb\u03b5\u03ba\u03c4\u03ac \u03ba\u03c1\u03b1\u03c3\u03b9\u03ac","potentialAction":[{"@type":"SearchAction","target":{"@type":"EntryPoint","urlTemplate":"https:\/\/afianeswines.gr\/fr\/?s={search_term_string}"},"query-input":{"@type":"PropertyValueSpecification","valueRequired":true,"valueName":"search_term_string"}}],"inLanguage":"fr-FR"}]}},"_links":{"self":[{"href":"https:\/\/afianeswines.gr\/fr\/wp-json\/wp\/v2\/product\/39471","targetHints":{"allow":["GET"]}}],"collection":[{"href":"https:\/\/afianeswines.gr\/fr\/wp-json\/wp\/v2\/product"}],"about":[{"href":"https:\/\/afianeswines.gr\/fr\/wp-json\/wp\/v2\/types\/product"}],"author":[{"embeddable":true,"href":"https:\/\/afianeswines.gr\/fr\/wp-json\/wp\/v2\/users\/1"}],"wp:featuredmedia":[{"embeddable":true,"href":"https:\/\/afianeswines.gr\/fr\/wp-json\/wp\/v2\/media\/38478"}],"wp:attachment":[{"href":"https:\/\/afianeswines.gr\/fr\/wp-json\/wp\/v2\/media?parent=39471"}],"wp:term":[{"taxonomy":"product_brand","embeddable":true,"href":"https:\/\/afianeswines.gr\/fr\/wp-json\/wp\/v2\/product_brand?post=39471"},{"taxonomy":"product_cat","embeddable":true,"href":"https:\/\/afianeswines.gr\/fr\/wp-json\/wp\/v2\/product_cat?post=39471"},{"taxonomy":"product_tag","embeddable":true,"href":"https:\/\/afianeswines.gr\/fr\/wp-json\/wp\/v2\/product_tag?post=39471"}],"curies":[{"name":"wp","href":"https:\/\/api.w.org\/{rel}","templated":true}]}}