{"id":39467,"date":"2025-04-23T20:42:09","date_gmt":"2025-04-23T17:42:09","guid":{"rendered":"https:\/\/afianeswines.gr\/product\/degustation-verticale-pithari-rouge-blanc\/"},"modified":"2025-07-21T20:06:46","modified_gmt":"2025-07-21T17:06:46","slug":"degustation-verticale-pithari-rouge-blanc","status":"publish","type":"product","link":"https:\/\/afianeswines.gr\/fr\/product\/degustation-verticale-pithari-rouge-blanc\/","title":{"rendered":"D\u00e9gustation Verticale \u2013 Pithari Rouge \/ Blanc Acompte : 5 \u20ac \/ Prix : 58 \u20ac par personne"},"content":{"rendered":"<ul>\n<li class=\"diarkeia\">60 <span class=\"HwtZe\" lang=\"fr\"><span class=\"jCAhz ChMk0b\"><span class=\"ryNqvb\">minutes<\/span><\/span><\/span><\/li>\n<li class=\"dokimi\">4 <span class=\"HwtZe\" lang=\"fr\"><span class=\"jCAhz ChMk0b\"><span class=\"ryNqvb\">vins d\u2019excellents mill\u00e9simes<\/span><\/span><\/span> (40ml)<\/li>\n<li class=\"shmaia\"><span class=\"HwtZe\" lang=\"fr\"><span class=\"jCAhz ChMk0b\"><span class=\"ryNqvb\">Visite du domaine o\u00f9 sont produits les vins<\/span><\/span><\/span> Pithari (<span class=\"HwtZe\" lang=\"fr\"><span class=\"jCAhz ChMk0b\"><span class=\"ryNqvb\">Pressoir cyclop\u00e9en, pithostasis traditionnel<\/span><\/span><\/span>)<\/li>\n<li class=\"people\"><span class=\"HwtZe\" lang=\"fr\"><span class=\"jCAhz ChMk0b\"><span class=\"ryNqvb\">Vigneron<\/span><\/span><\/span><\/li>\n<li class=\"geyma\"><span class=\"HwtZe\" lang=\"fr\"><span class=\"jCAhz ChMk0b\"><span class=\"ryNqvb\">Biscottes ou gressins traditionnels et eau en bouteille<\/span><\/span><\/span><\/li>\n<li class=\"hours\"><span class=\"HwtZe\" lang=\"fr\"><span class=\"jCAhz ChMk0b\"><span class=\"ryNqvb\">Tous les jours d\u2019avril \u00e0 octobre 14h30<\/span><\/span><\/span><\/li>\n<\/ul>\n","protected":false},"excerpt":{"rendered":"<p>D\u00e9couvrez les c\u00e9pages Fokiano et Begleri, cultiv\u00e9s depuis l\u2019Antiquit\u00e9 sur l\u2019\u00eele d\u2019Ikaria et v\u00e9ritables embl\u00e8mes de la r\u00e9gion.<\/p>\n<p>Lors de cette d\u00e9gustation, explorez le potentiel de vieillissement de ces deux vari\u00e9t\u00e9s uniques en d\u00e9gustant quatre mill\u00e9simes exceptionnels, vieillis dans des jarres enterr\u00e9es sous terre.<\/p>\n<p>Le vieillissement est une \u00e9tape cl\u00e9 dans l\u2019\u00e9laboration d\u2019un vin. Sa capacit\u00e9 \u00e0 \u00e9voluer dans le temps sans simplement se conserver t\u00e9moigne de sa qualit\u00e9 et du savoir-faire du vigneron. Attendre qu\u2019un vin atteigne sa maturit\u00e9 demande patience et confiance. La meilleure fa\u00e7on de comprendre cette transformation est une d\u00e9gustation verticale, qui permet d\u2019observer l\u2019\u00e9volution d\u2019un vin au fil des ann\u00e9es en comparant plusieurs mill\u00e9simes cons\u00e9cutifs.<\/p>\n<p>La visite du domaine commence par le pithostasi, o\u00f9 sont enfouies les jarres en argile servant \u00e0 la fermentation et au vieillissement des vins Afianes. Plongez dans les m\u00e9thodes de vinification des anciens Ikariens et observez de pr\u00e8s le pressoir en granit, o\u00f9 les raisins sont foul\u00e9s aux pieds selon la tradition ancestrale.<\/p>\n","protected":false},"author":1,"featured_media":38777,"template":"","meta":[],"product_brand":[],"product_cat":[97],"product_tag":[],"class_list":{"0":"post-39467","1":"product","2":"type-product","3":"status-publish","4":"has-post-thumbnail","6":"product_cat-experiences","7":"product_shipping_class-event-buy","9":"first","10":"instock","11":"virtual","12":"taxable","13":"purchasable","14":"product-type-simple"},"yoast_head":"<!-- This site is optimized with the Yoast SEO plugin v27.2 - https:\/\/yoast.com\/product\/yoast-seo-wordpress\/ -->\n<title>D\u00e9gustation verticale de vins Pithari \u00e0 Ikaria<\/title>\n<meta name=\"description\" content=\"Explorez le vieillissement du vin \u00e0 Ikaria lors d\u2019une d\u00e9gustation verticale de Fokiano et Begleri, vieillis en jarres d\u2019argile enterr\u00e9es.\" \/>\n<meta name=\"robots\" content=\"index, follow, max-snippet:-1, max-image-preview:large, max-video-preview:-1\" \/>\n<link rel=\"canonical\" href=\"https:\/\/afianeswines.gr\/fr\/product\/degustation-verticale-pithari-rouge-blanc\/\" \/>\n<meta property=\"og:locale\" content=\"fr_FR\" \/>\n<meta property=\"og:type\" content=\"article\" \/>\n<meta property=\"og:title\" content=\"D\u00e9gustation verticale de vins Pithari \u00e0 Ikaria\" \/>\n<meta property=\"og:description\" content=\"Explorez le vieillissement du vin \u00e0 Ikaria lors d\u2019une d\u00e9gustation verticale de Fokiano et Begleri, vieillis en jarres d\u2019argile enterr\u00e9es.\" \/>\n<meta property=\"og:url\" content=\"https:\/\/afianeswines.gr\/fr\/product\/degustation-verticale-pithari-rouge-blanc\/\" \/>\n<meta property=\"og:site_name\" content=\"Afianes Wines\" \/>\n<meta property=\"article:modified_time\" content=\"2025-07-21T17:06:46+00:00\" \/>\n<meta property=\"og:image\" content=\"https:\/\/afianeswines.gr\/wp-content\/uploads\/2024\/07\/viber_image_2024-07-12_20-31-59-485.jpg\" \/>\n\t<meta property=\"og:image:width\" content=\"1600\" \/>\n\t<meta property=\"og:image:height\" content=\"1067\" \/>\n\t<meta property=\"og:image:type\" content=\"image\/jpeg\" \/>\n<meta name=\"twitter:card\" content=\"summary_large_image\" \/>\n<meta name=\"twitter:label1\" content=\"Dur\u00e9e de lecture estim\u00e9e\" \/>\n\t<meta name=\"twitter:data1\" content=\"1 minute\" \/>\n<script type=\"application\/ld+json\" class=\"yoast-schema-graph\">{\"@context\":\"https:\/\/schema.org\",\"@graph\":[{\"@type\":\"WebPage\",\"@id\":\"https:\/\/afianeswines.gr\/fr\/product\/degustation-verticale-pithari-rouge-blanc\/\",\"url\":\"https:\/\/afianeswines.gr\/fr\/product\/degustation-verticale-pithari-rouge-blanc\/\",\"name\":\"D\u00e9gustation verticale de vins Pithari \u00e0 Ikaria\",\"isPartOf\":{\"@id\":\"https:\/\/afianeswines.gr\/fr\/#website\"},\"primaryImageOfPage\":{\"@id\":\"https:\/\/afianeswines.gr\/fr\/product\/degustation-verticale-pithari-rouge-blanc\/#primaryimage\"},\"image\":{\"@id\":\"https:\/\/afianeswines.gr\/fr\/product\/degustation-verticale-pithari-rouge-blanc\/#primaryimage\"},\"thumbnailUrl\":\"https:\/\/afianeswines.gr\/wp-content\/uploads\/2024\/07\/viber_image_2024-07-12_20-31-59-485.jpg\",\"datePublished\":\"2025-04-23T17:42:09+00:00\",\"dateModified\":\"2025-07-21T17:06:46+00:00\",\"description\":\"Explorez le vieillissement du vin \u00e0 Ikaria lors d\u2019une d\u00e9gustation verticale de Fokiano et Begleri, vieillis en jarres d\u2019argile enterr\u00e9es.\",\"breadcrumb\":{\"@id\":\"https:\/\/afianeswines.gr\/fr\/product\/degustation-verticale-pithari-rouge-blanc\/#breadcrumb\"},\"inLanguage\":\"fr-FR\",\"potentialAction\":[{\"@type\":\"ReadAction\",\"target\":[\"https:\/\/afianeswines.gr\/fr\/product\/degustation-verticale-pithari-rouge-blanc\/\"]}]},{\"@type\":\"ImageObject\",\"inLanguage\":\"fr-FR\",\"@id\":\"https:\/\/afianeswines.gr\/fr\/product\/degustation-verticale-pithari-rouge-blanc\/#primaryimage\",\"url\":\"https:\/\/afianeswines.gr\/wp-content\/uploads\/2024\/07\/viber_image_2024-07-12_20-31-59-485.jpg\",\"contentUrl\":\"https:\/\/afianeswines.gr\/wp-content\/uploads\/2024\/07\/viber_image_2024-07-12_20-31-59-485.jpg\",\"width\":1600,\"height\":1067},{\"@type\":\"BreadcrumbList\",\"@id\":\"https:\/\/afianeswines.gr\/fr\/product\/degustation-verticale-pithari-rouge-blanc\/#breadcrumb\",\"itemListElement\":[{\"@type\":\"ListItem\",\"position\":1,\"name\":\"Home\",\"item\":\"https:\/\/afianeswines.gr\/fr\/\"},{\"@type\":\"ListItem\",\"position\":2,\"name\":\"\u0395SHOP\",\"item\":\"https:\/\/afianeswines.gr\/fr\/eshop\/\"},{\"@type\":\"ListItem\",\"position\":3,\"name\":\"D\u00e9gustation Verticale \u2013 Pithari Rouge \/ Blanc Acompte : 5 \u20ac \/ Prix : 58 \u20ac par personne\"}]},{\"@type\":\"WebSite\",\"@id\":\"https:\/\/afianeswines.gr\/fr\/#website\",\"url\":\"https:\/\/afianeswines.gr\/fr\/\",\"name\":\"Afianes Wines\",\"description\":\"\u039f\u03b9\u03bd\u03bf\u03c0\u03bf\u03b9\u03b5\u03af\u03bf \u0399\u03ba\u03b1\u03c1\u03af\u03b1 - \u0395\u03ba\u03bb\u03b5\u03ba\u03c4\u03ac \u03ba\u03c1\u03b1\u03c3\u03b9\u03ac\",\"potentialAction\":[{\"@type\":\"SearchAction\",\"target\":{\"@type\":\"EntryPoint\",\"urlTemplate\":\"https:\/\/afianeswines.gr\/fr\/?s={search_term_string}\"},\"query-input\":{\"@type\":\"PropertyValueSpecification\",\"valueRequired\":true,\"valueName\":\"search_term_string\"}}],\"inLanguage\":\"fr-FR\"}]}<\/script>\n<!-- \/ Yoast SEO plugin. -->","yoast_head_json":{"title":"D\u00e9gustation verticale de vins Pithari \u00e0 Ikaria","description":"Explorez le vieillissement du vin \u00e0 Ikaria lors d\u2019une d\u00e9gustation verticale de Fokiano et Begleri, vieillis en jarres d\u2019argile enterr\u00e9es.","robots":{"index":"index","follow":"follow","max-snippet":"max-snippet:-1","max-image-preview":"max-image-preview:large","max-video-preview":"max-video-preview:-1"},"canonical":"https:\/\/afianeswines.gr\/fr\/product\/degustation-verticale-pithari-rouge-blanc\/","og_locale":"fr_FR","og_type":"article","og_title":"D\u00e9gustation verticale de vins Pithari \u00e0 Ikaria","og_description":"Explorez le vieillissement du vin \u00e0 Ikaria lors d\u2019une d\u00e9gustation verticale de Fokiano et Begleri, vieillis en jarres d\u2019argile enterr\u00e9es.","og_url":"https:\/\/afianeswines.gr\/fr\/product\/degustation-verticale-pithari-rouge-blanc\/","og_site_name":"Afianes Wines","article_modified_time":"2025-07-21T17:06:46+00:00","og_image":[{"width":1600,"height":1067,"url":"https:\/\/afianeswines.gr\/wp-content\/uploads\/2024\/07\/viber_image_2024-07-12_20-31-59-485.jpg","type":"image\/jpeg"}],"twitter_card":"summary_large_image","twitter_misc":{"Dur\u00e9e de lecture estim\u00e9e":"1 minute"},"schema":{"@context":"https:\/\/schema.org","@graph":[{"@type":"WebPage","@id":"https:\/\/afianeswines.gr\/fr\/product\/degustation-verticale-pithari-rouge-blanc\/","url":"https:\/\/afianeswines.gr\/fr\/product\/degustation-verticale-pithari-rouge-blanc\/","name":"D\u00e9gustation verticale de vins Pithari \u00e0 Ikaria","isPartOf":{"@id":"https:\/\/afianeswines.gr\/fr\/#website"},"primaryImageOfPage":{"@id":"https:\/\/afianeswines.gr\/fr\/product\/degustation-verticale-pithari-rouge-blanc\/#primaryimage"},"image":{"@id":"https:\/\/afianeswines.gr\/fr\/product\/degustation-verticale-pithari-rouge-blanc\/#primaryimage"},"thumbnailUrl":"https:\/\/afianeswines.gr\/wp-content\/uploads\/2024\/07\/viber_image_2024-07-12_20-31-59-485.jpg","datePublished":"2025-04-23T17:42:09+00:00","dateModified":"2025-07-21T17:06:46+00:00","description":"Explorez le vieillissement du vin \u00e0 Ikaria lors d\u2019une d\u00e9gustation verticale de Fokiano et Begleri, vieillis en jarres d\u2019argile enterr\u00e9es.","breadcrumb":{"@id":"https:\/\/afianeswines.gr\/fr\/product\/degustation-verticale-pithari-rouge-blanc\/#breadcrumb"},"inLanguage":"fr-FR","potentialAction":[{"@type":"ReadAction","target":["https:\/\/afianeswines.gr\/fr\/product\/degustation-verticale-pithari-rouge-blanc\/"]}]},{"@type":"ImageObject","inLanguage":"fr-FR","@id":"https:\/\/afianeswines.gr\/fr\/product\/degustation-verticale-pithari-rouge-blanc\/#primaryimage","url":"https:\/\/afianeswines.gr\/wp-content\/uploads\/2024\/07\/viber_image_2024-07-12_20-31-59-485.jpg","contentUrl":"https:\/\/afianeswines.gr\/wp-content\/uploads\/2024\/07\/viber_image_2024-07-12_20-31-59-485.jpg","width":1600,"height":1067},{"@type":"BreadcrumbList","@id":"https:\/\/afianeswines.gr\/fr\/product\/degustation-verticale-pithari-rouge-blanc\/#breadcrumb","itemListElement":[{"@type":"ListItem","position":1,"name":"Home","item":"https:\/\/afianeswines.gr\/fr\/"},{"@type":"ListItem","position":2,"name":"\u0395SHOP","item":"https:\/\/afianeswines.gr\/fr\/eshop\/"},{"@type":"ListItem","position":3,"name":"D\u00e9gustation Verticale \u2013 Pithari Rouge \/ Blanc Acompte : 5 \u20ac \/ Prix : 58 \u20ac par personne"}]},{"@type":"WebSite","@id":"https:\/\/afianeswines.gr\/fr\/#website","url":"https:\/\/afianeswines.gr\/fr\/","name":"Afianes Wines","description":"\u039f\u03b9\u03bd\u03bf\u03c0\u03bf\u03b9\u03b5\u03af\u03bf \u0399\u03ba\u03b1\u03c1\u03af\u03b1 - \u0395\u03ba\u03bb\u03b5\u03ba\u03c4\u03ac \u03ba\u03c1\u03b1\u03c3\u03b9\u03ac","potentialAction":[{"@type":"SearchAction","target":{"@type":"EntryPoint","urlTemplate":"https:\/\/afianeswines.gr\/fr\/?s={search_term_string}"},"query-input":{"@type":"PropertyValueSpecification","valueRequired":true,"valueName":"search_term_string"}}],"inLanguage":"fr-FR"}]}},"_links":{"self":[{"href":"https:\/\/afianeswines.gr\/fr\/wp-json\/wp\/v2\/product\/39467","targetHints":{"allow":["GET"]}}],"collection":[{"href":"https:\/\/afianeswines.gr\/fr\/wp-json\/wp\/v2\/product"}],"about":[{"href":"https:\/\/afianeswines.gr\/fr\/wp-json\/wp\/v2\/types\/product"}],"author":[{"embeddable":true,"href":"https:\/\/afianeswines.gr\/fr\/wp-json\/wp\/v2\/users\/1"}],"wp:featuredmedia":[{"embeddable":true,"href":"https:\/\/afianeswines.gr\/fr\/wp-json\/wp\/v2\/media\/38777"}],"wp:attachment":[{"href":"https:\/\/afianeswines.gr\/fr\/wp-json\/wp\/v2\/media?parent=39467"}],"wp:term":[{"taxonomy":"product_brand","embeddable":true,"href":"https:\/\/afianeswines.gr\/fr\/wp-json\/wp\/v2\/product_brand?post=39467"},{"taxonomy":"product_cat","embeddable":true,"href":"https:\/\/afianeswines.gr\/fr\/wp-json\/wp\/v2\/product_cat?post=39467"},{"taxonomy":"product_tag","embeddable":true,"href":"https:\/\/afianeswines.gr\/fr\/wp-json\/wp\/v2\/product_tag?post=39467"}],"curies":[{"name":"wp","href":"https:\/\/api.w.org\/{rel}","templated":true}]}}