{"id":39335,"date":"2025-04-17T09:20:21","date_gmt":"2025-04-17T06:20:21","guid":{"rendered":"https:\/\/afianeswines.gr\/?post_type=product&#038;p=39335"},"modified":"2025-07-24T17:41:47","modified_gmt":"2025-07-24T14:41:47","slug":"visite-classique-et-degustation-de-vins","status":"publish","type":"product","link":"https:\/\/afianeswines.gr\/fr\/product\/visite-classique-et-degustation-de-vins\/","title":{"rendered":"Visite classique et d\u00e9gustation de vins Acompte : 5 \u20ac \/ Prix : 35 \u20ac par personne"},"content":{"rendered":"<p>Plongez dans l\u2019art de la d\u00e9gustation de vin et d\u00e9couvrez les secrets du domaine viticole Afianes.<\/p>\n<p>Apprenez \u00e0 reconna\u00eetre le v\u00e9ritable caract\u00e8re de chaque vin, avec un membre exp\u00e9riment\u00e9 du domaine qui vous guidera \u00e0 travers les principes fondamentaux de la d\u00e9gustation, dans un cours court mais enrichissant. D\u00e9gustez deux vins jeunes et deux vins vieillis, et d\u00e9couvrez comment identifier les caract\u00e9ristiques sp\u00e9cifiques et les nuances aromatiques apport\u00e9es par le vieillissement. Cette initiation \u00e0 la d\u00e9gustation est accompagn\u00e9e de biscuits traditionnels cuits dans un four \u00e0 bois. Apprenez non seulement \u00e0 reconna\u00eetre les diff\u00e9rents profils \u0153nologiques, mais aussi \u00e0 choisir le vin le plus adapt\u00e9 \u00e0 chaque occasion.<\/p>\n<p>Profitez d\u2019une visite du domaine en commen\u00e7ant par le \u00ab pithostasi \u00bb, o\u00f9 sont enterr\u00e9es les jarres en terre cuite utilis\u00e9es pour la fermentation et le vieillissement des vins Afianes, et d\u00e9couvrez la m\u00e9thode de vinification des anciens Ikar\u00e9ens. Observez de pr\u00e8s le pressoir en granit o\u00f9 les raisins sont foul\u00e9s aux pieds, puis visitez la maison en pierre de style \u00ab anti-pirate \u00bb o\u00f9 sont conserv\u00e9s les plus vieux vins du domaine. Enfin, explorez l\u2019espace folklorique du domaine, o\u00f9 est expos\u00e9e une riche collection d\u2019objets artisanaux traditionnels d\u2019Ikaria, et plongez dans la longue tradition viticole de l\u2019\u00eele.<\/p>\n","protected":false},"excerpt":{"rendered":"<p class=\"skrollable skrollable-between\" data-start=\"28\" data-end=\"117\">Plongez au c\u0153ur de l\u2019art de la d\u00e9gustation et d\u00e9couvrez les secrets du domaine Afianes.<\/p>\n<p class=\"skrollable skrollable-between\" data-start=\"119\" data-end=\"692\">Apprenez \u00e0 comprendre et \u00e0 ressentir le v\u00e9ritable caract\u00e8re de chaque vin gr\u00e2ce \u00e0 un guide exp\u00e9riment\u00e9 qui vous initiera aux principes fondamentaux de la d\u00e9gustation lors d\u2019un <strong class=\"skrollable skrollable-between\" data-start=\"295\" data-end=\"317\">atelier \u0153nologique<\/strong>. D\u00e9gustez <strong class=\"skrollable skrollable-between\" data-start=\"328\" data-end=\"370\">deux vins jeunes et deux vins vieillis<\/strong>, issus de m\u00e9thodes diff\u00e9rentes, et apprenez \u00e0 reconna\u00eetre les particularit\u00e9s et les subtilit\u00e9s des vins vieillis. Cette initiation est accompagn\u00e9e de <strong class=\"skrollable skrollable-between\" data-start=\"521\" data-end=\"584\">biscottes cuites au four \u00e0 bois traditionnel ou de gressins<\/strong>. Vous saurez ainsi identifier les diff\u00e9rents profils de vin et choisir le vin id\u00e9al pour chaque occasion.<\/p>\n<p class=\"skrollable skrollable-between\" data-start=\"694\" data-end=\"1070\">Parcourez le domaine et visitez le <strong class=\"skrollable skrollable-between\" data-start=\"729\" data-end=\"745\">\u00ab\u00a0Pithostasi\u00a0\u00bb<\/strong>, o\u00f9 le vin est ferment\u00e9 et vieilli dans des jarres en argile enfouies sous terre, selon la m\u00e9thode ancestrale des Ikariens. Observez de pr\u00e8s le <strong class=\"skrollable skrollable-between\" data-start=\"890\" data-end=\"912\">pressoir en granit<\/strong>, o\u00f9 les raisins sont foul\u00e9s aux pieds, et explorez la <strong class=\"skrollable skrollable-between\" data-start=\"967\" data-end=\"999\">maison en pierre anti-pirate<\/strong> du domaine, o\u00f9 sont conserv\u00e9s les plus anciens vins de la propri\u00e9t\u00e9.<\/p>\n<p class=\"skrollable skrollable-between\" data-start=\"1072\" data-end=\"1286\">Enfin, plongez dans l\u2019histoire locale en explorant <strong class=\"skrollable skrollable-between\" data-start=\"1123\" data-end=\"1144\">l\u2019espace culturel<\/strong> du domaine, qui abrite une collection d\u2019objets traditionnels ikariens, et laissez-vous transporter par cette tradition viticole intemporelle.<\/p>\n","protected":false},"author":10,"featured_media":0,"template":"","meta":[],"product_brand":[],"product_cat":[97],"product_tag":[],"class_list":{"0":"post-39335","1":"product","2":"type-product","3":"status-publish","5":"product_cat-experiences","7":"first","8":"instock","9":"taxable","10":"shipping-taxable","11":"purchasable","12":"product-type-simple"},"yoast_head":"<!-- This site is optimized with the Yoast SEO plugin v27.2 - https:\/\/yoast.com\/product\/yoast-seo-wordpress\/ -->\n<title>Visite classique et d\u00e9gustation de vins Acompte : 5 \u20ac \/ Prix : 35 \u20ac par personne - Afianes Wines<\/title>\n<meta name=\"description\" content=\"Plongez dans l\u2019art de la d\u00e9gustation de vin et d\u00e9couvrez les secrets du domaine viticole Afianes. Enfin, explorez l\u2019espace folklorique du domaine, o\u00f9 est expos\u00e9e une riche collection d\u2019objets artisanaux traditionnels d\u2019Ikaria, et plongez dans la longue tradition viticole de l\u2019\u00eele.\" \/>\n<meta name=\"robots\" content=\"index, follow, max-snippet:-1, max-image-preview:large, max-video-preview:-1\" \/>\n<link rel=\"canonical\" href=\"https:\/\/afianeswines.gr\/fr\/product\/visite-classique-et-degustation-de-vins\/\" \/>\n<meta property=\"og:locale\" content=\"fr_FR\" \/>\n<meta property=\"og:type\" content=\"article\" \/>\n<meta property=\"og:title\" content=\"Visite classique et d\u00e9gustation de vins Acompte : 5 \u20ac \/ Prix : 35 \u20ac par personne - Afianes Wines\" \/>\n<meta property=\"og:description\" content=\"Plongez dans l\u2019art de la d\u00e9gustation de vin et d\u00e9couvrez les secrets du domaine viticole Afianes. Enfin, explorez l\u2019espace folklorique du domaine, o\u00f9 est expos\u00e9e une riche collection d\u2019objets artisanaux traditionnels d\u2019Ikaria, et plongez dans la longue tradition viticole de l\u2019\u00eele.\" \/>\n<meta property=\"og:url\" content=\"https:\/\/afianeswines.gr\/fr\/product\/visite-classique-et-degustation-de-vins\/\" \/>\n<meta property=\"og:site_name\" content=\"Afianes Wines\" \/>\n<meta property=\"article:modified_time\" content=\"2025-07-24T14:41:47+00:00\" \/>\n<meta name=\"twitter:card\" content=\"summary_large_image\" \/>\n<meta name=\"twitter:label1\" content=\"Dur\u00e9e de lecture estim\u00e9e\" \/>\n\t<meta name=\"twitter:data1\" content=\"1 minute\" \/>\n<script type=\"application\/ld+json\" class=\"yoast-schema-graph\">{\"@context\":\"https:\/\/schema.org\",\"@graph\":[{\"@type\":\"WebPage\",\"@id\":\"https:\/\/afianeswines.gr\/fr\/product\/visite-classique-et-degustation-de-vins\/\",\"url\":\"https:\/\/afianeswines.gr\/fr\/product\/visite-classique-et-degustation-de-vins\/\",\"name\":\"Visite classique et d\u00e9gustation de vins Acompte : 5 \u20ac \/ Prix : 35 \u20ac par personne - Afianes Wines\",\"isPartOf\":{\"@id\":\"https:\/\/afianeswines.gr\/fr\/#website\"},\"datePublished\":\"2025-04-17T06:20:21+00:00\",\"dateModified\":\"2025-07-24T14:41:47+00:00\",\"description\":\"Plongez dans l\u2019art de la d\u00e9gustation de vin et d\u00e9couvrez les secrets du domaine viticole Afianes. Enfin, explorez l\u2019espace folklorique du domaine, o\u00f9 est expos\u00e9e une riche collection d\u2019objets artisanaux traditionnels d\u2019Ikaria, et plongez dans la longue tradition viticole de l\u2019\u00eele.\",\"breadcrumb\":{\"@id\":\"https:\/\/afianeswines.gr\/fr\/product\/visite-classique-et-degustation-de-vins\/#breadcrumb\"},\"inLanguage\":\"fr-FR\",\"potentialAction\":[{\"@type\":\"ReadAction\",\"target\":[\"https:\/\/afianeswines.gr\/fr\/product\/visite-classique-et-degustation-de-vins\/\"]}]},{\"@type\":\"BreadcrumbList\",\"@id\":\"https:\/\/afianeswines.gr\/fr\/product\/visite-classique-et-degustation-de-vins\/#breadcrumb\",\"itemListElement\":[{\"@type\":\"ListItem\",\"position\":1,\"name\":\"Home\",\"item\":\"https:\/\/afianeswines.gr\/fr\/\"},{\"@type\":\"ListItem\",\"position\":2,\"name\":\"\u0395SHOP\",\"item\":\"https:\/\/afianeswines.gr\/fr\/eshop\/\"},{\"@type\":\"ListItem\",\"position\":3,\"name\":\"Visite classique et d\u00e9gustation de vins Acompte : 5 \u20ac \/ Prix : 35 \u20ac par personne\"}]},{\"@type\":\"WebSite\",\"@id\":\"https:\/\/afianeswines.gr\/fr\/#website\",\"url\":\"https:\/\/afianeswines.gr\/fr\/\",\"name\":\"Afianes Wines\",\"description\":\"\u039f\u03b9\u03bd\u03bf\u03c0\u03bf\u03b9\u03b5\u03af\u03bf \u0399\u03ba\u03b1\u03c1\u03af\u03b1 - \u0395\u03ba\u03bb\u03b5\u03ba\u03c4\u03ac \u03ba\u03c1\u03b1\u03c3\u03b9\u03ac\",\"potentialAction\":[{\"@type\":\"SearchAction\",\"target\":{\"@type\":\"EntryPoint\",\"urlTemplate\":\"https:\/\/afianeswines.gr\/fr\/?s={search_term_string}\"},\"query-input\":{\"@type\":\"PropertyValueSpecification\",\"valueRequired\":true,\"valueName\":\"search_term_string\"}}],\"inLanguage\":\"fr-FR\"}]}<\/script>\n<!-- \/ Yoast SEO plugin. -->","yoast_head_json":{"title":"Visite classique et d\u00e9gustation de vins Acompte : 5 \u20ac \/ Prix : 35 \u20ac par personne - Afianes Wines","description":"Plongez dans l\u2019art de la d\u00e9gustation de vin et d\u00e9couvrez les secrets du domaine viticole Afianes. Enfin, explorez l\u2019espace folklorique du domaine, o\u00f9 est expos\u00e9e une riche collection d\u2019objets artisanaux traditionnels d\u2019Ikaria, et plongez dans la longue tradition viticole de l\u2019\u00eele.","robots":{"index":"index","follow":"follow","max-snippet":"max-snippet:-1","max-image-preview":"max-image-preview:large","max-video-preview":"max-video-preview:-1"},"canonical":"https:\/\/afianeswines.gr\/fr\/product\/visite-classique-et-degustation-de-vins\/","og_locale":"fr_FR","og_type":"article","og_title":"Visite classique et d\u00e9gustation de vins Acompte : 5 \u20ac \/ Prix : 35 \u20ac par personne - Afianes Wines","og_description":"Plongez dans l\u2019art de la d\u00e9gustation de vin et d\u00e9couvrez les secrets du domaine viticole Afianes. Enfin, explorez l\u2019espace folklorique du domaine, o\u00f9 est expos\u00e9e une riche collection d\u2019objets artisanaux traditionnels d\u2019Ikaria, et plongez dans la longue tradition viticole de l\u2019\u00eele.","og_url":"https:\/\/afianeswines.gr\/fr\/product\/visite-classique-et-degustation-de-vins\/","og_site_name":"Afianes Wines","article_modified_time":"2025-07-24T14:41:47+00:00","twitter_card":"summary_large_image","twitter_misc":{"Dur\u00e9e de lecture estim\u00e9e":"1 minute"},"schema":{"@context":"https:\/\/schema.org","@graph":[{"@type":"WebPage","@id":"https:\/\/afianeswines.gr\/fr\/product\/visite-classique-et-degustation-de-vins\/","url":"https:\/\/afianeswines.gr\/fr\/product\/visite-classique-et-degustation-de-vins\/","name":"Visite classique et d\u00e9gustation de vins Acompte : 5 \u20ac \/ Prix : 35 \u20ac par personne - Afianes Wines","isPartOf":{"@id":"https:\/\/afianeswines.gr\/fr\/#website"},"datePublished":"2025-04-17T06:20:21+00:00","dateModified":"2025-07-24T14:41:47+00:00","description":"Plongez dans l\u2019art de la d\u00e9gustation de vin et d\u00e9couvrez les secrets du domaine viticole Afianes. Enfin, explorez l\u2019espace folklorique du domaine, o\u00f9 est expos\u00e9e une riche collection d\u2019objets artisanaux traditionnels d\u2019Ikaria, et plongez dans la longue tradition viticole de l\u2019\u00eele.","breadcrumb":{"@id":"https:\/\/afianeswines.gr\/fr\/product\/visite-classique-et-degustation-de-vins\/#breadcrumb"},"inLanguage":"fr-FR","potentialAction":[{"@type":"ReadAction","target":["https:\/\/afianeswines.gr\/fr\/product\/visite-classique-et-degustation-de-vins\/"]}]},{"@type":"BreadcrumbList","@id":"https:\/\/afianeswines.gr\/fr\/product\/visite-classique-et-degustation-de-vins\/#breadcrumb","itemListElement":[{"@type":"ListItem","position":1,"name":"Home","item":"https:\/\/afianeswines.gr\/fr\/"},{"@type":"ListItem","position":2,"name":"\u0395SHOP","item":"https:\/\/afianeswines.gr\/fr\/eshop\/"},{"@type":"ListItem","position":3,"name":"Visite classique et d\u00e9gustation de vins Acompte : 5 \u20ac \/ Prix : 35 \u20ac par personne"}]},{"@type":"WebSite","@id":"https:\/\/afianeswines.gr\/fr\/#website","url":"https:\/\/afianeswines.gr\/fr\/","name":"Afianes Wines","description":"\u039f\u03b9\u03bd\u03bf\u03c0\u03bf\u03b9\u03b5\u03af\u03bf \u0399\u03ba\u03b1\u03c1\u03af\u03b1 - \u0395\u03ba\u03bb\u03b5\u03ba\u03c4\u03ac \u03ba\u03c1\u03b1\u03c3\u03b9\u03ac","potentialAction":[{"@type":"SearchAction","target":{"@type":"EntryPoint","urlTemplate":"https:\/\/afianeswines.gr\/fr\/?s={search_term_string}"},"query-input":{"@type":"PropertyValueSpecification","valueRequired":true,"valueName":"search_term_string"}}],"inLanguage":"fr-FR"}]}},"_links":{"self":[{"href":"https:\/\/afianeswines.gr\/fr\/wp-json\/wp\/v2\/product\/39335","targetHints":{"allow":["GET"]}}],"collection":[{"href":"https:\/\/afianeswines.gr\/fr\/wp-json\/wp\/v2\/product"}],"about":[{"href":"https:\/\/afianeswines.gr\/fr\/wp-json\/wp\/v2\/types\/product"}],"author":[{"embeddable":true,"href":"https:\/\/afianeswines.gr\/fr\/wp-json\/wp\/v2\/users\/10"}],"wp:attachment":[{"href":"https:\/\/afianeswines.gr\/fr\/wp-json\/wp\/v2\/media?parent=39335"}],"wp:term":[{"taxonomy":"product_brand","embeddable":true,"href":"https:\/\/afianeswines.gr\/fr\/wp-json\/wp\/v2\/product_brand?post=39335"},{"taxonomy":"product_cat","embeddable":true,"href":"https:\/\/afianeswines.gr\/fr\/wp-json\/wp\/v2\/product_cat?post=39335"},{"taxonomy":"product_tag","embeddable":true,"href":"https:\/\/afianeswines.gr\/fr\/wp-json\/wp\/v2\/product_tag?post=39335"}],"curies":[{"name":"wp","href":"https:\/\/api.w.org\/{rel}","templated":true}]}}