{"id":39126,"date":"2024-11-28T16:28:15","date_gmt":"2024-11-28T14:28:15","guid":{"rendered":"https:\/\/afianeswines.gr\/eshop\/non%20class\u00e9\/afianes-festive-gift-box\/"},"modified":"2025-12-05T13:32:09","modified_gmt":"2025-12-05T11:32:09","slug":"afianes-panier-festif-2025","status":"publish","type":"product","link":"https:\/\/afianeswines.gr\/fr\/product\/afianes-panier-festif-2025\/","title":{"rendered":"PANIER FESTIF 2025 AVEC DEUX VINS ET UN ORNEMENT EN ARGILE FAIT MAIN"},"content":{"rendered":"","protected":false},"excerpt":{"rendered":"<p data-start=\"98\" data-end=\"566\">Un mois avant la fin de l\u2019ann\u00e9e 2025, notre \u00e9quipe a pr\u00e9par\u00e9 pour la premi\u00e8re fois un panier festif comprenant deux des vins les plus populaires de notre collection. Deux vins naturels issus de l\u2019agriculture biologique, <strong data-start=\"318\" data-end=\"326\">Raos<\/strong> et <strong data-start=\"330\" data-end=\"340\">Litani<\/strong>, deux cr\u00e9ations n\u00e9es apr\u00e8s des ann\u00e9es d\u2019exp\u00e9rimentation et de compr\u00e9hension profonde de la nature ikarienne, qui continuent chaque ann\u00e9e d\u2019\u00e9tonner les amateurs de vin du monde entier par leur unicit\u00e9 et leur grande qualit\u00e9. Un petit plus, le vin blanc Litani vintage 2024 est uniquement disponible sur le panier festif.<\/p>\n<p data-start=\"568\" data-end=\"773\">Nous vous invitons \u00e0 ajouter une touche de <strong data-start=\"611\" data-end=\"653\">25 ans de savoir-faire d\u2019Afianes Wines<\/strong> \u00e0 votre table de f\u00eate, en choisissant des vins bruts, sans ajout de sulfites, ou \u00e0 les offrir en cadeau \u00e0 vos proches !<\/p>\n<hr data-start=\"775\" data-end=\"778\" \/>\n<h3 data-start=\"780\" data-end=\"859\"><strong data-start=\"784\" data-end=\"859\">Dans notre coffret festif \u2013 Afianes Festive Gift Box \u2013 vous trouverez :<\/strong><\/h3>\n<hr data-start=\"861\" data-end=\"864\" \/>\n<h3 data-start=\"866\" data-end=\"919\"><strong data-start=\"870\" data-end=\"917\">1. RAOS ROUGE SEC 2023 \u2013 13,5% vol \u2013 750 ml<\/strong><\/h3>\n<p data-start=\"920\" data-end=\"1108\">Vin rouge sec issu du c\u00e9page local <strong data-start=\"955\" data-end=\"966\">Fokiano<\/strong>, 100 % biologique.<br data-start=\"985\" data-end=\"988\" \/>Un \u00ab Fokiano classique \u00bb, repr\u00e9sentatif du terroir du vin Pramnien.<br data-start=\"1055\" data-end=\"1058\" \/>Indication G\u00e9ographique Prot\u00e9g\u00e9e (IGP) <strong data-start=\"1097\" data-end=\"1107\">Ikaria<\/strong>.<\/p>\n<p data-start=\"1110\" data-end=\"1465\">Un vin rouge distinctif, au caract\u00e8re complexe et riche.<br data-start=\"1166\" data-end=\"1169\" \/>Robe rouge rubis aux reflets flamboyants, avec de longues larmes persistantes.<br data-start=\"1247\" data-end=\"1250\" \/>Ar\u00f4mes de fruits rouges formant une palette aromatique g\u00e9n\u00e9reuse.<br data-start=\"1315\" data-end=\"1318\" \/>Des tanins souples mais pr\u00e9sents, associ\u00e9s au caract\u00e8re fruit\u00e9 du c\u00e9page (baies, prunes, fruits rouges), cr\u00e9ent une bouche velout\u00e9e et chaleureuse.<\/p>\n<hr data-start=\"1467\" data-end=\"1470\" \/>\n<h3 data-start=\"1472\" data-end=\"1525\"><strong data-start=\"1476\" data-end=\"1523\">2. LITANI BLANC SEC 2024 \u2013 12% vol \u2013 750 ml<\/strong><\/h3>\n<p data-start=\"1526\" data-end=\"1745\">Vin blanc sec issu du c\u00e9page local <strong data-start=\"1561\" data-end=\"1572\">Begleri<\/strong>, 100 % biologique.<br data-start=\"1591\" data-end=\"1594\" \/>Un vin blanc embl\u00e9matique d\u2019Ikaria, provenant du vignoble de <strong data-start=\"1655\" data-end=\"1665\">Litani<\/strong>, situ\u00e9 \u00e0 400 m d\u2019altitude.<br data-start=\"1692\" data-end=\"1695\" \/>Indication G\u00e9ographique Prot\u00e9g\u00e9e (IGP) <strong data-start=\"1734\" data-end=\"1744\">Ikaria<\/strong>.<\/p>\n<p data-start=\"1747\" data-end=\"2068\">Le vignoble est entour\u00e9 \u00e0 l\u2019ouest par des for\u00eats de pins et au sud par un oliveraie.<br data-start=\"1831\" data-end=\"1834\" \/>Vinification blanche classique ; robe dor\u00e9e, l\u00e9g\u00e8rement trouble car non filtr\u00e9.<br data-start=\"1913\" data-end=\"1916\" \/>Premi\u00e8res notes de citron \u00e9voluant rapidement vers des fruits \u00e0 noyau tels que la p\u00eache et l\u2019abricot.<br data-start=\"2017\" data-end=\"2020\" \/>La finale surprend par des notes de fruits secs.<\/p>\n<p data-start=\"2070\" data-end=\"2262\">Un accord parfait pour une table festive : ses caract\u00e9ristiques multicouches en font un compagnon id\u00e9al pour des plats m\u00e9diterran\u00e9ens, notamment des sauces blanches ou des recettes citronn\u00e9es.<\/p>\n<hr data-start=\"2264\" data-end=\"2267\" \/>\n<h3 data-start=\"2269\" data-end=\"2310\"><strong data-start=\"2273\" data-end=\"2308\">3. ORNEMENT EN ARGILE FAIT MAIN<\/strong><\/h3>\n<p data-start=\"2311\" data-end=\"2564\">Un ornement artisanal en argile pour votre sapin de No\u00ebl, r\u00e9alis\u00e9 par l\u2019atelier ikarien <strong data-start=\"2399\" data-end=\"2415\">Terra Icaria<\/strong> \u00e0 Christos Rachon.<br data-start=\"2434\" data-end=\"2437\" \/>Disponible en deux motifs : <strong data-start=\"2465\" data-end=\"2483\">l\u2019\u00eele d\u2019Ikaria<\/strong> ou <strong data-start=\"2487\" data-end=\"2505\">l\u2019Arbre de Vie<\/strong>, pour apporter une touche d\u2019art ikarien \u00e0 votre int\u00e9rieur.<\/p>\n<p data-start=\"2566\" data-end=\"2703\">Votre colis comprendra \u00e9galement un <strong data-start=\"2602\" data-end=\"2616\">sac cadeau<\/strong> de notre domaine ainsi qu\u2019un ruban, afin que vous puissiez aussi l\u2019offrir en pr\u00e9sent !<\/p>\n<p data-start=\"2566\" data-end=\"2703\">Nous expedions en France et dans tout le monde, au moment du payment les frais de port vont se rajoutter automatiquement.<\/p>\n<hr data-start=\"2705\" data-end=\"2708\" \/>\n<p data-start=\"2710\" data-end=\"2764\">Avec nos salutations distingu\u00e9es,<br data-start=\"2743\" data-end=\"2746\" \/><strong data-start=\"2746\" data-end=\"2764\">Famille Afian\u00e9<\/strong><\/p>\n","protected":false},"author":10,"featured_media":39804,"template":"","meta":[],"product_brand":[],"product_cat":[83,87],"product_tag":[103],"class_list":{"0":"post-39126","1":"product","2":"type-product","3":"status-publish","4":"has-post-thumbnail","6":"product_cat-vins-blancs-fr","7":"product_cat-vins-rouges-fr","8":"product_tag-afianes-festive-gift-box-fr","10":"first","11":"outofstock","12":"taxable","13":"shipping-taxable","14":"purchasable","15":"product-type-simple"},"yoast_head":"<!-- This site is optimized with the Yoast SEO plugin v27.2 - https:\/\/yoast.com\/product\/yoast-seo-wordpress\/ -->\n<title>PANIER FESTIF 2025 AVEC DEUX VINS ET UN ORNEMENT EN ARGILE FAIT MAIN - Afianes Wines<\/title>\n<meta name=\"robots\" content=\"index, follow, max-snippet:-1, max-image-preview:large, max-video-preview:-1\" \/>\n<link rel=\"canonical\" href=\"https:\/\/afianeswines.gr\/fr\/product\/afianes-panier-festif-2025\/\" \/>\n<meta property=\"og:locale\" content=\"fr_FR\" \/>\n<meta property=\"og:type\" content=\"article\" \/>\n<meta property=\"og:title\" content=\"PANIER FESTIF 2025 AVEC DEUX VINS ET UN ORNEMENT EN ARGILE FAIT MAIN - Afianes Wines\" \/>\n<meta property=\"og:description\" content=\"Un mois avant la fin de l\u2019ann\u00e9e 2025, notre \u00e9quipe a pr\u00e9par\u00e9 pour la premi\u00e8re fois un panier festif comprenant deux des vins les plus populaires de notre collection. Deux vins naturels issus de l\u2019agriculture biologique, Raos et Litani, deux cr\u00e9ations n\u00e9es apr\u00e8s des ann\u00e9es d\u2019exp\u00e9rimentation et de compr\u00e9hension profonde de la nature ikarienne, qui continuent chaque ann\u00e9e d\u2019\u00e9tonner les amateurs de vin du monde entier par leur unicit\u00e9 et leur grande qualit\u00e9. Un petit plus, le vin blanc Litani vintage 2024 est uniquement disponible sur le panier festif. Nous vous invitons \u00e0 ajouter une touche de 25 ans de savoir-faire d\u2019Afianes Wines \u00e0 votre table de f\u00eate, en choisissant des vins bruts, sans ajout de sulfites, ou \u00e0 les offrir en cadeau \u00e0 vos proches !     Dans notre coffret festif \u2013 Afianes Festive Gift Box \u2013 vous trouverez :    1. RAOS ROUGE SEC 2023 \u2013 13,5% vol \u2013 750 ml Vin rouge sec issu du c\u00e9page local Fokiano, 100 % biologique.Un \u00ab Fokiano classique \u00bb, repr\u00e9sentatif du terroir du vin Pramnien.Indication G\u00e9ographique Prot\u00e9g\u00e9e (IGP) Ikaria. Un vin rouge distinctif, au caract\u00e8re complexe et riche.Robe rouge rubis aux reflets flamboyants, avec de longues larmes persistantes.Ar\u00f4mes de fruits rouges formant une palette aromatique g\u00e9n\u00e9reuse.Des tanins souples mais pr\u00e9sents, associ\u00e9s au caract\u00e8re fruit\u00e9 du c\u00e9page (baies, prunes, fruits rouges), cr\u00e9ent une bouche velout\u00e9e et chaleureuse.     2. LITANI BLANC SEC 2024 \u2013 12% vol \u2013 750 ml Vin blanc sec issu du c\u00e9page local Begleri, 100 % biologique.Un vin blanc embl\u00e9matique d\u2019Ikaria, provenant du vignoble de Litani, situ\u00e9 \u00e0 400 m d\u2019altitude.Indication G\u00e9ographique Prot\u00e9g\u00e9e (IGP) Ikaria. Le vignoble est entour\u00e9 \u00e0 l\u2019ouest par des for\u00eats de pins et au sud par un oliveraie.Vinification blanche classique ; robe dor\u00e9e, l\u00e9g\u00e8rement trouble car non filtr\u00e9.Premi\u00e8res notes de citron \u00e9voluant rapidement vers des fruits \u00e0 noyau tels que la p\u00eache et l\u2019abricot.La finale surprend par des notes de fruits secs. Un accord parfait pour une table festive : ses caract\u00e9ristiques multicouches en font un compagnon id\u00e9al pour des plats m\u00e9diterran\u00e9ens, notamment des sauces blanches ou des recettes citronn\u00e9es.     3. ORNEMENT EN ARGILE FAIT MAIN Un ornement artisanal en argile pour votre sapin de No\u00ebl, r\u00e9alis\u00e9 par l\u2019atelier ikarien Terra Icaria \u00e0 Christos Rachon.Disponible en deux motifs : l\u2019\u00eele d\u2019Ikaria ou l\u2019Arbre de Vie, pour apporter une touche d\u2019art ikarien \u00e0 votre int\u00e9rieur. Votre colis comprendra \u00e9galement un sac cadeau de notre domaine ainsi qu\u2019un ruban, afin que vous puissiez aussi l\u2019offrir en pr\u00e9sent ! Nous expedions en France et dans tout le monde, au moment du payment les frais de port vont se rajoutter automatiquement.    Avec nos salutations distingu\u00e9es,Famille Afian\u00e9\" \/>\n<meta property=\"og:url\" content=\"https:\/\/afianeswines.gr\/fr\/product\/afianes-panier-festif-2025\/\" \/>\n<meta property=\"og:site_name\" content=\"Afianes Wines\" \/>\n<meta property=\"article:modified_time\" content=\"2025-12-05T11:32:09+00:00\" \/>\n<meta property=\"og:image\" content=\"https:\/\/afianeswines.gr\/wp-content\/uploads\/2024\/11\/1000027540-scaled.jpg\" \/>\n\t<meta property=\"og:image:width\" content=\"1440\" \/>\n\t<meta property=\"og:image:height\" content=\"2560\" \/>\n\t<meta property=\"og:image:type\" content=\"image\/jpeg\" \/>\n<meta name=\"twitter:card\" content=\"summary_large_image\" \/>\n<meta name=\"twitter:label1\" content=\"Dur\u00e9e de lecture estim\u00e9e\" \/>\n\t<meta name=\"twitter:data1\" content=\"1 minute\" \/>\n<script type=\"application\/ld+json\" class=\"yoast-schema-graph\">{\"@context\":\"https:\/\/schema.org\",\"@graph\":[{\"@type\":\"WebPage\",\"@id\":\"https:\/\/afianeswines.gr\/fr\/product\/afianes-panier-festif-2025\/\",\"url\":\"https:\/\/afianeswines.gr\/fr\/product\/afianes-panier-festif-2025\/\",\"name\":\"PANIER FESTIF 2025 AVEC DEUX VINS ET UN ORNEMENT EN ARGILE FAIT MAIN - Afianes Wines\",\"isPartOf\":{\"@id\":\"https:\/\/afianeswines.gr\/fr\/#website\"},\"primaryImageOfPage\":{\"@id\":\"https:\/\/afianeswines.gr\/fr\/product\/afianes-panier-festif-2025\/#primaryimage\"},\"image\":{\"@id\":\"https:\/\/afianeswines.gr\/fr\/product\/afianes-panier-festif-2025\/#primaryimage\"},\"thumbnailUrl\":\"https:\/\/afianeswines.gr\/wp-content\/uploads\/2024\/11\/1000027540-scaled.jpg\",\"datePublished\":\"2024-11-28T14:28:15+00:00\",\"dateModified\":\"2025-12-05T11:32:09+00:00\",\"breadcrumb\":{\"@id\":\"https:\/\/afianeswines.gr\/fr\/product\/afianes-panier-festif-2025\/#breadcrumb\"},\"inLanguage\":\"fr-FR\",\"potentialAction\":[{\"@type\":\"ReadAction\",\"target\":[\"https:\/\/afianeswines.gr\/fr\/product\/afianes-panier-festif-2025\/\"]}]},{\"@type\":\"ImageObject\",\"inLanguage\":\"fr-FR\",\"@id\":\"https:\/\/afianeswines.gr\/fr\/product\/afianes-panier-festif-2025\/#primaryimage\",\"url\":\"https:\/\/afianeswines.gr\/wp-content\/uploads\/2024\/11\/1000027540-scaled.jpg\",\"contentUrl\":\"https:\/\/afianeswines.gr\/wp-content\/uploads\/2024\/11\/1000027540-scaled.jpg\",\"width\":1440,\"height\":2560},{\"@type\":\"BreadcrumbList\",\"@id\":\"https:\/\/afianeswines.gr\/fr\/product\/afianes-panier-festif-2025\/#breadcrumb\",\"itemListElement\":[{\"@type\":\"ListItem\",\"position\":1,\"name\":\"Home\",\"item\":\"https:\/\/afianeswines.gr\/fr\/\"},{\"@type\":\"ListItem\",\"position\":2,\"name\":\"\u0395SHOP\",\"item\":\"https:\/\/afianeswines.gr\/fr\/eshop\/\"},{\"@type\":\"ListItem\",\"position\":3,\"name\":\"PANIER FESTIF 2025 AVEC DEUX VINS ET UN ORNEMENT EN ARGILE FAIT MAIN\"}]},{\"@type\":\"WebSite\",\"@id\":\"https:\/\/afianeswines.gr\/fr\/#website\",\"url\":\"https:\/\/afianeswines.gr\/fr\/\",\"name\":\"Afianes Wines\",\"description\":\"\u039f\u03b9\u03bd\u03bf\u03c0\u03bf\u03b9\u03b5\u03af\u03bf \u0399\u03ba\u03b1\u03c1\u03af\u03b1 - \u0395\u03ba\u03bb\u03b5\u03ba\u03c4\u03ac \u03ba\u03c1\u03b1\u03c3\u03b9\u03ac\",\"potentialAction\":[{\"@type\":\"SearchAction\",\"target\":{\"@type\":\"EntryPoint\",\"urlTemplate\":\"https:\/\/afianeswines.gr\/fr\/?s={search_term_string}\"},\"query-input\":{\"@type\":\"PropertyValueSpecification\",\"valueRequired\":true,\"valueName\":\"search_term_string\"}}],\"inLanguage\":\"fr-FR\"}]}<\/script>\n<!-- \/ Yoast SEO plugin. -->","yoast_head_json":{"title":"PANIER FESTIF 2025 AVEC DEUX VINS ET UN ORNEMENT EN ARGILE FAIT MAIN - Afianes Wines","robots":{"index":"index","follow":"follow","max-snippet":"max-snippet:-1","max-image-preview":"max-image-preview:large","max-video-preview":"max-video-preview:-1"},"canonical":"https:\/\/afianeswines.gr\/fr\/product\/afianes-panier-festif-2025\/","og_locale":"fr_FR","og_type":"article","og_title":"PANIER FESTIF 2025 AVEC DEUX VINS ET UN ORNEMENT EN ARGILE FAIT MAIN - Afianes Wines","og_description":"Un mois avant la fin de l\u2019ann\u00e9e 2025, notre \u00e9quipe a pr\u00e9par\u00e9 pour la premi\u00e8re fois un panier festif comprenant deux des vins les plus populaires de notre collection. Deux vins naturels issus de l\u2019agriculture biologique, Raos et Litani, deux cr\u00e9ations n\u00e9es apr\u00e8s des ann\u00e9es d\u2019exp\u00e9rimentation et de compr\u00e9hension profonde de la nature ikarienne, qui continuent chaque ann\u00e9e d\u2019\u00e9tonner les amateurs de vin du monde entier par leur unicit\u00e9 et leur grande qualit\u00e9. Un petit plus, le vin blanc Litani vintage 2024 est uniquement disponible sur le panier festif. Nous vous invitons \u00e0 ajouter une touche de 25 ans de savoir-faire d\u2019Afianes Wines \u00e0 votre table de f\u00eate, en choisissant des vins bruts, sans ajout de sulfites, ou \u00e0 les offrir en cadeau \u00e0 vos proches !     Dans notre coffret festif \u2013 Afianes Festive Gift Box \u2013 vous trouverez :    1. RAOS ROUGE SEC 2023 \u2013 13,5% vol \u2013 750 ml Vin rouge sec issu du c\u00e9page local Fokiano, 100 % biologique.Un \u00ab Fokiano classique \u00bb, repr\u00e9sentatif du terroir du vin Pramnien.Indication G\u00e9ographique Prot\u00e9g\u00e9e (IGP) Ikaria. Un vin rouge distinctif, au caract\u00e8re complexe et riche.Robe rouge rubis aux reflets flamboyants, avec de longues larmes persistantes.Ar\u00f4mes de fruits rouges formant une palette aromatique g\u00e9n\u00e9reuse.Des tanins souples mais pr\u00e9sents, associ\u00e9s au caract\u00e8re fruit\u00e9 du c\u00e9page (baies, prunes, fruits rouges), cr\u00e9ent une bouche velout\u00e9e et chaleureuse.     2. LITANI BLANC SEC 2024 \u2013 12% vol \u2013 750 ml Vin blanc sec issu du c\u00e9page local Begleri, 100 % biologique.Un vin blanc embl\u00e9matique d\u2019Ikaria, provenant du vignoble de Litani, situ\u00e9 \u00e0 400 m d\u2019altitude.Indication G\u00e9ographique Prot\u00e9g\u00e9e (IGP) Ikaria. Le vignoble est entour\u00e9 \u00e0 l\u2019ouest par des for\u00eats de pins et au sud par un oliveraie.Vinification blanche classique ; robe dor\u00e9e, l\u00e9g\u00e8rement trouble car non filtr\u00e9.Premi\u00e8res notes de citron \u00e9voluant rapidement vers des fruits \u00e0 noyau tels que la p\u00eache et l\u2019abricot.La finale surprend par des notes de fruits secs. Un accord parfait pour une table festive : ses caract\u00e9ristiques multicouches en font un compagnon id\u00e9al pour des plats m\u00e9diterran\u00e9ens, notamment des sauces blanches ou des recettes citronn\u00e9es.     3. ORNEMENT EN ARGILE FAIT MAIN Un ornement artisanal en argile pour votre sapin de No\u00ebl, r\u00e9alis\u00e9 par l\u2019atelier ikarien Terra Icaria \u00e0 Christos Rachon.Disponible en deux motifs : l\u2019\u00eele d\u2019Ikaria ou l\u2019Arbre de Vie, pour apporter une touche d\u2019art ikarien \u00e0 votre int\u00e9rieur. Votre colis comprendra \u00e9galement un sac cadeau de notre domaine ainsi qu\u2019un ruban, afin que vous puissiez aussi l\u2019offrir en pr\u00e9sent ! Nous expedions en France et dans tout le monde, au moment du payment les frais de port vont se rajoutter automatiquement.    Avec nos salutations distingu\u00e9es,Famille Afian\u00e9","og_url":"https:\/\/afianeswines.gr\/fr\/product\/afianes-panier-festif-2025\/","og_site_name":"Afianes Wines","article_modified_time":"2025-12-05T11:32:09+00:00","og_image":[{"width":1440,"height":2560,"url":"https:\/\/afianeswines.gr\/wp-content\/uploads\/2024\/11\/1000027540-scaled.jpg","type":"image\/jpeg"}],"twitter_card":"summary_large_image","twitter_misc":{"Dur\u00e9e de lecture estim\u00e9e":"1 minute"},"schema":{"@context":"https:\/\/schema.org","@graph":[{"@type":"WebPage","@id":"https:\/\/afianeswines.gr\/fr\/product\/afianes-panier-festif-2025\/","url":"https:\/\/afianeswines.gr\/fr\/product\/afianes-panier-festif-2025\/","name":"PANIER FESTIF 2025 AVEC DEUX VINS ET UN ORNEMENT EN ARGILE FAIT MAIN - Afianes Wines","isPartOf":{"@id":"https:\/\/afianeswines.gr\/fr\/#website"},"primaryImageOfPage":{"@id":"https:\/\/afianeswines.gr\/fr\/product\/afianes-panier-festif-2025\/#primaryimage"},"image":{"@id":"https:\/\/afianeswines.gr\/fr\/product\/afianes-panier-festif-2025\/#primaryimage"},"thumbnailUrl":"https:\/\/afianeswines.gr\/wp-content\/uploads\/2024\/11\/1000027540-scaled.jpg","datePublished":"2024-11-28T14:28:15+00:00","dateModified":"2025-12-05T11:32:09+00:00","breadcrumb":{"@id":"https:\/\/afianeswines.gr\/fr\/product\/afianes-panier-festif-2025\/#breadcrumb"},"inLanguage":"fr-FR","potentialAction":[{"@type":"ReadAction","target":["https:\/\/afianeswines.gr\/fr\/product\/afianes-panier-festif-2025\/"]}]},{"@type":"ImageObject","inLanguage":"fr-FR","@id":"https:\/\/afianeswines.gr\/fr\/product\/afianes-panier-festif-2025\/#primaryimage","url":"https:\/\/afianeswines.gr\/wp-content\/uploads\/2024\/11\/1000027540-scaled.jpg","contentUrl":"https:\/\/afianeswines.gr\/wp-content\/uploads\/2024\/11\/1000027540-scaled.jpg","width":1440,"height":2560},{"@type":"BreadcrumbList","@id":"https:\/\/afianeswines.gr\/fr\/product\/afianes-panier-festif-2025\/#breadcrumb","itemListElement":[{"@type":"ListItem","position":1,"name":"Home","item":"https:\/\/afianeswines.gr\/fr\/"},{"@type":"ListItem","position":2,"name":"\u0395SHOP","item":"https:\/\/afianeswines.gr\/fr\/eshop\/"},{"@type":"ListItem","position":3,"name":"PANIER FESTIF 2025 AVEC DEUX VINS ET UN ORNEMENT EN ARGILE FAIT MAIN"}]},{"@type":"WebSite","@id":"https:\/\/afianeswines.gr\/fr\/#website","url":"https:\/\/afianeswines.gr\/fr\/","name":"Afianes Wines","description":"\u039f\u03b9\u03bd\u03bf\u03c0\u03bf\u03b9\u03b5\u03af\u03bf \u0399\u03ba\u03b1\u03c1\u03af\u03b1 - \u0395\u03ba\u03bb\u03b5\u03ba\u03c4\u03ac \u03ba\u03c1\u03b1\u03c3\u03b9\u03ac","potentialAction":[{"@type":"SearchAction","target":{"@type":"EntryPoint","urlTemplate":"https:\/\/afianeswines.gr\/fr\/?s={search_term_string}"},"query-input":{"@type":"PropertyValueSpecification","valueRequired":true,"valueName":"search_term_string"}}],"inLanguage":"fr-FR"}]}},"_links":{"self":[{"href":"https:\/\/afianeswines.gr\/fr\/wp-json\/wp\/v2\/product\/39126","targetHints":{"allow":["GET"]}}],"collection":[{"href":"https:\/\/afianeswines.gr\/fr\/wp-json\/wp\/v2\/product"}],"about":[{"href":"https:\/\/afianeswines.gr\/fr\/wp-json\/wp\/v2\/types\/product"}],"author":[{"embeddable":true,"href":"https:\/\/afianeswines.gr\/fr\/wp-json\/wp\/v2\/users\/10"}],"wp:featuredmedia":[{"embeddable":true,"href":"https:\/\/afianeswines.gr\/fr\/wp-json\/wp\/v2\/media\/39804"}],"wp:attachment":[{"href":"https:\/\/afianeswines.gr\/fr\/wp-json\/wp\/v2\/media?parent=39126"}],"wp:term":[{"taxonomy":"product_brand","embeddable":true,"href":"https:\/\/afianeswines.gr\/fr\/wp-json\/wp\/v2\/product_brand?post=39126"},{"taxonomy":"product_cat","embeddable":true,"href":"https:\/\/afianeswines.gr\/fr\/wp-json\/wp\/v2\/product_cat?post=39126"},{"taxonomy":"product_tag","embeddable":true,"href":"https:\/\/afianeswines.gr\/fr\/wp-json\/wp\/v2\/product_tag?post=39126"}],"curies":[{"name":"wp","href":"https:\/\/api.w.org\/{rel}","templated":true}]}}