{"id":36165,"date":"2022-03-25T18:42:48","date_gmt":"2022-03-25T16:42:48","guid":{"rendered":"https:\/\/afianeswines.gr\/?post_type=product&#038;p=36165"},"modified":"2024-07-11T21:14:43","modified_gmt":"2024-07-11T18:14:43","slug":"icarus-pink-sec-2019","status":"publish","type":"product","link":"https:\/\/afianeswines.gr\/fr\/product\/icarus-pink-sec-2019\/","title":{"rendered":"ICARUS DRY ROSE OAK 2019 750ml 14% vol."},"content":{"rendered":"<p>[vc_row css=\u00a0\u00bb.vc_custom_1517578898528{padding-top: 5% !important;padding-right: 5% !important;padding-bottom: 5% !important;padding-left: 5% !important;background-color: #f1f1f1 !important;}\u00a0\u00bb][vc_column][vc_tta_tabs style=\u00a0\u00bbtheme\u00a0\u00bb alignment=\u00a0\u00bbcenter\u00a0\u00bb active_section=\u00a0\u00bb1&Prime;][vc_tta_section title=\u00a0\u00bbTECHNICAL CARACTERISTICS &#8211; VINIFICATION &#8211; AGING\u00a0\u00bb tab_id=\u00a0\u00bb1497942435768-a2771e4b-8863f523-8019&Prime;][vc_column_text]<strong>Wine<\/strong>: Natural rose wine.<\/p>\n<p><strong>Varietal composition<\/strong>: Fokiano variety 100%.<\/p>\n<p><strong>Protected Geographical Indication (PGI)<\/strong>: Ikaria<\/p>\n<p><strong>Region\/Vine domain<\/strong>: Ikaria\/ Prof. Ilias (600m alt.)<\/p>\n<p><strong>Vinification: <\/strong>Classic rose winemaking process in stainless steel containers. Aging for 12 months in French oak barrels, which are custom-made according to various tests conducted on the freshly produced wine. Wild indigenous yeast fermentation; bottled unfiltered &amp; unfined; without any addition of sulfites.<\/p>\n<p><strong>Aging:\u00a0<\/strong>Best consumed after 8 years of aging.<\/p>\n<p><strong>Production: <\/strong>250 bottles[\/vc_column_text][\/vc_tta_section][\/vc_tta_tabs][\/vc_column][\/vc_row]<\/p>\n","protected":false},"excerpt":{"rendered":"<p>&nbsp;<\/p>\n<p>&nbsp;<\/p>\n","protected":false},"author":10,"featured_media":36168,"template":"","meta":[],"product_brand":[],"product_cat":[91],"product_tag":[],"class_list":{"0":"post-36165","1":"product","2":"type-product","3":"status-publish","4":"has-post-thumbnail","6":"product_cat-rose-wines-fr","8":"first","9":"instock","10":"taxable","11":"shipping-taxable","12":"purchasable","13":"product-type-simple"},"yoast_head":"<!-- This site is optimized with the Yoast SEO plugin v27.2 - https:\/\/yoast.com\/product\/yoast-seo-wordpress\/ -->\n<title>ICARUS DRY ROSE OAK 2019 750ml 14% vol. - Afianes Wines<\/title>\n<meta name=\"description\" content=\"Vin nature ros\u00e9 sec grec issue de l&#039;agriculture biologique, IGP Ikaria, c\u00e9page Fokiano 100%, vieillissement en f\u00fbt de ch\u00eane 12 mois.\" \/>\n<meta name=\"robots\" content=\"index, follow, max-snippet:-1, max-image-preview:large, max-video-preview:-1\" \/>\n<link rel=\"canonical\" href=\"https:\/\/afianeswines.gr\/fr\/product\/icarus-pink-sec-2019\/\" \/>\n<meta property=\"og:locale\" content=\"fr_FR\" \/>\n<meta property=\"og:type\" content=\"article\" \/>\n<meta property=\"og:title\" content=\"ICARUS DRY ROSE OAK 2019 750ml 14% vol. - Afianes Wines\" \/>\n<meta property=\"og:description\" content=\"Vin nature ros\u00e9 sec grec issue de l&#039;agriculture biologique, IGP Ikaria, c\u00e9page Fokiano 100%, vieillissement en f\u00fbt de ch\u00eane 12 mois.\" \/>\n<meta property=\"og:url\" content=\"https:\/\/afianeswines.gr\/fr\/product\/icarus-pink-sec-2019\/\" \/>\n<meta property=\"og:site_name\" content=\"Afianes Wines\" \/>\n<meta property=\"article:modified_time\" content=\"2024-07-11T18:14:43+00:00\" \/>\n<meta property=\"og:image\" content=\"https:\/\/afianeswines.gr\/wp-content\/uploads\/2022\/03\/Icarus-fokiano-Rose-Website.png\" \/>\n\t<meta property=\"og:image:width\" content=\"350\" \/>\n\t<meta property=\"og:image:height\" content=\"957\" \/>\n\t<meta property=\"og:image:type\" content=\"image\/png\" \/>\n<meta name=\"twitter:card\" content=\"summary_large_image\" \/>\n<meta name=\"twitter:label1\" content=\"Dur\u00e9e de lecture estim\u00e9e\" \/>\n\t<meta name=\"twitter:data1\" content=\"1 minute\" \/>\n<script type=\"application\/ld+json\" class=\"yoast-schema-graph\">{\"@context\":\"https:\/\/schema.org\",\"@graph\":[{\"@type\":\"WebPage\",\"@id\":\"https:\/\/afianeswines.gr\/fr\/product\/icarus-pink-sec-2019\/\",\"url\":\"https:\/\/afianeswines.gr\/fr\/product\/icarus-pink-sec-2019\/\",\"name\":\"ICARUS DRY ROSE OAK 2019 750ml 14% vol. - Afianes Wines\",\"isPartOf\":{\"@id\":\"https:\/\/afianeswines.gr\/fr\/#website\"},\"primaryImageOfPage\":{\"@id\":\"https:\/\/afianeswines.gr\/fr\/product\/icarus-pink-sec-2019\/#primaryimage\"},\"image\":{\"@id\":\"https:\/\/afianeswines.gr\/fr\/product\/icarus-pink-sec-2019\/#primaryimage\"},\"thumbnailUrl\":\"https:\/\/afianeswines.gr\/wp-content\/uploads\/2022\/03\/Icarus-fokiano-Rose-Website.png\",\"datePublished\":\"2022-03-25T16:42:48+00:00\",\"dateModified\":\"2024-07-11T18:14:43+00:00\",\"description\":\"Vin nature ros\u00e9 sec grec issue de l'agriculture biologique, IGP Ikaria, c\u00e9page Fokiano 100%, vieillissement en f\u00fbt de ch\u00eane 12 mois.\",\"breadcrumb\":{\"@id\":\"https:\/\/afianeswines.gr\/fr\/product\/icarus-pink-sec-2019\/#breadcrumb\"},\"inLanguage\":\"fr-FR\",\"potentialAction\":[{\"@type\":\"ReadAction\",\"target\":[\"https:\/\/afianeswines.gr\/fr\/product\/icarus-pink-sec-2019\/\"]}]},{\"@type\":\"ImageObject\",\"inLanguage\":\"fr-FR\",\"@id\":\"https:\/\/afianeswines.gr\/fr\/product\/icarus-pink-sec-2019\/#primaryimage\",\"url\":\"https:\/\/afianeswines.gr\/wp-content\/uploads\/2022\/03\/Icarus-fokiano-Rose-Website.png\",\"contentUrl\":\"https:\/\/afianeswines.gr\/wp-content\/uploads\/2022\/03\/Icarus-fokiano-Rose-Website.png\",\"width\":350,\"height\":957},{\"@type\":\"BreadcrumbList\",\"@id\":\"https:\/\/afianeswines.gr\/fr\/product\/icarus-pink-sec-2019\/#breadcrumb\",\"itemListElement\":[{\"@type\":\"ListItem\",\"position\":1,\"name\":\"Home\",\"item\":\"https:\/\/afianeswines.gr\/fr\/\"},{\"@type\":\"ListItem\",\"position\":2,\"name\":\"\u0395SHOP\",\"item\":\"https:\/\/afianeswines.gr\/fr\/eshop\/\"},{\"@type\":\"ListItem\",\"position\":3,\"name\":\"ICARUS DRY ROSE OAK 2019 750ml 14% vol.\"}]},{\"@type\":\"WebSite\",\"@id\":\"https:\/\/afianeswines.gr\/fr\/#website\",\"url\":\"https:\/\/afianeswines.gr\/fr\/\",\"name\":\"Afianes Wines\",\"description\":\"\u039f\u03b9\u03bd\u03bf\u03c0\u03bf\u03b9\u03b5\u03af\u03bf \u0399\u03ba\u03b1\u03c1\u03af\u03b1 - \u0395\u03ba\u03bb\u03b5\u03ba\u03c4\u03ac \u03ba\u03c1\u03b1\u03c3\u03b9\u03ac\",\"potentialAction\":[{\"@type\":\"SearchAction\",\"target\":{\"@type\":\"EntryPoint\",\"urlTemplate\":\"https:\/\/afianeswines.gr\/fr\/?s={search_term_string}\"},\"query-input\":{\"@type\":\"PropertyValueSpecification\",\"valueRequired\":true,\"valueName\":\"search_term_string\"}}],\"inLanguage\":\"fr-FR\"}]}<\/script>\n<!-- \/ Yoast SEO plugin. -->","yoast_head_json":{"title":"ICARUS DRY ROSE OAK 2019 750ml 14% vol. - Afianes Wines","description":"Vin nature ros\u00e9 sec grec issue de l'agriculture biologique, IGP Ikaria, c\u00e9page Fokiano 100%, vieillissement en f\u00fbt de ch\u00eane 12 mois.","robots":{"index":"index","follow":"follow","max-snippet":"max-snippet:-1","max-image-preview":"max-image-preview:large","max-video-preview":"max-video-preview:-1"},"canonical":"https:\/\/afianeswines.gr\/fr\/product\/icarus-pink-sec-2019\/","og_locale":"fr_FR","og_type":"article","og_title":"ICARUS DRY ROSE OAK 2019 750ml 14% vol. - Afianes Wines","og_description":"Vin nature ros\u00e9 sec grec issue de l'agriculture biologique, IGP Ikaria, c\u00e9page Fokiano 100%, vieillissement en f\u00fbt de ch\u00eane 12 mois.","og_url":"https:\/\/afianeswines.gr\/fr\/product\/icarus-pink-sec-2019\/","og_site_name":"Afianes Wines","article_modified_time":"2024-07-11T18:14:43+00:00","og_image":[{"width":350,"height":957,"url":"https:\/\/afianeswines.gr\/wp-content\/uploads\/2022\/03\/Icarus-fokiano-Rose-Website.png","type":"image\/png"}],"twitter_card":"summary_large_image","twitter_misc":{"Dur\u00e9e de lecture estim\u00e9e":"1 minute"},"schema":{"@context":"https:\/\/schema.org","@graph":[{"@type":"WebPage","@id":"https:\/\/afianeswines.gr\/fr\/product\/icarus-pink-sec-2019\/","url":"https:\/\/afianeswines.gr\/fr\/product\/icarus-pink-sec-2019\/","name":"ICARUS DRY ROSE OAK 2019 750ml 14% vol. - Afianes Wines","isPartOf":{"@id":"https:\/\/afianeswines.gr\/fr\/#website"},"primaryImageOfPage":{"@id":"https:\/\/afianeswines.gr\/fr\/product\/icarus-pink-sec-2019\/#primaryimage"},"image":{"@id":"https:\/\/afianeswines.gr\/fr\/product\/icarus-pink-sec-2019\/#primaryimage"},"thumbnailUrl":"https:\/\/afianeswines.gr\/wp-content\/uploads\/2022\/03\/Icarus-fokiano-Rose-Website.png","datePublished":"2022-03-25T16:42:48+00:00","dateModified":"2024-07-11T18:14:43+00:00","description":"Vin nature ros\u00e9 sec grec issue de l'agriculture biologique, IGP Ikaria, c\u00e9page Fokiano 100%, vieillissement en f\u00fbt de ch\u00eane 12 mois.","breadcrumb":{"@id":"https:\/\/afianeswines.gr\/fr\/product\/icarus-pink-sec-2019\/#breadcrumb"},"inLanguage":"fr-FR","potentialAction":[{"@type":"ReadAction","target":["https:\/\/afianeswines.gr\/fr\/product\/icarus-pink-sec-2019\/"]}]},{"@type":"ImageObject","inLanguage":"fr-FR","@id":"https:\/\/afianeswines.gr\/fr\/product\/icarus-pink-sec-2019\/#primaryimage","url":"https:\/\/afianeswines.gr\/wp-content\/uploads\/2022\/03\/Icarus-fokiano-Rose-Website.png","contentUrl":"https:\/\/afianeswines.gr\/wp-content\/uploads\/2022\/03\/Icarus-fokiano-Rose-Website.png","width":350,"height":957},{"@type":"BreadcrumbList","@id":"https:\/\/afianeswines.gr\/fr\/product\/icarus-pink-sec-2019\/#breadcrumb","itemListElement":[{"@type":"ListItem","position":1,"name":"Home","item":"https:\/\/afianeswines.gr\/fr\/"},{"@type":"ListItem","position":2,"name":"\u0395SHOP","item":"https:\/\/afianeswines.gr\/fr\/eshop\/"},{"@type":"ListItem","position":3,"name":"ICARUS DRY ROSE OAK 2019 750ml 14% vol."}]},{"@type":"WebSite","@id":"https:\/\/afianeswines.gr\/fr\/#website","url":"https:\/\/afianeswines.gr\/fr\/","name":"Afianes Wines","description":"\u039f\u03b9\u03bd\u03bf\u03c0\u03bf\u03b9\u03b5\u03af\u03bf \u0399\u03ba\u03b1\u03c1\u03af\u03b1 - \u0395\u03ba\u03bb\u03b5\u03ba\u03c4\u03ac \u03ba\u03c1\u03b1\u03c3\u03b9\u03ac","potentialAction":[{"@type":"SearchAction","target":{"@type":"EntryPoint","urlTemplate":"https:\/\/afianeswines.gr\/fr\/?s={search_term_string}"},"query-input":{"@type":"PropertyValueSpecification","valueRequired":true,"valueName":"search_term_string"}}],"inLanguage":"fr-FR"}]}},"_links":{"self":[{"href":"https:\/\/afianeswines.gr\/fr\/wp-json\/wp\/v2\/product\/36165","targetHints":{"allow":["GET"]}}],"collection":[{"href":"https:\/\/afianeswines.gr\/fr\/wp-json\/wp\/v2\/product"}],"about":[{"href":"https:\/\/afianeswines.gr\/fr\/wp-json\/wp\/v2\/types\/product"}],"author":[{"embeddable":true,"href":"https:\/\/afianeswines.gr\/fr\/wp-json\/wp\/v2\/users\/10"}],"wp:featuredmedia":[{"embeddable":true,"href":"https:\/\/afianeswines.gr\/fr\/wp-json\/wp\/v2\/media\/36168"}],"wp:attachment":[{"href":"https:\/\/afianeswines.gr\/fr\/wp-json\/wp\/v2\/media?parent=36165"}],"wp:term":[{"taxonomy":"product_brand","embeddable":true,"href":"https:\/\/afianeswines.gr\/fr\/wp-json\/wp\/v2\/product_brand?post=36165"},{"taxonomy":"product_cat","embeddable":true,"href":"https:\/\/afianeswines.gr\/fr\/wp-json\/wp\/v2\/product_cat?post=36165"},{"taxonomy":"product_tag","embeddable":true,"href":"https:\/\/afianeswines.gr\/fr\/wp-json\/wp\/v2\/product_tag?post=36165"}],"curies":[{"name":"wp","href":"https:\/\/api.w.org\/{rel}","templated":true}]}}