{"id":35965,"date":"2022-01-19T17:56:45","date_gmt":"2022-01-20T13:30:59","guid":{"rendered":"https:\/\/afianeswines.gr\/?post_type=product&#038;p=35965"},"modified":"2022-01-20T15:59:16","modified_gmt":"2022-01-20T13:59:16","slug":"savon-artisanal-au-vin-rouge","status":"publish","type":"product","link":"https:\/\/afianeswines.gr\/fr\/product\/savon-artisanal-au-vin-rouge\/","title":{"rendered":"Savon artisanal au vin rouge"},"content":{"rendered":"","protected":false},"excerpt":{"rendered":"<p>Du vin rouge, autant que de l&rsquo;amour.<br \/>\nDans cette c\u00e9l\u00e9bration de l&rsquo;amour, nous vous offrons le plus exquis. Un savon au vin qui sent comme un \u00e9t\u00e9 chaud \u00e0 Ikaria, c\u00e2lins dans la lumi\u00e8re et les notes de romarin et de basilic.<\/p>\n<p>Savon cosm\u00e9tique artisanal \u00e0 l&rsquo;huile d&rsquo;olive Ikarian avec du vin rouge sec Icarus rouge 2018 id\u00e9al contre le vieillissement cutan\u00e9, enrichi en huile de ricin qui conf\u00e8re des propri\u00e9t\u00e9s \u00e9mollientes \u00e0 la peau. Huiles essentielles de romarin et de basilic aux propri\u00e9t\u00e9s toniques. Ingr\u00e9dients : huile d&rsquo;olive pure, huile de noix de coco, huile d&rsquo;amande, huiles essentielles de romarin et de basilic, vin. Le vin dans la cosmetique apport de bien faits a la circulation et exerce une action de renouvellement cellulaire de l&rsquo;epidermie Poids lors de l&#8217;emballage : 120g +- 5g<\/p>\n<p>Utilisation : pour le corps et le visage<br \/>\nAppliquer sur peau humide pour cr\u00e9er de la mousse. Rincez \u00e0 l&rsquo;eau et placez le pain de savon \u00e0 la verticale pour s\u00e9cher, prolongeant ainsi sa dur\u00e9e.<\/p>\n<p>Production Pharmachie Kiosis 28 Octobre &amp; Makrigianni, Kalivia Thorikou, 19010, ATTICA.<\/p>\n","protected":false},"author":10,"featured_media":37897,"template":"","meta":[],"product_brand":[],"product_cat":[85],"product_tag":[],"class_list":{"0":"post-35965","1":"product","2":"type-product","3":"status-publish","4":"has-post-thumbnail","6":"product_cat-epicerie-fine-fr","8":"first","9":"outofstock","10":"taxable","11":"shipping-taxable","12":"purchasable","13":"product-type-simple"},"yoast_head":"<!-- This site is optimized with the Yoast SEO plugin v27.2 - https:\/\/yoast.com\/product\/yoast-seo-wordpress\/ -->\n<title>Savon artisanal au vin rouge - Afianes Wines<\/title>\n<meta name=\"description\" content=\"Savon cosm\u00e9tique artisanal \u00e0 l&#039;huile d&#039;olive Ikarian avec vin rouge Icarus enrichi en huile de ricin, huiles essentielles de romarin basilic.\" \/>\n<meta name=\"robots\" content=\"index, follow, max-snippet:-1, max-image-preview:large, max-video-preview:-1\" \/>\n<link rel=\"canonical\" href=\"https:\/\/afianeswines.gr\/fr\/product\/savon-artisanal-au-vin-rouge\/\" \/>\n<meta property=\"og:locale\" content=\"fr_FR\" \/>\n<meta property=\"og:type\" content=\"article\" \/>\n<meta property=\"og:title\" content=\"Savon artisanal au vin rouge - Afianes Wines\" \/>\n<meta property=\"og:description\" content=\"Savon cosm\u00e9tique artisanal \u00e0 l&#039;huile d&#039;olive Ikarian avec vin rouge Icarus enrichi en huile de ricin, huiles essentielles de romarin basilic.\" \/>\n<meta property=\"og:url\" content=\"https:\/\/afianeswines.gr\/fr\/product\/savon-artisanal-au-vin-rouge\/\" \/>\n<meta property=\"og:site_name\" content=\"Afianes Wines\" \/>\n<meta property=\"article:modified_time\" content=\"2022-01-20T13:59:16+00:00\" \/>\n<meta property=\"og:image\" content=\"https:\/\/afianeswines.gr\/wp-content\/uploads\/2022\/01\/soap_front_website.jpg\" \/>\n\t<meta property=\"og:image:width\" content=\"1197\" \/>\n\t<meta property=\"og:image:height\" content=\"2312\" \/>\n\t<meta property=\"og:image:type\" content=\"image\/jpeg\" \/>\n<meta name=\"twitter:card\" content=\"summary_large_image\" \/>\n<script type=\"application\/ld+json\" class=\"yoast-schema-graph\">{\"@context\":\"https:\/\/schema.org\",\"@graph\":[{\"@type\":\"WebPage\",\"@id\":\"https:\/\/afianeswines.gr\/fr\/product\/savon-artisanal-au-vin-rouge\/\",\"url\":\"https:\/\/afianeswines.gr\/fr\/product\/savon-artisanal-au-vin-rouge\/\",\"name\":\"Savon artisanal au vin rouge - Afianes Wines\",\"isPartOf\":{\"@id\":\"https:\/\/afianeswines.gr\/fr\/#website\"},\"primaryImageOfPage\":{\"@id\":\"https:\/\/afianeswines.gr\/fr\/product\/savon-artisanal-au-vin-rouge\/#primaryimage\"},\"image\":{\"@id\":\"https:\/\/afianeswines.gr\/fr\/product\/savon-artisanal-au-vin-rouge\/#primaryimage\"},\"thumbnailUrl\":\"https:\/\/afianeswines.gr\/wp-content\/uploads\/2022\/01\/soap_front_website.jpg\",\"datePublished\":\"2022-01-20T13:30:59+00:00\",\"dateModified\":\"2022-01-20T13:59:16+00:00\",\"description\":\"Savon cosm\u00e9tique artisanal \u00e0 l'huile d'olive Ikarian avec vin rouge Icarus enrichi en huile de ricin, huiles essentielles de romarin basilic.\",\"breadcrumb\":{\"@id\":\"https:\/\/afianeswines.gr\/fr\/product\/savon-artisanal-au-vin-rouge\/#breadcrumb\"},\"inLanguage\":\"fr-FR\",\"potentialAction\":[{\"@type\":\"ReadAction\",\"target\":[\"https:\/\/afianeswines.gr\/fr\/product\/savon-artisanal-au-vin-rouge\/\"]}]},{\"@type\":\"ImageObject\",\"inLanguage\":\"fr-FR\",\"@id\":\"https:\/\/afianeswines.gr\/fr\/product\/savon-artisanal-au-vin-rouge\/#primaryimage\",\"url\":\"https:\/\/afianeswines.gr\/wp-content\/uploads\/2022\/01\/soap_front_website.jpg\",\"contentUrl\":\"https:\/\/afianeswines.gr\/wp-content\/uploads\/2022\/01\/soap_front_website.jpg\",\"width\":1197,\"height\":2312},{\"@type\":\"BreadcrumbList\",\"@id\":\"https:\/\/afianeswines.gr\/fr\/product\/savon-artisanal-au-vin-rouge\/#breadcrumb\",\"itemListElement\":[{\"@type\":\"ListItem\",\"position\":1,\"name\":\"Home\",\"item\":\"https:\/\/afianeswines.gr\/fr\/\"},{\"@type\":\"ListItem\",\"position\":2,\"name\":\"\u0395SHOP\",\"item\":\"https:\/\/afianeswines.gr\/fr\/eshop\/\"},{\"@type\":\"ListItem\",\"position\":3,\"name\":\"Savon artisanal au vin rouge\"}]},{\"@type\":\"WebSite\",\"@id\":\"https:\/\/afianeswines.gr\/fr\/#website\",\"url\":\"https:\/\/afianeswines.gr\/fr\/\",\"name\":\"Afianes Wines\",\"description\":\"\u039f\u03b9\u03bd\u03bf\u03c0\u03bf\u03b9\u03b5\u03af\u03bf \u0399\u03ba\u03b1\u03c1\u03af\u03b1 - \u0395\u03ba\u03bb\u03b5\u03ba\u03c4\u03ac \u03ba\u03c1\u03b1\u03c3\u03b9\u03ac\",\"potentialAction\":[{\"@type\":\"SearchAction\",\"target\":{\"@type\":\"EntryPoint\",\"urlTemplate\":\"https:\/\/afianeswines.gr\/fr\/?s={search_term_string}\"},\"query-input\":{\"@type\":\"PropertyValueSpecification\",\"valueRequired\":true,\"valueName\":\"search_term_string\"}}],\"inLanguage\":\"fr-FR\"}]}<\/script>\n<!-- \/ Yoast SEO plugin. -->","yoast_head_json":{"title":"Savon artisanal au vin rouge - Afianes Wines","description":"Savon cosm\u00e9tique artisanal \u00e0 l'huile d'olive Ikarian avec vin rouge Icarus enrichi en huile de ricin, huiles essentielles de romarin basilic.","robots":{"index":"index","follow":"follow","max-snippet":"max-snippet:-1","max-image-preview":"max-image-preview:large","max-video-preview":"max-video-preview:-1"},"canonical":"https:\/\/afianeswines.gr\/fr\/product\/savon-artisanal-au-vin-rouge\/","og_locale":"fr_FR","og_type":"article","og_title":"Savon artisanal au vin rouge - Afianes Wines","og_description":"Savon cosm\u00e9tique artisanal \u00e0 l'huile d'olive Ikarian avec vin rouge Icarus enrichi en huile de ricin, huiles essentielles de romarin basilic.","og_url":"https:\/\/afianeswines.gr\/fr\/product\/savon-artisanal-au-vin-rouge\/","og_site_name":"Afianes Wines","article_modified_time":"2022-01-20T13:59:16+00:00","og_image":[{"width":1197,"height":2312,"url":"https:\/\/afianeswines.gr\/wp-content\/uploads\/2022\/01\/soap_front_website.jpg","type":"image\/jpeg"}],"twitter_card":"summary_large_image","schema":{"@context":"https:\/\/schema.org","@graph":[{"@type":"WebPage","@id":"https:\/\/afianeswines.gr\/fr\/product\/savon-artisanal-au-vin-rouge\/","url":"https:\/\/afianeswines.gr\/fr\/product\/savon-artisanal-au-vin-rouge\/","name":"Savon artisanal au vin rouge - Afianes Wines","isPartOf":{"@id":"https:\/\/afianeswines.gr\/fr\/#website"},"primaryImageOfPage":{"@id":"https:\/\/afianeswines.gr\/fr\/product\/savon-artisanal-au-vin-rouge\/#primaryimage"},"image":{"@id":"https:\/\/afianeswines.gr\/fr\/product\/savon-artisanal-au-vin-rouge\/#primaryimage"},"thumbnailUrl":"https:\/\/afianeswines.gr\/wp-content\/uploads\/2022\/01\/soap_front_website.jpg","datePublished":"2022-01-20T13:30:59+00:00","dateModified":"2022-01-20T13:59:16+00:00","description":"Savon cosm\u00e9tique artisanal \u00e0 l'huile d'olive Ikarian avec vin rouge Icarus enrichi en huile de ricin, huiles essentielles de romarin basilic.","breadcrumb":{"@id":"https:\/\/afianeswines.gr\/fr\/product\/savon-artisanal-au-vin-rouge\/#breadcrumb"},"inLanguage":"fr-FR","potentialAction":[{"@type":"ReadAction","target":["https:\/\/afianeswines.gr\/fr\/product\/savon-artisanal-au-vin-rouge\/"]}]},{"@type":"ImageObject","inLanguage":"fr-FR","@id":"https:\/\/afianeswines.gr\/fr\/product\/savon-artisanal-au-vin-rouge\/#primaryimage","url":"https:\/\/afianeswines.gr\/wp-content\/uploads\/2022\/01\/soap_front_website.jpg","contentUrl":"https:\/\/afianeswines.gr\/wp-content\/uploads\/2022\/01\/soap_front_website.jpg","width":1197,"height":2312},{"@type":"BreadcrumbList","@id":"https:\/\/afianeswines.gr\/fr\/product\/savon-artisanal-au-vin-rouge\/#breadcrumb","itemListElement":[{"@type":"ListItem","position":1,"name":"Home","item":"https:\/\/afianeswines.gr\/fr\/"},{"@type":"ListItem","position":2,"name":"\u0395SHOP","item":"https:\/\/afianeswines.gr\/fr\/eshop\/"},{"@type":"ListItem","position":3,"name":"Savon artisanal au vin rouge"}]},{"@type":"WebSite","@id":"https:\/\/afianeswines.gr\/fr\/#website","url":"https:\/\/afianeswines.gr\/fr\/","name":"Afianes Wines","description":"\u039f\u03b9\u03bd\u03bf\u03c0\u03bf\u03b9\u03b5\u03af\u03bf \u0399\u03ba\u03b1\u03c1\u03af\u03b1 - \u0395\u03ba\u03bb\u03b5\u03ba\u03c4\u03ac \u03ba\u03c1\u03b1\u03c3\u03b9\u03ac","potentialAction":[{"@type":"SearchAction","target":{"@type":"EntryPoint","urlTemplate":"https:\/\/afianeswines.gr\/fr\/?s={search_term_string}"},"query-input":{"@type":"PropertyValueSpecification","valueRequired":true,"valueName":"search_term_string"}}],"inLanguage":"fr-FR"}]}},"_links":{"self":[{"href":"https:\/\/afianeswines.gr\/fr\/wp-json\/wp\/v2\/product\/35965","targetHints":{"allow":["GET"]}}],"collection":[{"href":"https:\/\/afianeswines.gr\/fr\/wp-json\/wp\/v2\/product"}],"about":[{"href":"https:\/\/afianeswines.gr\/fr\/wp-json\/wp\/v2\/types\/product"}],"author":[{"embeddable":true,"href":"https:\/\/afianeswines.gr\/fr\/wp-json\/wp\/v2\/users\/10"}],"wp:featuredmedia":[{"embeddable":true,"href":"https:\/\/afianeswines.gr\/fr\/wp-json\/wp\/v2\/media\/37897"}],"wp:attachment":[{"href":"https:\/\/afianeswines.gr\/fr\/wp-json\/wp\/v2\/media?parent=35965"}],"wp:term":[{"taxonomy":"product_brand","embeddable":true,"href":"https:\/\/afianeswines.gr\/fr\/wp-json\/wp\/v2\/product_brand?post=35965"},{"taxonomy":"product_cat","embeddable":true,"href":"https:\/\/afianeswines.gr\/fr\/wp-json\/wp\/v2\/product_cat?post=35965"},{"taxonomy":"product_tag","embeddable":true,"href":"https:\/\/afianeswines.gr\/fr\/wp-json\/wp\/v2\/product_tag?post=35965"}],"curies":[{"name":"wp","href":"https:\/\/api.w.org\/{rel}","templated":true}]}}