{"id":39888,"date":"2026-04-03T14:02:43","date_gmt":"2026-04-03T11:02:43","guid":{"rendered":"https:\/\/afianeswines.gr\/%ce%b4%ce%b9%ce%b5%ce%b8%ce%bd%ce%b5%cf%83-%cf%83%cf%85%ce%bd%ce%b5%ce%b4%cf%81%ce%b9%ce%bf-2027\/"},"modified":"2026-04-08T16:12:12","modified_gmt":"2026-04-08T13:12:12","slug":"%ce%b4%ce%b9%ce%b5%ce%b8%ce%bd%ce%b5%cf%83-%cf%83%cf%85%ce%bd%ce%b5%ce%b4%cf%81%ce%b9%ce%bf-2027","status":"publish","type":"page","link":"https:\/\/afianeswines.gr\/fr\/domaine-afianes\/%ce%b4%ce%b9%ce%b5%ce%b8%ce%bd%ce%b5%cf%83-%cf%83%cf%85%ce%bd%ce%b5%ce%b4%cf%81%ce%b9%ce%bf-2027\/","title":{"rendered":"1o Conf\u00e9rence Internationale \u2013 Un pont entre viticulture et \u0153nologie 2027"},"content":{"rendered":"<p><strong>Colloque de deux jours \u00ab Un pont entre viticulture et \u0153nologie : de l\u2019Antiquit\u00e9 \u00e0 l\u2019avenir \u00bb \u2013 Mai 2027<\/strong><\/p>\n<hr \/>\n<ul>\n<li>\n<h2 data-section-id=\"ohc5k3\" data-start=\"72\" data-end=\"98\">Objectif du colloque<\/h2>\n<p data-start=\"100\" data-end=\"260\">Le colloque vise \u00e0 mettre en valeur la viticulture et l\u2019\u0153nologie en tant que carrefour g\u00e9oculturel, reliant r\u00e9seaux humains, territoires, histoires et cultures.<\/p>\n<p data-start=\"262\" data-end=\"361\">Son objectif est de cr\u00e9er un pont de connaissance, de l\u2019Antiquit\u00e9 au pr\u00e9sent, tourn\u00e9 vers l\u2019avenir.<\/p>\n<p data-start=\"363\" data-end=\"436\">Parall\u00e8lement, il cherche \u00e0 structurer un \u00e9cosyst\u00e8me int\u00e9gr\u00e9 comprenant :<\/p>\n<p data-start=\"438\" data-end=\"820\">\u2022 Une base de donn\u00e9es d\u00e9di\u00e9e aux petites \u00eeles et aux viticulteurs h\u00e9ro\u00efques de zones montagneuses<br data-start=\"535\" data-end=\"538\" \/>\u2022 Un centre d\u2019observation, de recherche et d\u2019\u00e9ducation du vin, consacr\u00e9 \u00e0 l\u2019\u00e9tude de l\u2019\u00e9cosyst\u00e8me local, ainsi qu\u2019\u00e0 son potentiel en tant que mod\u00e8le pour d\u2019autres territoires<br data-start=\"712\" data-end=\"715\" \/>\u2022 Un cadre exp\u00e9rientiel multimodal explorant la relation entre le microbiome et les processus neuronaux<\/p>\n<\/li>\n<\/ul>\n<hr \/>\n<h2 data-section-id=\"1jqnpt5\" data-start=\"38\" data-end=\"56\">Dates &amp; Lieu<\/h2>\n<p data-start=\"58\" data-end=\"160\">\ud83d\udcc5 Samedi 22 \u2013 Dimanche 23 mai 2027<br data-start=\"93\" data-end=\"96\" \/>\ud83d\udccd Ikaria, Gr\u00e8ce<br data-start=\"112\" data-end=\"115\" \/>\ud83d\udcbb Format hybride (en pr\u00e9sentiel et en ligne)<\/p>\n<hr \/>\n<h2 data-section-id=\"1oxrotj\" data-start=\"76\" data-end=\"106\">Programme Pr\u00e9liminaire<\/h2>\n<h3 data-section-id=\"e049lg\" data-start=\"107\" data-end=\"138\">Jour 1 \u2014 Samedi 22 mai 2027<\/h3>\n<p data-start=\"140\" data-end=\"179\"><strong data-start=\"140\" data-end=\"157\">09:00 \u2013 09:30<\/strong><br data-start=\"157\" data-end=\"160\" \/>Accueil &amp; Bienvenue<\/p>\n<p data-start=\"181\" data-end=\"331\"><strong data-start=\"181\" data-end=\"198\">09:30 \u2013 10:00<\/strong><br data-start=\"198\" data-end=\"201\" \/>Discours d\u2019ouverture<br data-start=\"221\" data-end=\"224\" \/>\u00ab R\u00e9fl\u00e9chissez \u00e0 l\u2019endroit o\u00f9 vous souhaitez \u00eatre \u00e0 la fin\u2026 et commencez d\u00e8s maintenant, \u00e0 travers le vin \u00bb<\/p>\n<hr data-start=\"333\" data-end=\"336\" \/>\n<p data-start=\"338\" data-end=\"468\"><strong data-start=\"338\" data-end=\"355\">10:00 \u2013 10:30<\/strong><br data-start=\"355\" data-end=\"358\" \/>Conf\u00e9rence magistrale historique<br data-start=\"390\" data-end=\"393\" \/>\u00ab Le vin pramnien d\u2019Ikaria chez Hom\u00e8re : le vin \u201capaisant\u201d de l\u2019Antiquit\u00e9 \u00bb<\/p>\n<p data-start=\"470\" data-end=\"492\"><strong data-start=\"470\" data-end=\"492\">Axes th\u00e9matiques :<\/strong><\/p>\n<p data-start=\"494\" data-end=\"1026\">\u2022 La premi\u00e8re r\u00e9f\u00e9rence historique au vin pramnien dans les \u00e9pop\u00e9es hom\u00e9riques (Iliade et Odyss\u00e9e)<br data-start=\"592\" data-end=\"595\" \/>\u2022 Sa description comme un vin qui apaise, renforce, nourrit et r\u00e9conforte<br data-start=\"668\" data-end=\"671\" \/>\u2022 Le mont Pramnos, montagne antique d\u2019Ikaria associ\u00e9e \u00e0 sa production<br data-start=\"740\" data-end=\"743\" \/>\u2022 Le lien entre la sagesse icarienne antique et les approches scientifiques contemporaines concernant l\u2019axe intestin\u2013cerveau (polyph\u00e9nols, s\u00e9rotonine, \u00e9tats de calme)<br data-start=\"909\" data-end=\"912\" \/>\u2022 Ikaria comme l\u2019une des cinq \u00ab zones bleues \u00bb et la contribution du vin pramnien \u00e0 la long\u00e9vit\u00e9 et au bien-\u00eatre<\/p>\n<hr data-start=\"1028\" data-end=\"1031\" \/>\n<p data-start=\"1033\" data-end=\"1150\"><strong data-start=\"1033\" data-end=\"1050\">10:30 \u2013 13:30<\/strong><br data-start=\"1050\" data-end=\"1053\" \/>Conf\u00e9rences principales &amp; pr\u00e9sentations<br data-start=\"1092\" data-end=\"1095\" \/>(15\u201320 minutes chacune, suivies d\u2019une br\u00e8ve discussion)<\/p>\n<p data-start=\"1152\" data-end=\"1181\"><strong data-start=\"1152\" data-end=\"1181\">Th\u00e9matiques indicatives :<\/strong><\/p>\n<p data-start=\"1183\" data-end=\"1869\">\u2022 Les vins sans additifs comme ph\u00e9nom\u00e8ne g\u00e9oculturel<br data-start=\"1235\" data-end=\"1238\" \/>\u2022 Micro-environnement et localit\u00e9 : la notion de terroir microbien<br data-start=\"1304\" data-end=\"1307\" \/>\u2022 Substance et vin : propri\u00e9t\u00e9s \u00e9mergentes et d\u00e9pendance \u00e0 l\u2019environnement naturel<br data-start=\"1389\" data-end=\"1392\" \/>\u2022 Relations entre individus, territoires et historicit\u00e9<br data-start=\"1447\" data-end=\"1450\" \/>\u2022 G\u00e9oculture et rencontres strat\u00e9giques entre cultures<br data-start=\"1504\" data-end=\"1507\" \/>\u2022 Int\u00e9gration des technologies de pointe (IA) dans la nouvelle \u00e8re de la viticulture<br data-start=\"1591\" data-end=\"1594\" \/>\u2022 \u00c9ducation et p\u00e9dagogie : nouveaux mod\u00e8les (Master of Wine &amp; Master Sommelier)<br data-start=\"1673\" data-end=\"1676\" \/>\u2022 Voyages \u00e9ducatifs et \u0153notourisme aupr\u00e8s de petits producteurs \u00ab h\u00e9ro\u00efques \u00bb<br data-start=\"1753\" data-end=\"1756\" \/>\u2022 M\u00e9thodes exp\u00e9rientielles de transmission du savoir<br data-start=\"1808\" data-end=\"1811\" \/>\u2022 Exp\u00e9rience multimodale et relation microbiome\u2013neurones<\/p>\n<p data-start=\"1871\" data-end=\"1972\">Appel \u00e0 contributions ouvert jusqu\u2019\u00e0 fin novembre 2026<br data-start=\"1928\" data-end=\"1931\" \/>Soumission des r\u00e9sum\u00e9s de pr\u00e9sentations<\/p>\n<hr data-start=\"1974\" data-end=\"1977\" \/>\n<p data-start=\"1979\" data-end=\"2092\"><strong data-start=\"1979\" data-end=\"1996\">13:30 \u2013 15:00<\/strong><br data-start=\"1996\" data-end=\"1999\" \/>D\u00e9gustation multimodale de vin<br data-start=\"2029\" data-end=\"2032\" \/>\u00ab L\u2019exp\u00e9rience sensorielle de l\u2019Ikaria et des petites \u00eeles \u00bb<\/p>\n<hr data-start=\"2094\" data-end=\"2097\" \/>\n<p data-start=\"2099\" data-end=\"2263\"><strong data-start=\"2099\" data-end=\"2116\">15:00 \u2013 17:00<\/strong><br data-start=\"2116\" data-end=\"2119\" \/>Atelier principal<br data-start=\"2136\" data-end=\"2139\" \/>\u00ab Le micro-environnement dynamique de la mer \u00c9g\u00e9e orientale : sol &amp; climat \u2014 \u00e9volutions temporelles et adaptation au futur \u00bb<\/p>\n<hr \/>\n<h2 data-section-id=\"1i8i6au\" data-start=\"76\" data-end=\"111\">Jour 2 \u2014 Dimanche 23 mai 2027<\/h2>\n<p data-start=\"113\" data-end=\"221\"><strong data-start=\"113\" data-end=\"130\">09:00 \u2013 10:00<\/strong><br data-start=\"130\" data-end=\"133\" \/>Parcours exp\u00e9rientiel dans le vignoble &amp; atelier<br data-start=\"181\" data-end=\"184\" \/>(pour les participants en pr\u00e9sentiel)<\/p>\n<hr data-start=\"223\" data-end=\"226\" \/>\n<p data-start=\"228\" data-end=\"276\"><strong data-start=\"228\" data-end=\"245\">10:00 \u2013 12:00<\/strong><br data-start=\"245\" data-end=\"248\" \/>Pr\u00e9sentations &amp; discussion<\/p>\n<p data-start=\"278\" data-end=\"397\">\u2022 Mod\u00e8les de valorisation de l\u2019identit\u00e9 des petits domaines viticoles<br data-start=\"347\" data-end=\"350\" \/>\u2022 Communication fond\u00e9e sur l\u2019\u00e9cosyst\u00e8me local<\/p>\n<p data-start=\"399\" data-end=\"533\">\u00ab \u0152notourisme et apprentissage exp\u00e9rientiel dans les petits domaines \u00bb<br data-start=\"469\" data-end=\"472\" \/>(programmes de stages et collaborations avec des universit\u00e9s)<\/p>\n<hr data-start=\"535\" data-end=\"538\" \/>\n<p data-start=\"540\" data-end=\"597\"><strong data-start=\"540\" data-end=\"557\">12:00 \u2013 14:00<\/strong><br data-start=\"557\" data-end=\"560\" \/>Workshop \u2014 Cr\u00e9ation d\u2019un \u00e9cosyst\u00e8me<\/p>\n<p data-start=\"599\" data-end=\"802\">\u2022 Annonce de la cr\u00e9ation du Centre d\u2019Observatoire du Vin<br data-start=\"655\" data-end=\"658\" \/>\u2022 Mise en place d\u2019une base de donn\u00e9es des viticulteurs \u201ch\u00e9ro\u00efques\u201d<br data-start=\"724\" data-end=\"727\" \/>\u2022 Lancement d\u2019un forum en ligne (plateforme d\u2019\u00e9change et de connaissance)<\/p>\n<p data-start=\"804\" data-end=\"989\"><strong data-start=\"804\" data-end=\"827\">Atelier collectif :<\/strong><br data-start=\"827\" data-end=\"830\" \/>\u00ab Comment l\u2019exp\u00e9rience multimodale et les donn\u00e9es micro-environnementales se transforment-elles en connaissance scientifique et psychologique pour le futur ? \u00bb<\/p>\n<hr data-start=\"991\" data-end=\"994\" \/>\n<p data-start=\"996\" data-end=\"1039\"><strong data-start=\"996\" data-end=\"1013\">14:30 \u2013 16:00<\/strong><br data-start=\"1013\" data-end=\"1016\" \/>D\u00e9jeuner &amp; r\u00e9seautage<\/p>\n<hr data-start=\"1041\" data-end=\"1044\" \/>\n<p data-start=\"1046\" data-end=\"1089\"><strong data-start=\"1046\" data-end=\"1063\">16:00 \u2013 17:00<\/strong><br data-start=\"1063\" data-end=\"1066\" \/>Conclusions &amp; cl\u00f4ture<\/p>\n<p data-start=\"1091\" data-end=\"1168\">\u2022 D\u00e9claration de collaboration<br data-start=\"1121\" data-end=\"1124\" \/>\u2022 Annonce de la prochaine rencontre (2028)<\/p>\n<hr data-start=\"1170\" data-end=\"1173\" \/>\n<h2 data-section-id=\"1whuv1b\" data-start=\"1175\" data-end=\"1194\">Participation<\/h2>\n<p data-start=\"1196\" data-end=\"1364\">\u2022 Nombre de places limit\u00e9<br data-start=\"1221\" data-end=\"1224\" \/>\u2022 Inscriptions \u201cearly bird\u201d jusqu\u2019au 28 f\u00e9vrier 2027<br data-start=\"1276\" data-end=\"1279\" \/>\u2022 Certificat de participation d\u00e9livr\u00e9<br data-start=\"1316\" data-end=\"1319\" \/>\u2022 Acc\u00e8s au Forum et \u00e0 l\u2019Observatoire du Vin<\/p>\n<hr data-start=\"1366\" data-end=\"1369\" \/>\n<h2 data-section-id=\"dran19\" data-start=\"1371\" data-end=\"1389\">\u00a0Appel ouvert<\/h2>\n<p data-start=\"1391\" data-end=\"1418\">Sont invit\u00e9s \u00e0 participer :<\/p>\n<p data-start=\"1420\" data-end=\"1529\">chercheurs, universitaires, professionnels du vin, enseignants, \u00e9tudiants, viticulteurs et acteurs culturels.<\/p>\n<hr data-start=\"1531\" data-end=\"1534\" \/>\n<h2 data-section-id=\"1obo0f4\" data-start=\"1536\" data-end=\"1553\">\u00a0Th\u00e9matiques<\/h2>\n<p data-start=\"1555\" data-end=\"1791\">\u2022 Viticulture &amp; \u0153nologie<br data-start=\"1579\" data-end=\"1582\" \/>\u2022 Terroir &amp; microbiologie<br data-start=\"1607\" data-end=\"1610\" \/>\u2022 Histoire &amp; m\u00e9moire culturelle<br data-start=\"1641\" data-end=\"1644\" \/>\u2022 \u00c9ducation &amp; p\u00e9dagogie<br data-start=\"1667\" data-end=\"1670\" \/>\u2022 \u0152notourisme &amp; apprentissage exp\u00e9rientiel<br data-start=\"1712\" data-end=\"1715\" \/>\u2022 Technologie &amp; futur du vin<br data-start=\"1743\" data-end=\"1746\" \/>\u2022 Psychologie &amp; exp\u00e9rience multisensorielle<\/p>\n<hr data-start=\"1793\" data-end=\"1796\" \/>\n<h2 data-section-id=\"1ja205y\" data-start=\"1798\" data-end=\"1830\">\u2139 Informations &amp; Inscriptions<\/h2>\n<p data-start=\"1832\" data-end=\"1941\">\ud83c\udf10 <a class=\"decorated-link\" href=\"http:\/\/www.afianeswines.gr\" target=\"_new\" rel=\"noopener\" data-start=\"1835\" data-end=\"1854\">www.afianeswines.gr<\/a><br data-start=\"1854\" data-end=\"1857\" \/>\ud83d\udcde +30 697 78 93 731<br data-start=\"1877\" data-end=\"1880\" \/>\ud83d\udce7 <a class=\"decorated-link cursor-pointer\" rel=\"noopener\" data-start=\"1883\" data-end=\"1903\">info@afianeswines.gr<\/a><br data-start=\"1903\" data-end=\"1906\" \/>\ud83d\udccd Profitis Ilias, Raches, Ikaria<\/p>\n<hr data-start=\"1943\" data-end=\"1946\" \/>\n<p data-start=\"1948\" data-end=\"2017\">#BridgeOfViticulture #PramnianWine #Ikaria #BlueZone #WineObservatory<\/p>\n","protected":false},"excerpt":{"rendered":"<p>Colloque de deux jours \u00ab Un pont entre viticulture et \u0153nologie : de l\u2019Antiquit\u00e9 \u00e0 l\u2019avenir \u00bb \u2013 Mai 2027 Objectif du colloque Le colloque vise \u00e0 mettre en valeur la viticulture et l\u2019\u0153nologie en tant que carrefour g\u00e9oculturel, reliant r\u00e9seaux humains, territoires, histoires et cultures. Son objectif est de cr\u00e9er un pont de connaissance,<br class=\"read-more-spacer\"> <a class=\"more-link\" href=\"https:\/\/afianeswines.gr\/fr\/domaine-afianes\/%ce%b4%ce%b9%ce%b5%ce%b8%ce%bd%ce%b5%cf%83-%cf%83%cf%85%ce%bd%ce%b5%ce%b4%cf%81%ce%b9%ce%bf-2027\/\">Read More<\/a><\/p>\n","protected":false},"author":10,"featured_media":0,"parent":2790,"menu_order":0,"comment_status":"closed","ping_status":"closed","template":"","meta":{"footnotes":""},"class_list":["post-39888","page","type-page","status-publish","hentry"],"yoast_head":"<!-- This site is optimized with the Yoast SEO plugin v27.2 - https:\/\/yoast.com\/product\/yoast-seo-wordpress\/ -->\n<title>1o Conf\u00e9rence Internationale \u2013 Un pont entre viticulture et \u0153nologie 2027 - Afianes Wines<\/title>\n<meta name=\"description\" content=\"1\u03bf \u0394\u03b9\u03b5\u03b8\u03bd\u03ad\u03c2 \u03c3\u03c5\u03bd\u03ad\u03b4\u03c1\u03b9\u03bf \u0393\u03ad\u03c6\u03c5\u03c1\u03b1\u03c2 \u0391\u03bc\u03c0\u03b5\u03bb\u03bf\u03c5\u03c1\u03b3\u03af\u03b1\u03c2 &amp; \u039f\u03b9\u03bd\u03bf\u03bb\u03bf\u03b3\u03af\u03b1\u03c2: \u0391\u03c0\u03cc \u03c4\u03b7\u03bd \u0391\u03c1\u03c7\u03b1\u03b9\u03cc\u03c4\u03b7\u03c4\u03b1 \u03c3\u03c4\u03bf \u039c\u03ad\u03bb\u03bb\u03bf\u03bd \u039c\u03ac\u03b9\u03bf\u03c2 2027, \u0399\u03ba\u03b1\u03c1\u03af\u03b1 \u039f\u03b9\u03bd\u03bf\u03c0\u03bf\u03b9\u03b5\u03af\u03bf \u0391\u03c6\u03b9\u03b1\u03bd\u03ad\u03c2.\" \/>\n<meta name=\"robots\" content=\"index, follow, max-snippet:-1, max-image-preview:large, max-video-preview:-1\" \/>\n<link rel=\"canonical\" href=\"https:\/\/afianeswines.gr\/fr\/domaine-afianes\/%ce%b4%ce%b9%ce%b5%ce%b8%ce%bd%ce%b5%cf%83-%cf%83%cf%85%ce%bd%ce%b5%ce%b4%cf%81%ce%b9%ce%bf-2027\/\" \/>\n<meta property=\"og:locale\" content=\"fr_FR\" \/>\n<meta property=\"og:type\" content=\"article\" \/>\n<meta property=\"og:title\" content=\"1o Conf\u00e9rence Internationale \u2013 Un pont entre viticulture et \u0153nologie 2027 - Afianes Wines\" \/>\n<meta property=\"og:description\" content=\"1\u03bf \u0394\u03b9\u03b5\u03b8\u03bd\u03ad\u03c2 \u03c3\u03c5\u03bd\u03ad\u03b4\u03c1\u03b9\u03bf \u0393\u03ad\u03c6\u03c5\u03c1\u03b1\u03c2 \u0391\u03bc\u03c0\u03b5\u03bb\u03bf\u03c5\u03c1\u03b3\u03af\u03b1\u03c2 &amp; \u039f\u03b9\u03bd\u03bf\u03bb\u03bf\u03b3\u03af\u03b1\u03c2: \u0391\u03c0\u03cc \u03c4\u03b7\u03bd \u0391\u03c1\u03c7\u03b1\u03b9\u03cc\u03c4\u03b7\u03c4\u03b1 \u03c3\u03c4\u03bf \u039c\u03ad\u03bb\u03bb\u03bf\u03bd \u039c\u03ac\u03b9\u03bf\u03c2 2027, \u0399\u03ba\u03b1\u03c1\u03af\u03b1 \u039f\u03b9\u03bd\u03bf\u03c0\u03bf\u03b9\u03b5\u03af\u03bf \u0391\u03c6\u03b9\u03b1\u03bd\u03ad\u03c2.\" \/>\n<meta property=\"og:url\" content=\"https:\/\/afianeswines.gr\/fr\/domaine-afianes\/%ce%b4%ce%b9%ce%b5%ce%b8%ce%bd%ce%b5%cf%83-%cf%83%cf%85%ce%bd%ce%b5%ce%b4%cf%81%ce%b9%ce%bf-2027\/\" \/>\n<meta property=\"og:site_name\" content=\"Afianes Wines\" \/>\n<meta property=\"article:modified_time\" content=\"2026-04-08T13:12:12+00:00\" \/>\n<meta name=\"twitter:card\" content=\"summary_large_image\" \/>\n<meta name=\"twitter:label1\" content=\"Dur\u00e9e de lecture estim\u00e9e\" \/>\n\t<meta name=\"twitter:data1\" content=\"3 minutes\" \/>\n<script type=\"application\/ld+json\" class=\"yoast-schema-graph\">{\"@context\":\"https:\/\/schema.org\",\"@graph\":[{\"@type\":\"WebPage\",\"@id\":\"https:\/\/afianeswines.gr\/fr\/domaine-afianes\/%ce%b4%ce%b9%ce%b5%ce%b8%ce%bd%ce%b5%cf%83-%cf%83%cf%85%ce%bd%ce%b5%ce%b4%cf%81%ce%b9%ce%bf-2027\/\",\"url\":\"https:\/\/afianeswines.gr\/fr\/domaine-afianes\/%ce%b4%ce%b9%ce%b5%ce%b8%ce%bd%ce%b5%cf%83-%cf%83%cf%85%ce%bd%ce%b5%ce%b4%cf%81%ce%b9%ce%bf-2027\/\",\"name\":\"1o Conf\u00e9rence Internationale \u2013 Un pont entre viticulture et \u0153nologie 2027 - Afianes Wines\",\"isPartOf\":{\"@id\":\"https:\/\/afianeswines.gr\/fr\/#website\"},\"datePublished\":\"2026-04-03T11:02:43+00:00\",\"dateModified\":\"2026-04-08T13:12:12+00:00\",\"description\":\"1\u03bf \u0394\u03b9\u03b5\u03b8\u03bd\u03ad\u03c2 \u03c3\u03c5\u03bd\u03ad\u03b4\u03c1\u03b9\u03bf \u0393\u03ad\u03c6\u03c5\u03c1\u03b1\u03c2 \u0391\u03bc\u03c0\u03b5\u03bb\u03bf\u03c5\u03c1\u03b3\u03af\u03b1\u03c2 & \u039f\u03b9\u03bd\u03bf\u03bb\u03bf\u03b3\u03af\u03b1\u03c2: \u0391\u03c0\u03cc \u03c4\u03b7\u03bd \u0391\u03c1\u03c7\u03b1\u03b9\u03cc\u03c4\u03b7\u03c4\u03b1 \u03c3\u03c4\u03bf \u039c\u03ad\u03bb\u03bb\u03bf\u03bd \u039c\u03ac\u03b9\u03bf\u03c2 2027, \u0399\u03ba\u03b1\u03c1\u03af\u03b1 \u039f\u03b9\u03bd\u03bf\u03c0\u03bf\u03b9\u03b5\u03af\u03bf \u0391\u03c6\u03b9\u03b1\u03bd\u03ad\u03c2.\",\"breadcrumb\":{\"@id\":\"https:\/\/afianeswines.gr\/fr\/domaine-afianes\/%ce%b4%ce%b9%ce%b5%ce%b8%ce%bd%ce%b5%cf%83-%cf%83%cf%85%ce%bd%ce%b5%ce%b4%cf%81%ce%b9%ce%bf-2027\/#breadcrumb\"},\"inLanguage\":\"fr-FR\",\"potentialAction\":[{\"@type\":\"ReadAction\",\"target\":[\"https:\/\/afianeswines.gr\/fr\/domaine-afianes\/%ce%b4%ce%b9%ce%b5%ce%b8%ce%bd%ce%b5%cf%83-%cf%83%cf%85%ce%bd%ce%b5%ce%b4%cf%81%ce%b9%ce%bf-2027\/\"]}]},{\"@type\":\"BreadcrumbList\",\"@id\":\"https:\/\/afianeswines.gr\/fr\/domaine-afianes\/%ce%b4%ce%b9%ce%b5%ce%b8%ce%bd%ce%b5%cf%83-%cf%83%cf%85%ce%bd%ce%b5%ce%b4%cf%81%ce%b9%ce%bf-2027\/#breadcrumb\",\"itemListElement\":[{\"@type\":\"ListItem\",\"position\":1,\"name\":\"Home\",\"item\":\"https:\/\/afianeswines.gr\/fr\/\"},{\"@type\":\"ListItem\",\"position\":2,\"name\":\"Domaine Afianes\",\"item\":\"https:\/\/afianeswines.gr\/fr\/domaine-afianes\/\"},{\"@type\":\"ListItem\",\"position\":3,\"name\":\"1o Conf\u00e9rence Internationale \u2013 Un pont entre viticulture et \u0153nologie 2027\"}]},{\"@type\":\"WebSite\",\"@id\":\"https:\/\/afianeswines.gr\/fr\/#website\",\"url\":\"https:\/\/afianeswines.gr\/fr\/\",\"name\":\"Afianes Wines\",\"description\":\"\u039f\u03b9\u03bd\u03bf\u03c0\u03bf\u03b9\u03b5\u03af\u03bf \u0399\u03ba\u03b1\u03c1\u03af\u03b1 - \u0395\u03ba\u03bb\u03b5\u03ba\u03c4\u03ac \u03ba\u03c1\u03b1\u03c3\u03b9\u03ac\",\"potentialAction\":[{\"@type\":\"SearchAction\",\"target\":{\"@type\":\"EntryPoint\",\"urlTemplate\":\"https:\/\/afianeswines.gr\/fr\/?s={search_term_string}\"},\"query-input\":{\"@type\":\"PropertyValueSpecification\",\"valueRequired\":true,\"valueName\":\"search_term_string\"}}],\"inLanguage\":\"fr-FR\"}]}<\/script>\n<!-- \/ Yoast SEO plugin. -->","yoast_head_json":{"title":"1o Conf\u00e9rence Internationale \u2013 Un pont entre viticulture et \u0153nologie 2027 - Afianes Wines","description":"1\u03bf \u0394\u03b9\u03b5\u03b8\u03bd\u03ad\u03c2 \u03c3\u03c5\u03bd\u03ad\u03b4\u03c1\u03b9\u03bf \u0393\u03ad\u03c6\u03c5\u03c1\u03b1\u03c2 \u0391\u03bc\u03c0\u03b5\u03bb\u03bf\u03c5\u03c1\u03b3\u03af\u03b1\u03c2 & \u039f\u03b9\u03bd\u03bf\u03bb\u03bf\u03b3\u03af\u03b1\u03c2: \u0391\u03c0\u03cc \u03c4\u03b7\u03bd \u0391\u03c1\u03c7\u03b1\u03b9\u03cc\u03c4\u03b7\u03c4\u03b1 \u03c3\u03c4\u03bf \u039c\u03ad\u03bb\u03bb\u03bf\u03bd \u039c\u03ac\u03b9\u03bf\u03c2 2027, \u0399\u03ba\u03b1\u03c1\u03af\u03b1 \u039f\u03b9\u03bd\u03bf\u03c0\u03bf\u03b9\u03b5\u03af\u03bf \u0391\u03c6\u03b9\u03b1\u03bd\u03ad\u03c2.","robots":{"index":"index","follow":"follow","max-snippet":"max-snippet:-1","max-image-preview":"max-image-preview:large","max-video-preview":"max-video-preview:-1"},"canonical":"https:\/\/afianeswines.gr\/fr\/domaine-afianes\/%ce%b4%ce%b9%ce%b5%ce%b8%ce%bd%ce%b5%cf%83-%cf%83%cf%85%ce%bd%ce%b5%ce%b4%cf%81%ce%b9%ce%bf-2027\/","og_locale":"fr_FR","og_type":"article","og_title":"1o Conf\u00e9rence Internationale \u2013 Un pont entre viticulture et \u0153nologie 2027 - Afianes Wines","og_description":"1\u03bf \u0394\u03b9\u03b5\u03b8\u03bd\u03ad\u03c2 \u03c3\u03c5\u03bd\u03ad\u03b4\u03c1\u03b9\u03bf \u0393\u03ad\u03c6\u03c5\u03c1\u03b1\u03c2 \u0391\u03bc\u03c0\u03b5\u03bb\u03bf\u03c5\u03c1\u03b3\u03af\u03b1\u03c2 & \u039f\u03b9\u03bd\u03bf\u03bb\u03bf\u03b3\u03af\u03b1\u03c2: \u0391\u03c0\u03cc \u03c4\u03b7\u03bd \u0391\u03c1\u03c7\u03b1\u03b9\u03cc\u03c4\u03b7\u03c4\u03b1 \u03c3\u03c4\u03bf \u039c\u03ad\u03bb\u03bb\u03bf\u03bd \u039c\u03ac\u03b9\u03bf\u03c2 2027, \u0399\u03ba\u03b1\u03c1\u03af\u03b1 \u039f\u03b9\u03bd\u03bf\u03c0\u03bf\u03b9\u03b5\u03af\u03bf \u0391\u03c6\u03b9\u03b1\u03bd\u03ad\u03c2.","og_url":"https:\/\/afianeswines.gr\/fr\/domaine-afianes\/%ce%b4%ce%b9%ce%b5%ce%b8%ce%bd%ce%b5%cf%83-%cf%83%cf%85%ce%bd%ce%b5%ce%b4%cf%81%ce%b9%ce%bf-2027\/","og_site_name":"Afianes Wines","article_modified_time":"2026-04-08T13:12:12+00:00","twitter_card":"summary_large_image","twitter_misc":{"Dur\u00e9e de lecture estim\u00e9e":"3 minutes"},"schema":{"@context":"https:\/\/schema.org","@graph":[{"@type":"WebPage","@id":"https:\/\/afianeswines.gr\/fr\/domaine-afianes\/%ce%b4%ce%b9%ce%b5%ce%b8%ce%bd%ce%b5%cf%83-%cf%83%cf%85%ce%bd%ce%b5%ce%b4%cf%81%ce%b9%ce%bf-2027\/","url":"https:\/\/afianeswines.gr\/fr\/domaine-afianes\/%ce%b4%ce%b9%ce%b5%ce%b8%ce%bd%ce%b5%cf%83-%cf%83%cf%85%ce%bd%ce%b5%ce%b4%cf%81%ce%b9%ce%bf-2027\/","name":"1o Conf\u00e9rence Internationale \u2013 Un pont entre viticulture et \u0153nologie 2027 - Afianes Wines","isPartOf":{"@id":"https:\/\/afianeswines.gr\/fr\/#website"},"datePublished":"2026-04-03T11:02:43+00:00","dateModified":"2026-04-08T13:12:12+00:00","description":"1\u03bf \u0394\u03b9\u03b5\u03b8\u03bd\u03ad\u03c2 \u03c3\u03c5\u03bd\u03ad\u03b4\u03c1\u03b9\u03bf \u0393\u03ad\u03c6\u03c5\u03c1\u03b1\u03c2 \u0391\u03bc\u03c0\u03b5\u03bb\u03bf\u03c5\u03c1\u03b3\u03af\u03b1\u03c2 & \u039f\u03b9\u03bd\u03bf\u03bb\u03bf\u03b3\u03af\u03b1\u03c2: \u0391\u03c0\u03cc \u03c4\u03b7\u03bd \u0391\u03c1\u03c7\u03b1\u03b9\u03cc\u03c4\u03b7\u03c4\u03b1 \u03c3\u03c4\u03bf \u039c\u03ad\u03bb\u03bb\u03bf\u03bd \u039c\u03ac\u03b9\u03bf\u03c2 2027, \u0399\u03ba\u03b1\u03c1\u03af\u03b1 \u039f\u03b9\u03bd\u03bf\u03c0\u03bf\u03b9\u03b5\u03af\u03bf \u0391\u03c6\u03b9\u03b1\u03bd\u03ad\u03c2.","breadcrumb":{"@id":"https:\/\/afianeswines.gr\/fr\/domaine-afianes\/%ce%b4%ce%b9%ce%b5%ce%b8%ce%bd%ce%b5%cf%83-%cf%83%cf%85%ce%bd%ce%b5%ce%b4%cf%81%ce%b9%ce%bf-2027\/#breadcrumb"},"inLanguage":"fr-FR","potentialAction":[{"@type":"ReadAction","target":["https:\/\/afianeswines.gr\/fr\/domaine-afianes\/%ce%b4%ce%b9%ce%b5%ce%b8%ce%bd%ce%b5%cf%83-%cf%83%cf%85%ce%bd%ce%b5%ce%b4%cf%81%ce%b9%ce%bf-2027\/"]}]},{"@type":"BreadcrumbList","@id":"https:\/\/afianeswines.gr\/fr\/domaine-afianes\/%ce%b4%ce%b9%ce%b5%ce%b8%ce%bd%ce%b5%cf%83-%cf%83%cf%85%ce%bd%ce%b5%ce%b4%cf%81%ce%b9%ce%bf-2027\/#breadcrumb","itemListElement":[{"@type":"ListItem","position":1,"name":"Home","item":"https:\/\/afianeswines.gr\/fr\/"},{"@type":"ListItem","position":2,"name":"Domaine Afianes","item":"https:\/\/afianeswines.gr\/fr\/domaine-afianes\/"},{"@type":"ListItem","position":3,"name":"1o Conf\u00e9rence Internationale \u2013 Un pont entre viticulture et \u0153nologie 2027"}]},{"@type":"WebSite","@id":"https:\/\/afianeswines.gr\/fr\/#website","url":"https:\/\/afianeswines.gr\/fr\/","name":"Afianes Wines","description":"\u039f\u03b9\u03bd\u03bf\u03c0\u03bf\u03b9\u03b5\u03af\u03bf \u0399\u03ba\u03b1\u03c1\u03af\u03b1 - \u0395\u03ba\u03bb\u03b5\u03ba\u03c4\u03ac \u03ba\u03c1\u03b1\u03c3\u03b9\u03ac","potentialAction":[{"@type":"SearchAction","target":{"@type":"EntryPoint","urlTemplate":"https:\/\/afianeswines.gr\/fr\/?s={search_term_string}"},"query-input":{"@type":"PropertyValueSpecification","valueRequired":true,"valueName":"search_term_string"}}],"inLanguage":"fr-FR"}]}},"_links":{"self":[{"href":"https:\/\/afianeswines.gr\/fr\/wp-json\/wp\/v2\/pages\/39888","targetHints":{"allow":["GET"]}}],"collection":[{"href":"https:\/\/afianeswines.gr\/fr\/wp-json\/wp\/v2\/pages"}],"about":[{"href":"https:\/\/afianeswines.gr\/fr\/wp-json\/wp\/v2\/types\/page"}],"author":[{"embeddable":true,"href":"https:\/\/afianeswines.gr\/fr\/wp-json\/wp\/v2\/users\/10"}],"replies":[{"embeddable":true,"href":"https:\/\/afianeswines.gr\/fr\/wp-json\/wp\/v2\/comments?post=39888"}],"version-history":[{"count":5,"href":"https:\/\/afianeswines.gr\/fr\/wp-json\/wp\/v2\/pages\/39888\/revisions"}],"predecessor-version":[{"id":39918,"href":"https:\/\/afianeswines.gr\/fr\/wp-json\/wp\/v2\/pages\/39888\/revisions\/39918"}],"up":[{"embeddable":true,"href":"https:\/\/afianeswines.gr\/fr\/wp-json\/wp\/v2\/pages\/2790"}],"wp:attachment":[{"href":"https:\/\/afianeswines.gr\/fr\/wp-json\/wp\/v2\/media?parent=39888"}],"curies":[{"name":"wp","href":"https:\/\/api.w.org\/{rel}","templated":true}]}}