{"id":2919,"date":"2019-06-30T03:19:09","date_gmt":"2019-06-30T00:19:09","guid":{"rendered":"https:\/\/afianeswines.gr\/%cf%8c%cf%81%ce%bf%ce%b9-%cf%87%cf%81%ce%ae%cf%83%ce%b7%cf%82\/"},"modified":"2024-01-22T21:01:00","modified_gmt":"2024-01-22T19:01:00","slug":"livraison-et-conditions-dutilisation","status":"publish","type":"page","link":"https:\/\/afianeswines.gr\/fr\/livraison-et-conditions-dutilisation\/","title":{"rendered":"Livraison et conditions d&rsquo;utilisation"},"content":{"rendered":"<h2>Commandes<\/h2>\n<p>En ligne \u00e0 tout moment de la journ\u00e9e, s\u00e9lectionnez les produits que vous souhaitez et ajoutez-les dans le panier. Une fois vos achats termin\u00e9s, veuillez compl\u00e9ter le bon de commande :<br \/>\nA. Si c&rsquo;est la premi\u00e8re fois que vous envoyez votre commande, veuillez remplir les champs obligatoires dans l&rsquo;enregistrement de nouveau client.<br \/>\nB. Si vous \u00eates d\u00e9j\u00e0 inscrit, il vous suffit de renseigner votre adresse e-mail et votre mot de passe MyAccount.<br \/>\nC. Si vous souhaitez terminer votre commande sans enregistrement, cliquez sur Commande sans enregistrement, remplissez vos coordonn\u00e9es et votre commande sera imm\u00e9diatement compl\u00e9t\u00e9e en s\u00e9lectionnant : finaliser\u00a0 la commande.<\/p>\n<h2>M\u00e9thodes de paiement<\/h2>\n<p>1. En effectuant un d\u00e9p\u00f4t sur un compte bancaire, l\u2019\u00abExp\u00e9diteur\u00bb est s\u00e9lectionn\u00e9 dans l\u2019option o\u00f9 il est demand\u00e9 de d\u00e9terminer qui est responsable des co\u00fbts.<br \/>\nChoisissez la banque, effectuez le d\u00e9p\u00f4t.<br \/>\nA. Le d\u00e9p\u00f4t nous est envoy\u00e9 avec un message, s&rsquo;il est effectu\u00e9 via le webbanking<br \/>\nB. Vous nous informez par t\u00e9l\u00e9phone que le d\u00e9p\u00f4t a \u00e9t\u00e9 effectu\u00e9.<br \/>\n2. Carte de cr\u00e9dit ou de d\u00e9bit. La transaction est enti\u00e8rement s\u00e9curis\u00e9e et est effectu\u00e9e via le syst\u00e8me Piraeus Bank.<br \/>\n3. Syst\u00e8me Paypal.<\/p>\n<h2>D\u00e9lais et frais de livraison en Gr\u00e8ce<\/h2>\n<p>D\u00e9lais et frais de livraison en Gr\u00e8ce<br \/>\nL&rsquo;exp\u00e9dition en Gr\u00e8ce prend 7 \u00e0 10 jours ouvrables et les frais d&rsquo;exp\u00e9dition sont:<br \/>\n1 \u00e0 3 bouteilles 6 euros de frais de port<br \/>\n4 \u00e0 + bouteilles 8 euros de frais de port plus 2 euros pour chaque bouteille suppl\u00e9mentaire.<br \/>\n(Ex. 1 bouteille les frais d&rsquo;exp\u00e9dition sont de 6 euros. 2 bouteilles les frais d&rsquo;exp\u00e9dition sont de 6 euros. 3 bouteilles les frais d&rsquo;exp\u00e9dition sont de 6 euros. 4 bouteilles les frais d&rsquo;exp\u00e9dition sont de 8 euros. 5 bouteilles les frais d&rsquo;exp\u00e9dition sont de 10 euros.)<br \/>\nCe temps comprend le temps dont le bateau a besoin pour venir \u00e0 Icarie et r\u00e9cuperer vos bouteilles &lt;3.<\/p>\n<h2>D\u00e9lais et frais de livraison International<\/h2>\n<p>Les d\u00e9lais incluent 2 \u00e0 3 jours de traitement pour que le bateau vienne \u00e0 Icarie et r\u00e9cup\u00e8re vos bouteilles.<\/p>\n<p>Australie: 15 \u00e0 50 jours ouvrables, de 1 \u00e0 3 bouteilles au total 130 euros de 4 \u00e0 5 bouteilles au total de 170 euros plus vat. Nous<span class=\"Y2IQFc\" lang=\"fr\"> livrons uniquement en Nouvelle-Galles du Sud, \u00e0 Victoria, dans le Territoire de la capitale australienne, en Australie-M\u00e9ridionale, en Australie-Occidentale et en Tasmanie<\/span><\/p>\n<p>Autriche:\u00a0 15 \u00e0 50 jours ouvrables, de 1 \u00e0 3 bouteilles au total 30 euros de 4 \u00e0 6 bouteilles au total 37 euros<br \/>\nBr\u00e9sil: 15 \u00e0 50 jours ouvrables, de 1 \u00e0 3 bouteilles au total 35 euros de 4 \u00e0 6 bouteilles au total<br \/>\nCanada: 15 \u00e0 50 jours ouvrables, de 1 \u00e0 3 bouteilles au total 62 euros de 4 \u00e0 6 bouteilles au total 82 euros plus 40 euros de taxes<br \/>\nChypre:15 \u00e0 50 jours ouvrables, de 1 \u00e0 3 bouteilles au total 35 euros de 4 \u00e0 6 bouteilles au total de<br \/>\nR\u00e9publique tch\u00e8que: 15 \u00e0 50 jours ouvrables, de 1 \u00e0 3 bouteilles au total 35 euros de 4 \u00e0 6 bouteilles au total 42 euros<br \/>\nDanemark: 15 \u00e0 50 jours ouvrables, de 1 \u00e0 3 bouteilles au total 37 euros de 4 \u00e0 6 bouteilles au total 44 euros<br \/>\nFinlande: 15 \u00e0 50 jours ouvrables, de 1 \u00e0 3 bouteilles au total 37 euros de 4 \u00e0 6 bouteilles au total 44 euros<br \/>\nFrance: 15 \u00e0 50 jours ouvr\u00e9s, de 1 \u00e0 3 bouteilles au total 30 euros de 4 \u00e0 6 bouteilles au total 37 euros<br \/>\nAllemagne: 15 \u00e0 50 jours ouvrables, de 1 \u00e0 3 bouteilles au total 30 euros de 4 \u00e0 6 bouteilles au total 37 euros<br \/>\nIslande: 15 \u00e0 50 jours ouvrables, de 1 \u00e0 3 bouteilles total de 35 euros de 4 \u00e0 6 bouteilles total de<br \/>\nIrlande: 15 \u00e0 50 jours ouvrables, de 1 \u00e0 3 bouteilles au total 39 euros de 4 \u00e0 6 bouteilles au total de<br \/>\nItalie: 15 \u00e0 50 jours ouvrables, de 1 \u00e0 3 bouteilles au total 30 euros de 4 \u00e0 6 bouteilles au total 37 euros<br \/>\nLuxembourg: 15 \u00e0 50 jours ouvrables, de 1 \u00e0 3 bouteilles au total 30 euros de 4 \u00e0 6 bouteilles au total 37 euros<br \/>\nLituanie: 15 \u00e0 50 jours ouvrables, de 1 \u00e0 3 bouteilles au total 37 euros de 4 \u00e0 6 bouteilles au total 44 euros<br \/>\nLettonie: 15 \u00e0 50 jours ouvrables, de 1 \u00e0 3 bouteilles au total 37 euros de 4 \u00e0 6 bouteilles au total 44 euros<br \/>\nMexique: 15 \u00e0 50 jours ouvrables, de 1 \u00e0 3 bouteilles au total 62 euros de 4 \u00e0 6 bouteilles au total de 82 euros plus 40 euros de taxes<br \/>\nMonaco: 15 \u00e0 50 jours ouvrables, de 1 \u00e0 3 bouteilles au total 30 euros de 4 \u00e0 6 bouteilles au total 37 euros<br \/>\nNouvelle-Z\u00e9lande: 15 \u00e0 50 jours ouvrables, de 1 \u00e0 3 bouteilles au total 77 euros de 4 \u00e0 6 bouteilles au total 102 euros plus 40 euros de taxes<br \/>\nNorv\u00e8ge:15 \u00e0 50 jours ouvrables, de 1 \u00e0 3 bouteilles au total 35 euros de 4 \u00e0 6 bouteilles au total de<br \/>\nPays-Bas: 15 \u00e0 50 jours ouvrables, de 1 \u00e0 3 bouteilles au total 30 euros de 4 \u00e0 6 bouteilles au total 37 euros<br \/>\nPologne: 15 \u00e0 50 jours ouvrables, de 1 \u00e0 3 bouteilles au total 35 euros de 4 \u00e0 6 bouteilles au total de 42 euros<br \/>\nPortugal: 15 \u00e0 50 jours ouvrables, de 1 \u00e0 3 bouteilles total de 35 euros de 4 \u00e0 6 bouteilles au total de 42 euros<br \/>\nCor\u00e9e du Sud: 15 \u00e0 50 jours ouvrables, de 1 \u00e0 3 bouteilles au total 77 euros de 4 \u00e0 6 bouteilles au total de 102 euros plus 40 euros de taxes<br \/>\nEspagne: 15 \u00e0 50 jours ouvrables, de 1 \u00e0 3 bouteilles au total 35 euros de 4 \u00e0 6 bouteilles au total de 42 euros<br \/>\nSu\u00e8de: 15 \u00e0 50 jours ouvrables, de 1 \u00e0 3 bouteilles au total 37 euros de 4 \u00e0 6 bouteilles au total 44 euros<br \/>\nSuisse: 15 \u00e0 50 jours ouvrables, de 1 \u00e0 3 bouteilles au total 51 euros de 4 \u00e0 6 bouteilles au total 64 euros<br \/>\nSlov\u00e9nie: 15 \u00e0 50 jours ouvrables, de 1 \u00e0 3 bouteilles au total 35 euros de 4 \u00e0 6 bouteilles au total de 42 euros<br \/>\nJapon: 15 \u00e0 50 jours ouvrables, de 1 \u00e0 3 bouteilles au total 77 euros de 4 \u00e0 6 bouteilles au total de 102 euros plus 40 euros de taxes<br \/>\nHong Kong: 15 \u00e0 50 jours ouvrables, de 1 \u00e0 3 bouteilles au total 77 euros de 4 \u00e0 6 bouteilles au total de 102 euros plus 40 euros de taxes<br \/>\nHongrie: 15 \u00e0 50 jours ouvrables, de 1 \u00e0 3 bouteilles au total 30 euros de 4 \u00e0 6 bouteilles au total de 37 euros<br \/>\nRoyaume-Uni: 15 \u00e0 50 jours ouvrables, de 1 \u00e0 3 bouteilles au total 39 euros de 4 \u00e0 6 bouteilles au total 42 euros<br \/>\n\u00c9tats-Unis *: 15 \u00e0 50 jours ouvrables, de 1 \u00e0 3 bouteilles au total 62 euros de 4 \u00e0 6 bouteilles au total de 82 euros plus 40 euros de taxes<\/p>\n<h5>* Il y a une limite de quantit\u00e9 pour les exp\u00e9ditions dans chaque \u00e9tat aux Etats Unis:<\/h5>\n<p>Alaska AK: Pas de limitation Missouri: 18 litres<\/p>\n<p>Arizona AZ: 1 litre Nevada: Aucune limitation<\/p>\n<p>Colorado CO: Aucune limitation New Hampshire: 2,8 litres<\/p>\n<p>Connecticut CT: 18 litres Nouveau-Mexique: Aucune limitation<\/p>\n<p>Delaware: 9 litres New York NY: Aucune limitation<\/p>\n<p>Floride: 3,8 litres Caroline du Nord: 8 litres<\/p>\n<p>G\u00e9orgie GA: 18 litres Dakota du Nord: Aucune limitation<\/p>\n<p>Hawaii HI: 18 litres Ohio OH: 4,5 litres<\/p>\n<p>Illinois IL: 9 litres Oklahoma: 1 litre<\/p>\n<p>Indiana: 18 litres Pennsylvanie: 3,8 litres<\/p>\n<p>Iowa: 4 litres Rhode Island: aucune limitation<\/p>\n<p>Louisiane: Pas de limitation Tennessee: 18 litres<\/p>\n<p>Principal: 3,8 litres Washington: 1 litre<\/p>\n<p>Michigan MI: 9 litres Washington, DC DC: 9 litres<\/p>\n<p>\u00c9tats que nous n&rsquo;exp\u00e9dions pas: Alabama, Arkansas, Californie, Idaho, Kansas, Kentucky, Maryland, Massachusetts, Minnesota, Mississippi, Montana, Nebraska, New Jersey, Oregon, Caroline du Sud, Dakota du Sud, Texas, Utah, Vermont, Virginie, Ouest Virginie, Wisconsin et Wyoming.<\/p>\n<h2>Politique d&rsquo;Annulation<\/h2>\n<ul>\n<li><strong>Annulation des Commandes:<\/strong> Si vous souhaitez annuler une commande, veuillez nous contacter \u00e0 l&rsquo;adresse info@afianeswines.gr ou nous appeler au 2275040008.<\/li>\n<li><strong>D\u00e9lai d&rsquo;Annulation:<\/strong> Les commandes peuvent \u00eatre annul\u00e9es dans les 24 heures suivant leur placement, \u00e0 condition qu&rsquo;elles n&rsquo;aient pas d\u00e9j\u00e0 \u00e9t\u00e9 exp\u00e9di\u00e9es ou trait\u00e9es.<\/li>\n<li><strong>Frais d&rsquo;Annulation:<\/strong> 25% du montant total pay\u00e9 seront conserv\u00e9s par notre soci\u00e9t\u00e9 pour les frais de traitement et les p\u00e9nalit\u00e9s.<\/li>\n<\/ul>\n<p>Produits arriv\u00e9s endommag\u00e9s<br \/>\nNous les rempla\u00e7ons gratuitement si vous nous informez le jour de la r\u00e9ception.<br \/>\nGarantie de s\u00e9curit\u00e9 des transactions personnelles<br \/>\nVeuillez noter que vos transactions sont totalement s\u00e9curis\u00e9es, car il est impossible de d\u00e9coder les donn\u00e9es transmises via SSL (SecureSockerLayer). L&rsquo;environnement de s\u00e9curit\u00e9 est certifi\u00e9 et pris en charge par Piraeus Bank et Alphabank.<br \/>\nDe plus, nous vous informons que pour des raisons de s\u00e9curit\u00e9, Afianeswines ne stocke jamais les informations de votre carte de cr\u00e9dit, il vous sera donc demand\u00e9 vos informations de carte de cr\u00e9dit \u00e0 chaque fois que vous faites un paiement. Cela vous permet d&rsquo;effectuer vos achats en ligne en toute s\u00e9curit\u00e9, en esp\u00e8ces ou par carte de cr\u00e9dit via Piraeus Bank et Alpha Bank tous les jours, 24 heures sur 24, 365 jours par an.<\/p>\n<p>Si vous avez des questions concernant votre livraison, envoyez-nous simplement un message \ud83d\ude42<\/p>\n<h2>Protection des donn\u00e9es et confidentialit\u00e9<\/h2>\n<p><strong>NOUS PROT\u00c9GEONS NOS CLIENTS<\/strong><\/p>\n<p>Chez Afianes Wines, nous respectons nos clients, nous nous engageons donc \u00e0 prot\u00e9ger vos informations personnelles et \u00e0 sauvegarder vos achats<\/p>\n<p><strong>1. Garantie de s\u00e9curit\u00e9 des donn\u00e9es personnelles<\/strong><br \/>\nLa gestion et la protection des donn\u00e9es personnelles de nos clients sur www.afianeswines.gr conform\u00e9ment au r\u00e8glement g\u00e9n\u00e9ral sur la protection des donn\u00e9es personnelles 2016\/679 \/ UE et en g\u00e9n\u00e9ral \u00e0 la l\u00e9gislation grecque et europ\u00e9enne, dans le respect de toutes les r\u00e8gles de s\u00e9curit\u00e9 requises et requises de ce fichier. Le responsable du traitement des donn\u00e9es ci-dessus est M. Afianos Grigoris qui peut \u00eatre contact\u00e9 pour l&rsquo;exercice de vos droits l\u00e9gaux chez Prof. Elias, Raches, Ikaria, 83301, t\u00e9l. 2275040008.<\/p>\n<p>www.afianeswines.gr agit conform\u00e9ment \u00e0 la loi applicable, prot\u00e8ge la vie priv\u00e9e de chaque visiteur et client enregistr\u00e9 et s&rsquo;engage \u00e0 ne pas transmettre \u00e0 aucun tiers (l\u00e9gal ou naturel) pour quelque raison que ce soit, \u00e0 l&rsquo;exception des dispositions l\u00e9gales applicables. et aux autorit\u00e9s comp\u00e9tentes uniquement.<\/p>\n<p>Conservation des fichiers avec des donn\u00e9es personnelles, que le visiteur enregistre et envoie lui-m\u00eame lors de son inscription, ou les envoie via tout formulaire de contact, par commande, uniquement aux fins de communication de www.afianeswines.gr avec la personne concern\u00e9e.<\/p>\n<p>www.afianeswines.gr collabore avec des prestataires de services de paiement (ex: soci\u00e9t\u00e9s de transport et de messagerie, banques, etc.), des services statistiques, des prestataires informatiques, n\u00e9cessaires au service des utilisateurs du site, \u00e0 la conduite des affaires mais aussi \u00e0 la s\u00e9curisation des donn\u00e9es. Les fournisseurs ci-dessus ont acc\u00e8s aux donn\u00e9es personnelles, tant qu&rsquo;elles sont n\u00e9cessaires au fonctionnement de leurs services et sont tenus d&rsquo;utiliser les donn\u00e9es personnelles conform\u00e9ment \u00e0 la pr\u00e9sente d\u00e9claration de confidentialit\u00e9 et aux lois sur la protection des donn\u00e9es personnelles de la loi grecque.<\/p>\n<p>www.afianeswines.gr ne peut garantir la s\u00e9curit\u00e9 des donn\u00e9es transmises sur les r\u00e9seaux, tant qu&rsquo;elles ne sont pas prot\u00e9g\u00e9es par les mesures de s\u00e9curit\u00e9 appropri\u00e9es requises par la loi et ne prend aucune sauvegarde directe, indirecte, positive, pertinente, de sauvegarde, mat\u00e9rielle ou non que l&rsquo;utilisateur peut avoir souffert de l&rsquo;acc\u00e8s \u00e0 Internet.<\/p>\n<p>Le visiteur \/ utilisateur peut contacter l&rsquo;entreprise \u00e0 info@afianeswines.gr pour tout savoir sur sa politique de confidentialit\u00e9, sa correction ou sa suppression compl\u00e8te. Il peut \u00e9galement apporter des corrections \u00e0 son compte ou supprimer son compte de www.afianeswines.gr via la gestion de son compte.<br \/>\nEnfin, www.afianeswines.gr peut conserver des donn\u00e9es non personnelles, c&rsquo;est-\u00e0-dire des donn\u00e9es qui n&rsquo;identifient pas la personne qui les a soumises, en raison de statistiques et d&rsquo;estimations de trafic.<\/p>\n<p><strong>2. Cookies<\/strong><br \/>\nwww.afianeswines.gr n&rsquo;utilise pas de cookies en permanence pour collecter les informations personnelles des visiteurs lors de la navigation sur le site. Cependant, certains sites Web du site peuvent temporairement d\u00e9clencher des cookies qui sont supprim\u00e9s lorsque le navigateur du visiteur se termine sur www.afianeswines.gr.<\/p>\n<p><strong>3. Adresses IP<\/strong><br \/>\nL&rsquo;adresse IP \u00e0 travers laquelle l&rsquo;ordinateur du visiteur a acc\u00e8s \u00e0 Internet et ult\u00e9rieurement \u00e0 www.afianeswines.gr est utilis\u00e9e uniquement pour la collecte de statistiques ou pour la protection d&rsquo;attaques malveillantes sur www.afianeswines.gr et est soumise aux conditions de protection. donn\u00e9es analys\u00e9es ci-dessus.<\/p>\n","protected":false},"excerpt":{"rendered":"<p>Commandes En ligne \u00e0 tout moment de la journ\u00e9e, s\u00e9lectionnez les produits que vous souhaitez et ajoutez-les dans le panier. Une fois vos achats termin\u00e9s, veuillez compl\u00e9ter le bon de commande : A. Si c&rsquo;est la premi\u00e8re fois que vous envoyez votre commande, veuillez remplir les champs obligatoires dans l&rsquo;enregistrement de nouveau client. B. Si<br class=\"read-more-spacer\"> <a class=\"more-link\" href=\"https:\/\/afianeswines.gr\/fr\/livraison-et-conditions-dutilisation\/\">Read More<\/a><\/p>\n","protected":false},"author":1,"featured_media":2253,"parent":0,"menu_order":0,"comment_status":"closed","ping_status":"closed","template":"","meta":{"footnotes":""},"class_list":["post-2919","page","type-page","status-publish","has-post-thumbnail","hentry"],"yoast_head":"<!-- This site is optimized with the Yoast SEO plugin v27.2 - https:\/\/yoast.com\/product\/yoast-seo-wordpress\/ -->\n<title>Livraison et conditions d&#039;utilisation - Afianes Wines<\/title>\n<meta name=\"robots\" content=\"index, follow, max-snippet:-1, max-image-preview:large, max-video-preview:-1\" \/>\n<link rel=\"canonical\" href=\"https:\/\/afianeswines.gr\/fr\/livraison-et-conditions-dutilisation\/\" \/>\n<meta property=\"og:locale\" content=\"fr_FR\" \/>\n<meta property=\"og:type\" content=\"article\" \/>\n<meta property=\"og:title\" content=\"Livraison et conditions d&#039;utilisation - Afianes Wines\" \/>\n<meta property=\"og:description\" content=\"Commandes En ligne \u00e0 tout moment de la journ\u00e9e, s\u00e9lectionnez les produits que vous souhaitez et ajoutez-les dans le panier. Une fois vos achats termin\u00e9s, veuillez compl\u00e9ter le bon de commande : A. Si c&rsquo;est la premi\u00e8re fois que vous envoyez votre commande, veuillez remplir les champs obligatoires dans l&rsquo;enregistrement de nouveau client. B. Si Read More\" \/>\n<meta property=\"og:url\" content=\"https:\/\/afianeswines.gr\/fr\/livraison-et-conditions-dutilisation\/\" \/>\n<meta property=\"og:site_name\" content=\"Afianes Wines\" \/>\n<meta property=\"article:modified_time\" content=\"2024-01-22T19:01:00+00:00\" \/>\n<meta property=\"og:image\" content=\"https:\/\/afianeswines.gr\/wp-content\/uploads\/2019\/07\/episk-1.jpg\" \/>\n\t<meta property=\"og:image:width\" content=\"2000\" \/>\n\t<meta property=\"og:image:height\" content=\"329\" \/>\n\t<meta property=\"og:image:type\" content=\"image\/jpeg\" \/>\n<meta name=\"twitter:card\" content=\"summary_large_image\" \/>\n<meta name=\"twitter:label1\" content=\"Dur\u00e9e de lecture estim\u00e9e\" \/>\n\t<meta name=\"twitter:data1\" content=\"10 minutes\" \/>\n<script type=\"application\/ld+json\" class=\"yoast-schema-graph\">{\"@context\":\"https:\/\/schema.org\",\"@graph\":[{\"@type\":\"WebPage\",\"@id\":\"https:\/\/afianeswines.gr\/fr\/livraison-et-conditions-dutilisation\/\",\"url\":\"https:\/\/afianeswines.gr\/fr\/livraison-et-conditions-dutilisation\/\",\"name\":\"Livraison et conditions d'utilisation - Afianes Wines\",\"isPartOf\":{\"@id\":\"https:\/\/afianeswines.gr\/fr\/#website\"},\"primaryImageOfPage\":{\"@id\":\"https:\/\/afianeswines.gr\/fr\/livraison-et-conditions-dutilisation\/#primaryimage\"},\"image\":{\"@id\":\"https:\/\/afianeswines.gr\/fr\/livraison-et-conditions-dutilisation\/#primaryimage\"},\"thumbnailUrl\":\"https:\/\/afianeswines.gr\/wp-content\/uploads\/2019\/07\/episk-1.jpg\",\"datePublished\":\"2019-06-30T00:19:09+00:00\",\"dateModified\":\"2024-01-22T19:01:00+00:00\",\"breadcrumb\":{\"@id\":\"https:\/\/afianeswines.gr\/fr\/livraison-et-conditions-dutilisation\/#breadcrumb\"},\"inLanguage\":\"fr-FR\",\"potentialAction\":[{\"@type\":\"ReadAction\",\"target\":[\"https:\/\/afianeswines.gr\/fr\/livraison-et-conditions-dutilisation\/\"]}]},{\"@type\":\"ImageObject\",\"inLanguage\":\"fr-FR\",\"@id\":\"https:\/\/afianeswines.gr\/fr\/livraison-et-conditions-dutilisation\/#primaryimage\",\"url\":\"https:\/\/afianeswines.gr\/wp-content\/uploads\/2019\/07\/episk-1.jpg\",\"contentUrl\":\"https:\/\/afianeswines.gr\/wp-content\/uploads\/2019\/07\/episk-1.jpg\",\"width\":2000,\"height\":329},{\"@type\":\"BreadcrumbList\",\"@id\":\"https:\/\/afianeswines.gr\/fr\/livraison-et-conditions-dutilisation\/#breadcrumb\",\"itemListElement\":[{\"@type\":\"ListItem\",\"position\":1,\"name\":\"Home\",\"item\":\"https:\/\/afianeswines.gr\/fr\/\"},{\"@type\":\"ListItem\",\"position\":2,\"name\":\"Livraison et conditions d&#8217;utilisation\"}]},{\"@type\":\"WebSite\",\"@id\":\"https:\/\/afianeswines.gr\/fr\/#website\",\"url\":\"https:\/\/afianeswines.gr\/fr\/\",\"name\":\"Afianes Wines\",\"description\":\"\u039f\u03b9\u03bd\u03bf\u03c0\u03bf\u03b9\u03b5\u03af\u03bf \u0399\u03ba\u03b1\u03c1\u03af\u03b1 - \u0395\u03ba\u03bb\u03b5\u03ba\u03c4\u03ac \u03ba\u03c1\u03b1\u03c3\u03b9\u03ac\",\"potentialAction\":[{\"@type\":\"SearchAction\",\"target\":{\"@type\":\"EntryPoint\",\"urlTemplate\":\"https:\/\/afianeswines.gr\/fr\/?s={search_term_string}\"},\"query-input\":{\"@type\":\"PropertyValueSpecification\",\"valueRequired\":true,\"valueName\":\"search_term_string\"}}],\"inLanguage\":\"fr-FR\"}]}<\/script>\n<!-- \/ Yoast SEO plugin. -->","yoast_head_json":{"title":"Livraison et conditions d'utilisation - Afianes Wines","robots":{"index":"index","follow":"follow","max-snippet":"max-snippet:-1","max-image-preview":"max-image-preview:large","max-video-preview":"max-video-preview:-1"},"canonical":"https:\/\/afianeswines.gr\/fr\/livraison-et-conditions-dutilisation\/","og_locale":"fr_FR","og_type":"article","og_title":"Livraison et conditions d'utilisation - Afianes Wines","og_description":"Commandes En ligne \u00e0 tout moment de la journ\u00e9e, s\u00e9lectionnez les produits que vous souhaitez et ajoutez-les dans le panier. Une fois vos achats termin\u00e9s, veuillez compl\u00e9ter le bon de commande : A. Si c&rsquo;est la premi\u00e8re fois que vous envoyez votre commande, veuillez remplir les champs obligatoires dans l&rsquo;enregistrement de nouveau client. B. Si Read More","og_url":"https:\/\/afianeswines.gr\/fr\/livraison-et-conditions-dutilisation\/","og_site_name":"Afianes Wines","article_modified_time":"2024-01-22T19:01:00+00:00","og_image":[{"width":2000,"height":329,"url":"https:\/\/afianeswines.gr\/wp-content\/uploads\/2019\/07\/episk-1.jpg","type":"image\/jpeg"}],"twitter_card":"summary_large_image","twitter_misc":{"Dur\u00e9e de lecture estim\u00e9e":"10 minutes"},"schema":{"@context":"https:\/\/schema.org","@graph":[{"@type":"WebPage","@id":"https:\/\/afianeswines.gr\/fr\/livraison-et-conditions-dutilisation\/","url":"https:\/\/afianeswines.gr\/fr\/livraison-et-conditions-dutilisation\/","name":"Livraison et conditions d'utilisation - Afianes Wines","isPartOf":{"@id":"https:\/\/afianeswines.gr\/fr\/#website"},"primaryImageOfPage":{"@id":"https:\/\/afianeswines.gr\/fr\/livraison-et-conditions-dutilisation\/#primaryimage"},"image":{"@id":"https:\/\/afianeswines.gr\/fr\/livraison-et-conditions-dutilisation\/#primaryimage"},"thumbnailUrl":"https:\/\/afianeswines.gr\/wp-content\/uploads\/2019\/07\/episk-1.jpg","datePublished":"2019-06-30T00:19:09+00:00","dateModified":"2024-01-22T19:01:00+00:00","breadcrumb":{"@id":"https:\/\/afianeswines.gr\/fr\/livraison-et-conditions-dutilisation\/#breadcrumb"},"inLanguage":"fr-FR","potentialAction":[{"@type":"ReadAction","target":["https:\/\/afianeswines.gr\/fr\/livraison-et-conditions-dutilisation\/"]}]},{"@type":"ImageObject","inLanguage":"fr-FR","@id":"https:\/\/afianeswines.gr\/fr\/livraison-et-conditions-dutilisation\/#primaryimage","url":"https:\/\/afianeswines.gr\/wp-content\/uploads\/2019\/07\/episk-1.jpg","contentUrl":"https:\/\/afianeswines.gr\/wp-content\/uploads\/2019\/07\/episk-1.jpg","width":2000,"height":329},{"@type":"BreadcrumbList","@id":"https:\/\/afianeswines.gr\/fr\/livraison-et-conditions-dutilisation\/#breadcrumb","itemListElement":[{"@type":"ListItem","position":1,"name":"Home","item":"https:\/\/afianeswines.gr\/fr\/"},{"@type":"ListItem","position":2,"name":"Livraison et conditions d&#8217;utilisation"}]},{"@type":"WebSite","@id":"https:\/\/afianeswines.gr\/fr\/#website","url":"https:\/\/afianeswines.gr\/fr\/","name":"Afianes Wines","description":"\u039f\u03b9\u03bd\u03bf\u03c0\u03bf\u03b9\u03b5\u03af\u03bf \u0399\u03ba\u03b1\u03c1\u03af\u03b1 - \u0395\u03ba\u03bb\u03b5\u03ba\u03c4\u03ac \u03ba\u03c1\u03b1\u03c3\u03b9\u03ac","potentialAction":[{"@type":"SearchAction","target":{"@type":"EntryPoint","urlTemplate":"https:\/\/afianeswines.gr\/fr\/?s={search_term_string}"},"query-input":{"@type":"PropertyValueSpecification","valueRequired":true,"valueName":"search_term_string"}}],"inLanguage":"fr-FR"}]}},"_links":{"self":[{"href":"https:\/\/afianeswines.gr\/fr\/wp-json\/wp\/v2\/pages\/2919","targetHints":{"allow":["GET"]}}],"collection":[{"href":"https:\/\/afianeswines.gr\/fr\/wp-json\/wp\/v2\/pages"}],"about":[{"href":"https:\/\/afianeswines.gr\/fr\/wp-json\/wp\/v2\/types\/page"}],"author":[{"embeddable":true,"href":"https:\/\/afianeswines.gr\/fr\/wp-json\/wp\/v2\/users\/1"}],"replies":[{"embeddable":true,"href":"https:\/\/afianeswines.gr\/fr\/wp-json\/wp\/v2\/comments?post=2919"}],"version-history":[{"count":15,"href":"https:\/\/afianeswines.gr\/fr\/wp-json\/wp\/v2\/pages\/2919\/revisions"}],"predecessor-version":[{"id":37994,"href":"https:\/\/afianeswines.gr\/fr\/wp-json\/wp\/v2\/pages\/2919\/revisions\/37994"}],"wp:featuredmedia":[{"embeddable":true,"href":"https:\/\/afianeswines.gr\/fr\/wp-json\/wp\/v2\/media\/2253"}],"wp:attachment":[{"href":"https:\/\/afianeswines.gr\/fr\/wp-json\/wp\/v2\/media?parent=2919"}],"curies":[{"name":"wp","href":"https:\/\/api.w.org\/{rel}","templated":true}]}}