{"id":2912,"date":"2019-07-01T00:18:05","date_gmt":"2019-06-30T21:18:05","guid":{"rendered":"https:\/\/afianeswines.gr\/%cf%84%ce%b1-%ce%ba%cf%81%ce%b1%cf%83%ce%b9%ce%ac-%ce%bc%ce%b1%cf%82\/%cf%84%ce%bf%cf%80%ce%b9%ce%ba%ce%ad%cf%82-%cf%80%ce%bf%ce%b9%ce%ba%ce%b9%ce%bb%ce%af%ce%b5%cf%82\/"},"modified":"2021-05-06T12:44:07","modified_gmt":"2021-05-06T09:44:07","slug":"cepages","status":"publish","type":"page","link":"https:\/\/afianeswines.gr\/fr\/nos-vins\/cepages\/","title":{"rendered":"C\u00e9pages"},"content":{"rendered":"<p>[vc_row full_width=\u00a0\u00bbstretch_row\u00a0\u00bb css=\u00a0\u00bb.vc_custom_1517560487592{padding-top: 50px !important;background-image: url(https:\/\/afianeswines.gr\/wp-content\/uploads\/2018\/02\/homepage_white_leaves.png?id=1390) !important;background-position: center !important;background-repeat: no-repeat !important;background-size: cover !important;}\u00a0\u00bb][vc_column width=\u00a0\u00bb1\/6&Prime;][\/vc_column][vc_column width=\u00a0\u00bb2\/3&Prime;]\n\t<div class=\"title-subtitle-box   \" style=\" text-align: center;\">\n\t\t<h1 style=\" text-transform: uppercase; font-weight: 400; letter-spacing: 0px;\" >C\u00c9PAGES D'ICARIE<\/h1>\n\t<\/div> [vc_column_text]Le sol du nord-ouest d&rsquo;Icarie est dot\u00e9 de certaines propri\u00e9t\u00e9s, dont la combinaison nous permet de produire des fruits et du vin d&rsquo;une texture et d&rsquo;un go\u00fbt uniques. C&rsquo;est du sable argileux avec un pH bas (acide), z\u00e9ro calcium actif, un minimum de mati\u00e8re organique et de phosphore et des concentrations importantes d&rsquo;oligo-\u00e9l\u00e9ments, comme le potassium, le mangan\u00e8se, le fer, le bore, etc.<\/p>\n<p>Les deux c\u00e9pages des indications g\u00e9ographiques prot\u00e9g\u00e9es (IGP) que nous cultivons dans notre \u00eele avec beaucoup d&rsquo;amour, de pers\u00e9v\u00e9rance sur les m\u00e9thodes d&rsquo;agriculture biologique et un esprit d&rsquo;exp\u00e9rimentation cr\u00e9ative, sont Fokiano et Begleri.<\/p>\n<p>Apr\u00e8s 20 ans de culture de ces deux c\u00e9pages locaux (inconnus du reste du monde jusque-l\u00e0) dans des vignobles exp\u00e9rimentaux \u00e0 diff\u00e9rentes altitudes et microclimats de l&rsquo;ouest de l&rsquo;\u00eele et en appliquant diff\u00e9rentes techniques de vinification, nous sommes finalement arriv\u00e9s \u00e0 la conclusion que Fokiano et Begleri peuvent produire d&rsquo;excellents produits finaux, durables et s&rsquo;am\u00e9liorant avec le temps, \u00e0 la fois en assemblage et en monovari\u00e9tal (c&rsquo;est ainsi que nous \u00e9laborons nos vins depuis dix ans).<\/p>\n<p>Certains mill\u00e9simes, toutes ces ann\u00e9es, nous ont donn\u00e9 des vins d&rsquo;une qualit\u00e9 exceptionnelle et d&rsquo;une valeur unique qui sont stock\u00e9s dans notre cave \u00e0 vin et nous vous proposons de les essayer en combinaison avec certains des plats les plus caract\u00e9ristiques de la cuisine grecque et d&rsquo;Icarie.[\/vc_column_text][\/vc_column][vc_column width=\u00a0\u00bb1\/6&Prime;][\/vc_column][\/vc_row][vc_row full_width=\u00a0\u00bbstretch_row\u00a0\u00bb css=\u00a0\u00bb.vc_custom_1562698137826{padding-bottom: 0px !important;background-color: #f1f1f1 !important;}\u00a0\u00bb][vc_column width=\u00a0\u00bb1\/3&Prime;][vc_single_image image=\u00a0\u00bb1990&Prime; img_size=\u00a0\u00bbfull\u00a0\u00bb css=\u00a0\u00bb.vc_custom_1562697924997{padding-top: 41px !important;}\u00a0\u00bb][\/vc_column][vc_column width=\u00a0\u00bb2\/3&Prime;][vc_column_text]<\/p>\n<h2><strong>C\u00c9PAGE FOKIANO<\/strong><\/h2>\n<p>\u00c0 partir de Fokiano, une vari\u00e9t\u00e9 de raisins qui a \u00e9t\u00e9 mentionn\u00e9e pour la premi\u00e8re fois au 15\u00e8me si\u00e8cle, nous produisons un vin avec un ar\u00f4me particulier, un arri\u00e8re-go\u00fbt long et une couleur rubis brillant. Ce c\u00e9page est cultiv\u00e9 dans des vignobles en terrasses dans toute l&rsquo;\u00eele, le sol lui a donn\u00e9 au raisin des propri\u00e9t\u00e9s tr\u00e8s particuli\u00e8res. Fokiano produit des grappes pas trop \u00e9paisses, de taille moyenne et son rendement par 1.000 m\u00b2 est inf\u00e9rieur \u00e0 500 kilos.<\/p>\n<p>Au cours de ses deux premi\u00e8res ann\u00e9es, le c\u00e9page Fokiano produit des vins rouges frais et de haute qualit\u00e9. Ceux-ci se caract\u00e9risent principalement par des parfums de fruits des bois (cerises rouges et blanches, griottes, baies et m\u00fbres). Apr\u00e8s cinq ans, leur saveur \u00e9volue vers des fruits m\u00fbrs des bois avec des \u00e9pices (g\u00e9n\u00e9ralement du poivre blanc), ainsi que des arbustes parfum\u00e9s, rappelant en particulier les esp\u00e8ces end\u00e9miques d&rsquo;Icarie (rosier, m\u00e9lisse, etc.).<\/p>\n<p>\u00c0 l&rsquo;\u00e2ge de huit \u00e0 dix ans, cette vari\u00e9t\u00e9 offre tout ce qui pr\u00e9c\u00e8de dans une saveur de marmelade, cr\u00e9ant des vins qui collent \u00e0 toute la cavit\u00e9 buccale. \u00c0 partir de l\u00e0, les vins sont \u00e9pais et leur go\u00fbt rappelle les \u00ab\u00a0bonbons \u00e0 la cuill\u00e8re\u00a0\u00bb grecs et les liqueurs faites maison. Dans certains cas, ils se tournent vers des vins rouge sang aux senteurs de cuir et de liqueurs de prune fortes, selon les mill\u00e9simes. D\u00e9guster un verre de vin Fokiano \u00e2g\u00e9 de plus de cinq ans est une exp\u00e9rience qui en vaut la peine ![\/vc_column_text][\/vc_column][\/vc_row][vc_row full_width=\u00a0\u00bbstretch_row\u00a0\u00bb css=\u00a0\u00bb.vc_custom_1562698143328{padding-top: 0px !important;background-color: #f1f1f1 !important;}\u00a0\u00bb][vc_column][vc_column_text]\u00c0 partir du c\u00e9page Fokiano, nous cr\u00e9ons les vins rouges suivants :<\/p>\n<h3><strong>Dans notre cave moderne :<\/strong><\/h3>\n<p>\u00abIcarus Black\u00bb &#8211; vin rouge sec, vieilli en f\u00fbts de ch\u00eane pendant 12 mois<br \/>\n\u00abIcarus Rose\u00bb &#8211; vin ros\u00e9 sec<br \/>\n\u00abTama\u00bb &#8211; vin naturellement doux, vendange tardif (botryte)<br \/>\n\u00abIcarus Red\u00bb &#8211; vin rouge sec<br \/>\n\u00abAfianes\u00bb &#8211; vin rouge extra brut naturellement p\u00e9tillant<\/p>\n<h3><strong>Dans notre presse \u00e0 pierre granite avec le pithostasi ext\u00e9rieur (m\u00e9thode traditionnelle) :<\/strong><\/h3>\n<p>\u00abPithari Rouge\u00bb &#8211; vin rouge sec<br \/>\n\u00abNicaria\u00bb &#8211; vin rouge sec<br \/>\n\u00abPithari Light Extraction\u00bb &#8211; vin rouge sec<br \/>\n\u00abTAMA\u00bb &#8211; vin naturellement, doux de vendange tardif (botryte)[\/vc_column_text][\/vc_column][\/vc_row][vc_row css=\u00a0\u00bb.vc_custom_1562698202190{padding-bottom: 0px !important;}\u00a0\u00bb][vc_column width=\u00a0\u00bb2\/3&Prime;][vc_column_text]<\/p>\n<h2><strong>C\u00c9PAGE BEGLERI<\/strong><\/h2>\n<p>Le c\u00e9page blanc Begleri descend de la vari\u00e9t\u00e9 syrienne \u00abBegler\u00bb. Cependant, aujourd&rsquo;hui, il n&rsquo;est associ\u00e9 qu&rsquo;\u00e0 Icarie, car notre \u00eele est le seul endroit o\u00f9 Begleri est cultiv\u00e9. Le vin se distingue par son caract\u00e8re aromatique et complexe intense (parfums d&rsquo;agrumes avec une pr\u00e9dominance de kiwi et de fruits tropicaux). Begleri est cultiv\u00e9 sur des vignobles en terrasses r\u00e9partis sur toute l&rsquo;\u00eele, et son rendement atteint 500 kilos \/ 1.000 m\u00b2. Il s&rsquo;accord avec des repas l\u00e9gers, des fruits de mer, du fromage jaune et des fruits. Il se sert frais.<\/p>\n<p>Avec le temps, l&rsquo;acidit\u00e9 des vins Begleri devient plus explosive, puis leurs saveurs rappellent les fruits tropicaux frais, comme l&rsquo;ananas, le kiwi, le citron vert et la mangue. Apr\u00e8s deux ans, un virage int\u00e9ressant et agr\u00e9able s&rsquo;op\u00e8re vers les fruits tropicaux m\u00fbrs, offrant ainsi des vins plus concis avec des corps plus pleins, plus lisses et plus \u00e9pais. Au cours de cinq ans, leur saveur change \u00e0 nouveau, cette fois vers les fruits \u00e0 noyau m\u00fbrs, comme la nectarine et l&rsquo;abricot, ainsi que la marmelade de p\u00eache.<\/p>\n<p>Avec les ann\u00e9es, \u00e0 mesure que leur acidit\u00e9 diminue, ces vins blancs changent \u00e0 tel point que des \u00e9l\u00e9ments distincts de la liqueur commencent \u00e0 faire surface. Mais le changement le plus spectaculaire appara\u00eet apr\u00e8s une p\u00e9riode de dix ans o\u00f9 pr\u00e9dominent des senteurs plus terrestres, d\u00e9gageant des senteurs distinctes de nid d&rsquo;abeille, pleurotes et autres champignons originaires d&rsquo;Icarie.[\/vc_column_text][\/vc_column][vc_column width=\u00a0\u00bb1\/3&Prime;][vc_single_image image=\u00a0\u00bb1987&Prime; img_size=\u00a0\u00bbfull\u00a0\u00bb css=\u00a0\u00bb.vc_custom_1562697936164{padding-top: 41px !important;}\u00a0\u00bb][\/vc_column][\/vc_row][vc_row css=\u00a0\u00bb.vc_custom_1562698196312{padding-top: 0px !important;}\u00a0\u00bb][vc_column][vc_column_text]\u00c0 partir du c\u00e9page Begleri, nous produisons les vins blancs suivants :<\/p>\n<h3>Dans notre cave \u00e0 la pointe de la technologie :<\/h3>\n<p>\u00abBegleri\u00bb &#8211; vin blanc sec<br \/>\n\u00abLitani\u00bb &#8211; vin blanc sec<br \/>\n\u00abAfianes\u00bb &#8211; vin blanc extra brut naturellement p\u00e9tillant<\/p>\n<h3>Dans notre pressoir en pierre granite avec le pithostasi ext\u00e9rieur (m\u00e9thode traditionnelle) :<\/h3>\n<p>\u00abPithari Blanc\u00bb &#8211; vin blanc sec<br \/>\n\u00abIcarus White\u00bb &#8211; vin blanc sec<br \/>\n\u00abPsaro Nikolas\u00bb &#8211; vin blanc sec<\/p>\n<h3>Sous la mer Eg\u00e9e :<\/h3>\n<p>\u00abAfianes\u00bb &#8211; vin blanc extra brut naturellement p\u00e9tillant[\/vc_column_text][\/vc_column][\/vc_row][vc_row full_width=\u00a0\u00bbstretch_row\u00a0\u00bb css=\u00a0\u00bb.vc_custom_1562698447327{background-color: #f1f1f1 !important;}\u00a0\u00bb][vc_column]\n\t<div class=\"\">\n\t<div class=\"gg_images_slider\">\n\t<div  data-slick='{  \"slidesToShow\": 3,  \"arrows\": true,  \"dots\": true,  \"autoplay\": true,  \"infinite\": true,  \"slidesToScroll\": 1,  \"responsive\": [{\"breakpoint\": 1024, \"settings\": {\"slidesToShow\": 3, \"slidesToScroll\": 1}}, {\"breakpoint\": 600, \"settings\": {\"slidesToShow\": 2, \"slidesToScroll\": 1}}, {\"breakpoint\": 480, \"settings\": {\"slidesToShow\": 1, \"slidesToScroll\": 1}}]  }'  class=\"el-grid no_magnific products row gg-slick-carousel \" data-layout-mode=\"fitRows\" data-pagination=\"\"><div class=\"3\"><img loading=\"lazy\" decoding=\"async\" width=\"762\" height=\"550\" src=\"https:\/\/afianeswines.gr\/wp-content\/uploads\/2019\/07\/poikilies1.jpg\" class=\"attachment-large\" alt=\"\" srcset=\"https:\/\/afianeswines.gr\/wp-content\/uploads\/2019\/07\/poikilies1.jpg 762w, https:\/\/afianeswines.gr\/wp-content\/uploads\/2019\/07\/poikilies1-300x217.jpg 300w\" sizes=\"auto, (max-width: 762px) 100vw, 762px\" \/><\/div><div class=\"3\"><img loading=\"lazy\" decoding=\"async\" width=\"762\" height=\"550\" src=\"https:\/\/afianeswines.gr\/wp-content\/uploads\/2019\/07\/poikilies2.jpg\" class=\"attachment-large\" alt=\"\" srcset=\"https:\/\/afianeswines.gr\/wp-content\/uploads\/2019\/07\/poikilies2.jpg 762w, https:\/\/afianeswines.gr\/wp-content\/uploads\/2019\/07\/poikilies2-300x217.jpg 300w\" sizes=\"auto, (max-width: 762px) 100vw, 762px\" \/><\/div><div class=\"3\"><img loading=\"lazy\" decoding=\"async\" width=\"762\" height=\"550\" src=\"https:\/\/afianeswines.gr\/wp-content\/uploads\/2019\/07\/poikilies3.jpg\" class=\"attachment-large\" alt=\"\" srcset=\"https:\/\/afianeswines.gr\/wp-content\/uploads\/2019\/07\/poikilies3.jpg 762w, https:\/\/afianeswines.gr\/wp-content\/uploads\/2019\/07\/poikilies3-300x217.jpg 300w\" sizes=\"auto, (max-width: 762px) 100vw, 762px\" \/><\/div>\n\t<\/div>\n\t<\/div>\n\t<\/div>[\/vc_column][\/vc_row]<\/p>\n","protected":false},"excerpt":{"rendered":"<p>[vc_row full_width=\u00a0\u00bbstretch_row\u00a0\u00bb css=\u00a0\u00bb.vc_custom_1517560487592{padding-top: 50px !important;background-image: url(https:\/\/afianeswines.gr\/wp-content\/uploads\/2018\/02\/homepage_white_leaves.png?id=1390) !important;background-position: center !important;background-repeat: no-repeat !important;background-size: cover !important;}\u00a0\u00bb][vc_column width=\u00a0\u00bb1\/6&Prime;][\/vc_column][vc_column width=\u00a0\u00bb2\/3&Prime;][vc_column_text]Le sol du nord-ouest d&rsquo;Icarie est dot\u00e9 de certaines propri\u00e9t\u00e9s, dont la combinaison nous permet de produire des fruits et du vin d&rsquo;une texture et d&rsquo;un go\u00fbt uniques. C&rsquo;est du sable argileux avec un pH bas (acide), z\u00e9ro calcium actif, un<br class=\"read-more-spacer\"> <a class=\"more-link\" href=\"https:\/\/afianeswines.gr\/fr\/nos-vins\/cepages\/\">Read More<\/a><\/p>\n","protected":false},"author":1,"featured_media":1974,"parent":2865,"menu_order":0,"comment_status":"closed","ping_status":"closed","template":"","meta":{"footnotes":""},"class_list":["post-2912","page","type-page","status-publish","has-post-thumbnail","hentry"],"yoast_head":"<!-- This site is optimized with the Yoast SEO plugin v27.2 - https:\/\/yoast.com\/product\/yoast-seo-wordpress\/ -->\n<title>C\u00e9pages - Afianes Wines<\/title>\n<meta name=\"robots\" content=\"index, follow, max-snippet:-1, max-image-preview:large, max-video-preview:-1\" \/>\n<link rel=\"canonical\" href=\"https:\/\/afianeswines.gr\/fr\/nos-vins\/cepages\/\" \/>\n<meta property=\"og:locale\" content=\"fr_FR\" \/>\n<meta property=\"og:type\" content=\"article\" \/>\n<meta property=\"og:title\" content=\"C\u00e9pages - Afianes Wines\" \/>\n<meta property=\"og:description\" content=\"[vc_row full_width=\u00a0\u00bbstretch_row\u00a0\u00bb css=\u00a0\u00bb.vc_custom_1517560487592{padding-top: 50px !important;background-image: url(https:\/\/afianeswines.gr\/wp-content\/uploads\/2018\/02\/homepage_white_leaves.png?id=1390) !important;background-position: center !important;background-repeat: no-repeat !important;background-size: cover !important;}\u00a0\u00bb][vc_column width=\u00a0\u00bb1\/6&Prime;][\/vc_column][vc_column width=\u00a0\u00bb2\/3&Prime;][vc_column_text]Le sol du nord-ouest d&rsquo;Icarie est dot\u00e9 de certaines propri\u00e9t\u00e9s, dont la combinaison nous permet de produire des fruits et du vin d&rsquo;une texture et d&rsquo;un go\u00fbt uniques. C&rsquo;est du sable argileux avec un pH bas (acide), z\u00e9ro calcium actif, un Read More\" \/>\n<meta property=\"og:url\" content=\"https:\/\/afianeswines.gr\/fr\/nos-vins\/cepages\/\" \/>\n<meta property=\"og:site_name\" content=\"Afianes Wines\" \/>\n<meta property=\"article:modified_time\" content=\"2021-05-06T09:44:07+00:00\" \/>\n<meta property=\"og:image\" content=\"https:\/\/afianeswines.gr\/wp-content\/uploads\/2019\/07\/KFR_8289-1.jpg\" \/>\n\t<meta property=\"og:image:width\" content=\"2000\" \/>\n\t<meta property=\"og:image:height\" content=\"977\" \/>\n\t<meta property=\"og:image:type\" content=\"image\/jpeg\" \/>\n<meta name=\"twitter:card\" content=\"summary_large_image\" \/>\n<meta name=\"twitter:label1\" content=\"Dur\u00e9e de lecture estim\u00e9e\" \/>\n\t<meta name=\"twitter:data1\" content=\"5 minutes\" \/>\n<script type=\"application\/ld+json\" class=\"yoast-schema-graph\">{\"@context\":\"https:\/\/schema.org\",\"@graph\":[{\"@type\":\"WebPage\",\"@id\":\"https:\/\/afianeswines.gr\/fr\/nos-vins\/cepages\/\",\"url\":\"https:\/\/afianeswines.gr\/fr\/nos-vins\/cepages\/\",\"name\":\"C\u00e9pages - Afianes Wines\",\"isPartOf\":{\"@id\":\"https:\/\/afianeswines.gr\/fr\/#website\"},\"primaryImageOfPage\":{\"@id\":\"https:\/\/afianeswines.gr\/fr\/nos-vins\/cepages\/#primaryimage\"},\"image\":{\"@id\":\"https:\/\/afianeswines.gr\/fr\/nos-vins\/cepages\/#primaryimage\"},\"thumbnailUrl\":\"https:\/\/afianeswines.gr\/wp-content\/uploads\/2019\/07\/KFR_8289-1.jpg\",\"datePublished\":\"2019-06-30T21:18:05+00:00\",\"dateModified\":\"2021-05-06T09:44:07+00:00\",\"breadcrumb\":{\"@id\":\"https:\/\/afianeswines.gr\/fr\/nos-vins\/cepages\/#breadcrumb\"},\"inLanguage\":\"fr-FR\",\"potentialAction\":[{\"@type\":\"ReadAction\",\"target\":[\"https:\/\/afianeswines.gr\/fr\/nos-vins\/cepages\/\"]}]},{\"@type\":\"ImageObject\",\"inLanguage\":\"fr-FR\",\"@id\":\"https:\/\/afianeswines.gr\/fr\/nos-vins\/cepages\/#primaryimage\",\"url\":\"https:\/\/afianeswines.gr\/wp-content\/uploads\/2019\/07\/KFR_8289-1.jpg\",\"contentUrl\":\"https:\/\/afianeswines.gr\/wp-content\/uploads\/2019\/07\/KFR_8289-1.jpg\",\"width\":2000,\"height\":977},{\"@type\":\"BreadcrumbList\",\"@id\":\"https:\/\/afianeswines.gr\/fr\/nos-vins\/cepages\/#breadcrumb\",\"itemListElement\":[{\"@type\":\"ListItem\",\"position\":1,\"name\":\"Home\",\"item\":\"https:\/\/afianeswines.gr\/fr\/\"},{\"@type\":\"ListItem\",\"position\":2,\"name\":\"Nos vins\",\"item\":\"https:\/\/afianeswines.gr\/fr\/%cf%84%ce%b1-%ce%ba%cf%81%ce%b1%cf%83%ce%b9%ce%ac-%ce%bc%ce%b1%cf%82\/\"},{\"@type\":\"ListItem\",\"position\":3,\"name\":\"C\u00e9pages\"}]},{\"@type\":\"WebSite\",\"@id\":\"https:\/\/afianeswines.gr\/fr\/#website\",\"url\":\"https:\/\/afianeswines.gr\/fr\/\",\"name\":\"Afianes Wines\",\"description\":\"\u039f\u03b9\u03bd\u03bf\u03c0\u03bf\u03b9\u03b5\u03af\u03bf \u0399\u03ba\u03b1\u03c1\u03af\u03b1 - \u0395\u03ba\u03bb\u03b5\u03ba\u03c4\u03ac \u03ba\u03c1\u03b1\u03c3\u03b9\u03ac\",\"potentialAction\":[{\"@type\":\"SearchAction\",\"target\":{\"@type\":\"EntryPoint\",\"urlTemplate\":\"https:\/\/afianeswines.gr\/fr\/?s={search_term_string}\"},\"query-input\":{\"@type\":\"PropertyValueSpecification\",\"valueRequired\":true,\"valueName\":\"search_term_string\"}}],\"inLanguage\":\"fr-FR\"}]}<\/script>\n<!-- \/ Yoast SEO plugin. -->","yoast_head_json":{"title":"C\u00e9pages - Afianes Wines","robots":{"index":"index","follow":"follow","max-snippet":"max-snippet:-1","max-image-preview":"max-image-preview:large","max-video-preview":"max-video-preview:-1"},"canonical":"https:\/\/afianeswines.gr\/fr\/nos-vins\/cepages\/","og_locale":"fr_FR","og_type":"article","og_title":"C\u00e9pages - Afianes Wines","og_description":"[vc_row full_width=\u00a0\u00bbstretch_row\u00a0\u00bb css=\u00a0\u00bb.vc_custom_1517560487592{padding-top: 50px !important;background-image: url(https:\/\/afianeswines.gr\/wp-content\/uploads\/2018\/02\/homepage_white_leaves.png?id=1390) !important;background-position: center !important;background-repeat: no-repeat !important;background-size: cover !important;}\u00a0\u00bb][vc_column width=\u00a0\u00bb1\/6&Prime;][\/vc_column][vc_column width=\u00a0\u00bb2\/3&Prime;][vc_column_text]Le sol du nord-ouest d&rsquo;Icarie est dot\u00e9 de certaines propri\u00e9t\u00e9s, dont la combinaison nous permet de produire des fruits et du vin d&rsquo;une texture et d&rsquo;un go\u00fbt uniques. C&rsquo;est du sable argileux avec un pH bas (acide), z\u00e9ro calcium actif, un Read More","og_url":"https:\/\/afianeswines.gr\/fr\/nos-vins\/cepages\/","og_site_name":"Afianes Wines","article_modified_time":"2021-05-06T09:44:07+00:00","og_image":[{"width":2000,"height":977,"url":"https:\/\/afianeswines.gr\/wp-content\/uploads\/2019\/07\/KFR_8289-1.jpg","type":"image\/jpeg"}],"twitter_card":"summary_large_image","twitter_misc":{"Dur\u00e9e de lecture estim\u00e9e":"5 minutes"},"schema":{"@context":"https:\/\/schema.org","@graph":[{"@type":"WebPage","@id":"https:\/\/afianeswines.gr\/fr\/nos-vins\/cepages\/","url":"https:\/\/afianeswines.gr\/fr\/nos-vins\/cepages\/","name":"C\u00e9pages - Afianes Wines","isPartOf":{"@id":"https:\/\/afianeswines.gr\/fr\/#website"},"primaryImageOfPage":{"@id":"https:\/\/afianeswines.gr\/fr\/nos-vins\/cepages\/#primaryimage"},"image":{"@id":"https:\/\/afianeswines.gr\/fr\/nos-vins\/cepages\/#primaryimage"},"thumbnailUrl":"https:\/\/afianeswines.gr\/wp-content\/uploads\/2019\/07\/KFR_8289-1.jpg","datePublished":"2019-06-30T21:18:05+00:00","dateModified":"2021-05-06T09:44:07+00:00","breadcrumb":{"@id":"https:\/\/afianeswines.gr\/fr\/nos-vins\/cepages\/#breadcrumb"},"inLanguage":"fr-FR","potentialAction":[{"@type":"ReadAction","target":["https:\/\/afianeswines.gr\/fr\/nos-vins\/cepages\/"]}]},{"@type":"ImageObject","inLanguage":"fr-FR","@id":"https:\/\/afianeswines.gr\/fr\/nos-vins\/cepages\/#primaryimage","url":"https:\/\/afianeswines.gr\/wp-content\/uploads\/2019\/07\/KFR_8289-1.jpg","contentUrl":"https:\/\/afianeswines.gr\/wp-content\/uploads\/2019\/07\/KFR_8289-1.jpg","width":2000,"height":977},{"@type":"BreadcrumbList","@id":"https:\/\/afianeswines.gr\/fr\/nos-vins\/cepages\/#breadcrumb","itemListElement":[{"@type":"ListItem","position":1,"name":"Home","item":"https:\/\/afianeswines.gr\/fr\/"},{"@type":"ListItem","position":2,"name":"Nos vins","item":"https:\/\/afianeswines.gr\/fr\/%cf%84%ce%b1-%ce%ba%cf%81%ce%b1%cf%83%ce%b9%ce%ac-%ce%bc%ce%b1%cf%82\/"},{"@type":"ListItem","position":3,"name":"C\u00e9pages"}]},{"@type":"WebSite","@id":"https:\/\/afianeswines.gr\/fr\/#website","url":"https:\/\/afianeswines.gr\/fr\/","name":"Afianes Wines","description":"\u039f\u03b9\u03bd\u03bf\u03c0\u03bf\u03b9\u03b5\u03af\u03bf \u0399\u03ba\u03b1\u03c1\u03af\u03b1 - \u0395\u03ba\u03bb\u03b5\u03ba\u03c4\u03ac \u03ba\u03c1\u03b1\u03c3\u03b9\u03ac","potentialAction":[{"@type":"SearchAction","target":{"@type":"EntryPoint","urlTemplate":"https:\/\/afianeswines.gr\/fr\/?s={search_term_string}"},"query-input":{"@type":"PropertyValueSpecification","valueRequired":true,"valueName":"search_term_string"}}],"inLanguage":"fr-FR"}]}},"_links":{"self":[{"href":"https:\/\/afianeswines.gr\/fr\/wp-json\/wp\/v2\/pages\/2912","targetHints":{"allow":["GET"]}}],"collection":[{"href":"https:\/\/afianeswines.gr\/fr\/wp-json\/wp\/v2\/pages"}],"about":[{"href":"https:\/\/afianeswines.gr\/fr\/wp-json\/wp\/v2\/types\/page"}],"author":[{"embeddable":true,"href":"https:\/\/afianeswines.gr\/fr\/wp-json\/wp\/v2\/users\/1"}],"replies":[{"embeddable":true,"href":"https:\/\/afianeswines.gr\/fr\/wp-json\/wp\/v2\/comments?post=2912"}],"version-history":[{"count":5,"href":"https:\/\/afianeswines.gr\/fr\/wp-json\/wp\/v2\/pages\/2912\/revisions"}],"predecessor-version":[{"id":35152,"href":"https:\/\/afianeswines.gr\/fr\/wp-json\/wp\/v2\/pages\/2912\/revisions\/35152"}],"up":[{"embeddable":true,"href":"https:\/\/afianeswines.gr\/fr\/wp-json\/wp\/v2\/pages\/2865"}],"wp:featuredmedia":[{"embeddable":true,"href":"https:\/\/afianeswines.gr\/fr\/wp-json\/wp\/v2\/media\/1974"}],"wp:attachment":[{"href":"https:\/\/afianeswines.gr\/fr\/wp-json\/wp\/v2\/media?parent=2912"}],"curies":[{"name":"wp","href":"https:\/\/api.w.org\/{rel}","templated":true}]}}