{"id":2907,"date":"2019-07-13T11:33:19","date_gmt":"2019-07-13T08:33:19","guid":{"rendered":"https:\/\/afianeswines.gr\/%cf%84%ce%b1-%ce%ba%cf%81%ce%b1%cf%83%ce%b9%ce%ac-%ce%bc%ce%b1%cf%82\/%ce%bf%ce%af%ce%bd%ce%bf%cf%82-%ce%ba%ce%b1%ce%b9-%cf%80%ce%b1%cf%81%ce%ac%ce%b4%ce%bf%cf%83%ce%b7\/"},"modified":"2021-05-06T12:49:28","modified_gmt":"2021-05-06T09:49:28","slug":"vin-et-tradition","status":"publish","type":"page","link":"https:\/\/afianeswines.gr\/fr\/nos-vins\/vin-et-tradition\/","title":{"rendered":"Vin et tradition"},"content":{"rendered":"<p>[vc_row][vc_column]\n\t<div class=\"title-subtitle-box   \" style=\" text-align: left;\">\n\t\t<h2 style=\" text-transform: uppercase; font-weight: 300; letter-spacing: 0px;\" >Icarie et le vin Pramneio de l'antiquit\u00e9<\/h2>\n\t<\/div> [vc_column_text]Le vin d&rsquo;Icarie, le \u00ab\u00a0Pramneio\u00a0\u00bb, comme on l&rsquo;appelait dans l&rsquo;Antiquit\u00e9, a une longue histoire.<\/p>\n<p>Il est n\u00e9 dans le mythe et \u00e9tait associ\u00e9 aux aventures et au culte du dieu Dionysos sur l&rsquo;\u00eele. Les d\u00e9couvertes arch\u00e9ologiques et plusieurs noms de lieux jusqu&rsquo;\u00e0 ce jour t\u00e9moignent que les rituels dionysiaques \u00e9taient r\u00e9pandus et particuli\u00e8rement populaires dans l&rsquo;\u00eele.<\/p>\n<p>Aujourd&rsquo;hui, le vin d&rsquo;Icarie, r\u00e9sultat d&rsquo;une ancienne recette de conservation du vin dans des pots en argile enterr\u00e9s sous terre, a acquis une reconnaissance formelle de son identit\u00e9. Gr\u00e2ce \u00e0 cela Icarie est inclus dans la liste des tr\u00e8s rares endroits au monde qui produisent des vins secs avec des niveaux d&rsquo;alcool naturellement \u00e9lev\u00e9s.[\/vc_column_text]\n\t<blockquote style=\"color: #b61c2a;\" class=\"gg-vc-quote vc_custom_1619616628861\">\n\t\u275dSelon Hom\u00e8re, les h\u00e9ros de l'Iliade go\u00fbtent aux pouvoirs magiques de ce vin pour booster leur fureur avant une bataille. Ils ont bu ``Kykeon`` qui \u00e9tait un tonique \u00e0 base de vin Pramneio m\u00e9lang\u00e9 avec de la farine d'orge et du fromage de ch\u00e8vre r\u00e2p\u00e9.\u275e\n\t<cite>\u038c\u03bc\u03b7\u03c1\u03bf\u03c2<\/cite>\n\t<\/blockquote>[\/vc_column][\/vc_row][vc_row full_width=\u00a0\u00bbstretch_row\u00a0\u00bb css=\u00a0\u00bb.vc_custom_1563007681315{padding-top: 10% !important;padding-bottom: 10% !important;background-color: #f1f1f1 !important;}\u00a0\u00bb][vc_column][vc_row_inner][vc_column_inner width=\u00a0\u00bb1\/2&Prime;][vc_single_image image=\u00a0\u00bb2450&Prime; img_size=\u00a0\u00bbfull\u00a0\u00bb][vc_column_text css=\u00a0\u00bb.vc_custom_1620294503366{padding-top: 10% !important;padding-right: 10% !important;padding-bottom: 10% !important;padding-left: 10% !important;}\u00a0\u00bb]Les auteurs de la litt\u00e9rature ancienne et post\u00e9rieure d\u00e9crivent les principales caract\u00e9ristiques du vin d&rsquo;Icarie avec presque les m\u00eames termes: \u00ab\u00a0Un vin qui n&rsquo;est ni doux ni gras, mais aust\u00e8re et dur\u00a0\u00bb. En particulier:<\/p>\n<p>&#8211; \u00ab\u00a0Le Pramneio, comme on dit, est gras et fortifiant et il ne convient pas pour couper la soif, mais plut\u00f4t pour apaiser la sati\u00e9t\u00e9.\u00a0\u00bb (Eustathe)<br \/>\n&#8211; \u00ab\u00a0\u2026 selon Frynichos, ni gras ni sucr\u00e9, mais pramneio.\u00a0\u00bb (Diog\u00e8ne Laertius)<br \/>\n&#8211; \u00abet ce vin est une sorte de vin qui n&rsquo;est ni doux ni gras, mais sec et dur et d&rsquo;une force excessive\u2026\u00bb (Athenaios)<br \/>\n&#8211; \u00ab\u00a0\u2026 c&rsquo;est un vin louable, bien que dur\u2026\u00a0\u00bb (Hesychius)<br \/>\n&#8211; \u00ab\u00a0le vin le vin d&rsquo;Icarie est fort et ils le m\u00e9langent toujours avec de l&rsquo;eau.\u00a0\u00bb (Georgir\u00e8nes)<br \/>\n&#8211; \u00ab\u00c1 Icarie, ils font un vin qu\u2019ils appellent\u00ab non m\u00e9lang\u00e9 \u00bbet c\u2019est dur et tr\u00e8s fort.\u00bb (Stamatiades)<\/p>\n<p>D&rsquo;autre part, en juin 2006, l&rsquo;\u00c9tat grec a attribu\u00e9 au vin d&rsquo;Icarie l&rsquo;indication g\u00e9ographique prot\u00e9g\u00e9 \u00ab Vin local \u00bb. C&rsquo;est le r\u00e9sultat d&rsquo;un effort collectif de cinq ans engag\u00e9 activement par les autorit\u00e9s locales du premier et deuxi\u00e8me degr\u00e9, ainsi que par Afianes Wines. Le premier document officiel qui reconna\u00eet la particularit\u00e9 du vignoble d&rsquo;Icarie, est la d\u00e9cision du Ministre de l&rsquo;Agriculture autorisant la culture du c\u00e9page \u00ab Fokiano \u00bb \u00e0 Icarie, rendue le 3 janvier 1970[\/vc_column_text][\/vc_column_inner][vc_column_inner width=\u00a0\u00bb1\/2&Prime;][vc_column_text css=\u00a0\u00bb.vc_custom_1620294553970{padding-top: 0px !important;padding-right: 10% !important;padding-bottom: 10% !important;padding-left: 10% !important;}\u00a0\u00bb]La position d&rsquo;Icarie parmi les r\u00e9gions viticoles du monde devrait augmenter encore davantage gr\u00e2ce \u00e0 un certain nombre d&rsquo;\u00e9tudes universitaires qui sont actuellement en cours de d\u00e9veloppement. Pour \u00eatre plus pr\u00e9cis, les \u0153nologues reconnaissent aujourd&rsquo;hui qu&rsquo;un r\u00f4le tr\u00e8s important dans les propri\u00e9t\u00e9s organoleptiques du vin est revendiqu\u00e9 par le champignon que l&rsquo;on trouve dans diff\u00e9rentes r\u00e9gions. En termes plus simples, diff\u00e9rents champignons dans le m\u00eame raisin produiront des vins diff\u00e9rents.<\/p>\n<p>Compte tenu de ce fait, des recherches sont men\u00e9es par des \u00e9quipes acad\u00e9miques pour localiser le groupe sp\u00e9cifique de micro-organismes qui coop\u00e8rent et attribuent au vin la propri\u00e9t\u00e9 unique et inhabituelle de pouvoir m\u00fbrir \u00e0 une concentration d&rsquo;alcool sup\u00e9rieure \u00e0 16 degr\u00e9s dans des conditions normales de l\u2019environnement.<\/p>\n<p>En effet, au d\u00e9but des ann\u00e9es 1900 et dans les ann\u00e9es 1920 le vin d&rsquo;Icarie repr\u00e9sentait environ 1\/3 de la production de l&rsquo;\u00eele (selon les informations des livres G. Lomvardas, \u201cIkaria, geographike tes Nesou perigrafe\u201d, and L. Spanos, \u201cIkariaka Chronika\u201d). Donc nous nous demandons si notre vin ne pourrait-il pas aujourd&rsquo;hui conserver \u00e0 juste titre une grande partie de l&rsquo;\u00e9conomie de notre \u00eele ?[\/vc_column_text][vc_single_image image=\u00a0\u00bb2447&Prime; img_size=\u00a0\u00bbfull\u00a0\u00bb][\/vc_column_inner][\/vc_row_inner][\/vc_column][\/vc_row][vc_row css=\u00a0\u00bb.vc_custom_1563007691529{padding-top: 10% !important;}\u00a0\u00bb][vc_column]\n\t<div class=\"title-subtitle-box  vc_custom_1619617901437 \" style=\" text-align: center;\">\n\t\t<h2 style=\" text-transform: uppercase; font-weight: 300; letter-spacing: 0px;\" >\u00abLa vigne d'Icarie\u00bb<\/h2>\n\t<\/div> [vc_row_inner css=\u00a0\u00bb.vc_custom_1563007731833{margin-top: 0px !important;padding-top: 0px !important;}\u00a0\u00bb][vc_column_inner][vc_column_text css=\u00a0\u00bb.vc_custom_1619618195598{padding-top: 10px !important;padding-right: 10% !important;padding-bottom: 20px !important;padding-left: 10% !important;}\u00a0\u00bb]<\/p>\n<p align=\"JUSTIFY\">Une collection de r\u00e9f\u00e9rences sur le vin d&rsquo;Icarie de l&rsquo;Antiquit\u00e9 \u00e0 nos jours. Une \u00e9dition grecque \/ anglaise par AFIANES WINES, Ikaria \u00a9 2004. Premi\u00e8re \u00e9dition imprim\u00e9e \u00e0 1.000 exemplaires sur papier Modigliani Neve.<\/p>\n<ul>\n<li class=\"firstItem\">\n<p align=\"JUSTIFY\">\u00c9diteur: Nikolaos Afianes, soci\u00e9t\u00e9 Ikariakon Meleton, Universit\u00e9 de la mer \u00c9g\u00e9e (Projet \u00abNaias\u00bb)<\/p>\n<\/li>\n<li>\n<p align=\"JUSTIFY\">Recherche, archives et photographie: Christos Malachias<\/p>\n<\/li>\n<li>\n<p align=\"JUSTIFY\">Collecte et classification du mat\u00e9riel: Nikos Afianes<\/p>\n<\/li>\n<li>\n<p align=\"JUSTIFY\">\u00c9diteur de texte: Argyro Fakarou<\/p>\n<\/li>\n<li>\n<p align=\"JUSTIFY\">Traduction en anglais: Angelos Kalokairinos<\/p>\n<\/li>\n<li>\n<p align=\"JUSTIFY\">Mise en page et traitement d&rsquo;image: Kostis Pinas<\/p>\n<\/li>\n<li class=\"lastItem\">\n<p align=\"JUSTIFY\">Imprimeur: Artipos<\/p>\n<\/li>\n<\/ul>\n<p>[\/vc_column_text][vc_btn title=\u00a0\u00bbVous pouvez \u00e9galement lire et t\u00e9l\u00e9charger l&rsquo;\u00e9dition \u00ab\u00a0La vigne d&rsquo;Icarie\u00ab\u00a0\u00a0\u00bb style=\u00a0\u00bbflat\u00a0\u00bb color=\u00a0\u00bbblack\u00a0\u00bb align=\u00a0\u00bbcenter\u00a0\u00bb i_icon_fontawesome=\u00a0\u00bb\u00a0\u00bb add_icon=\u00a0\u00bbtrue\u00a0\u00bb link=\u00a0\u00bburl:http%3A%2F%2Fafianeswines.gr%2Fwp-content%2Fuploads%2F2019%2F07%2Fafianes.pdf||target:%20_blank|\u00a0\u00bb][\/vc_column_inner][\/vc_row_inner][\/vc_column][\/vc_row]<\/p>\n","protected":false},"excerpt":{"rendered":"<p>[vc_row][vc_column][vc_column_text]Le vin d&rsquo;Icarie, le \u00ab\u00a0Pramneio\u00a0\u00bb, comme on l&rsquo;appelait dans l&rsquo;Antiquit\u00e9, a une longue histoire. Il est n\u00e9 dans le mythe et \u00e9tait associ\u00e9 aux aventures et au culte du dieu Dionysos sur l&rsquo;\u00eele. Les d\u00e9couvertes arch\u00e9ologiques et plusieurs noms de lieux jusqu&rsquo;\u00e0 ce jour t\u00e9moignent que les rituels dionysiaques \u00e9taient r\u00e9pandus et particuli\u00e8rement populaires dans<br class=\"read-more-spacer\"> <a class=\"more-link\" href=\"https:\/\/afianeswines.gr\/fr\/nos-vins\/vin-et-tradition\/\">Read More<\/a><\/p>\n","protected":false},"author":1,"featured_media":2469,"parent":2865,"menu_order":0,"comment_status":"closed","ping_status":"closed","template":"","meta":{"footnotes":""},"class_list":["post-2907","page","type-page","status-publish","has-post-thumbnail","hentry"],"yoast_head":"<!-- This site is optimized with the Yoast SEO plugin v27.2 - https:\/\/yoast.com\/product\/yoast-seo-wordpress\/ -->\n<title>Vin et tradition - Afianes Wines<\/title>\n<meta name=\"robots\" content=\"index, follow, max-snippet:-1, max-image-preview:large, max-video-preview:-1\" \/>\n<link rel=\"canonical\" href=\"https:\/\/afianeswines.gr\/fr\/nos-vins\/vin-et-tradition\/\" \/>\n<meta property=\"og:locale\" content=\"fr_FR\" \/>\n<meta property=\"og:type\" content=\"article\" \/>\n<meta property=\"og:title\" content=\"Vin et tradition - Afianes Wines\" \/>\n<meta property=\"og:description\" content=\"[vc_row][vc_column][vc_column_text]Le vin d&rsquo;Icarie, le \u00ab\u00a0Pramneio\u00a0\u00bb, comme on l&rsquo;appelait dans l&rsquo;Antiquit\u00e9, a une longue histoire. Il est n\u00e9 dans le mythe et \u00e9tait associ\u00e9 aux aventures et au culte du dieu Dionysos sur l&rsquo;\u00eele. Les d\u00e9couvertes arch\u00e9ologiques et plusieurs noms de lieux jusqu&rsquo;\u00e0 ce jour t\u00e9moignent que les rituels dionysiaques \u00e9taient r\u00e9pandus et particuli\u00e8rement populaires dans Read More\" \/>\n<meta property=\"og:url\" content=\"https:\/\/afianeswines.gr\/fr\/nos-vins\/vin-et-tradition\/\" \/>\n<meta property=\"og:site_name\" content=\"Afianes Wines\" \/>\n<meta property=\"article:modified_time\" content=\"2021-05-06T09:49:28+00:00\" \/>\n<meta property=\"og:image\" content=\"https:\/\/afianeswines.gr\/wp-content\/uploads\/2019\/07\/oinos-paradosi-header-1.jpg\" \/>\n\t<meta property=\"og:image:width\" content=\"2000\" \/>\n\t<meta property=\"og:image:height\" content=\"463\" \/>\n\t<meta property=\"og:image:type\" content=\"image\/jpeg\" \/>\n<meta name=\"twitter:card\" content=\"summary_large_image\" \/>\n<meta name=\"twitter:label1\" content=\"Dur\u00e9e de lecture estim\u00e9e\" \/>\n\t<meta name=\"twitter:data1\" content=\"4 minutes\" \/>\n<script type=\"application\/ld+json\" class=\"yoast-schema-graph\">{\"@context\":\"https:\/\/schema.org\",\"@graph\":[{\"@type\":\"WebPage\",\"@id\":\"https:\/\/afianeswines.gr\/fr\/nos-vins\/vin-et-tradition\/\",\"url\":\"https:\/\/afianeswines.gr\/fr\/nos-vins\/vin-et-tradition\/\",\"name\":\"Vin et tradition - Afianes Wines\",\"isPartOf\":{\"@id\":\"https:\/\/afianeswines.gr\/fr\/#website\"},\"primaryImageOfPage\":{\"@id\":\"https:\/\/afianeswines.gr\/fr\/nos-vins\/vin-et-tradition\/#primaryimage\"},\"image\":{\"@id\":\"https:\/\/afianeswines.gr\/fr\/nos-vins\/vin-et-tradition\/#primaryimage\"},\"thumbnailUrl\":\"https:\/\/afianeswines.gr\/wp-content\/uploads\/2019\/07\/oinos-paradosi-header-1.jpg\",\"datePublished\":\"2019-07-13T08:33:19+00:00\",\"dateModified\":\"2021-05-06T09:49:28+00:00\",\"breadcrumb\":{\"@id\":\"https:\/\/afianeswines.gr\/fr\/nos-vins\/vin-et-tradition\/#breadcrumb\"},\"inLanguage\":\"fr-FR\",\"potentialAction\":[{\"@type\":\"ReadAction\",\"target\":[\"https:\/\/afianeswines.gr\/fr\/nos-vins\/vin-et-tradition\/\"]}]},{\"@type\":\"ImageObject\",\"inLanguage\":\"fr-FR\",\"@id\":\"https:\/\/afianeswines.gr\/fr\/nos-vins\/vin-et-tradition\/#primaryimage\",\"url\":\"https:\/\/afianeswines.gr\/wp-content\/uploads\/2019\/07\/oinos-paradosi-header-1.jpg\",\"contentUrl\":\"https:\/\/afianeswines.gr\/wp-content\/uploads\/2019\/07\/oinos-paradosi-header-1.jpg\",\"width\":2000,\"height\":463},{\"@type\":\"BreadcrumbList\",\"@id\":\"https:\/\/afianeswines.gr\/fr\/nos-vins\/vin-et-tradition\/#breadcrumb\",\"itemListElement\":[{\"@type\":\"ListItem\",\"position\":1,\"name\":\"Home\",\"item\":\"https:\/\/afianeswines.gr\/fr\/\"},{\"@type\":\"ListItem\",\"position\":2,\"name\":\"Nos vins\",\"item\":\"https:\/\/afianeswines.gr\/fr\/%cf%84%ce%b1-%ce%ba%cf%81%ce%b1%cf%83%ce%b9%ce%ac-%ce%bc%ce%b1%cf%82\/\"},{\"@type\":\"ListItem\",\"position\":3,\"name\":\"Vin et tradition\"}]},{\"@type\":\"WebSite\",\"@id\":\"https:\/\/afianeswines.gr\/fr\/#website\",\"url\":\"https:\/\/afianeswines.gr\/fr\/\",\"name\":\"Afianes Wines\",\"description\":\"\u039f\u03b9\u03bd\u03bf\u03c0\u03bf\u03b9\u03b5\u03af\u03bf \u0399\u03ba\u03b1\u03c1\u03af\u03b1 - \u0395\u03ba\u03bb\u03b5\u03ba\u03c4\u03ac \u03ba\u03c1\u03b1\u03c3\u03b9\u03ac\",\"potentialAction\":[{\"@type\":\"SearchAction\",\"target\":{\"@type\":\"EntryPoint\",\"urlTemplate\":\"https:\/\/afianeswines.gr\/fr\/?s={search_term_string}\"},\"query-input\":{\"@type\":\"PropertyValueSpecification\",\"valueRequired\":true,\"valueName\":\"search_term_string\"}}],\"inLanguage\":\"fr-FR\"}]}<\/script>\n<!-- \/ Yoast SEO plugin. -->","yoast_head_json":{"title":"Vin et tradition - Afianes Wines","robots":{"index":"index","follow":"follow","max-snippet":"max-snippet:-1","max-image-preview":"max-image-preview:large","max-video-preview":"max-video-preview:-1"},"canonical":"https:\/\/afianeswines.gr\/fr\/nos-vins\/vin-et-tradition\/","og_locale":"fr_FR","og_type":"article","og_title":"Vin et tradition - Afianes Wines","og_description":"[vc_row][vc_column][vc_column_text]Le vin d&rsquo;Icarie, le \u00ab\u00a0Pramneio\u00a0\u00bb, comme on l&rsquo;appelait dans l&rsquo;Antiquit\u00e9, a une longue histoire. Il est n\u00e9 dans le mythe et \u00e9tait associ\u00e9 aux aventures et au culte du dieu Dionysos sur l&rsquo;\u00eele. Les d\u00e9couvertes arch\u00e9ologiques et plusieurs noms de lieux jusqu&rsquo;\u00e0 ce jour t\u00e9moignent que les rituels dionysiaques \u00e9taient r\u00e9pandus et particuli\u00e8rement populaires dans Read More","og_url":"https:\/\/afianeswines.gr\/fr\/nos-vins\/vin-et-tradition\/","og_site_name":"Afianes Wines","article_modified_time":"2021-05-06T09:49:28+00:00","og_image":[{"width":2000,"height":463,"url":"https:\/\/afianeswines.gr\/wp-content\/uploads\/2019\/07\/oinos-paradosi-header-1.jpg","type":"image\/jpeg"}],"twitter_card":"summary_large_image","twitter_misc":{"Dur\u00e9e de lecture estim\u00e9e":"4 minutes"},"schema":{"@context":"https:\/\/schema.org","@graph":[{"@type":"WebPage","@id":"https:\/\/afianeswines.gr\/fr\/nos-vins\/vin-et-tradition\/","url":"https:\/\/afianeswines.gr\/fr\/nos-vins\/vin-et-tradition\/","name":"Vin et tradition - Afianes Wines","isPartOf":{"@id":"https:\/\/afianeswines.gr\/fr\/#website"},"primaryImageOfPage":{"@id":"https:\/\/afianeswines.gr\/fr\/nos-vins\/vin-et-tradition\/#primaryimage"},"image":{"@id":"https:\/\/afianeswines.gr\/fr\/nos-vins\/vin-et-tradition\/#primaryimage"},"thumbnailUrl":"https:\/\/afianeswines.gr\/wp-content\/uploads\/2019\/07\/oinos-paradosi-header-1.jpg","datePublished":"2019-07-13T08:33:19+00:00","dateModified":"2021-05-06T09:49:28+00:00","breadcrumb":{"@id":"https:\/\/afianeswines.gr\/fr\/nos-vins\/vin-et-tradition\/#breadcrumb"},"inLanguage":"fr-FR","potentialAction":[{"@type":"ReadAction","target":["https:\/\/afianeswines.gr\/fr\/nos-vins\/vin-et-tradition\/"]}]},{"@type":"ImageObject","inLanguage":"fr-FR","@id":"https:\/\/afianeswines.gr\/fr\/nos-vins\/vin-et-tradition\/#primaryimage","url":"https:\/\/afianeswines.gr\/wp-content\/uploads\/2019\/07\/oinos-paradosi-header-1.jpg","contentUrl":"https:\/\/afianeswines.gr\/wp-content\/uploads\/2019\/07\/oinos-paradosi-header-1.jpg","width":2000,"height":463},{"@type":"BreadcrumbList","@id":"https:\/\/afianeswines.gr\/fr\/nos-vins\/vin-et-tradition\/#breadcrumb","itemListElement":[{"@type":"ListItem","position":1,"name":"Home","item":"https:\/\/afianeswines.gr\/fr\/"},{"@type":"ListItem","position":2,"name":"Nos vins","item":"https:\/\/afianeswines.gr\/fr\/%cf%84%ce%b1-%ce%ba%cf%81%ce%b1%cf%83%ce%b9%ce%ac-%ce%bc%ce%b1%cf%82\/"},{"@type":"ListItem","position":3,"name":"Vin et tradition"}]},{"@type":"WebSite","@id":"https:\/\/afianeswines.gr\/fr\/#website","url":"https:\/\/afianeswines.gr\/fr\/","name":"Afianes Wines","description":"\u039f\u03b9\u03bd\u03bf\u03c0\u03bf\u03b9\u03b5\u03af\u03bf \u0399\u03ba\u03b1\u03c1\u03af\u03b1 - \u0395\u03ba\u03bb\u03b5\u03ba\u03c4\u03ac \u03ba\u03c1\u03b1\u03c3\u03b9\u03ac","potentialAction":[{"@type":"SearchAction","target":{"@type":"EntryPoint","urlTemplate":"https:\/\/afianeswines.gr\/fr\/?s={search_term_string}"},"query-input":{"@type":"PropertyValueSpecification","valueRequired":true,"valueName":"search_term_string"}}],"inLanguage":"fr-FR"}]}},"_links":{"self":[{"href":"https:\/\/afianeswines.gr\/fr\/wp-json\/wp\/v2\/pages\/2907","targetHints":{"allow":["GET"]}}],"collection":[{"href":"https:\/\/afianeswines.gr\/fr\/wp-json\/wp\/v2\/pages"}],"about":[{"href":"https:\/\/afianeswines.gr\/fr\/wp-json\/wp\/v2\/types\/page"}],"author":[{"embeddable":true,"href":"https:\/\/afianeswines.gr\/fr\/wp-json\/wp\/v2\/users\/1"}],"replies":[{"embeddable":true,"href":"https:\/\/afianeswines.gr\/fr\/wp-json\/wp\/v2\/comments?post=2907"}],"version-history":[{"count":4,"href":"https:\/\/afianeswines.gr\/fr\/wp-json\/wp\/v2\/pages\/2907\/revisions"}],"predecessor-version":[{"id":35153,"href":"https:\/\/afianeswines.gr\/fr\/wp-json\/wp\/v2\/pages\/2907\/revisions\/35153"}],"up":[{"embeddable":true,"href":"https:\/\/afianeswines.gr\/fr\/wp-json\/wp\/v2\/pages\/2865"}],"wp:featuredmedia":[{"embeddable":true,"href":"https:\/\/afianeswines.gr\/fr\/wp-json\/wp\/v2\/media\/2469"}],"wp:attachment":[{"href":"https:\/\/afianeswines.gr\/fr\/wp-json\/wp\/v2\/media?parent=2907"}],"curies":[{"name":"wp","href":"https:\/\/api.w.org\/{rel}","templated":true}]}}