{"id":2858,"date":"2019-06-30T01:42:26","date_gmt":"2019-06-29T22:42:26","guid":{"rendered":"https:\/\/afianeswines.gr\/%ce%ba%cf%84%ce%ae%ce%bc%ce%b1-%ce%b1%cf%86%ce%b9%ce%b1%ce%bd%ce%ad%cf%82\/%cf%84%ce%bf-%cf%83%cf%8d%ce%bc%ce%b2%ce%bf%ce%bb%cf%8c-%ce%bc%ce%b1%cf%82\/"},"modified":"2021-05-06T12:13:49","modified_gmt":"2021-05-06T09:13:49","slug":"notre-symbole","status":"publish","type":"page","link":"https:\/\/afianeswines.gr\/fr\/domaine-afianes\/notre-symbole\/","title":{"rendered":"Notre symbole"},"content":{"rendered":"<p>[vc_row][vc_column]\n\t<div class=\"title-subtitle-box   \" style=\" text-align: left;\">\n\t\t<h2 style=\" text-transform: uppercase; font-weight: 300; letter-spacing: 0px;\" >\u00abSIFOUNI ET AVLI\u00bb<\/h2>\n\t<\/div> [vc_row_inner][vc_column_inner width=\u00a0\u00bb1\/2&Prime;][vc_single_image image=\u00a0\u00bb2642&Prime; img_size=\u00a0\u00bbfull\u00a0\u00bb][vc_column_text css=\u00a0\u00bb.vc_custom_1620292316890{padding-top: 10% !important;padding-right: 10% !important;padding-bottom: 10% !important;padding-left: 10% !important;}\u00a0\u00bb]La source d&rsquo;inspiration pour la cr\u00e9ation de notre \u00ab\u00a0logo\u00a0\u00bb a \u00e9t\u00e9 le \u00ab\u00a0sifouni\u00a0\u00bb, l&rsquo;ustensile de pompage traditionnel du vin. Il symbolise l&rsquo;ing\u00e9niosit\u00e9 des habitants d&rsquo;Icarie, car ils utilisaient de mani\u00e8re unique ce type sp\u00e9cifique de citrouille. En effet, celle-ci servait d&rsquo;ustensile m\u00e9nager (par exemple assiette, pot, louche) ou comme une d\u00e9coration dans d&rsquo;autres soci\u00e9t\u00e9s.<\/p>\n<p>Lorsque la \u00ab\u00a01\u00e8re Conf\u00e9rence internationale sur l&rsquo;arch\u00e9ologie du vin\u00a0\u00bb a eu lieu \u00e0 Icarie en 2007, des scientifiques du monde entier ont reconnu que cette utilisation particuli\u00e8re de la citrouille n&rsquo;a \u00e9t\u00e9 enregistr\u00e9e nulle part ailleurs. Ce n&rsquo;est qu&rsquo;\u00e0 Chypre qu&rsquo;il y avait un ancien r\u00e9cipient en argile avec une utilisation similaire, mais beaucoup plus petit en volume.[\/vc_column_text][\/vc_column_inner][vc_column_inner width=\u00a0\u00bb1\/2&Prime;][vc_column_text css=\u00a0\u00bb.vc_custom_1620292392230{padding-top: 0px !important;padding-right: 10% !important;padding-bottom: 10% !important;padding-left: 10% !important;}\u00a0\u00bb]Le principe de fonctionnement du \u00ab\u00a0sifouni\u00a0\u00bb utilise la loi de l&rsquo;hydrodynamique. Ainsi, lorsque deux r\u00e9cipients communiquent, le liquide du r\u00e9cipient haute pression se d\u00e9place vers le r\u00e9cipient basse pression, de mani\u00e8re \u00e0 \u00e9quilibrer les pressions.<\/p>\n<p>Lorsque nous voulons pomper du vin, nous retirons une petite quantit\u00e9 d&rsquo;air de la citrouille (r\u00e9duisant la pression). Ensuite, nous fermons l&#8217;embout buccal avec notre langue et le vin commence \u00e0 monter du pot. Tandis nous sentons la langue se d\u00e9tacher, nous prenons une courte respiration et continuons le flux, un processus qui se r\u00e9p\u00e8te jusqu&rsquo;\u00e0 ce que le \u00ab\u00a0sifouni\u00a0\u00bb soit plein. Avec un effort continu, le \u00ab\u00a0sifouni\u00a0\u00bb se remplit de 3-4 litres de vin, sans retourner ni m\u00e9langer le vin.[\/vc_column_text][vc_single_image image=\u00a0\u00bb1601&Prime; img_size=\u00a0\u00bbfull\u00a0\u00bb][\/vc_column_inner][\/vc_row_inner][vc_row_inner][vc_column_inner][vc_column_text css=\u00a0\u00bb.vc_custom_1619534995269{padding-top: 10% !important;padding-right: 10% !important;padding-bottom: 10% !important;padding-left: 10% !important;}\u00a0\u00bb]La tige qui relie le vin \u00e0 l&rsquo;ustensile (sifouni) s&rsquo;appelle \u00ab\u00a0avli\u00a0\u00bb et le petit bec en paille s&rsquo;appelle \u00ab\u00a0bibili\u00a0\u00bb. La citrouille, a besoin de soins constants de la part de quelqu&rsquo;un qui sait la mettre en forme, afin de devenir un ustensile utilitaire.<\/p>\n<p>Plusieurs chansons traditionnelles ont \u00e9t\u00e9 compos\u00e9es, y compris l&rsquo;utilisation du sifouni ainsi que des dictons bien connus, qui nous ont \u00e9t\u00e9 transmis \u00e0 travers les g\u00e9n\u00e9rations pass\u00e9es.[\/vc_column_text][\/vc_column_inner][\/vc_row_inner][vc_row_inner][vc_column_inner][vc_video link=\u00a0\u00bbhttps:\/\/www.youtube.com\/watch?v=hhihQ0DTyt4&Prime;][\/vc_column_inner][\/vc_row_inner][vc_column_text css=\u00a0\u00bb.vc_custom_1619533916086{padding-top: 10% !important;padding-right: 10% !important;padding-bottom: 10% !important;padding-left: 10% !important;}\u00a0\u00bb]<em>* Du cd: \u00ab\u00a0Ikaria Methexis\u00a0\u00bb, \u00e9dit\u00e9 et orchestr\u00e9 par Alexander Spitzing. Les sons du pass\u00e9 sont combin\u00e9s avec le pr\u00e9sent. Quinze musiciens et chanteurs y ont particip\u00e9. Le Violoniste Lefteris Poulis (Skatzakas). Yannis Loukos, guitare et chanson. Christina Metsika toubeleki, grattoir et chanson. Alexander Spitzing joue du luth, Oud, clarinette. Artemis Matophia, sur la chanson. Alekos Stamatopoulos, toubeleki.<\/em>[\/vc_column_text][\/vc_column][\/vc_row]<\/p>\n","protected":false},"excerpt":{"rendered":"<p>[vc_row][vc_column][vc_row_inner][vc_column_inner width=\u00a0\u00bb1\/2&Prime;][vc_single_image image=\u00a0\u00bb2642&Prime; img_size=\u00a0\u00bbfull\u00a0\u00bb][vc_column_text css=\u00a0\u00bb.vc_custom_1620292316890{padding-top: 10% !important;padding-right: 10% !important;padding-bottom: 10% !important;padding-left: 10% !important;}\u00a0\u00bb]La source d&rsquo;inspiration pour la cr\u00e9ation de notre \u00ab\u00a0logo\u00a0\u00bb a \u00e9t\u00e9 le \u00ab\u00a0sifouni\u00a0\u00bb, l&rsquo;ustensile de pompage traditionnel du vin. Il symbolise l&rsquo;ing\u00e9niosit\u00e9 des habitants d&rsquo;Icarie, car ils utilisaient de mani\u00e8re unique ce type sp\u00e9cifique de citrouille. En effet, celle-ci servait d&rsquo;ustensile m\u00e9nager (par<br class=\"read-more-spacer\"> <a class=\"more-link\" href=\"https:\/\/afianeswines.gr\/fr\/domaine-afianes\/notre-symbole\/\">Read More<\/a><\/p>\n","protected":false},"author":1,"featured_media":2645,"parent":2790,"menu_order":0,"comment_status":"closed","ping_status":"closed","template":"","meta":{"footnotes":""},"class_list":["post-2858","page","type-page","status-publish","has-post-thumbnail","hentry"],"yoast_head":"<!-- This site is optimized with the Yoast SEO plugin v27.2 - https:\/\/yoast.com\/product\/yoast-seo-wordpress\/ -->\n<title>Notre symbole - Afianes Wines<\/title>\n<meta name=\"robots\" content=\"index, follow, max-snippet:-1, max-image-preview:large, max-video-preview:-1\" \/>\n<link rel=\"canonical\" href=\"https:\/\/afianeswines.gr\/fr\/domaine-afianes\/notre-symbole\/\" \/>\n<meta property=\"og:locale\" content=\"fr_FR\" \/>\n<meta property=\"og:type\" content=\"article\" \/>\n<meta property=\"og:title\" content=\"Notre symbole - Afianes Wines\" \/>\n<meta property=\"og:description\" content=\"[vc_row][vc_column][vc_row_inner][vc_column_inner width=\u00a0\u00bb1\/2&Prime;][vc_single_image image=\u00a0\u00bb2642&Prime; img_size=\u00a0\u00bbfull\u00a0\u00bb][vc_column_text css=\u00a0\u00bb.vc_custom_1620292316890{padding-top: 10% !important;padding-right: 10% !important;padding-bottom: 10% !important;padding-left: 10% !important;}\u00a0\u00bb]La source d&rsquo;inspiration pour la cr\u00e9ation de notre \u00ab\u00a0logo\u00a0\u00bb a \u00e9t\u00e9 le \u00ab\u00a0sifouni\u00a0\u00bb, l&rsquo;ustensile de pompage traditionnel du vin. Il symbolise l&rsquo;ing\u00e9niosit\u00e9 des habitants d&rsquo;Icarie, car ils utilisaient de mani\u00e8re unique ce type sp\u00e9cifique de citrouille. En effet, celle-ci servait d&rsquo;ustensile m\u00e9nager (par Read More\" \/>\n<meta property=\"og:url\" content=\"https:\/\/afianeswines.gr\/fr\/domaine-afianes\/notre-symbole\/\" \/>\n<meta property=\"og:site_name\" content=\"Afianes Wines\" \/>\n<meta property=\"article:modified_time\" content=\"2021-05-06T09:13:49+00:00\" \/>\n<meta property=\"og:image\" content=\"https:\/\/afianeswines.gr\/wp-content\/uploads\/2019\/07\/symbolo-header.jpg\" \/>\n\t<meta property=\"og:image:width\" content=\"2000\" \/>\n\t<meta property=\"og:image:height\" content=\"611\" \/>\n\t<meta property=\"og:image:type\" content=\"image\/jpeg\" \/>\n<meta name=\"twitter:card\" content=\"summary_large_image\" \/>\n<meta name=\"twitter:label1\" content=\"Dur\u00e9e de lecture estim\u00e9e\" \/>\n\t<meta name=\"twitter:data1\" content=\"2 minutes\" \/>\n<script type=\"application\/ld+json\" class=\"yoast-schema-graph\">{\"@context\":\"https:\/\/schema.org\",\"@graph\":[{\"@type\":\"WebPage\",\"@id\":\"https:\/\/afianeswines.gr\/fr\/domaine-afianes\/notre-symbole\/\",\"url\":\"https:\/\/afianeswines.gr\/fr\/domaine-afianes\/notre-symbole\/\",\"name\":\"Notre symbole - Afianes Wines\",\"isPartOf\":{\"@id\":\"https:\/\/afianeswines.gr\/fr\/#website\"},\"primaryImageOfPage\":{\"@id\":\"https:\/\/afianeswines.gr\/fr\/domaine-afianes\/notre-symbole\/#primaryimage\"},\"image\":{\"@id\":\"https:\/\/afianeswines.gr\/fr\/domaine-afianes\/notre-symbole\/#primaryimage\"},\"thumbnailUrl\":\"https:\/\/afianeswines.gr\/wp-content\/uploads\/2019\/07\/symbolo-header.jpg\",\"datePublished\":\"2019-06-29T22:42:26+00:00\",\"dateModified\":\"2021-05-06T09:13:49+00:00\",\"breadcrumb\":{\"@id\":\"https:\/\/afianeswines.gr\/fr\/domaine-afianes\/notre-symbole\/#breadcrumb\"},\"inLanguage\":\"fr-FR\",\"potentialAction\":[{\"@type\":\"ReadAction\",\"target\":[\"https:\/\/afianeswines.gr\/fr\/domaine-afianes\/notre-symbole\/\"]}]},{\"@type\":\"ImageObject\",\"inLanguage\":\"fr-FR\",\"@id\":\"https:\/\/afianeswines.gr\/fr\/domaine-afianes\/notre-symbole\/#primaryimage\",\"url\":\"https:\/\/afianeswines.gr\/wp-content\/uploads\/2019\/07\/symbolo-header.jpg\",\"contentUrl\":\"https:\/\/afianeswines.gr\/wp-content\/uploads\/2019\/07\/symbolo-header.jpg\",\"width\":2000,\"height\":611},{\"@type\":\"BreadcrumbList\",\"@id\":\"https:\/\/afianeswines.gr\/fr\/domaine-afianes\/notre-symbole\/#breadcrumb\",\"itemListElement\":[{\"@type\":\"ListItem\",\"position\":1,\"name\":\"Home\",\"item\":\"https:\/\/afianeswines.gr\/fr\/\"},{\"@type\":\"ListItem\",\"position\":2,\"name\":\"Domaine Afianes\",\"item\":\"https:\/\/afianeswines.gr\/fr\/domaine-afianes\/\"},{\"@type\":\"ListItem\",\"position\":3,\"name\":\"Notre symbole\"}]},{\"@type\":\"WebSite\",\"@id\":\"https:\/\/afianeswines.gr\/fr\/#website\",\"url\":\"https:\/\/afianeswines.gr\/fr\/\",\"name\":\"Afianes Wines\",\"description\":\"\u039f\u03b9\u03bd\u03bf\u03c0\u03bf\u03b9\u03b5\u03af\u03bf \u0399\u03ba\u03b1\u03c1\u03af\u03b1 - \u0395\u03ba\u03bb\u03b5\u03ba\u03c4\u03ac \u03ba\u03c1\u03b1\u03c3\u03b9\u03ac\",\"potentialAction\":[{\"@type\":\"SearchAction\",\"target\":{\"@type\":\"EntryPoint\",\"urlTemplate\":\"https:\/\/afianeswines.gr\/fr\/?s={search_term_string}\"},\"query-input\":{\"@type\":\"PropertyValueSpecification\",\"valueRequired\":true,\"valueName\":\"search_term_string\"}}],\"inLanguage\":\"fr-FR\"}]}<\/script>\n<!-- \/ Yoast SEO plugin. -->","yoast_head_json":{"title":"Notre symbole - Afianes Wines","robots":{"index":"index","follow":"follow","max-snippet":"max-snippet:-1","max-image-preview":"max-image-preview:large","max-video-preview":"max-video-preview:-1"},"canonical":"https:\/\/afianeswines.gr\/fr\/domaine-afianes\/notre-symbole\/","og_locale":"fr_FR","og_type":"article","og_title":"Notre symbole - Afianes Wines","og_description":"[vc_row][vc_column][vc_row_inner][vc_column_inner width=\u00a0\u00bb1\/2&Prime;][vc_single_image image=\u00a0\u00bb2642&Prime; img_size=\u00a0\u00bbfull\u00a0\u00bb][vc_column_text css=\u00a0\u00bb.vc_custom_1620292316890{padding-top: 10% !important;padding-right: 10% !important;padding-bottom: 10% !important;padding-left: 10% !important;}\u00a0\u00bb]La source d&rsquo;inspiration pour la cr\u00e9ation de notre \u00ab\u00a0logo\u00a0\u00bb a \u00e9t\u00e9 le \u00ab\u00a0sifouni\u00a0\u00bb, l&rsquo;ustensile de pompage traditionnel du vin. Il symbolise l&rsquo;ing\u00e9niosit\u00e9 des habitants d&rsquo;Icarie, car ils utilisaient de mani\u00e8re unique ce type sp\u00e9cifique de citrouille. En effet, celle-ci servait d&rsquo;ustensile m\u00e9nager (par Read More","og_url":"https:\/\/afianeswines.gr\/fr\/domaine-afianes\/notre-symbole\/","og_site_name":"Afianes Wines","article_modified_time":"2021-05-06T09:13:49+00:00","og_image":[{"width":2000,"height":611,"url":"https:\/\/afianeswines.gr\/wp-content\/uploads\/2019\/07\/symbolo-header.jpg","type":"image\/jpeg"}],"twitter_card":"summary_large_image","twitter_misc":{"Dur\u00e9e de lecture estim\u00e9e":"2 minutes"},"schema":{"@context":"https:\/\/schema.org","@graph":[{"@type":"WebPage","@id":"https:\/\/afianeswines.gr\/fr\/domaine-afianes\/notre-symbole\/","url":"https:\/\/afianeswines.gr\/fr\/domaine-afianes\/notre-symbole\/","name":"Notre symbole - Afianes Wines","isPartOf":{"@id":"https:\/\/afianeswines.gr\/fr\/#website"},"primaryImageOfPage":{"@id":"https:\/\/afianeswines.gr\/fr\/domaine-afianes\/notre-symbole\/#primaryimage"},"image":{"@id":"https:\/\/afianeswines.gr\/fr\/domaine-afianes\/notre-symbole\/#primaryimage"},"thumbnailUrl":"https:\/\/afianeswines.gr\/wp-content\/uploads\/2019\/07\/symbolo-header.jpg","datePublished":"2019-06-29T22:42:26+00:00","dateModified":"2021-05-06T09:13:49+00:00","breadcrumb":{"@id":"https:\/\/afianeswines.gr\/fr\/domaine-afianes\/notre-symbole\/#breadcrumb"},"inLanguage":"fr-FR","potentialAction":[{"@type":"ReadAction","target":["https:\/\/afianeswines.gr\/fr\/domaine-afianes\/notre-symbole\/"]}]},{"@type":"ImageObject","inLanguage":"fr-FR","@id":"https:\/\/afianeswines.gr\/fr\/domaine-afianes\/notre-symbole\/#primaryimage","url":"https:\/\/afianeswines.gr\/wp-content\/uploads\/2019\/07\/symbolo-header.jpg","contentUrl":"https:\/\/afianeswines.gr\/wp-content\/uploads\/2019\/07\/symbolo-header.jpg","width":2000,"height":611},{"@type":"BreadcrumbList","@id":"https:\/\/afianeswines.gr\/fr\/domaine-afianes\/notre-symbole\/#breadcrumb","itemListElement":[{"@type":"ListItem","position":1,"name":"Home","item":"https:\/\/afianeswines.gr\/fr\/"},{"@type":"ListItem","position":2,"name":"Domaine Afianes","item":"https:\/\/afianeswines.gr\/fr\/domaine-afianes\/"},{"@type":"ListItem","position":3,"name":"Notre symbole"}]},{"@type":"WebSite","@id":"https:\/\/afianeswines.gr\/fr\/#website","url":"https:\/\/afianeswines.gr\/fr\/","name":"Afianes Wines","description":"\u039f\u03b9\u03bd\u03bf\u03c0\u03bf\u03b9\u03b5\u03af\u03bf \u0399\u03ba\u03b1\u03c1\u03af\u03b1 - \u0395\u03ba\u03bb\u03b5\u03ba\u03c4\u03ac \u03ba\u03c1\u03b1\u03c3\u03b9\u03ac","potentialAction":[{"@type":"SearchAction","target":{"@type":"EntryPoint","urlTemplate":"https:\/\/afianeswines.gr\/fr\/?s={search_term_string}"},"query-input":{"@type":"PropertyValueSpecification","valueRequired":true,"valueName":"search_term_string"}}],"inLanguage":"fr-FR"}]}},"_links":{"self":[{"href":"https:\/\/afianeswines.gr\/fr\/wp-json\/wp\/v2\/pages\/2858","targetHints":{"allow":["GET"]}}],"collection":[{"href":"https:\/\/afianeswines.gr\/fr\/wp-json\/wp\/v2\/pages"}],"about":[{"href":"https:\/\/afianeswines.gr\/fr\/wp-json\/wp\/v2\/types\/page"}],"author":[{"embeddable":true,"href":"https:\/\/afianeswines.gr\/fr\/wp-json\/wp\/v2\/users\/1"}],"replies":[{"embeddable":true,"href":"https:\/\/afianeswines.gr\/fr\/wp-json\/wp\/v2\/comments?post=2858"}],"version-history":[{"count":4,"href":"https:\/\/afianeswines.gr\/fr\/wp-json\/wp\/v2\/pages\/2858\/revisions"}],"predecessor-version":[{"id":35147,"href":"https:\/\/afianeswines.gr\/fr\/wp-json\/wp\/v2\/pages\/2858\/revisions\/35147"}],"up":[{"embeddable":true,"href":"https:\/\/afianeswines.gr\/fr\/wp-json\/wp\/v2\/pages\/2790"}],"wp:featuredmedia":[{"embeddable":true,"href":"https:\/\/afianeswines.gr\/fr\/wp-json\/wp\/v2\/media\/2645"}],"wp:attachment":[{"href":"https:\/\/afianeswines.gr\/fr\/wp-json\/wp\/v2\/media?parent=2858"}],"curies":[{"name":"wp","href":"https:\/\/api.w.org\/{rel}","templated":true}]}}