{"id":2855,"date":"2019-06-30T01:51:58","date_gmt":"2019-06-29T22:51:58","guid":{"rendered":"https:\/\/afianeswines.gr\/%ce%ba%cf%84%ce%ae%ce%bc%ce%b1-%ce%b1%cf%86%ce%b9%ce%b1%ce%bd%ce%ad%cf%82\/%cf%80%ce%b5%cf%81%ce%b9%ce%b2%ce%b1%ce%bb%ce%bb%ce%bf%ce%bd%cf%84%ce%b9%ce%ba%cf%8c-%ce%b1%cf%80%ce%bf%cf%84%cf%8d%cf%80%cf%89%ce%bc%ce%b1\/"},"modified":"2021-05-06T12:09:37","modified_gmt":"2021-05-06T09:09:37","slug":"empreinte-ecologique","status":"publish","type":"page","link":"https:\/\/afianeswines.gr\/fr\/domaine-afianes\/empreinte-ecologique\/","title":{"rendered":"Empreinte \u00e9cologique"},"content":{"rendered":"<p>[vc_row][vc_column]\n\t<div class=\"title-subtitle-box   \" style=\" text-align: center;\">\n\t\t<h2 style=\" text-transform: uppercase; font-weight: 300; letter-spacing: 0px;\" >La vinification dans le respect de l'environnement naturel<\/h2>\n\t<\/div> [vc_row_inner][vc_column_inner][vc_column_text css=\u00a0\u00bb.vc_custom_1620292166141{padding-top: 10% !important;padding-right: 10% !important;padding-bottom: 10% !important;padding-left: 10% !important;}\u00a0\u00bb]Notre politique environnementale vise \u00e0 produire le moins de pollution possible, c&rsquo;est pourquoi nous avons con\u00e7u nos locaux selon les principes de l&rsquo;architecture bioclimatique. Nous nous alignons sur la mani\u00e8re s\u00e9culaire de construire d&rsquo;Icarie, qui r\u00e9sume dans la formule : \u00ab dans la terre ou pr\u00e8s de la terre \u00bb.<\/p>\n<p>Notre cave est construite sous terre et nous n&rsquo;utilisons pas de climatisation, tandis que le refroidissement de nos cuves fonctionne le moins longtemps possible.<\/p>\n<p>Un grand couloir presque circulaire, qui entoure notre cave et communique avec l&rsquo;environnement ext\u00e9rieur (de l&rsquo;est \u00e0 l&rsquo;ouest), nous offre des conditions de temp\u00e9rature et d&rsquo;humidit\u00e9 id\u00e9ales pour nos vins sans consommation d&rsquo;\u00e9nergie.<\/p>\n<p>En outre, tous nos \u00e9quipements en acier inoxydable sont nettoy\u00e9s \u00e0 l&rsquo;eau du r\u00e9seau sans utiliser de produits chimiques. De plus, les ampoules de notre syst\u00e8me d&rsquo;\u00e9clairage ont \u00e9t\u00e9 remplac\u00e9es par des LED, \u00e9conomisant ainsi plus de 10 000 kWh par an.<\/p>\n<p>La majeure partie des d\u00e9chets issus du processus de vinification (marc, p\u00e9pins et tiges de raisin) est compost\u00e9e, tandis qu&rsquo;une plus petite partie est utilis\u00e9e pour la fabrication de produits li\u00e9s \u00e0 la nutrition, \u00e0 la sant\u00e9 et \u00e0 la cosm\u00e9tique. Notre objectif dans les cinq prochaines ann\u00e9es est de minimiser les d\u00e9chets de 80% utilisant les r\u00e9sidus de vin et en investissant dans leur d\u00e9veloppement.<\/p>\n<p>Parall\u00e8lement \u00e0 ce qui pr\u00e9c\u00e8de, dans les cinq prochaines ann\u00e9es nous visons \u00e0 r\u00e9duire consid\u00e9rablement le co\u00fbt de la vinification (de 60%). Sur ce point, nous mettons davantage l&rsquo;accent sur la mani\u00e8re traditionnelle de vinification d&rsquo;Icarie. C&rsquo;est \u00e0 dire, recevoir et \u00e9craser les raisins dans un pressoir en pierre, et ensuite, laisser fermenter et m\u00fbrir dans de bocaux en argile enterr\u00e9s sous le sol.[\/vc_column_text][\/vc_column_inner][\/vc_row_inner][\/vc_column][\/vc_row]<\/p>\n","protected":false},"excerpt":{"rendered":"<p>[vc_row][vc_column][vc_row_inner][vc_column_inner][vc_column_text css=\u00a0\u00bb.vc_custom_1620292166141{padding-top: 10% !important;padding-right: 10% !important;padding-bottom: 10% !important;padding-left: 10% !important;}\u00a0\u00bb]Notre politique environnementale vise \u00e0 produire le moins de pollution possible, c&rsquo;est pourquoi nous avons con\u00e7u nos locaux selon les principes de l&rsquo;architecture bioclimatique. Nous nous alignons sur la mani\u00e8re s\u00e9culaire de construire d&rsquo;Icarie, qui r\u00e9sume dans la formule : \u00ab dans la terre ou pr\u00e8s<br class=\"read-more-spacer\"> <a class=\"more-link\" href=\"https:\/\/afianeswines.gr\/fr\/domaine-afianes\/empreinte-ecologique\/\">Read More<\/a><\/p>\n","protected":false},"author":1,"featured_media":2652,"parent":2790,"menu_order":0,"comment_status":"closed","ping_status":"closed","template":"","meta":{"footnotes":""},"class_list":["post-2855","page","type-page","status-publish","has-post-thumbnail","hentry"],"yoast_head":"<!-- This site is optimized with the Yoast SEO plugin v27.2 - https:\/\/yoast.com\/product\/yoast-seo-wordpress\/ -->\n<title>Empreinte \u00e9cologique - Afianes Wines<\/title>\n<meta name=\"robots\" content=\"index, follow, max-snippet:-1, max-image-preview:large, max-video-preview:-1\" \/>\n<link rel=\"canonical\" href=\"https:\/\/afianeswines.gr\/fr\/domaine-afianes\/empreinte-ecologique\/\" \/>\n<meta property=\"og:locale\" content=\"fr_FR\" \/>\n<meta property=\"og:type\" content=\"article\" \/>\n<meta property=\"og:title\" content=\"Empreinte \u00e9cologique - Afianes Wines\" \/>\n<meta property=\"og:description\" content=\"[vc_row][vc_column][vc_row_inner][vc_column_inner][vc_column_text css=\u00a0\u00bb.vc_custom_1620292166141{padding-top: 10% !important;padding-right: 10% !important;padding-bottom: 10% !important;padding-left: 10% !important;}\u00a0\u00bb]Notre politique environnementale vise \u00e0 produire le moins de pollution possible, c&rsquo;est pourquoi nous avons con\u00e7u nos locaux selon les principes de l&rsquo;architecture bioclimatique. Nous nous alignons sur la mani\u00e8re s\u00e9culaire de construire d&rsquo;Icarie, qui r\u00e9sume dans la formule : \u00ab dans la terre ou pr\u00e8s Read More\" \/>\n<meta property=\"og:url\" content=\"https:\/\/afianeswines.gr\/fr\/domaine-afianes\/empreinte-ecologique\/\" \/>\n<meta property=\"og:site_name\" content=\"Afianes Wines\" \/>\n<meta property=\"article:modified_time\" content=\"2021-05-06T09:09:37+00:00\" \/>\n<meta property=\"og:image\" content=\"https:\/\/afianeswines.gr\/wp-content\/uploads\/2019\/07\/perballontiko-header.jpg\" \/>\n\t<meta property=\"og:image:width\" content=\"2000\" \/>\n\t<meta property=\"og:image:height\" content=\"611\" \/>\n\t<meta property=\"og:image:type\" content=\"image\/jpeg\" \/>\n<meta name=\"twitter:card\" content=\"summary_large_image\" \/>\n<meta name=\"twitter:label1\" content=\"Dur\u00e9e de lecture estim\u00e9e\" \/>\n\t<meta name=\"twitter:data1\" content=\"2 minutes\" \/>\n<script type=\"application\/ld+json\" class=\"yoast-schema-graph\">{\"@context\":\"https:\/\/schema.org\",\"@graph\":[{\"@type\":\"WebPage\",\"@id\":\"https:\/\/afianeswines.gr\/fr\/domaine-afianes\/empreinte-ecologique\/\",\"url\":\"https:\/\/afianeswines.gr\/fr\/domaine-afianes\/empreinte-ecologique\/\",\"name\":\"Empreinte \u00e9cologique - Afianes Wines\",\"isPartOf\":{\"@id\":\"https:\/\/afianeswines.gr\/fr\/#website\"},\"primaryImageOfPage\":{\"@id\":\"https:\/\/afianeswines.gr\/fr\/domaine-afianes\/empreinte-ecologique\/#primaryimage\"},\"image\":{\"@id\":\"https:\/\/afianeswines.gr\/fr\/domaine-afianes\/empreinte-ecologique\/#primaryimage\"},\"thumbnailUrl\":\"https:\/\/afianeswines.gr\/wp-content\/uploads\/2019\/07\/perballontiko-header.jpg\",\"datePublished\":\"2019-06-29T22:51:58+00:00\",\"dateModified\":\"2021-05-06T09:09:37+00:00\",\"breadcrumb\":{\"@id\":\"https:\/\/afianeswines.gr\/fr\/domaine-afianes\/empreinte-ecologique\/#breadcrumb\"},\"inLanguage\":\"fr-FR\",\"potentialAction\":[{\"@type\":\"ReadAction\",\"target\":[\"https:\/\/afianeswines.gr\/fr\/domaine-afianes\/empreinte-ecologique\/\"]}]},{\"@type\":\"ImageObject\",\"inLanguage\":\"fr-FR\",\"@id\":\"https:\/\/afianeswines.gr\/fr\/domaine-afianes\/empreinte-ecologique\/#primaryimage\",\"url\":\"https:\/\/afianeswines.gr\/wp-content\/uploads\/2019\/07\/perballontiko-header.jpg\",\"contentUrl\":\"https:\/\/afianeswines.gr\/wp-content\/uploads\/2019\/07\/perballontiko-header.jpg\",\"width\":2000,\"height\":611},{\"@type\":\"BreadcrumbList\",\"@id\":\"https:\/\/afianeswines.gr\/fr\/domaine-afianes\/empreinte-ecologique\/#breadcrumb\",\"itemListElement\":[{\"@type\":\"ListItem\",\"position\":1,\"name\":\"Home\",\"item\":\"https:\/\/afianeswines.gr\/fr\/\"},{\"@type\":\"ListItem\",\"position\":2,\"name\":\"Domaine Afianes\",\"item\":\"https:\/\/afianeswines.gr\/fr\/domaine-afianes\/\"},{\"@type\":\"ListItem\",\"position\":3,\"name\":\"Empreinte \u00e9cologique\"}]},{\"@type\":\"WebSite\",\"@id\":\"https:\/\/afianeswines.gr\/fr\/#website\",\"url\":\"https:\/\/afianeswines.gr\/fr\/\",\"name\":\"Afianes Wines\",\"description\":\"\u039f\u03b9\u03bd\u03bf\u03c0\u03bf\u03b9\u03b5\u03af\u03bf \u0399\u03ba\u03b1\u03c1\u03af\u03b1 - \u0395\u03ba\u03bb\u03b5\u03ba\u03c4\u03ac \u03ba\u03c1\u03b1\u03c3\u03b9\u03ac\",\"potentialAction\":[{\"@type\":\"SearchAction\",\"target\":{\"@type\":\"EntryPoint\",\"urlTemplate\":\"https:\/\/afianeswines.gr\/fr\/?s={search_term_string}\"},\"query-input\":{\"@type\":\"PropertyValueSpecification\",\"valueRequired\":true,\"valueName\":\"search_term_string\"}}],\"inLanguage\":\"fr-FR\"}]}<\/script>\n<!-- \/ Yoast SEO plugin. -->","yoast_head_json":{"title":"Empreinte \u00e9cologique - Afianes Wines","robots":{"index":"index","follow":"follow","max-snippet":"max-snippet:-1","max-image-preview":"max-image-preview:large","max-video-preview":"max-video-preview:-1"},"canonical":"https:\/\/afianeswines.gr\/fr\/domaine-afianes\/empreinte-ecologique\/","og_locale":"fr_FR","og_type":"article","og_title":"Empreinte \u00e9cologique - Afianes Wines","og_description":"[vc_row][vc_column][vc_row_inner][vc_column_inner][vc_column_text css=\u00a0\u00bb.vc_custom_1620292166141{padding-top: 10% !important;padding-right: 10% !important;padding-bottom: 10% !important;padding-left: 10% !important;}\u00a0\u00bb]Notre politique environnementale vise \u00e0 produire le moins de pollution possible, c&rsquo;est pourquoi nous avons con\u00e7u nos locaux selon les principes de l&rsquo;architecture bioclimatique. Nous nous alignons sur la mani\u00e8re s\u00e9culaire de construire d&rsquo;Icarie, qui r\u00e9sume dans la formule : \u00ab dans la terre ou pr\u00e8s Read More","og_url":"https:\/\/afianeswines.gr\/fr\/domaine-afianes\/empreinte-ecologique\/","og_site_name":"Afianes Wines","article_modified_time":"2021-05-06T09:09:37+00:00","og_image":[{"width":2000,"height":611,"url":"https:\/\/afianeswines.gr\/wp-content\/uploads\/2019\/07\/perballontiko-header.jpg","type":"image\/jpeg"}],"twitter_card":"summary_large_image","twitter_misc":{"Dur\u00e9e de lecture estim\u00e9e":"2 minutes"},"schema":{"@context":"https:\/\/schema.org","@graph":[{"@type":"WebPage","@id":"https:\/\/afianeswines.gr\/fr\/domaine-afianes\/empreinte-ecologique\/","url":"https:\/\/afianeswines.gr\/fr\/domaine-afianes\/empreinte-ecologique\/","name":"Empreinte \u00e9cologique - Afianes Wines","isPartOf":{"@id":"https:\/\/afianeswines.gr\/fr\/#website"},"primaryImageOfPage":{"@id":"https:\/\/afianeswines.gr\/fr\/domaine-afianes\/empreinte-ecologique\/#primaryimage"},"image":{"@id":"https:\/\/afianeswines.gr\/fr\/domaine-afianes\/empreinte-ecologique\/#primaryimage"},"thumbnailUrl":"https:\/\/afianeswines.gr\/wp-content\/uploads\/2019\/07\/perballontiko-header.jpg","datePublished":"2019-06-29T22:51:58+00:00","dateModified":"2021-05-06T09:09:37+00:00","breadcrumb":{"@id":"https:\/\/afianeswines.gr\/fr\/domaine-afianes\/empreinte-ecologique\/#breadcrumb"},"inLanguage":"fr-FR","potentialAction":[{"@type":"ReadAction","target":["https:\/\/afianeswines.gr\/fr\/domaine-afianes\/empreinte-ecologique\/"]}]},{"@type":"ImageObject","inLanguage":"fr-FR","@id":"https:\/\/afianeswines.gr\/fr\/domaine-afianes\/empreinte-ecologique\/#primaryimage","url":"https:\/\/afianeswines.gr\/wp-content\/uploads\/2019\/07\/perballontiko-header.jpg","contentUrl":"https:\/\/afianeswines.gr\/wp-content\/uploads\/2019\/07\/perballontiko-header.jpg","width":2000,"height":611},{"@type":"BreadcrumbList","@id":"https:\/\/afianeswines.gr\/fr\/domaine-afianes\/empreinte-ecologique\/#breadcrumb","itemListElement":[{"@type":"ListItem","position":1,"name":"Home","item":"https:\/\/afianeswines.gr\/fr\/"},{"@type":"ListItem","position":2,"name":"Domaine Afianes","item":"https:\/\/afianeswines.gr\/fr\/domaine-afianes\/"},{"@type":"ListItem","position":3,"name":"Empreinte \u00e9cologique"}]},{"@type":"WebSite","@id":"https:\/\/afianeswines.gr\/fr\/#website","url":"https:\/\/afianeswines.gr\/fr\/","name":"Afianes Wines","description":"\u039f\u03b9\u03bd\u03bf\u03c0\u03bf\u03b9\u03b5\u03af\u03bf \u0399\u03ba\u03b1\u03c1\u03af\u03b1 - \u0395\u03ba\u03bb\u03b5\u03ba\u03c4\u03ac \u03ba\u03c1\u03b1\u03c3\u03b9\u03ac","potentialAction":[{"@type":"SearchAction","target":{"@type":"EntryPoint","urlTemplate":"https:\/\/afianeswines.gr\/fr\/?s={search_term_string}"},"query-input":{"@type":"PropertyValueSpecification","valueRequired":true,"valueName":"search_term_string"}}],"inLanguage":"fr-FR"}]}},"_links":{"self":[{"href":"https:\/\/afianeswines.gr\/fr\/wp-json\/wp\/v2\/pages\/2855","targetHints":{"allow":["GET"]}}],"collection":[{"href":"https:\/\/afianeswines.gr\/fr\/wp-json\/wp\/v2\/pages"}],"about":[{"href":"https:\/\/afianeswines.gr\/fr\/wp-json\/wp\/v2\/types\/page"}],"author":[{"embeddable":true,"href":"https:\/\/afianeswines.gr\/fr\/wp-json\/wp\/v2\/users\/1"}],"replies":[{"embeddable":true,"href":"https:\/\/afianeswines.gr\/fr\/wp-json\/wp\/v2\/comments?post=2855"}],"version-history":[{"count":4,"href":"https:\/\/afianeswines.gr\/fr\/wp-json\/wp\/v2\/pages\/2855\/revisions"}],"predecessor-version":[{"id":35146,"href":"https:\/\/afianeswines.gr\/fr\/wp-json\/wp\/v2\/pages\/2855\/revisions\/35146"}],"up":[{"embeddable":true,"href":"https:\/\/afianeswines.gr\/fr\/wp-json\/wp\/v2\/pages\/2790"}],"wp:featuredmedia":[{"embeddable":true,"href":"https:\/\/afianeswines.gr\/fr\/wp-json\/wp\/v2\/media\/2652"}],"wp:attachment":[{"href":"https:\/\/afianeswines.gr\/fr\/wp-json\/wp\/v2\/media?parent=2855"}],"curies":[{"name":"wp","href":"https:\/\/api.w.org\/{rel}","templated":true}]}}