{"id":2848,"date":"2019-06-30T01:47:28","date_gmt":"2019-06-29T22:47:28","guid":{"rendered":"https:\/\/afianeswines.gr\/%ce%ba%cf%84%ce%ae%ce%bc%ce%b1-%ce%b1%cf%86%ce%b9%ce%b1%ce%bd%ce%ad%cf%82\/%ce%ba%ce%b1%ce%b9%ce%bd%ce%bf%cf%84%ce%bf%ce%bc%ce%af%ce%b1\/"},"modified":"2021-05-06T12:01:36","modified_gmt":"2021-05-06T09:01:36","slug":"innovation","status":"publish","type":"page","link":"https:\/\/afianeswines.gr\/fr\/domaine-afianes\/innovation\/","title":{"rendered":"Innovation"},"content":{"rendered":"<p>[vc_row][vc_column]\n\t<div class=\"title-subtitle-box   \" style=\" text-align: left;\">\n\t\t<h2 style=\" text-transform: uppercase; font-weight: 300; letter-spacing: 0px;\" >Vins naturels, biotechnologie, agriculture biodynamique, agriculture biologique\u2026<\/h2>\n\t<\/div> [vc_row_inner][vc_column_inner width=\u00a0\u00bb1\/2&Prime;][vc_column_text css=\u00a0\u00bb.vc_custom_1619448776243{padding-top: 10% !important;padding-right: 10% !important;padding-bottom: 10% !important;padding-left: 10% !important;}\u00a0\u00bb]<\/p>\n<p align=\"JUSTIFY\">Nous travaillons en collaboration avec l&rsquo;\u00e9quipe de recherche du T.E.I. <a href=\"http:\/\/www.teiath.gr\/stetrod\/oenology\/\">D\u00e9partement \u0152nologie et Technologie des Boissons de l&rsquo;\u00c9cole Technique d&rsquo;Ath\u00e8nes<\/a>. Dans le cadre de cette collaboration, nous appliquons des id\u00e9es innovantes dans les processus de vinification. Grace \u00e0 des doctorats visant \u00e0 trouver des moyens de transf\u00e9rer au vin autant d&rsquo;\u00e9l\u00e9ments primitifs que possible du raisin.<\/p>\n<p>Sur ce point, les principales m\u00e9thodes que nous utilisons font r\u00e9f\u00e9rence \u00e0 la biotechnologie et visent \u00e0 renforcer et pr\u00e9-acclimater les levures (sauvages et nobles). Donc, le but de notre d\u00e9marche est d&rsquo;orienter les levures pour produire de mani\u00e8re naturelle des vins autoprot\u00e9g\u00e9s et contenant le moins d&rsquo;additifs possibles.[\/vc_column_text][\/vc_column_inner][vc_column_inner width=\u00a0\u00bb1\/2&Prime;][vc_column_text css=\u00a0\u00bb.vc_custom_1620291682449{padding-top: 10% !important;padding-right: 10% !important;padding-bottom: 10% !important;padding-left: 10% !important;}\u00a0\u00bb]<\/p>\n<p align=\"JUSTIFY\">Les pratiques suivies ont \u00e9t\u00e9 pr\u00e9sent\u00e9es dans de nombreuses conf\u00e9rences \u00e0 l&rsquo;\u00e9tranger. Celles-ci sont bas\u00e9es sur les travaux scientifiques et de recherche du professeur d&rsquo;\u0153nologie Ilias Neratzis qui occupe une place tr\u00e8s importante dans cet effort. Plus d&rsquo;informations sur le travail scientifique et les brevets de notre inspirateur et collaborateur Elias Neratzis peuvent \u00eatre trouv\u00e9es <a href=\"https:\/\/afianeswines.gr\/kenotomies.pdf\" target=\"_blank\" rel=\"noopener noreferrer\">ici<\/a>.<\/p>\n<p align=\"JUSTIFY\">De plus, au cours des deux derni\u00e8res ann\u00e9es, nous avons d\u00e9velopp\u00e9 la vinification dans l&rsquo;espace ouvert de notre cave. Nous produisons des vins avec un minimum d&rsquo;interf\u00e9rence de la machine (internationalement connus sous le nom de \u00ab\u00a0Vins Naturels\u00a0\u00bb) dans le but de mettre en valeur la richesse du terroir. L&rsquo;inclusion dans l&rsquo;\u00e9quipe de notre fils Konstantinos Afianes (vigneron, avec des \u00e9tudes \u00e0 Bordeaux, France), ainsi que la coop\u00e9ration amicale de Lazaros Gatselos, \u0153nologue (PhD) (du D\u00e9partement \u0152nologie et Technologie des Boissons de l&rsquo;\u00c9cole Technique d&rsquo;Ath\u00e8nes) ont contribu\u00e9 de mani\u00e8re d\u00e9cisive \u00e0 cela.<\/p>\n<p align=\"JUSTIFY\">Parall\u00e8lement \u00e0 cela, nous suivons les principes de la culture biologique selon l&rsquo;organisation grecque des certifications de produits biologiques (DIO) dans nos vignobles et notre cave. De plus nous avons commenc\u00e9 \u00e0 introduire progressivement dans nos cultures les principes de la biodynamie.<\/p>\n<p>[\/vc_column_text][\/vc_column_inner][\/vc_row_inner][vc_row_inner][vc_column_inner]\n\t<div class=\"\">\n\t<div class=\"gg_images_slider\">\n\t<div  data-slick='{  \"slidesToShow\": 3,  \"arrows\": true,  \"dots\": true,  \"autoplay\": true,  \"infinite\": true,  \"slidesToScroll\": 1,  \"responsive\": [{\"breakpoint\": 1024, \"settings\": {\"slidesToShow\": 3, \"slidesToScroll\": 1}}, {\"breakpoint\": 600, \"settings\": {\"slidesToShow\": 2, \"slidesToScroll\": 1}}, {\"breakpoint\": 480, \"settings\": {\"slidesToShow\": 1, \"slidesToScroll\": 1}}]  }'  class=\"el-grid no_magnific products row gg-slick-carousel \" data-layout-mode=\"fitRows\" data-pagination=\"\"><div class=\"3\"><img loading=\"lazy\" decoding=\"async\" width=\"456\" height=\"608\" src=\"https:\/\/afianeswines.gr\/wp-content\/uploads\/2020\/05\/FB_IMG_1565973147587.jpg\" class=\"attachment-full\" alt=\"\" srcset=\"https:\/\/afianeswines.gr\/wp-content\/uploads\/2020\/05\/FB_IMG_1565973147587.jpg 456w, https:\/\/afianeswines.gr\/wp-content\/uploads\/2020\/05\/FB_IMG_1565973147587-225x300.jpg 225w\" sizes=\"auto, (max-width: 456px) 100vw, 456px\" \/><\/div><div class=\"3\"><img loading=\"lazy\" decoding=\"async\" width=\"342\" height=\"608\" src=\"https:\/\/afianeswines.gr\/wp-content\/uploads\/2020\/05\/IMG_6481.jpg\" class=\"attachment-full\" alt=\"\" srcset=\"https:\/\/afianeswines.gr\/wp-content\/uploads\/2020\/05\/IMG_6481.jpg 342w, https:\/\/afianeswines.gr\/wp-content\/uploads\/2020\/05\/IMG_6481-169x300.jpg 169w\" sizes=\"auto, (max-width: 342px) 100vw, 342px\" \/><\/div><div class=\"3\"><img loading=\"lazy\" decoding=\"async\" width=\"456\" height=\"608\" src=\"https:\/\/afianeswines.gr\/wp-content\/uploads\/2020\/05\/IMG_6568.jpg\" class=\"attachment-full\" alt=\"\" srcset=\"https:\/\/afianeswines.gr\/wp-content\/uploads\/2020\/05\/IMG_6568.jpg 456w, https:\/\/afianeswines.gr\/wp-content\/uploads\/2020\/05\/IMG_6568-225x300.jpg 225w\" sizes=\"auto, (max-width: 456px) 100vw, 456px\" \/><\/div>\n\t<\/div>\n\t<\/div>\n\t<\/div>[\/vc_column_inner][\/vc_row_inner][\/vc_column][\/vc_row]<\/p>\n","protected":false},"excerpt":{"rendered":"<p>[vc_row][vc_column][vc_row_inner][vc_column_inner width=\u00a0\u00bb1\/2&Prime;][vc_column_text css=\u00a0\u00bb.vc_custom_1619448776243{padding-top: 10% !important;padding-right: 10% !important;padding-bottom: 10% !important;padding-left: 10% !important;}\u00a0\u00bb] Nous travaillons en collaboration avec l&rsquo;\u00e9quipe de recherche du T.E.I. D\u00e9partement \u0152nologie et Technologie des Boissons de l&rsquo;\u00c9cole Technique d&rsquo;Ath\u00e8nes. Dans le cadre de cette collaboration, nous appliquons des id\u00e9es innovantes dans les processus de vinification. Grace \u00e0 des doctorats visant \u00e0 trouver des<br class=\"read-more-spacer\"> <a class=\"more-link\" href=\"https:\/\/afianeswines.gr\/fr\/domaine-afianes\/innovation\/\">Read More<\/a><\/p>\n","protected":false},"author":1,"featured_media":2649,"parent":2790,"menu_order":0,"comment_status":"closed","ping_status":"closed","template":"","meta":{"footnotes":""},"class_list":["post-2848","page","type-page","status-publish","has-post-thumbnail","hentry"],"yoast_head":"<!-- This site is optimized with the Yoast SEO plugin v27.2 - https:\/\/yoast.com\/product\/yoast-seo-wordpress\/ -->\n<title>Innovation - Afianes Wines<\/title>\n<meta name=\"robots\" content=\"index, follow, max-snippet:-1, max-image-preview:large, max-video-preview:-1\" \/>\n<link rel=\"canonical\" href=\"https:\/\/afianeswines.gr\/fr\/domaine-afianes\/innovation\/\" \/>\n<meta property=\"og:locale\" content=\"fr_FR\" \/>\n<meta property=\"og:type\" content=\"article\" \/>\n<meta property=\"og:title\" content=\"Innovation - Afianes Wines\" \/>\n<meta property=\"og:description\" content=\"[vc_row][vc_column][vc_row_inner][vc_column_inner width=\u00a0\u00bb1\/2&Prime;][vc_column_text css=\u00a0\u00bb.vc_custom_1619448776243{padding-top: 10% !important;padding-right: 10% !important;padding-bottom: 10% !important;padding-left: 10% !important;}\u00a0\u00bb] Nous travaillons en collaboration avec l&rsquo;\u00e9quipe de recherche du T.E.I. D\u00e9partement \u0152nologie et Technologie des Boissons de l&rsquo;\u00c9cole Technique d&rsquo;Ath\u00e8nes. Dans le cadre de cette collaboration, nous appliquons des id\u00e9es innovantes dans les processus de vinification. Grace \u00e0 des doctorats visant \u00e0 trouver des Read More\" \/>\n<meta property=\"og:url\" content=\"https:\/\/afianeswines.gr\/fr\/domaine-afianes\/innovation\/\" \/>\n<meta property=\"og:site_name\" content=\"Afianes Wines\" \/>\n<meta property=\"article:modified_time\" content=\"2021-05-06T09:01:36+00:00\" \/>\n<meta property=\"og:image\" content=\"https:\/\/afianeswines.gr\/wp-content\/uploads\/2019\/07\/kainotomia-header.jpg\" \/>\n\t<meta property=\"og:image:width\" content=\"2000\" \/>\n\t<meta property=\"og:image:height\" content=\"611\" \/>\n\t<meta property=\"og:image:type\" content=\"image\/jpeg\" \/>\n<meta name=\"twitter:card\" content=\"summary_large_image\" \/>\n<meta name=\"twitter:label1\" content=\"Dur\u00e9e de lecture estim\u00e9e\" \/>\n\t<meta name=\"twitter:data1\" content=\"2 minutes\" \/>\n<script type=\"application\/ld+json\" class=\"yoast-schema-graph\">{\"@context\":\"https:\/\/schema.org\",\"@graph\":[{\"@type\":\"WebPage\",\"@id\":\"https:\/\/afianeswines.gr\/fr\/domaine-afianes\/innovation\/\",\"url\":\"https:\/\/afianeswines.gr\/fr\/domaine-afianes\/innovation\/\",\"name\":\"Innovation - Afianes Wines\",\"isPartOf\":{\"@id\":\"https:\/\/afianeswines.gr\/fr\/#website\"},\"primaryImageOfPage\":{\"@id\":\"https:\/\/afianeswines.gr\/fr\/domaine-afianes\/innovation\/#primaryimage\"},\"image\":{\"@id\":\"https:\/\/afianeswines.gr\/fr\/domaine-afianes\/innovation\/#primaryimage\"},\"thumbnailUrl\":\"https:\/\/afianeswines.gr\/wp-content\/uploads\/2019\/07\/kainotomia-header.jpg\",\"datePublished\":\"2019-06-29T22:47:28+00:00\",\"dateModified\":\"2021-05-06T09:01:36+00:00\",\"breadcrumb\":{\"@id\":\"https:\/\/afianeswines.gr\/fr\/domaine-afianes\/innovation\/#breadcrumb\"},\"inLanguage\":\"fr-FR\",\"potentialAction\":[{\"@type\":\"ReadAction\",\"target\":[\"https:\/\/afianeswines.gr\/fr\/domaine-afianes\/innovation\/\"]}]},{\"@type\":\"ImageObject\",\"inLanguage\":\"fr-FR\",\"@id\":\"https:\/\/afianeswines.gr\/fr\/domaine-afianes\/innovation\/#primaryimage\",\"url\":\"https:\/\/afianeswines.gr\/wp-content\/uploads\/2019\/07\/kainotomia-header.jpg\",\"contentUrl\":\"https:\/\/afianeswines.gr\/wp-content\/uploads\/2019\/07\/kainotomia-header.jpg\",\"width\":2000,\"height\":611},{\"@type\":\"BreadcrumbList\",\"@id\":\"https:\/\/afianeswines.gr\/fr\/domaine-afianes\/innovation\/#breadcrumb\",\"itemListElement\":[{\"@type\":\"ListItem\",\"position\":1,\"name\":\"Home\",\"item\":\"https:\/\/afianeswines.gr\/fr\/\"},{\"@type\":\"ListItem\",\"position\":2,\"name\":\"Domaine Afianes\",\"item\":\"https:\/\/afianeswines.gr\/fr\/domaine-afianes\/\"},{\"@type\":\"ListItem\",\"position\":3,\"name\":\"Innovation\"}]},{\"@type\":\"WebSite\",\"@id\":\"https:\/\/afianeswines.gr\/fr\/#website\",\"url\":\"https:\/\/afianeswines.gr\/fr\/\",\"name\":\"Afianes Wines\",\"description\":\"\u039f\u03b9\u03bd\u03bf\u03c0\u03bf\u03b9\u03b5\u03af\u03bf \u0399\u03ba\u03b1\u03c1\u03af\u03b1 - \u0395\u03ba\u03bb\u03b5\u03ba\u03c4\u03ac \u03ba\u03c1\u03b1\u03c3\u03b9\u03ac\",\"potentialAction\":[{\"@type\":\"SearchAction\",\"target\":{\"@type\":\"EntryPoint\",\"urlTemplate\":\"https:\/\/afianeswines.gr\/fr\/?s={search_term_string}\"},\"query-input\":{\"@type\":\"PropertyValueSpecification\",\"valueRequired\":true,\"valueName\":\"search_term_string\"}}],\"inLanguage\":\"fr-FR\"}]}<\/script>\n<!-- \/ Yoast SEO plugin. -->","yoast_head_json":{"title":"Innovation - Afianes Wines","robots":{"index":"index","follow":"follow","max-snippet":"max-snippet:-1","max-image-preview":"max-image-preview:large","max-video-preview":"max-video-preview:-1"},"canonical":"https:\/\/afianeswines.gr\/fr\/domaine-afianes\/innovation\/","og_locale":"fr_FR","og_type":"article","og_title":"Innovation - Afianes Wines","og_description":"[vc_row][vc_column][vc_row_inner][vc_column_inner width=\u00a0\u00bb1\/2&Prime;][vc_column_text css=\u00a0\u00bb.vc_custom_1619448776243{padding-top: 10% !important;padding-right: 10% !important;padding-bottom: 10% !important;padding-left: 10% !important;}\u00a0\u00bb] Nous travaillons en collaboration avec l&rsquo;\u00e9quipe de recherche du T.E.I. D\u00e9partement \u0152nologie et Technologie des Boissons de l&rsquo;\u00c9cole Technique d&rsquo;Ath\u00e8nes. Dans le cadre de cette collaboration, nous appliquons des id\u00e9es innovantes dans les processus de vinification. Grace \u00e0 des doctorats visant \u00e0 trouver des Read More","og_url":"https:\/\/afianeswines.gr\/fr\/domaine-afianes\/innovation\/","og_site_name":"Afianes Wines","article_modified_time":"2021-05-06T09:01:36+00:00","og_image":[{"width":2000,"height":611,"url":"https:\/\/afianeswines.gr\/wp-content\/uploads\/2019\/07\/kainotomia-header.jpg","type":"image\/jpeg"}],"twitter_card":"summary_large_image","twitter_misc":{"Dur\u00e9e de lecture estim\u00e9e":"2 minutes"},"schema":{"@context":"https:\/\/schema.org","@graph":[{"@type":"WebPage","@id":"https:\/\/afianeswines.gr\/fr\/domaine-afianes\/innovation\/","url":"https:\/\/afianeswines.gr\/fr\/domaine-afianes\/innovation\/","name":"Innovation - Afianes Wines","isPartOf":{"@id":"https:\/\/afianeswines.gr\/fr\/#website"},"primaryImageOfPage":{"@id":"https:\/\/afianeswines.gr\/fr\/domaine-afianes\/innovation\/#primaryimage"},"image":{"@id":"https:\/\/afianeswines.gr\/fr\/domaine-afianes\/innovation\/#primaryimage"},"thumbnailUrl":"https:\/\/afianeswines.gr\/wp-content\/uploads\/2019\/07\/kainotomia-header.jpg","datePublished":"2019-06-29T22:47:28+00:00","dateModified":"2021-05-06T09:01:36+00:00","breadcrumb":{"@id":"https:\/\/afianeswines.gr\/fr\/domaine-afianes\/innovation\/#breadcrumb"},"inLanguage":"fr-FR","potentialAction":[{"@type":"ReadAction","target":["https:\/\/afianeswines.gr\/fr\/domaine-afianes\/innovation\/"]}]},{"@type":"ImageObject","inLanguage":"fr-FR","@id":"https:\/\/afianeswines.gr\/fr\/domaine-afianes\/innovation\/#primaryimage","url":"https:\/\/afianeswines.gr\/wp-content\/uploads\/2019\/07\/kainotomia-header.jpg","contentUrl":"https:\/\/afianeswines.gr\/wp-content\/uploads\/2019\/07\/kainotomia-header.jpg","width":2000,"height":611},{"@type":"BreadcrumbList","@id":"https:\/\/afianeswines.gr\/fr\/domaine-afianes\/innovation\/#breadcrumb","itemListElement":[{"@type":"ListItem","position":1,"name":"Home","item":"https:\/\/afianeswines.gr\/fr\/"},{"@type":"ListItem","position":2,"name":"Domaine Afianes","item":"https:\/\/afianeswines.gr\/fr\/domaine-afianes\/"},{"@type":"ListItem","position":3,"name":"Innovation"}]},{"@type":"WebSite","@id":"https:\/\/afianeswines.gr\/fr\/#website","url":"https:\/\/afianeswines.gr\/fr\/","name":"Afianes Wines","description":"\u039f\u03b9\u03bd\u03bf\u03c0\u03bf\u03b9\u03b5\u03af\u03bf \u0399\u03ba\u03b1\u03c1\u03af\u03b1 - \u0395\u03ba\u03bb\u03b5\u03ba\u03c4\u03ac \u03ba\u03c1\u03b1\u03c3\u03b9\u03ac","potentialAction":[{"@type":"SearchAction","target":{"@type":"EntryPoint","urlTemplate":"https:\/\/afianeswines.gr\/fr\/?s={search_term_string}"},"query-input":{"@type":"PropertyValueSpecification","valueRequired":true,"valueName":"search_term_string"}}],"inLanguage":"fr-FR"}]}},"_links":{"self":[{"href":"https:\/\/afianeswines.gr\/fr\/wp-json\/wp\/v2\/pages\/2848","targetHints":{"allow":["GET"]}}],"collection":[{"href":"https:\/\/afianeswines.gr\/fr\/wp-json\/wp\/v2\/pages"}],"about":[{"href":"https:\/\/afianeswines.gr\/fr\/wp-json\/wp\/v2\/types\/page"}],"author":[{"embeddable":true,"href":"https:\/\/afianeswines.gr\/fr\/wp-json\/wp\/v2\/users\/1"}],"replies":[{"embeddable":true,"href":"https:\/\/afianeswines.gr\/fr\/wp-json\/wp\/v2\/comments?post=2848"}],"version-history":[{"count":4,"href":"https:\/\/afianeswines.gr\/fr\/wp-json\/wp\/v2\/pages\/2848\/revisions"}],"predecessor-version":[{"id":35144,"href":"https:\/\/afianeswines.gr\/fr\/wp-json\/wp\/v2\/pages\/2848\/revisions\/35144"}],"up":[{"embeddable":true,"href":"https:\/\/afianeswines.gr\/fr\/wp-json\/wp\/v2\/pages\/2790"}],"wp:featuredmedia":[{"embeddable":true,"href":"https:\/\/afianeswines.gr\/fr\/wp-json\/wp\/v2\/media\/2649"}],"wp:attachment":[{"href":"https:\/\/afianeswines.gr\/fr\/wp-json\/wp\/v2\/media?parent=2848"}],"curies":[{"name":"wp","href":"https:\/\/api.w.org\/{rel}","templated":true}]}}