{"id":2842,"date":"2019-07-01T00:21:13","date_gmt":"2019-06-30T21:21:13","guid":{"rendered":"https:\/\/afianeswines.gr\/%ce%ba%cf%84%ce%ae%ce%bc%ce%b1-%ce%b1%cf%86%ce%b9%ce%b1%ce%bd%ce%ad%cf%82\/%ce%b7-%ce%b9%ce%ba%ce%b1%cf%81%ce%af%ce%b1-%ce%bc%ce%b1%cf%82\/"},"modified":"2022-02-23T11:34:18","modified_gmt":"2022-02-23T09:34:18","slug":"notre-icarie","status":"publish","type":"page","link":"https:\/\/afianeswines.gr\/fr\/domaine-afianes\/notre-icarie\/","title":{"rendered":"Notre \u00eele, Icarie"},"content":{"rendered":"<p>[vc_row css=\u00a0\u00bb.vc_custom_1563308773370{margin-bottom: 0px !important;padding-bottom: 0px !important;}\u00a0\u00bb][vc_column]\n\t<div class=\"title-subtitle-box   \" style=\" text-align: left;\">\n\t\t<h2 style=\" text-transform: uppercase; font-weight: 300; letter-spacing: 0px;\" >Icarie<\/h2>\n\t<\/div> [vc_row_inner][vc_column_inner width=\u00a0\u00bb1\/2&Prime; css=\u00a0\u00bb.vc_custom_1563308822494{margin-top: 0px !important;margin-bottom: 0px !important;padding-top: 0px !important;padding-bottom: 0px !important;}\u00a0\u00bb][vc_single_image image=\u00a0\u00bb2694&Prime; img_size=\u00a0\u00bbfull\u00a0\u00bb][vc_column_text css=\u00a0\u00bb.vc_custom_1620291841923{padding-top: 10% !important;padding-right: 10% !important;padding-bottom: 10% !important;padding-left: 10% !important;}\u00a0\u00bb]L&rsquo;\u00eele d&rsquo;Icarie est situ\u00e9e dans le nord-est de la mer \u00c9g\u00e9e. Elle est connue pour sa nature \u00e9tonnante, ses montagnes, ses c\u00f4tes rocheuses et ses plages, ainsi que pour ses magnifiques sentiers de randonn\u00e9e. Ces derni\u00e8res ann\u00e9es, l&rsquo;\u00eele est \u00e9galement devenue c\u00e9l\u00e8bre pour ses f\u00eates de village (il y en a pr\u00e8s de 100 par an). Pour ses fruits et l\u00e9gumes savoureux et, bien s\u00fbr, son excellent vin qui, apr\u00e8s une longue absence, est r\u00e9apparu dynamiquement dans la carte internationale des vins en 2008.<\/p>\n<p>C\u2019est une \u00eele unique \u00e0 bien des \u00e9gards, riche en compositions naturelles et l\u2019un des endroits qui revendiquent la naissance du dieu Dionysos. Icarie compte de nombreux petits villages cach\u00e9s dans d&rsquo;\u00e9normes rochers, des for\u00eats, des pentes, des rivi\u00e8res et des plages. Une chose caract\u00e9ristique \u00e0 propos d&rsquo;Icarie est que, de l&rsquo;antiquit\u00e9 \u00e0 nos jours, aucun b\u00e2timent grand ou imposant n&rsquo;a jamais \u00e9t\u00e9 construit. Tout est rest\u00e9 simple et frugal, le m\u00eame que le mode de vie des habitants.[\/vc_column_text][\/vc_column_inner][vc_column_inner width=\u00a0\u00bb1\/2&Prime; css=\u00a0\u00bb.vc_custom_1563308829027{margin-top: 0px !important;margin-bottom: 0px !important;padding-top: 0px !important;padding-bottom: 0px !important;}\u00a0\u00bb][vc_column_text css=\u00a0\u00bb.vc_custom_1619430680570{padding-top: 0px !important;padding-right: 10% !important;padding-bottom: 10% !important;padding-left: 10% !important;}\u00a0\u00bb]Au cours de la derni\u00e8re d\u00e9cennie, le ph\u00e9nom\u00e8ne de la long\u00e9vit\u00e9 d&rsquo;Icarie est apparu, qui est attribu\u00e9 \u00e0 la qualit\u00e9 de vie active et bonne. Les \u00e9l\u00e9ments de base du r\u00e9gime alimentaire des habitants qui, selon les scientifiques, contribuent \u00e0 leur long\u00e9vit\u00e9, sont les herbes et les l\u00e9gumes sauvages, les champignons, le miel et, bien s\u00fbr, le vin local, le \u00abPramnos\u00bb, comme on l\u2019appelait dans l\u2019Antiquit\u00e9.<\/p>\n<p>Icarie est connue pour la conception particuli\u00e8re du temps et la philosophie de ses habitants. C\u2019est un endroit sp\u00e9cial dot\u00e9 d\u2019une culture qui vaut certainement la peine d\u2019\u00eatre connue. Les locaux sont calmes, hospitaliers et impatients. Quelle que soit l&rsquo;heure de la journ\u00e9e, ils vous inviteront g\u00e9n\u00e9ralement \u00e0 prendre un verre de vin et des sp\u00e9cialit\u00e9s locales et \u00e0 faire connaissance. M\u00eame si vous venez de vous rencontrer, vous d\u00e9couvrirez qu&rsquo;ils ont un moyen de vous mettre \u00e0 l&rsquo;aise et que vous avez h\u00e2te de les revoir.[\/vc_column_text][vc_single_image image=\u00a0\u00bb2671&Prime; img_size=\u00a0\u00bbfull\u00a0\u00bb][\/vc_column_inner][\/vc_row_inner][vc_row_inner css=\u00a0\u00bb.vc_custom_1563308801058{margin-top: 0px !important;margin-bottom: 0px !important;padding-top: 0px !important;padding-bottom: 0px !important;}\u00a0\u00bb][vc_column_inner][vc_column_text css=\u00a0\u00bb.vc_custom_1645608834080{padding-top: 0px !important;padding-right: 10% !important;padding-bottom: 0px !important;padding-left: 10% !important;}\u00a0\u00bb]Une attraction importante d&rsquo;Icarie est le style des maisons traditionnelles en pierre qui parlent de la simplicit\u00e9 et de l&rsquo;aspect pratique des anciens habitants. Ils ont construit leurs maisons sous les arbres ou entre de gros rochers pour les rendre invisibles et les prot\u00e9ger des pirates.<\/p>\n<p>Si vous souhaitez en savoir plus sur l&rsquo;histoire locale, vous pouvez visiter les petits mus\u00e9es folkloriques dans les villages d&rsquo;Agios Polikarpos, Vrakades et la ville d&rsquo;Agios Kirikos. La collection arch\u00e9ologique du village de Kampos et le mus\u00e9e arch\u00e9ologique d&rsquo;Agios Kirikos. Vous aimerez peut-\u00eatre aussi voir les restes du temple de la d\u00e9esse Art\u00e9mis \u00e0 Nas, l&rsquo;ancienne tour de Drakanon et les objets trouv\u00e9s lors des r\u00e9centes fouilles. Ainsi que\u00a0la petite crique de \u00abIero\u00bb pr\u00e8s de l&rsquo;a\u00e9roport et la grotte o\u00f9, selon la l\u00e9gende, \u00e9tait le lieu de naissance de Dionysos.<\/p>\n<p>Vous pourrez \u00e9galement profiter de la rare beaut\u00e9 de notre \u00eele et observer sa biodiversit\u00e9 de pr\u00e8s et \u00e0 travers des randonn\u00e9es organis\u00e9es sur d&rsquo;anciens sentiers cartographi\u00e9s. Et bien s\u00fbr, ne manquez pas l&rsquo;occasion de vous amuser \u00e0 l&rsquo;un des c\u00e9l\u00e8bres festivals d&rsquo;Icarie. Ceux-ci ont lieu dans chaque village, principalement pendant les mois d&rsquo;\u00e9t\u00e9. Vous allez profiter en \u00e9coutant de la musique traditionnelle, en buvant du vin et en mangeant de la viande de ch\u00e8vre.<\/p>\n<p>Icarie est une \u00eele verte et montagneuse avec de nombreuses eaux courantes, qui a une superficie de 255 kilom\u00e8tres carr\u00e9s et environ 8 000 r\u00e9sidents permanents. La cha\u00eene de montagnes qui la traverse s&rsquo;appelle Pramnos (Atheras), le plus haut sommet atteint 1050 m\u00e8tres et un littoral un peu plus long que 15000 km. Son c\u00f4t\u00e9 sud est plus raide, compar\u00e9 au c\u00f4t\u00e9 nord dans lequel plusieurs plateaux se forment, comme Pezi, Ammoudia, Erifi, Arnopezia etc. Les principales activit\u00e9s des habitants sont l&rsquo;\u00e9levage, l&rsquo;agriculture et le tourisme. Bien s\u00fbr, plusieurs fois vous entendrez un habitant d&rsquo;Icarie dire : \u00ab\u00a0Le bonheur ne se trouve pas dans les possessions mat\u00e9rielles\u00a0\u00bb.[\/vc_column_text][\/vc_column_inner][\/vc_row_inner][\/vc_column][\/vc_row][vc_row css=\u00a0\u00bb.vc_custom_1563308760258{margin-top: 0px !important;margin-bottom: 0px !important;padding-top: 0px !important;padding-bottom: 0px !important;}\u00a0\u00bb][vc_column width=\u00a0\u00bb1\/2&Prime;][vc_single_image image=\u00a0\u00bb2680&Prime; img_size=\u00a0\u00bbfull\u00a0\u00bb alignment=\u00a0\u00bbcenter\u00a0\u00bb][\/vc_column][vc_column width=\u00a0\u00bb1\/2&Prime;][vc_single_image image=\u00a0\u00bb2674&Prime; img_size=\u00a0\u00bbfull\u00a0\u00bb alignment=\u00a0\u00bbcenter\u00a0\u00bb][\/vc_column][\/vc_row][vc_row css=\u00a0\u00bb.vc_custom_1563308780930{margin-top: 0px !important;margin-bottom: 0px !important;padding-top: 0px !important;padding-bottom: 0px !important;}\u00a0\u00bb][vc_column][vc_column_text css=\u00a0\u00bb.vc_custom_1619429433776{padding-top: 10% !important;padding-right: 10% !important;padding-bottom: 10% !important;padding-left: 10% !important;}\u00a0\u00bb]<strong>LIENS UTILES<\/strong><\/p>\n<p>Pour plus d&rsquo;informations sur Icarie (m\u00e9t\u00e9o, acc\u00e8s, horaires des bateaux et bus, f\u00eates de village), vous pouvez visiter les liens suivants.<\/p>\n<ul>\n<li class=\"firstItem\">\u00a0<a href=\"http:\/\/www.visitikaria.gr\/\">www.visitikaria.gr<\/a><\/li>\n<li><a href=\"http:\/\/www.island-ikaria.com\/\">www.island-ikaria.com<\/a><\/li>\n<li><a href=\"http:\/\/www.discoverikaria.com\/\">www.discoverikaria.com<\/a><\/li>\n<li class=\"lastItem\"><a href=\"http:\/\/www.meteo.gr\/meteoplus\/cf.cfm?city_id=74\">www.meteo.gr\/meteoplus\/cf.cfm?city_id=74<\/a><\/li>\n<\/ul>\n<p><em>\u00a0<\/em>[\/vc_column_text][\/vc_column][\/vc_row]<\/p>\n","protected":false},"excerpt":{"rendered":"<p>[vc_row css=\u00a0\u00bb.vc_custom_1563308773370{margin-bottom: 0px !important;padding-bottom: 0px !important;}\u00a0\u00bb][vc_column][vc_row_inner][vc_column_inner width=\u00a0\u00bb1\/2&Prime; css=\u00a0\u00bb.vc_custom_1563308822494{margin-top: 0px !important;margin-bottom: 0px !important;padding-top: 0px !important;padding-bottom: 0px !important;}\u00a0\u00bb][vc_single_image image=\u00a0\u00bb2694&Prime; img_size=\u00a0\u00bbfull\u00a0\u00bb][vc_column_text css=\u00a0\u00bb.vc_custom_1620291841923{padding-top: 10% !important;padding-right: 10% !important;padding-bottom: 10% !important;padding-left: 10% !important;}\u00a0\u00bb]L&rsquo;\u00eele d&rsquo;Icarie est situ\u00e9e dans le nord-est de la mer \u00c9g\u00e9e. Elle est connue pour sa nature \u00e9tonnante, ses montagnes, ses c\u00f4tes rocheuses et ses plages, ainsi que pour<br class=\"read-more-spacer\"> <a class=\"more-link\" href=\"https:\/\/afianeswines.gr\/fr\/domaine-afianes\/notre-icarie\/\">Read More<\/a><\/p>\n","protected":false},"author":1,"featured_media":2690,"parent":2790,"menu_order":0,"comment_status":"closed","ping_status":"closed","template":"","meta":{"footnotes":""},"class_list":["post-2842","page","type-page","status-publish","has-post-thumbnail","hentry"],"yoast_head":"<!-- This site is optimized with the Yoast SEO plugin v27.2 - https:\/\/yoast.com\/product\/yoast-seo-wordpress\/ -->\n<title>Notre \u00eele, Icarie - Afianes Wines<\/title>\n<meta name=\"robots\" content=\"index, follow, max-snippet:-1, max-image-preview:large, max-video-preview:-1\" \/>\n<link rel=\"canonical\" href=\"https:\/\/afianeswines.gr\/fr\/domaine-afianes\/notre-icarie\/\" \/>\n<meta property=\"og:locale\" content=\"fr_FR\" \/>\n<meta property=\"og:type\" content=\"article\" \/>\n<meta property=\"og:title\" content=\"Notre \u00eele, Icarie - Afianes Wines\" \/>\n<meta property=\"og:description\" content=\"[vc_row css=\u00a0\u00bb.vc_custom_1563308773370{margin-bottom: 0px !important;padding-bottom: 0px !important;}\u00a0\u00bb][vc_column][vc_row_inner][vc_column_inner width=\u00a0\u00bb1\/2&Prime; css=\u00a0\u00bb.vc_custom_1563308822494{margin-top: 0px !important;margin-bottom: 0px !important;padding-top: 0px !important;padding-bottom: 0px !important;}\u00a0\u00bb][vc_single_image image=\u00a0\u00bb2694&Prime; img_size=\u00a0\u00bbfull\u00a0\u00bb][vc_column_text css=\u00a0\u00bb.vc_custom_1620291841923{padding-top: 10% !important;padding-right: 10% !important;padding-bottom: 10% !important;padding-left: 10% !important;}\u00a0\u00bb]L&rsquo;\u00eele d&rsquo;Icarie est situ\u00e9e dans le nord-est de la mer \u00c9g\u00e9e. Elle est connue pour sa nature \u00e9tonnante, ses montagnes, ses c\u00f4tes rocheuses et ses plages, ainsi que pour Read More\" \/>\n<meta property=\"og:url\" content=\"https:\/\/afianeswines.gr\/fr\/domaine-afianes\/notre-icarie\/\" \/>\n<meta property=\"og:site_name\" content=\"Afianes Wines\" \/>\n<meta property=\"article:modified_time\" content=\"2022-02-23T09:34:18+00:00\" \/>\n<meta property=\"og:image\" content=\"https:\/\/afianeswines.gr\/wp-content\/uploads\/2019\/07\/ikaria-header-1.jpg\" \/>\n\t<meta property=\"og:image:width\" content=\"2000\" \/>\n\t<meta property=\"og:image:height\" content=\"611\" \/>\n\t<meta property=\"og:image:type\" content=\"image\/jpeg\" \/>\n<meta name=\"twitter:card\" content=\"summary_large_image\" \/>\n<meta name=\"twitter:label1\" content=\"Dur\u00e9e de lecture estim\u00e9e\" \/>\n\t<meta name=\"twitter:data1\" content=\"4 minutes\" \/>\n<script type=\"application\/ld+json\" class=\"yoast-schema-graph\">{\"@context\":\"https:\/\/schema.org\",\"@graph\":[{\"@type\":\"WebPage\",\"@id\":\"https:\/\/afianeswines.gr\/fr\/domaine-afianes\/notre-icarie\/\",\"url\":\"https:\/\/afianeswines.gr\/fr\/domaine-afianes\/notre-icarie\/\",\"name\":\"Notre \u00eele, Icarie - Afianes Wines\",\"isPartOf\":{\"@id\":\"https:\/\/afianeswines.gr\/fr\/#website\"},\"primaryImageOfPage\":{\"@id\":\"https:\/\/afianeswines.gr\/fr\/domaine-afianes\/notre-icarie\/#primaryimage\"},\"image\":{\"@id\":\"https:\/\/afianeswines.gr\/fr\/domaine-afianes\/notre-icarie\/#primaryimage\"},\"thumbnailUrl\":\"https:\/\/afianeswines.gr\/wp-content\/uploads\/2019\/07\/ikaria-header-1.jpg\",\"datePublished\":\"2019-06-30T21:21:13+00:00\",\"dateModified\":\"2022-02-23T09:34:18+00:00\",\"breadcrumb\":{\"@id\":\"https:\/\/afianeswines.gr\/fr\/domaine-afianes\/notre-icarie\/#breadcrumb\"},\"inLanguage\":\"fr-FR\",\"potentialAction\":[{\"@type\":\"ReadAction\",\"target\":[\"https:\/\/afianeswines.gr\/fr\/domaine-afianes\/notre-icarie\/\"]}]},{\"@type\":\"ImageObject\",\"inLanguage\":\"fr-FR\",\"@id\":\"https:\/\/afianeswines.gr\/fr\/domaine-afianes\/notre-icarie\/#primaryimage\",\"url\":\"https:\/\/afianeswines.gr\/wp-content\/uploads\/2019\/07\/ikaria-header-1.jpg\",\"contentUrl\":\"https:\/\/afianeswines.gr\/wp-content\/uploads\/2019\/07\/ikaria-header-1.jpg\",\"width\":2000,\"height\":611},{\"@type\":\"BreadcrumbList\",\"@id\":\"https:\/\/afianeswines.gr\/fr\/domaine-afianes\/notre-icarie\/#breadcrumb\",\"itemListElement\":[{\"@type\":\"ListItem\",\"position\":1,\"name\":\"Home\",\"item\":\"https:\/\/afianeswines.gr\/fr\/\"},{\"@type\":\"ListItem\",\"position\":2,\"name\":\"Domaine Afianes\",\"item\":\"https:\/\/afianeswines.gr\/fr\/domaine-afianes\/\"},{\"@type\":\"ListItem\",\"position\":3,\"name\":\"Notre \u00eele, Icarie\"}]},{\"@type\":\"WebSite\",\"@id\":\"https:\/\/afianeswines.gr\/fr\/#website\",\"url\":\"https:\/\/afianeswines.gr\/fr\/\",\"name\":\"Afianes Wines\",\"description\":\"\u039f\u03b9\u03bd\u03bf\u03c0\u03bf\u03b9\u03b5\u03af\u03bf \u0399\u03ba\u03b1\u03c1\u03af\u03b1 - \u0395\u03ba\u03bb\u03b5\u03ba\u03c4\u03ac \u03ba\u03c1\u03b1\u03c3\u03b9\u03ac\",\"potentialAction\":[{\"@type\":\"SearchAction\",\"target\":{\"@type\":\"EntryPoint\",\"urlTemplate\":\"https:\/\/afianeswines.gr\/fr\/?s={search_term_string}\"},\"query-input\":{\"@type\":\"PropertyValueSpecification\",\"valueRequired\":true,\"valueName\":\"search_term_string\"}}],\"inLanguage\":\"fr-FR\"}]}<\/script>\n<!-- \/ Yoast SEO plugin. -->","yoast_head_json":{"title":"Notre \u00eele, Icarie - Afianes Wines","robots":{"index":"index","follow":"follow","max-snippet":"max-snippet:-1","max-image-preview":"max-image-preview:large","max-video-preview":"max-video-preview:-1"},"canonical":"https:\/\/afianeswines.gr\/fr\/domaine-afianes\/notre-icarie\/","og_locale":"fr_FR","og_type":"article","og_title":"Notre \u00eele, Icarie - Afianes Wines","og_description":"[vc_row css=\u00a0\u00bb.vc_custom_1563308773370{margin-bottom: 0px !important;padding-bottom: 0px !important;}\u00a0\u00bb][vc_column][vc_row_inner][vc_column_inner width=\u00a0\u00bb1\/2&Prime; css=\u00a0\u00bb.vc_custom_1563308822494{margin-top: 0px !important;margin-bottom: 0px !important;padding-top: 0px !important;padding-bottom: 0px !important;}\u00a0\u00bb][vc_single_image image=\u00a0\u00bb2694&Prime; img_size=\u00a0\u00bbfull\u00a0\u00bb][vc_column_text css=\u00a0\u00bb.vc_custom_1620291841923{padding-top: 10% !important;padding-right: 10% !important;padding-bottom: 10% !important;padding-left: 10% !important;}\u00a0\u00bb]L&rsquo;\u00eele d&rsquo;Icarie est situ\u00e9e dans le nord-est de la mer \u00c9g\u00e9e. Elle est connue pour sa nature \u00e9tonnante, ses montagnes, ses c\u00f4tes rocheuses et ses plages, ainsi que pour Read More","og_url":"https:\/\/afianeswines.gr\/fr\/domaine-afianes\/notre-icarie\/","og_site_name":"Afianes Wines","article_modified_time":"2022-02-23T09:34:18+00:00","og_image":[{"width":2000,"height":611,"url":"https:\/\/afianeswines.gr\/wp-content\/uploads\/2019\/07\/ikaria-header-1.jpg","type":"image\/jpeg"}],"twitter_card":"summary_large_image","twitter_misc":{"Dur\u00e9e de lecture estim\u00e9e":"4 minutes"},"schema":{"@context":"https:\/\/schema.org","@graph":[{"@type":"WebPage","@id":"https:\/\/afianeswines.gr\/fr\/domaine-afianes\/notre-icarie\/","url":"https:\/\/afianeswines.gr\/fr\/domaine-afianes\/notre-icarie\/","name":"Notre \u00eele, Icarie - Afianes Wines","isPartOf":{"@id":"https:\/\/afianeswines.gr\/fr\/#website"},"primaryImageOfPage":{"@id":"https:\/\/afianeswines.gr\/fr\/domaine-afianes\/notre-icarie\/#primaryimage"},"image":{"@id":"https:\/\/afianeswines.gr\/fr\/domaine-afianes\/notre-icarie\/#primaryimage"},"thumbnailUrl":"https:\/\/afianeswines.gr\/wp-content\/uploads\/2019\/07\/ikaria-header-1.jpg","datePublished":"2019-06-30T21:21:13+00:00","dateModified":"2022-02-23T09:34:18+00:00","breadcrumb":{"@id":"https:\/\/afianeswines.gr\/fr\/domaine-afianes\/notre-icarie\/#breadcrumb"},"inLanguage":"fr-FR","potentialAction":[{"@type":"ReadAction","target":["https:\/\/afianeswines.gr\/fr\/domaine-afianes\/notre-icarie\/"]}]},{"@type":"ImageObject","inLanguage":"fr-FR","@id":"https:\/\/afianeswines.gr\/fr\/domaine-afianes\/notre-icarie\/#primaryimage","url":"https:\/\/afianeswines.gr\/wp-content\/uploads\/2019\/07\/ikaria-header-1.jpg","contentUrl":"https:\/\/afianeswines.gr\/wp-content\/uploads\/2019\/07\/ikaria-header-1.jpg","width":2000,"height":611},{"@type":"BreadcrumbList","@id":"https:\/\/afianeswines.gr\/fr\/domaine-afianes\/notre-icarie\/#breadcrumb","itemListElement":[{"@type":"ListItem","position":1,"name":"Home","item":"https:\/\/afianeswines.gr\/fr\/"},{"@type":"ListItem","position":2,"name":"Domaine Afianes","item":"https:\/\/afianeswines.gr\/fr\/domaine-afianes\/"},{"@type":"ListItem","position":3,"name":"Notre \u00eele, Icarie"}]},{"@type":"WebSite","@id":"https:\/\/afianeswines.gr\/fr\/#website","url":"https:\/\/afianeswines.gr\/fr\/","name":"Afianes Wines","description":"\u039f\u03b9\u03bd\u03bf\u03c0\u03bf\u03b9\u03b5\u03af\u03bf \u0399\u03ba\u03b1\u03c1\u03af\u03b1 - \u0395\u03ba\u03bb\u03b5\u03ba\u03c4\u03ac \u03ba\u03c1\u03b1\u03c3\u03b9\u03ac","potentialAction":[{"@type":"SearchAction","target":{"@type":"EntryPoint","urlTemplate":"https:\/\/afianeswines.gr\/fr\/?s={search_term_string}"},"query-input":{"@type":"PropertyValueSpecification","valueRequired":true,"valueName":"search_term_string"}}],"inLanguage":"fr-FR"}]}},"_links":{"self":[{"href":"https:\/\/afianeswines.gr\/fr\/wp-json\/wp\/v2\/pages\/2842","targetHints":{"allow":["GET"]}}],"collection":[{"href":"https:\/\/afianeswines.gr\/fr\/wp-json\/wp\/v2\/pages"}],"about":[{"href":"https:\/\/afianeswines.gr\/fr\/wp-json\/wp\/v2\/types\/page"}],"author":[{"embeddable":true,"href":"https:\/\/afianeswines.gr\/fr\/wp-json\/wp\/v2\/users\/1"}],"replies":[{"embeddable":true,"href":"https:\/\/afianeswines.gr\/fr\/wp-json\/wp\/v2\/comments?post=2842"}],"version-history":[{"count":6,"href":"https:\/\/afianeswines.gr\/fr\/wp-json\/wp\/v2\/pages\/2842\/revisions"}],"predecessor-version":[{"id":36142,"href":"https:\/\/afianeswines.gr\/fr\/wp-json\/wp\/v2\/pages\/2842\/revisions\/36142"}],"up":[{"embeddable":true,"href":"https:\/\/afianeswines.gr\/fr\/wp-json\/wp\/v2\/pages\/2790"}],"wp:featuredmedia":[{"embeddable":true,"href":"https:\/\/afianeswines.gr\/fr\/wp-json\/wp\/v2\/media\/2690"}],"wp:attachment":[{"href":"https:\/\/afianeswines.gr\/fr\/wp-json\/wp\/v2\/media?parent=2842"}],"curies":[{"name":"wp","href":"https:\/\/api.w.org\/{rel}","templated":true}]}}