{"id":2796,"date":"2017-06-02T09:31:33","date_gmt":"2017-06-02T09:31:33","guid":{"rendered":"https:\/\/afianeswines.gr\/%ce%b5%cf%80%ce%b9%cf%83%ce%ba%ce%b5%cf%86%ce%b8%ce%b5%ce%af%cf%84%ce%b5-%ce%bc%ce%b1%cf%82\/"},"modified":"2025-09-08T17:19:09","modified_gmt":"2025-09-08T14:19:09","slug":"visitez-nous","status":"publish","type":"page","link":"https:\/\/afianeswines.gr\/fr\/visitez-nous\/","title":{"rendered":"Visitez-nous"},"content":{"rendered":"<p>[vc_row][vc_column]\n\t<div class=\"title-subtitle-box   \" style=\" text-align: center;\">\n\t\t<hr class=\"has-topline\"  \/>\n\t\t<div class=\"subtitle\" style=\"\"><p>Situ\u00e9 sur les hauts plateaux d&rsquo;Icarie surplombant l&rsquo;extr\u00e9mit\u00e9 ouest de l&rsquo;\u00eele, le domaine Afianes est un lieu o\u00f9 le vin, les amis, la nature et la tradition se rencontrent. La cave s&rsquo;\u00e9tend sur une colline verdoyante entrecoup\u00e9e de pierres de granit naturel. Un v\u00e9ritable sanctuaire pour les amateurs du vin et de la nature.<\/p>\n<\/div>\n\t<\/div> [vc_row_inner][vc_column_inner width=\u00a0\u00bb1\/2&Prime;][vc_column_text]<\/p>\n<h2>Visite du domaine<\/h2>\n<p class=\"\" data-start=\"0\" data-end=\"203\">Le domaine Afianes, situ\u00e9 dans les hauteurs d&rsquo;Ikaria et surplombant l&rsquo;ouest de l&rsquo;\u00eele, est le point de rencontre entre le vin, les amis, la nature et la tradition. <strong data-start=\"163\" data-end=\"201\">La cave est ouverte toute l&rsquo;ann\u00e9e.<\/strong><\/p>\n<p class=\"\" data-start=\"205\" data-end=\"412\">\u2022 <strong data-start=\"207\" data-end=\"237\">Du 1\u1d49\u02b3 novembre au 31 mars<\/strong>, uniquement sur <strong data-start=\"254\" data-end=\"269\">rendez-vous<\/strong>.<br data-start=\"270\" data-end=\"273\" \/>\u2022 <strong data-start=\"275\" data-end=\"296\">D&rsquo;avril \u00e0 octobre<\/strong>, <strong data-start=\"298\" data-end=\"333\">tous les jours de 12h00 \u00e0 19h00<\/strong> (<em data-start=\"335\" data-end=\"408\">nous recommandons une r\u00e9servation pour mieux organiser votre exp\u00e9rience<\/em>).<\/p>\n<p class=\"\" data-start=\"414\" data-end=\"564\">Les visiteurs peuvent d\u00e9couvrir notre cave \u00e0 travers des visites guid\u00e9es, organis\u00e9es <strong data-start=\"499\" data-end=\"517\">tous les jours<\/strong> aux horaires suivants :<br data-start=\"541\" data-end=\"544\" \/><strong data-start=\"544\" data-end=\"562\">15h00 \/\/ 17h00<\/strong><\/p>\n<p class=\"\" data-start=\"566\" data-end=\"841\">Lors de ces visites, plongez dans les techniques traditionnelles de vinification ikarienne, explorez le pressoir en granit o\u00f9 les raisins sont foul\u00e9s \u00e0 l\u2019ancienne, fl\u00e2nez \u00e0 c\u00f4t\u00e9 de la cave \u00e0 vin et visitez la maison en pierre du pirate, o\u00f9 nos vins vieillis sont conserv\u00e9s.<\/p>\n<p class=\"\" data-start=\"843\" data-end=\"1096\">Notre domaine comprend \u00e9galement l\u2019amphith\u00e9\u00e2tre en granit <strong data-start=\"901\" data-end=\"915\">\u00ab\u00a0Dionysos\u00a0\u00bb<\/strong>, o\u00f9 se d\u00e9roulent des \u00e9v\u00e9nements tout au long de l\u2019\u00e9t\u00e9, ainsi qu\u2019un espace folklorique avec des objets du quotidien du si\u00e8cle dernier, offerts par des villageois, amis et proches.<\/p>\n<p class=\"\" data-start=\"1098\" data-end=\"1279\">\u00c0 la fin de chaque visite, une <strong data-start=\"1129\" data-end=\"1144\">d\u00e9gustation<\/strong> de vins jeunes et vieillis vous permettra d\u2019appr\u00e9hender non seulement notre philosophie du vin, mais aussi notre approche de la vie.<\/p>\n<p class=\"\" data-start=\"1281\" data-end=\"1647\">Prolongez cette exp\u00e9rience unique en savourant un verre de vin dans notre <strong data-start=\"1355\" data-end=\"1381\">bar \u00e0 vin en plein air<\/strong>, avec vue sur la mer \u00c9g\u00e9e, et d\u00e9gustez des plateaux et plats du jour issus de <strong data-start=\"1460\" data-end=\"1498\">la cuisine traditionnelle de Maria<\/strong>, pr\u00e9par\u00e9s avec des produits locaux. Vous aurez \u00e9galement la possibilit\u00e9 d\u2019acheter des vins de notre collection dans <strong data-start=\"1615\" data-end=\"1644\">notre boutique du domaine<\/strong>.<\/p>\n<p class=\"\" data-start=\"1649\" data-end=\"1782\">Nous vous attendons pour vivre <strong data-start=\"1680\" data-end=\"1755\">des exp\u00e9riences inoubliables alliant nature, gastronomie et d\u00e9gustation<\/strong>, en excellente compagnie !<\/p>\n<p>[\/vc_column_text][vc_single_image image=\u00a0\u00bb2707&Prime; img_size=\u00a0\u00bblarge\u00a0\u00bb][\/vc_column_inner][vc_column_inner width=\u00a0\u00bb1\/2&Prime;][vc_column_text]<\/p>\n<p data-start=\"0\" data-end=\"390\"><strong>Bar \u00e0 vin<\/strong><\/p>\n<p class=\"\" data-start=\"0\" data-end=\"403\">Nous vous attendons <strong data-start=\"20\" data-end=\"38\">tous les jours<\/strong> du <strong data-start=\"42\" data-end=\"69\">1\u1d49\u02b3 avril au 31 octobre<\/strong>, de <strong data-start=\"74\" data-end=\"91\">12h00 \u00e0 20h00<\/strong>, pour d\u00e9guster des plateaux d&rsquo;accompagnement de fromages grecs et de charcuteries, des tartes faites maison avec des produits locaux, des plateaux de produits biologiques locaux, des amuse-bouches et, bien s\u00fbr, pour savourer notre riche collection de vins d&rsquo;Ikaria dans l\u2019espace en plein air du <strong data-start=\"387\" data-end=\"400\">bar \u00e0 vin<\/strong>.<\/p>\n<p class=\"\" data-start=\"405\" data-end=\"628\">N&rsquo;oubliez pas de nous demander le plat ou le dessert du jour ! Venez profiter d&rsquo;un repas l\u00e9ger ou d&rsquo;une exp\u00e9rience culinaire unique en compagnie de vos proches ou de votre moiti\u00e9, tout en admirant la vue sur la mer \u00c9g\u00e9e !<\/p>\n<p class=\"\" data-start=\"630\" data-end=\"764\">Des plats v\u00e9g\u00e9tariens et v\u00e9ganes sont \u00e9galement propos\u00e9s. <strong data-start=\"688\" data-end=\"735\">Les animaux de compagnie sont les bienvenus<\/strong> (n&rsquo;oubliez pas leur laisse).<\/p>\n<p class=\"\" data-start=\"617\" data-end=\"756\">[\/vc_column_text][vc_single_image image=\u00a0\u00bb2733&Prime; img_size=\u00a0\u00bblarge\u00a0\u00bb][\/vc_column_inner][\/vc_row_inner][\/vc_column][\/vc_row][vc_row equal_height=\u00a0\u00bbyes\u00a0\u00bb content_placement=\u00a0\u00bbmiddle\u00a0\u00bb css=\u00a0\u00bb.vc_custom_1496402809943{padding-top: 0px !important;padding-bottom: 0px !important;}\u00a0\u00bb][vc_column width=\u00a0\u00bb1\/2&Prime; css=\u00a0\u00bb.vc_custom_1496401745421{padding: 0px !important;}\u00a0\u00bb][vc_single_image image=\u00a0\u00bb2755&Prime; img_size=\u00a0\u00bblarge\u00a0\u00bb css=\u00a0\u00bb.vc_custom_1563313873386{margin-bottom: 0px !important;}\u00a0\u00bb][\/vc_column][vc_column width=\u00a0\u00bb1\/2&Prime; css=\u00a0\u00bb.vc_custom_1517562096471{padding-top: 10% !important;padding-right: 10% !important;padding-bottom: 10% !important;padding-left: 10% !important;background-color: #f1f1f1 !important;}\u00a0\u00bb]\n\t<div class=\"title-subtitle-box   \" style=\" text-align: left;\">\n\t\t<h2 style=\" text-transform: uppercase; font-weight: 400; letter-spacing: 0px;\" >D\u00e9gustation et visite guid\u00e9e<\/h2>\n\t\t<div class=\"subtitle\" style=\"\"><p>Essayez nos belles vari\u00e9t\u00e9s de vins. Prenez rendez-vous et vivez une exp\u00e9rience unique.<\/p>\n<\/div>\n\t<\/div> \n\t<div class=\"gg-special-link-wrapper  special-link-align-left\"><a  class=\"gg-special-link has-left-hor-line\" href=\"https:\/\/afianeswines.gr\/fr\/%ce%b5%cf%80%ce%b9%cf%83%ce%ba%ce%b5%cf%86%ce%b8%ce%b5%ce%af%cf%84%ce%b5-%ce%bc%ce%b1%cf%82\/degustation-et-visite-guidee\/\" title=\"En savoir plus\" target=\"_self\">En savoir plus<\/a><\/div>[\/vc_column][\/vc_row][vc_row equal_height=\u00a0\u00bbyes\u00a0\u00bb content_placement=\u00a0\u00bbmiddle\u00a0\u00bb css=\u00a0\u00bb.vc_custom_1496403138638{padding-top: 0px !important;padding-bottom: 0px !important;}\u00a0\u00bb][vc_column width=\u00a0\u00bb1\/2&Prime; css=\u00a0\u00bb.vc_custom_1517562106955{padding-top: 10% !important;padding-right: 10% !important;padding-bottom: 10% !important;padding-left: 10% !important;background-color: #f1f1f1 !important;}\u00a0\u00bb]\n\t<div class=\"title-subtitle-box   \" style=\" text-align: left;\">\n\t\t<h2 style=\" text-transform: uppercase; font-weight: 400; letter-spacing: 0px;\" >\u00c9v\u00e9nements<\/h2>\n\t\t<div class=\"subtitle\" style=\"\"><p>Des \u00e9v\u00e9nements ont lieu r\u00e9guli\u00e8rement dans notre domaine. Des concerts et des repr\u00e9sentations th\u00e9\u00e2trales, mariages et f\u00eates!<\/p>\n<\/div>\n\t<\/div> \n\t<div class=\"gg-special-link-wrapper  special-link-align-left\"><a  class=\"gg-special-link has-left-hor-line\" href=\"https:\/\/afianeswines.gr\/fr\/%ce%b5%cf%80%ce%b9%cf%83%ce%ba%ce%b5%cf%86%ce%b8%ce%b5%ce%af%cf%84%ce%b5-%ce%bc%ce%b1%cf%82\/evenements\/\" title=\"En savoir plus\" target=\"_self\">En savoir plus<\/a><\/div>[\/vc_column][vc_column width=\u00a0\u00bb1\/2&Prime; css=\u00a0\u00bb.vc_custom_1496402597496{padding: 0px !important;}\u00a0\u00bb][vc_single_image image=\u00a0\u00bb2239&Prime; img_size=\u00a0\u00bblarge\u00a0\u00bb css=\u00a0\u00bb.vc_custom_1562794631771{margin-bottom: 0px !important;}\u00a0\u00bb][\/vc_column][\/vc_row][vc_row equal_height=\u00a0\u00bbyes\u00a0\u00bb content_placement=\u00a0\u00bbmiddle\u00a0\u00bb css=\u00a0\u00bb.vc_custom_1496402809943{padding-top: 0px !important;padding-bottom: 0px !important;}\u00a0\u00bb][vc_column width=\u00a0\u00bb1\/2&Prime; css=\u00a0\u00bb.vc_custom_1496401745421{padding: 0px !important;}\u00a0\u00bb][vc_single_image image=\u00a0\u00bb2752&Prime; img_size=\u00a0\u00bblarge\u00a0\u00bb css=\u00a0\u00bb.vc_custom_1563313769884{margin-bottom: 0px !important;}\u00a0\u00bb][\/vc_column][vc_column width=\u00a0\u00bb1\/2&Prime; css=\u00a0\u00bb.vc_custom_1517562096471{padding-top: 10% !important;padding-right: 10% !important;padding-bottom: 10% !important;padding-left: 10% !important;background-color: #f1f1f1 !important;}\u00a0\u00bb]\n\t<div class=\"title-subtitle-box   \" style=\" text-align: left;\">\n\t\t<h2 style=\" text-transform: uppercase; font-weight: 400; letter-spacing: 0px;\" >Exp\u00e9riences \u0153nologiques<\/h2>\n\t\t<div class=\"subtitle\" style=\"\"><p>Venez d\u00e9couvrir le monde de notre domaine viticole \u00e0 travers une visite unique!<\/p>\n<\/div>\n\t<\/div> \n\t<div class=\"gg-special-link-wrapper  special-link-align-left\"><a  class=\"gg-special-link has-left-hor-line\" href=\"https:\/\/afianeswines.gr\/fr\/%ce%b5%cf%80%ce%b9%cf%83%ce%ba%ce%b5%cf%86%ce%b8%ce%b5%ce%af%cf%84%ce%b5-%ce%bc%ce%b1%cf%82\/experiences-oenologiques\/\" title=\"En savoir plus\" target=\"_self\">En savoir plus<\/a><\/div>[\/vc_column][\/vc_row]<\/p>\n","protected":false},"excerpt":{"rendered":"<p>[vc_row][vc_column][vc_row_inner][vc_column_inner width=\u00a0\u00bb1\/2&Prime;][vc_column_text] Visite du domaine Le domaine Afianes, situ\u00e9 dans les hauteurs d&rsquo;Ikaria et surplombant l&rsquo;ouest de l&rsquo;\u00eele, est le point de rencontre entre le vin, les amis, la nature et la tradition. La cave est ouverte toute l&rsquo;ann\u00e9e. \u2022 Du 1\u1d49\u02b3 novembre au 31 mars, uniquement sur rendez-vous.\u2022 D&rsquo;avril \u00e0 octobre, tous les jours<br class=\"read-more-spacer\"> <a class=\"more-link\" href=\"https:\/\/afianeswines.gr\/fr\/visitez-nous\/\">Read More<\/a><\/p>\n","protected":false},"author":1,"featured_media":3392,"parent":0,"menu_order":0,"comment_status":"closed","ping_status":"closed","template":"","meta":{"footnotes":""},"class_list":["post-2796","page","type-page","status-publish","has-post-thumbnail","hentry"],"yoast_head":"<!-- This site is optimized with the Yoast SEO plugin v27.2 - https:\/\/yoast.com\/product\/yoast-seo-wordpress\/ -->\n<title>Visitez-nous - Afianes Wines<\/title>\n<meta name=\"description\" content=\"Explorer le pressoir de granit o\u00f9 se d\u00e9roule le pressurage traditionnel du raisin, l&#039;amphith\u00e9\u00e2tre en pierre, ainsi que la chambre folklorique.\" \/>\n<meta name=\"robots\" content=\"index, follow, max-snippet:-1, max-image-preview:large, max-video-preview:-1\" \/>\n<link rel=\"canonical\" href=\"https:\/\/afianeswines.gr\/fr\/visitez-nous\/\" \/>\n<meta property=\"og:locale\" content=\"fr_FR\" \/>\n<meta property=\"og:type\" content=\"article\" \/>\n<meta property=\"og:title\" content=\"Visitez-nous - Afianes Wines\" \/>\n<meta property=\"og:description\" content=\"Explorer le pressoir de granit o\u00f9 se d\u00e9roule le pressurage traditionnel du raisin, l&#039;amphith\u00e9\u00e2tre en pierre, ainsi que la chambre folklorique.\" \/>\n<meta property=\"og:url\" content=\"https:\/\/afianeswines.gr\/fr\/visitez-nous\/\" \/>\n<meta property=\"og:site_name\" content=\"Afianes Wines\" \/>\n<meta property=\"article:modified_time\" content=\"2025-09-08T14:19:09+00:00\" \/>\n<meta property=\"og:image\" content=\"https:\/\/afianeswines.gr\/wp-content\/uploads\/2018\/02\/shop-page-header-light.jpg\" \/>\n\t<meta property=\"og:image:width\" content=\"1440\" \/>\n\t<meta property=\"og:image:height\" content=\"610\" \/>\n\t<meta property=\"og:image:type\" content=\"image\/jpeg\" \/>\n<meta name=\"twitter:card\" content=\"summary_large_image\" \/>\n<meta name=\"twitter:label1\" content=\"Dur\u00e9e de lecture estim\u00e9e\" \/>\n\t<meta name=\"twitter:data1\" content=\"3 minutes\" \/>\n<script type=\"application\/ld+json\" class=\"yoast-schema-graph\">{\"@context\":\"https:\/\/schema.org\",\"@graph\":[{\"@type\":\"WebPage\",\"@id\":\"https:\/\/afianeswines.gr\/fr\/visitez-nous\/\",\"url\":\"https:\/\/afianeswines.gr\/fr\/visitez-nous\/\",\"name\":\"Visitez-nous - Afianes Wines\",\"isPartOf\":{\"@id\":\"https:\/\/afianeswines.gr\/fr\/#website\"},\"primaryImageOfPage\":{\"@id\":\"https:\/\/afianeswines.gr\/fr\/visitez-nous\/#primaryimage\"},\"image\":{\"@id\":\"https:\/\/afianeswines.gr\/fr\/visitez-nous\/#primaryimage\"},\"thumbnailUrl\":\"https:\/\/afianeswines.gr\/wp-content\/uploads\/2018\/02\/shop-page-header-light.jpg\",\"datePublished\":\"2017-06-02T09:31:33+00:00\",\"dateModified\":\"2025-09-08T14:19:09+00:00\",\"description\":\"Explorer le pressoir de granit o\u00f9 se d\u00e9roule le pressurage traditionnel du raisin, l'amphith\u00e9\u00e2tre en pierre, ainsi que la chambre folklorique.\",\"breadcrumb\":{\"@id\":\"https:\/\/afianeswines.gr\/fr\/visitez-nous\/#breadcrumb\"},\"inLanguage\":\"fr-FR\",\"potentialAction\":[{\"@type\":\"ReadAction\",\"target\":[\"https:\/\/afianeswines.gr\/fr\/visitez-nous\/\"]}]},{\"@type\":\"ImageObject\",\"inLanguage\":\"fr-FR\",\"@id\":\"https:\/\/afianeswines.gr\/fr\/visitez-nous\/#primaryimage\",\"url\":\"https:\/\/afianeswines.gr\/wp-content\/uploads\/2018\/02\/shop-page-header-light.jpg\",\"contentUrl\":\"https:\/\/afianeswines.gr\/wp-content\/uploads\/2018\/02\/shop-page-header-light.jpg\",\"width\":1440,\"height\":610},{\"@type\":\"BreadcrumbList\",\"@id\":\"https:\/\/afianeswines.gr\/fr\/visitez-nous\/#breadcrumb\",\"itemListElement\":[{\"@type\":\"ListItem\",\"position\":1,\"name\":\"Home\",\"item\":\"https:\/\/afianeswines.gr\/fr\/\"},{\"@type\":\"ListItem\",\"position\":2,\"name\":\"Visitez-nous\"}]},{\"@type\":\"WebSite\",\"@id\":\"https:\/\/afianeswines.gr\/fr\/#website\",\"url\":\"https:\/\/afianeswines.gr\/fr\/\",\"name\":\"Afianes Wines\",\"description\":\"\u039f\u03b9\u03bd\u03bf\u03c0\u03bf\u03b9\u03b5\u03af\u03bf \u0399\u03ba\u03b1\u03c1\u03af\u03b1 - \u0395\u03ba\u03bb\u03b5\u03ba\u03c4\u03ac \u03ba\u03c1\u03b1\u03c3\u03b9\u03ac\",\"potentialAction\":[{\"@type\":\"SearchAction\",\"target\":{\"@type\":\"EntryPoint\",\"urlTemplate\":\"https:\/\/afianeswines.gr\/fr\/?s={search_term_string}\"},\"query-input\":{\"@type\":\"PropertyValueSpecification\",\"valueRequired\":true,\"valueName\":\"search_term_string\"}}],\"inLanguage\":\"fr-FR\"}]}<\/script>\n<!-- \/ Yoast SEO plugin. -->","yoast_head_json":{"title":"Visitez-nous - Afianes Wines","description":"Explorer le pressoir de granit o\u00f9 se d\u00e9roule le pressurage traditionnel du raisin, l'amphith\u00e9\u00e2tre en pierre, ainsi que la chambre folklorique.","robots":{"index":"index","follow":"follow","max-snippet":"max-snippet:-1","max-image-preview":"max-image-preview:large","max-video-preview":"max-video-preview:-1"},"canonical":"https:\/\/afianeswines.gr\/fr\/visitez-nous\/","og_locale":"fr_FR","og_type":"article","og_title":"Visitez-nous - Afianes Wines","og_description":"Explorer le pressoir de granit o\u00f9 se d\u00e9roule le pressurage traditionnel du raisin, l'amphith\u00e9\u00e2tre en pierre, ainsi que la chambre folklorique.","og_url":"https:\/\/afianeswines.gr\/fr\/visitez-nous\/","og_site_name":"Afianes Wines","article_modified_time":"2025-09-08T14:19:09+00:00","og_image":[{"width":1440,"height":610,"url":"https:\/\/afianeswines.gr\/wp-content\/uploads\/2018\/02\/shop-page-header-light.jpg","type":"image\/jpeg"}],"twitter_card":"summary_large_image","twitter_misc":{"Dur\u00e9e de lecture estim\u00e9e":"3 minutes"},"schema":{"@context":"https:\/\/schema.org","@graph":[{"@type":"WebPage","@id":"https:\/\/afianeswines.gr\/fr\/visitez-nous\/","url":"https:\/\/afianeswines.gr\/fr\/visitez-nous\/","name":"Visitez-nous - Afianes Wines","isPartOf":{"@id":"https:\/\/afianeswines.gr\/fr\/#website"},"primaryImageOfPage":{"@id":"https:\/\/afianeswines.gr\/fr\/visitez-nous\/#primaryimage"},"image":{"@id":"https:\/\/afianeswines.gr\/fr\/visitez-nous\/#primaryimage"},"thumbnailUrl":"https:\/\/afianeswines.gr\/wp-content\/uploads\/2018\/02\/shop-page-header-light.jpg","datePublished":"2017-06-02T09:31:33+00:00","dateModified":"2025-09-08T14:19:09+00:00","description":"Explorer le pressoir de granit o\u00f9 se d\u00e9roule le pressurage traditionnel du raisin, l'amphith\u00e9\u00e2tre en pierre, ainsi que la chambre folklorique.","breadcrumb":{"@id":"https:\/\/afianeswines.gr\/fr\/visitez-nous\/#breadcrumb"},"inLanguage":"fr-FR","potentialAction":[{"@type":"ReadAction","target":["https:\/\/afianeswines.gr\/fr\/visitez-nous\/"]}]},{"@type":"ImageObject","inLanguage":"fr-FR","@id":"https:\/\/afianeswines.gr\/fr\/visitez-nous\/#primaryimage","url":"https:\/\/afianeswines.gr\/wp-content\/uploads\/2018\/02\/shop-page-header-light.jpg","contentUrl":"https:\/\/afianeswines.gr\/wp-content\/uploads\/2018\/02\/shop-page-header-light.jpg","width":1440,"height":610},{"@type":"BreadcrumbList","@id":"https:\/\/afianeswines.gr\/fr\/visitez-nous\/#breadcrumb","itemListElement":[{"@type":"ListItem","position":1,"name":"Home","item":"https:\/\/afianeswines.gr\/fr\/"},{"@type":"ListItem","position":2,"name":"Visitez-nous"}]},{"@type":"WebSite","@id":"https:\/\/afianeswines.gr\/fr\/#website","url":"https:\/\/afianeswines.gr\/fr\/","name":"Afianes Wines","description":"\u039f\u03b9\u03bd\u03bf\u03c0\u03bf\u03b9\u03b5\u03af\u03bf \u0399\u03ba\u03b1\u03c1\u03af\u03b1 - \u0395\u03ba\u03bb\u03b5\u03ba\u03c4\u03ac \u03ba\u03c1\u03b1\u03c3\u03b9\u03ac","potentialAction":[{"@type":"SearchAction","target":{"@type":"EntryPoint","urlTemplate":"https:\/\/afianeswines.gr\/fr\/?s={search_term_string}"},"query-input":{"@type":"PropertyValueSpecification","valueRequired":true,"valueName":"search_term_string"}}],"inLanguage":"fr-FR"}]}},"_links":{"self":[{"href":"https:\/\/afianeswines.gr\/fr\/wp-json\/wp\/v2\/pages\/2796","targetHints":{"allow":["GET"]}}],"collection":[{"href":"https:\/\/afianeswines.gr\/fr\/wp-json\/wp\/v2\/pages"}],"about":[{"href":"https:\/\/afianeswines.gr\/fr\/wp-json\/wp\/v2\/types\/page"}],"author":[{"embeddable":true,"href":"https:\/\/afianeswines.gr\/fr\/wp-json\/wp\/v2\/users\/1"}],"replies":[{"embeddable":true,"href":"https:\/\/afianeswines.gr\/fr\/wp-json\/wp\/v2\/comments?post=2796"}],"version-history":[{"count":15,"href":"https:\/\/afianeswines.gr\/fr\/wp-json\/wp\/v2\/pages\/2796\/revisions"}],"predecessor-version":[{"id":39754,"href":"https:\/\/afianeswines.gr\/fr\/wp-json\/wp\/v2\/pages\/2796\/revisions\/39754"}],"wp:featuredmedia":[{"embeddable":true,"href":"https:\/\/afianeswines.gr\/fr\/wp-json\/wp\/v2\/media\/3392"}],"wp:attachment":[{"href":"https:\/\/afianeswines.gr\/fr\/wp-json\/wp\/v2\/media?parent=2796"}],"curies":[{"name":"wp","href":"https:\/\/api.w.org\/{rel}","templated":true}]}}