{"id":2790,"date":"2019-06-30T00:27:34","date_gmt":"2019-06-29T21:27:34","guid":{"rendered":"https:\/\/afianeswines.gr\/%ce%ba%cf%84%ce%ae%ce%bc%ce%b1-%ce%b1%cf%86%ce%b9%ce%b1%ce%bd%ce%ad%cf%82\/"},"modified":"2025-04-02T20:23:14","modified_gmt":"2025-04-02T17:23:14","slug":"domaine-afianes","status":"publish","type":"page","link":"https:\/\/afianeswines.gr\/fr\/domaine-afianes\/","title":{"rendered":"Domaine Afianes"},"content":{"rendered":"<p>[vc_row][vc_column]\n\t<div class=\"title-subtitle-box   \" style=\" text-align: left;\">\n\t\t<h2 style=\" text-transform: uppercase; font-weight: 300; letter-spacing: 0px;\" >Quand la tradition viticole et l'arch\u00e9ologie rencontrent l'innovation<\/h2>\n\t<\/div> [vc_row_inner][vc_column_inner width=\u00a0\u00bb1\/2&Prime;][vc_single_image image=\u00a0\u00bb2359&Prime; img_size=\u00a0\u00bbfull\u00a0\u00bb][vc_column_text css=\u00a0\u00bb.vc_custom_1743614237114{padding-top: 10% !important;padding-right: 10% !important;padding-bottom: 10% !important;padding-left: 10% !important;}\u00a0\u00bb]D\u00e8s le d\u00e9but, l&rsquo;objectif principal de Nikos Afianes et de sa femme Maria \u00e9tait que le vin d&rsquo;Icarie retrouve sa place sur la carte internationale des vins.<\/p>\n<p>Aujourd&rsquo;hui, 28 ans plus tard, Afianes Wines s&rsquo;est impos\u00e9 dans le monde entier comme unique et sp\u00e9cial en son genre. Gr\u00e2ce \u00e0 la combinaison et l&rsquo;utilisation de l&rsquo;ancienne tradition viticole d&rsquo;Icarie, avec des c\u00e9pages exquis et des m\u00e9thodes de vinification innovantes.[\/vc_column_text][\/vc_column_inner][vc_column_inner width=\u00a0\u00bb1\/2&Prime;][vc_column_text css=\u00a0\u00bb.vc_custom_1620288504291{padding-top: 0px !important;padding-right: 10% !important;padding-bottom: 10% !important;padding-left: 10% !important;}\u00a0\u00bb]Notre objectif principal est la poursuite de la m\u00e9thode de vinification traditionnelle et sp\u00e9ciale d&rsquo;Icarie, qui a ses racines dans l&rsquo;Antiquit\u00e9. Celle-ci se d\u00e9roulait en plein air, dans des amphores enterr\u00e9s. La promotion exclusive des vari\u00e9t\u00e9s autochtones, Fokiano et Begleri, qui donnent une Indication G\u00e9ographique Prot\u00e9g\u00e9e d&rsquo;Icarie, est \u00e9galement l&rsquo;un de nos principaux objectifs.[\/vc_column_text][vc_single_image image=\u00a0\u00bb2362&Prime; img_size=\u00a0\u00bbfull\u00a0\u00bb][\/vc_column_inner][\/vc_row_inner]\n\t<div class=\"featured-image-box  text-align-center normal_hover_style\">\n\t\t<figure class=\" default\">\n\t\t\t <img decoding=\"async\" class=\"wp-post-image default\" src=\"https:\/\/afianeswines.gr\/wp-content\/uploads\/2019\/07\/ktima_big.jpg\" alt=\"\" \/> \n\t\t<figcaption>\n\t\t\t<h4><\/h4>\n\t\t\t<p><\/p>\n\t\t<\/figcaption>\n\t\t<\/figure>\n\t<\/div> [vc_row_inner][vc_column_inner width=\u00a0\u00bb1\/2&Prime;][vc_column_text css=\u00a0\u00bb.vc_custom_1620288734010{padding-top: 10% !important;padding-right: 10% !important;padding-bottom: 10% !important;padding-left: 10% !important;}\u00a0\u00bb]L&rsquo;innovation est un autre objectif, nous avons r\u00e9ussi dans une large mesure \u00e0 contr\u00f4ler la levure sauvage. Grace \u00e0 cela nous cr\u00e9ons des vins sp\u00e9ciaux, uniques qui peuvent satisfaire et impressionner les amateurs de vin du monde entier avec leurs go\u00fbts uniques. De plus, nous innovons en cr\u00e9ant des vins effervescents naturels, donnant un nouvel aspect aux deux c\u00e9pages autochtones.<\/p>\n<p>Les deux derni\u00e8res ann\u00e9es, nous nous sommes concentr\u00e9s sur l&rsquo;\u00e9volution des m\u00e9thodes traditionnelles de vinification, avec presque aucune utilisation de machines. Obtenant ainsi, des vins appel\u00e9es Vins Naturels. Parall\u00e8lement, nous suivons les principes de la Bioculture, tant pour le vignoble que pour notre domaine \u00e0 travers le DIO (Agence de Certification). De plus, nous avons commenc\u00e9 \u00e0 introduire les principes de la biodynamie dans la culture.[\/vc_column_text][\/vc_column_inner][vc_column_inner width=\u00a0\u00bb1\/2&Prime;][vc_column_text css=\u00a0\u00bb.vc_custom_1620288106102{padding-top: 10% !important;padding-right: 10% !important;padding-bottom: 20px !important;padding-left: 10% !important;}\u00a0\u00bb]Le pressoir \u00e0 vin traditionnel occupe une position dominante dans notre domaine et son r\u00f4le n&rsquo;est pas seulement d\u00e9coratif, mais aussi productif. Nous croyons au respect de l&rsquo;environnement et que la nature nous r\u00e9compense pour notre prudence et notre patience. C&rsquo;est, apr\u00e8s tout, la philosophie qui d\u00e9finit la vie \u00e0 Icarie depuis le d\u00e9but de son histoire.[\/vc_column_text]\n\t<blockquote style=\"color: #b61c2a;\" class=\"gg-vc-quote vc_custom_1620288232703\">\n\t\u275dVins crus, naturels et non filtr\u00e9s de culture biodynamique et biologique\u275e\n\t<\/blockquote>[\/vc_column_inner][\/vc_row_inner][vc_row_inner][vc_column_inner width=\u00a0\u00bb1\/2&Prime;][vc_video link=\u00a0\u00bbhttps:\/\/www.youtube.com\/watch?reload=9&amp;v=ml3rWtURHY8&Prime;][\/vc_column_inner][vc_column_inner width=\u00a0\u00bb1\/2&Prime;][vc_video link=\u00a0\u00bbhttps:\/\/www.youtube.com\/watch?v=VMk1_Hg09-c\u00a0\u00bb][\/vc_column_inner][\/vc_row_inner][\/vc_column][\/vc_row][vc_row full_width=\u00a0\u00bbstretch_row\u00a0\u00bb content_placement=\u00a0\u00bbtop\u00a0\u00bb parallax=\u00a0\u00bbcontent-moving\u00a0\u00bb parallax_image=\u00a0\u00bb2156&Prime; css=\u00a0\u00bb.vc_custom_1562802817772{background-image: url(https:\/\/afianeswines.gr\/wp-content\/uploads\/2018\/02\/homepage-slider-dummy-1.jpg?id=1466) !important;}\u00a0\u00bb][vc_column][vc_custom_heading text=\u00a0\u00bbLa grande ouverture et la 1\u00e8re Conf\u00e9rence internationale sur l&rsquo;arch\u00e9ologie du vin en Gr\u00e8ce et \u00e0 Chypre\u00a0\u00bb font_container=\u00a0\u00bbtag:h2|font_size:60px|text_align:center|color:%23ceae8a\u00a0\u00bb google_fonts=\u00a0\u00bbfont_family:Didact%20Gothic%3Aregular|font_style:400%20regular%3A400%3Anormal\u00a0\u00bb css=\u00a0\u00bb.vc_custom_1619188919223{padding-top: 50px !important;padding-right: 50px !important;padding-bottom: 50px !important;padding-left: 50px !important;}\u00a0\u00bb][vc_column_text css=\u00a0\u00bb.vc_custom_1743614522654{padding-top: 0px !important;padding-right: 10% !important;padding-bottom: 10% !important;padding-left: 10% !important;}\u00a0\u00bb]<\/p>\n<p class=\"\" data-start=\"0\" data-end=\"563\">Notre \u00e9tablissement moderne, situ\u00e9 \u00e0 Profitis Ilias de Raches, Ikaria, a \u00e9t\u00e9 inaugur\u00e9 en septembre 2007 et a co\u00efncid\u00e9 avec la 1\u02b3\u1d49 Conf\u00e9rence internationale sur l&rsquo;arch\u00e9ologie du vin, qui s&rsquo;est tenue \u00e0 Ikaria en collaboration avec l&rsquo;Universit\u00e9 de Cambridge. Cet \u00e9v\u00e9nement \u00e9tait unique en son genre, puisque 28 universitaires de diff\u00e9rentes institutions du monde entier ont pr\u00e9sent\u00e9 des communications originales, analysant et interpr\u00e9tant l&rsquo;\u00e9volution de la vinification antique ainsi que les coutumes, traditions, m\u00e9thodes de production et de conservation du vin.<\/p>\n<p class=\"\" data-start=\"565\" data-end=\"731\">Lors de la conf\u00e9rence, les participants ont visit\u00e9 notre cave et ont reconnu la pr\u00e9cieuse contribution apport\u00e9e au maintien d&rsquo;une m\u00e9thode primitive de vinification.<\/p>\n<p class=\"\" data-start=\"733\" data-end=\"936\">Cette conf\u00e9rence a \u00e9t\u00e9 le tremplin du nouveau d\u00e9part d&rsquo;Ikaria dans le monde du vin, r\u00e9v\u00e9lant les deux singularit\u00e9s de l&rsquo;\u00eele en mati\u00e8re de techniques de vinification : les amphores enterr\u00e9es et le siphon.<\/p>\n<p>[\/vc_column_text][\/vc_column][vc_column][\/vc_column][\/vc_row][vc_row css=\u00a0\u00bb.vc_custom_1561846184447{padding-right: 15px !important;padding-left: 15px !important;background-color: #ffffff !important;}\u00a0\u00bb][vc_column][vc_row_inner][vc_column_inner]\n\t<div class=\"title-subtitle-box   \" style=\" text-align: left;\">\n\t\t<h2 style=\" text-transform: uppercase; font-weight: 400; letter-spacing: 0px;\" >Nouvelle g\u00e9n\u00e9ration et notre philosophie<\/h2>\n\t<\/div> [vc_column_text]Les distinctions mondiales et les reportages dans les m\u00e9dias grecs et internationaux sur notre cave et nos vins ont permis la r\u00e9int\u00e9gration d&rsquo;Icarie sur la carte mondiale des vins. Nous en sommes fiers et d\u00e9termin\u00e9s \u00e0 poursuivre le projet de vie que nous avons choisi, maintenant avec la participation active de nos deux enfants.<\/p>\n<p>Notre fils Konstantinos, vigneron avec des \u00e9tudes \u00e0 Bordeaux, et notre fille Eftychia, qui a \u00e9tudi\u00e9 marketing \u00e0 Nice, en France, sont la nouvelle g\u00e9n\u00e9ration de notre domaine. Par ailleurs ils sont d\u00e9j\u00e0 int\u00e9gr\u00e9s dans notre \u00e9quipe, ils y contribuent substantiellement et ils se fixent des objectifs nouveaux et ambitieux.[\/vc_column_text]\n\t<div class=\"featured-image-box  text-align-left normal_hover_style\">\n\t\t<figure class=\" default\">\n\t\t\t <img decoding=\"async\" class=\"wp-post-image default\" src=\"https:\/\/afianeswines.gr\/wp-content\/uploads\/2019\/07\/nea-genia-e1683295611720.jpg\" alt=\"\" \/> \n\t\t<figcaption>\n\t\t\t<h4><\/h4>\n\t\t\t<p><\/p>\n\t\t<\/figcaption>\n\t\t<\/figure>\n\t<\/div> [vc_column_text]Notre engagement est continuer avec les m\u00eames principes pour cr\u00e9er des vins fins, id\u00e9aux pour vous accompagner tous les jours de votre vie. Nous croyons au contact personnel, nous souhaitons rencontrer et conna\u00eetre tous les amis de nos vins et de notre domaine viticole. Nous vous attendons sur l&rsquo;\u00eele d&rsquo;Icare sur notre domaine pour vous guider \u00e0 travers l&rsquo;histoire et les go\u00fbts que cette terre peut offrir. Afin que vous partagiez notre r\u00eave, et si possible deveniez nos supporters.<\/p>\n<p>Par ailleurs la visite de notre domaine, qui est construit dans un vignoble \u00e0 une altitude de 610 m, sera inoubliable. Sera une exp\u00e9rience de vie, qui comprendra une visite du pressoir en granite traditionnel, le mus\u00e9e folklorique, le th\u00e9\u00e2tre antique Dionysos, mais aussi une d\u00e9gustation de nos vins avec vue sur la mer \u00c9g\u00e9e.[\/vc_column_text][\/vc_column_inner][\/vc_row_inner][\/vc_column][\/vc_row][vc_row full_width=\u00a0\u00bbstretch_row_content\u00a0\u00bb css=\u00a0\u00bb.vc_custom_1561846210427{padding-right: 15px !important;padding-left: 15px !important;background-color: #f1f1f1 !important;}\u00a0\u00bb][vc_column]\n\t<div class=\"\">\n\t<div class=\"gg_images_slider\">\n\t<div  data-slick='{  \"slidesToShow\": 3,  \"arrows\": true,  \"dots\": true,  \"autoplay\": true,  \"infinite\": true,  \"slidesToScroll\": 1,  \"responsive\": [{\"breakpoint\": 1024, \"settings\": {\"slidesToShow\": 3, \"slidesToScroll\": 1}}, {\"breakpoint\": 600, \"settings\": {\"slidesToShow\": 2, \"slidesToScroll\": 1}}, {\"breakpoint\": 480, \"settings\": {\"slidesToShow\": 1, \"slidesToScroll\": 1}}]  }'  class=\"el-grid no_magnific products row gg-slick-carousel \" data-layout-mode=\"fitRows\" data-pagination=\"\"><div class=\"3\"><img loading=\"lazy\" decoding=\"async\" width=\"1024\" height=\"684\" src=\"https:\/\/afianeswines.gr\/wp-content\/uploads\/2019\/07\/people-1-1024x684.jpg\" class=\"attachment-large\" alt=\"\" srcset=\"https:\/\/afianeswines.gr\/wp-content\/uploads\/2019\/07\/people-1-1024x684.jpg 1024w, https:\/\/afianeswines.gr\/wp-content\/uploads\/2019\/07\/people-1-300x200.jpg 300w, https:\/\/afianeswines.gr\/wp-content\/uploads\/2019\/07\/people-1-768x513.jpg 768w, https:\/\/afianeswines.gr\/wp-content\/uploads\/2019\/07\/people-1.jpg 2000w\" sizes=\"auto, (max-width: 1024px) 100vw, 1024px\" \/><\/div><div class=\"3\"><img loading=\"lazy\" decoding=\"async\" width=\"1024\" height=\"684\" src=\"https:\/\/afianeswines.gr\/wp-content\/uploads\/2019\/07\/KFR_9116-2-1024x684.jpg\" class=\"attachment-large\" alt=\"\" srcset=\"https:\/\/afianeswines.gr\/wp-content\/uploads\/2019\/07\/KFR_9116-2-1024x684.jpg 1024w, https:\/\/afianeswines.gr\/wp-content\/uploads\/2019\/07\/KFR_9116-2-300x200.jpg 300w, https:\/\/afianeswines.gr\/wp-content\/uploads\/2019\/07\/KFR_9116-2-768x513.jpg 768w, https:\/\/afianeswines.gr\/wp-content\/uploads\/2019\/07\/KFR_9116-2.jpg 2000w\" sizes=\"auto, (max-width: 1024px) 100vw, 1024px\" \/><\/div><div class=\"3\"><img loading=\"lazy\" decoding=\"async\" width=\"1024\" height=\"684\" src=\"https:\/\/afianeswines.gr\/wp-content\/uploads\/2019\/07\/KFR_8997-1-1024x684.jpg\" class=\"attachment-large\" alt=\"\" srcset=\"https:\/\/afianeswines.gr\/wp-content\/uploads\/2019\/07\/KFR_8997-1-1024x684.jpg 1024w, https:\/\/afianeswines.gr\/wp-content\/uploads\/2019\/07\/KFR_8997-1-300x200.jpg 300w, https:\/\/afianeswines.gr\/wp-content\/uploads\/2019\/07\/KFR_8997-1-768x513.jpg 768w, https:\/\/afianeswines.gr\/wp-content\/uploads\/2019\/07\/KFR_8997-1.jpg 2000w\" sizes=\"auto, (max-width: 1024px) 100vw, 1024px\" \/><\/div><div class=\"3\"><img loading=\"lazy\" decoding=\"async\" width=\"1024\" height=\"682\" src=\"https:\/\/afianeswines.gr\/wp-content\/uploads\/2019\/07\/DSC_0086-1-1024x682.jpg\" class=\"attachment-large\" alt=\"\" srcset=\"https:\/\/afianeswines.gr\/wp-content\/uploads\/2019\/07\/DSC_0086-1-1024x682.jpg 1024w, https:\/\/afianeswines.gr\/wp-content\/uploads\/2019\/07\/DSC_0086-1-300x200.jpg 300w, https:\/\/afianeswines.gr\/wp-content\/uploads\/2019\/07\/DSC_0086-1-768x512.jpg 768w, https:\/\/afianeswines.gr\/wp-content\/uploads\/2019\/07\/DSC_0086-1.jpg 2000w\" sizes=\"auto, (max-width: 1024px) 100vw, 1024px\" \/><\/div><div class=\"3\"><img loading=\"lazy\" decoding=\"async\" width=\"1024\" height=\"682\" src=\"https:\/\/afianeswines.gr\/wp-content\/uploads\/2019\/07\/DSC_0082-1024x682.jpg\" class=\"attachment-large\" alt=\"\" srcset=\"https:\/\/afianeswines.gr\/wp-content\/uploads\/2019\/07\/DSC_0082-1024x682.jpg 1024w, https:\/\/afianeswines.gr\/wp-content\/uploads\/2019\/07\/DSC_0082-300x200.jpg 300w, https:\/\/afianeswines.gr\/wp-content\/uploads\/2019\/07\/DSC_0082-768x512.jpg 768w, https:\/\/afianeswines.gr\/wp-content\/uploads\/2019\/07\/DSC_0082.jpg 2000w\" sizes=\"auto, (max-width: 1024px) 100vw, 1024px\" \/><\/div><div class=\"3\"><img loading=\"lazy\" decoding=\"async\" width=\"1024\" height=\"684\" src=\"https:\/\/afianeswines.gr\/wp-content\/uploads\/2019\/07\/KFR_8254-1-1024x684.jpg\" class=\"attachment-large\" alt=\"\" srcset=\"https:\/\/afianeswines.gr\/wp-content\/uploads\/2019\/07\/KFR_8254-1-1024x684.jpg 1024w, https:\/\/afianeswines.gr\/wp-content\/uploads\/2019\/07\/KFR_8254-1-300x200.jpg 300w, https:\/\/afianeswines.gr\/wp-content\/uploads\/2019\/07\/KFR_8254-1-768x513.jpg 768w, https:\/\/afianeswines.gr\/wp-content\/uploads\/2019\/07\/KFR_8254-1.jpg 2000w\" sizes=\"auto, (max-width: 1024px) 100vw, 1024px\" \/><\/div><div class=\"3\"><img loading=\"lazy\" decoding=\"async\" width=\"1024\" height=\"684\" src=\"https:\/\/afianeswines.gr\/wp-content\/uploads\/2019\/07\/KFR_8078-1-1024x684.jpg\" class=\"attachment-large\" alt=\"\" srcset=\"https:\/\/afianeswines.gr\/wp-content\/uploads\/2019\/07\/KFR_8078-1-1024x684.jpg 1024w, https:\/\/afianeswines.gr\/wp-content\/uploads\/2019\/07\/KFR_8078-1-300x200.jpg 300w, https:\/\/afianeswines.gr\/wp-content\/uploads\/2019\/07\/KFR_8078-1-768x513.jpg 768w\" sizes=\"auto, (max-width: 1024px) 100vw, 1024px\" \/><\/div>\n\t<\/div>\n\t<\/div>\n\t<\/div>[\/vc_column][\/vc_row]<\/p>\n","protected":false},"excerpt":{"rendered":"<p>[vc_row][vc_column][vc_row_inner][vc_column_inner width=\u00a0\u00bb1\/2&Prime;][vc_single_image image=\u00a0\u00bb2359&Prime; img_size=\u00a0\u00bbfull\u00a0\u00bb][vc_column_text css=\u00a0\u00bb.vc_custom_1743614237114{padding-top: 10% !important;padding-right: 10% !important;padding-bottom: 10% !important;padding-left: 10% !important;}\u00a0\u00bb]D\u00e8s le d\u00e9but, l&rsquo;objectif principal de Nikos Afianes et de sa femme Maria \u00e9tait que le vin d&rsquo;Icarie retrouve sa place sur la carte internationale des vins. Aujourd&rsquo;hui, 28 ans plus tard, Afianes Wines s&rsquo;est impos\u00e9 dans le monde entier comme unique et<br class=\"read-more-spacer\"> <a class=\"more-link\" href=\"https:\/\/afianeswines.gr\/fr\/domaine-afianes\/\">Read More<\/a><\/p>\n","protected":false},"author":1,"featured_media":2635,"parent":0,"menu_order":0,"comment_status":"closed","ping_status":"closed","template":"","meta":{"footnotes":""},"class_list":["post-2790","page","type-page","status-publish","has-post-thumbnail","hentry"],"yoast_head":"<!-- This site is optimized with the Yoast SEO plugin v27.2 - https:\/\/yoast.com\/product\/yoast-seo-wordpress\/ -->\n<title>Domaine Afianes - Afianes Wines<\/title>\n<meta name=\"robots\" content=\"index, follow, max-snippet:-1, max-image-preview:large, max-video-preview:-1\" \/>\n<link rel=\"canonical\" href=\"https:\/\/afianeswines.gr\/fr\/domaine-afianes\/\" \/>\n<meta property=\"og:locale\" content=\"fr_FR\" \/>\n<meta property=\"og:type\" content=\"article\" \/>\n<meta property=\"og:title\" content=\"Domaine Afianes - Afianes Wines\" \/>\n<meta property=\"og:description\" content=\"[vc_row][vc_column][vc_row_inner][vc_column_inner width=\u00a0\u00bb1\/2&Prime;][vc_single_image image=\u00a0\u00bb2359&Prime; img_size=\u00a0\u00bbfull\u00a0\u00bb][vc_column_text css=\u00a0\u00bb.vc_custom_1743614237114{padding-top: 10% !important;padding-right: 10% !important;padding-bottom: 10% !important;padding-left: 10% !important;}\u00a0\u00bb]D\u00e8s le d\u00e9but, l&rsquo;objectif principal de Nikos Afianes et de sa femme Maria \u00e9tait que le vin d&rsquo;Icarie retrouve sa place sur la carte internationale des vins. Aujourd&rsquo;hui, 28 ans plus tard, Afianes Wines s&rsquo;est impos\u00e9 dans le monde entier comme unique et Read More\" \/>\n<meta property=\"og:url\" content=\"https:\/\/afianeswines.gr\/fr\/domaine-afianes\/\" \/>\n<meta property=\"og:site_name\" content=\"Afianes Wines\" \/>\n<meta property=\"article:modified_time\" content=\"2025-04-02T17:23:14+00:00\" \/>\n<meta property=\"og:image\" content=\"https:\/\/afianeswines.gr\/wp-content\/uploads\/2019\/07\/ktima-header.jpg\" \/>\n\t<meta property=\"og:image:width\" content=\"2000\" \/>\n\t<meta property=\"og:image:height\" content=\"611\" \/>\n\t<meta property=\"og:image:type\" content=\"image\/jpeg\" \/>\n<meta name=\"twitter:card\" content=\"summary_large_image\" \/>\n<meta name=\"twitter:label1\" content=\"Dur\u00e9e de lecture estim\u00e9e\" \/>\n\t<meta name=\"twitter:data1\" content=\"4 minutes\" \/>\n<script type=\"application\/ld+json\" class=\"yoast-schema-graph\">{\"@context\":\"https:\/\/schema.org\",\"@graph\":[{\"@type\":\"WebPage\",\"@id\":\"https:\/\/afianeswines.gr\/fr\/domaine-afianes\/\",\"url\":\"https:\/\/afianeswines.gr\/fr\/domaine-afianes\/\",\"name\":\"Domaine Afianes - Afianes Wines\",\"isPartOf\":{\"@id\":\"https:\/\/afianeswines.gr\/fr\/#website\"},\"primaryImageOfPage\":{\"@id\":\"https:\/\/afianeswines.gr\/fr\/domaine-afianes\/#primaryimage\"},\"image\":{\"@id\":\"https:\/\/afianeswines.gr\/fr\/domaine-afianes\/#primaryimage\"},\"thumbnailUrl\":\"https:\/\/afianeswines.gr\/wp-content\/uploads\/2019\/07\/ktima-header.jpg\",\"datePublished\":\"2019-06-29T21:27:34+00:00\",\"dateModified\":\"2025-04-02T17:23:14+00:00\",\"breadcrumb\":{\"@id\":\"https:\/\/afianeswines.gr\/fr\/domaine-afianes\/#breadcrumb\"},\"inLanguage\":\"fr-FR\",\"potentialAction\":[{\"@type\":\"ReadAction\",\"target\":[\"https:\/\/afianeswines.gr\/fr\/domaine-afianes\/\"]}]},{\"@type\":\"ImageObject\",\"inLanguage\":\"fr-FR\",\"@id\":\"https:\/\/afianeswines.gr\/fr\/domaine-afianes\/#primaryimage\",\"url\":\"https:\/\/afianeswines.gr\/wp-content\/uploads\/2019\/07\/ktima-header.jpg\",\"contentUrl\":\"https:\/\/afianeswines.gr\/wp-content\/uploads\/2019\/07\/ktima-header.jpg\",\"width\":2000,\"height\":611},{\"@type\":\"BreadcrumbList\",\"@id\":\"https:\/\/afianeswines.gr\/fr\/domaine-afianes\/#breadcrumb\",\"itemListElement\":[{\"@type\":\"ListItem\",\"position\":1,\"name\":\"Home\",\"item\":\"https:\/\/afianeswines.gr\/fr\/\"},{\"@type\":\"ListItem\",\"position\":2,\"name\":\"Domaine Afianes\"}]},{\"@type\":\"WebSite\",\"@id\":\"https:\/\/afianeswines.gr\/fr\/#website\",\"url\":\"https:\/\/afianeswines.gr\/fr\/\",\"name\":\"Afianes Wines\",\"description\":\"\u039f\u03b9\u03bd\u03bf\u03c0\u03bf\u03b9\u03b5\u03af\u03bf \u0399\u03ba\u03b1\u03c1\u03af\u03b1 - \u0395\u03ba\u03bb\u03b5\u03ba\u03c4\u03ac \u03ba\u03c1\u03b1\u03c3\u03b9\u03ac\",\"potentialAction\":[{\"@type\":\"SearchAction\",\"target\":{\"@type\":\"EntryPoint\",\"urlTemplate\":\"https:\/\/afianeswines.gr\/fr\/?s={search_term_string}\"},\"query-input\":{\"@type\":\"PropertyValueSpecification\",\"valueRequired\":true,\"valueName\":\"search_term_string\"}}],\"inLanguage\":\"fr-FR\"}]}<\/script>\n<!-- \/ Yoast SEO plugin. -->","yoast_head_json":{"title":"Domaine Afianes - Afianes Wines","robots":{"index":"index","follow":"follow","max-snippet":"max-snippet:-1","max-image-preview":"max-image-preview:large","max-video-preview":"max-video-preview:-1"},"canonical":"https:\/\/afianeswines.gr\/fr\/domaine-afianes\/","og_locale":"fr_FR","og_type":"article","og_title":"Domaine Afianes - Afianes Wines","og_description":"[vc_row][vc_column][vc_row_inner][vc_column_inner width=\u00a0\u00bb1\/2&Prime;][vc_single_image image=\u00a0\u00bb2359&Prime; img_size=\u00a0\u00bbfull\u00a0\u00bb][vc_column_text css=\u00a0\u00bb.vc_custom_1743614237114{padding-top: 10% !important;padding-right: 10% !important;padding-bottom: 10% !important;padding-left: 10% !important;}\u00a0\u00bb]D\u00e8s le d\u00e9but, l&rsquo;objectif principal de Nikos Afianes et de sa femme Maria \u00e9tait que le vin d&rsquo;Icarie retrouve sa place sur la carte internationale des vins. Aujourd&rsquo;hui, 28 ans plus tard, Afianes Wines s&rsquo;est impos\u00e9 dans le monde entier comme unique et Read More","og_url":"https:\/\/afianeswines.gr\/fr\/domaine-afianes\/","og_site_name":"Afianes Wines","article_modified_time":"2025-04-02T17:23:14+00:00","og_image":[{"width":2000,"height":611,"url":"https:\/\/afianeswines.gr\/wp-content\/uploads\/2019\/07\/ktima-header.jpg","type":"image\/jpeg"}],"twitter_card":"summary_large_image","twitter_misc":{"Dur\u00e9e de lecture estim\u00e9e":"4 minutes"},"schema":{"@context":"https:\/\/schema.org","@graph":[{"@type":"WebPage","@id":"https:\/\/afianeswines.gr\/fr\/domaine-afianes\/","url":"https:\/\/afianeswines.gr\/fr\/domaine-afianes\/","name":"Domaine Afianes - Afianes Wines","isPartOf":{"@id":"https:\/\/afianeswines.gr\/fr\/#website"},"primaryImageOfPage":{"@id":"https:\/\/afianeswines.gr\/fr\/domaine-afianes\/#primaryimage"},"image":{"@id":"https:\/\/afianeswines.gr\/fr\/domaine-afianes\/#primaryimage"},"thumbnailUrl":"https:\/\/afianeswines.gr\/wp-content\/uploads\/2019\/07\/ktima-header.jpg","datePublished":"2019-06-29T21:27:34+00:00","dateModified":"2025-04-02T17:23:14+00:00","breadcrumb":{"@id":"https:\/\/afianeswines.gr\/fr\/domaine-afianes\/#breadcrumb"},"inLanguage":"fr-FR","potentialAction":[{"@type":"ReadAction","target":["https:\/\/afianeswines.gr\/fr\/domaine-afianes\/"]}]},{"@type":"ImageObject","inLanguage":"fr-FR","@id":"https:\/\/afianeswines.gr\/fr\/domaine-afianes\/#primaryimage","url":"https:\/\/afianeswines.gr\/wp-content\/uploads\/2019\/07\/ktima-header.jpg","contentUrl":"https:\/\/afianeswines.gr\/wp-content\/uploads\/2019\/07\/ktima-header.jpg","width":2000,"height":611},{"@type":"BreadcrumbList","@id":"https:\/\/afianeswines.gr\/fr\/domaine-afianes\/#breadcrumb","itemListElement":[{"@type":"ListItem","position":1,"name":"Home","item":"https:\/\/afianeswines.gr\/fr\/"},{"@type":"ListItem","position":2,"name":"Domaine Afianes"}]},{"@type":"WebSite","@id":"https:\/\/afianeswines.gr\/fr\/#website","url":"https:\/\/afianeswines.gr\/fr\/","name":"Afianes Wines","description":"\u039f\u03b9\u03bd\u03bf\u03c0\u03bf\u03b9\u03b5\u03af\u03bf \u0399\u03ba\u03b1\u03c1\u03af\u03b1 - \u0395\u03ba\u03bb\u03b5\u03ba\u03c4\u03ac \u03ba\u03c1\u03b1\u03c3\u03b9\u03ac","potentialAction":[{"@type":"SearchAction","target":{"@type":"EntryPoint","urlTemplate":"https:\/\/afianeswines.gr\/fr\/?s={search_term_string}"},"query-input":{"@type":"PropertyValueSpecification","valueRequired":true,"valueName":"search_term_string"}}],"inLanguage":"fr-FR"}]}},"_links":{"self":[{"href":"https:\/\/afianeswines.gr\/fr\/wp-json\/wp\/v2\/pages\/2790","targetHints":{"allow":["GET"]}}],"collection":[{"href":"https:\/\/afianeswines.gr\/fr\/wp-json\/wp\/v2\/pages"}],"about":[{"href":"https:\/\/afianeswines.gr\/fr\/wp-json\/wp\/v2\/types\/page"}],"author":[{"embeddable":true,"href":"https:\/\/afianeswines.gr\/fr\/wp-json\/wp\/v2\/users\/1"}],"replies":[{"embeddable":true,"href":"https:\/\/afianeswines.gr\/fr\/wp-json\/wp\/v2\/comments?post=2790"}],"version-history":[{"count":6,"href":"https:\/\/afianeswines.gr\/fr\/wp-json\/wp\/v2\/pages\/2790\/revisions"}],"predecessor-version":[{"id":39375,"href":"https:\/\/afianeswines.gr\/fr\/wp-json\/wp\/v2\/pages\/2790\/revisions\/39375"}],"wp:featuredmedia":[{"embeddable":true,"href":"https:\/\/afianeswines.gr\/fr\/wp-json\/wp\/v2\/media\/2635"}],"wp:attachment":[{"href":"https:\/\/afianeswines.gr\/fr\/wp-json\/wp\/v2\/media?parent=2790"}],"curies":[{"name":"wp","href":"https:\/\/api.w.org\/{rel}","templated":true}]}}