{"id":39480,"date":"2024-07-17T13:15:39","date_gmt":"2024-07-17T10:15:39","guid":{"rendered":"https:\/\/afianeswines.gr\/product\/cata-vertical-de-vinos-pithari-tinto-blanco\/"},"modified":"2025-07-24T16:33:12","modified_gmt":"2025-07-24T13:33:12","slug":"cata-vertical-de-vinos-pithari-tinto-blanco","status":"publish","type":"product","link":"https:\/\/afianeswines.gr\/es\/product\/cata-vertical-de-vinos-pithari-tinto-blanco\/","title":{"rendered":"Cata Vertical de Vinos Pithari Tinto \/ Blanco Dep\u00f3sito: 5 \u20ac \/ Precio: 58 \u20ac por persona"},"content":{"rendered":"<div class=\"gg_list list_style_remove \">\n<ul>\n<li class=\"diarkeia\">60 minutos<\/li>\n<li class=\"dokimi\">4 vinos de a\u00f1adas excepcionales (40ml)<\/li>\n<li class=\"shmaia\">Recorrido por la finca donde se producen los vinos Pithari (lagar cicl\u00f3peo de granito, pithostasi tradicional)<\/li>\n<li class=\"people\">Equipo Afianes<\/li>\n<li class=\"geyma\">Bizcochos de pan ikario o palitos de pan y agua embotellada<\/li>\n<li class=\"hours\">Tours diarios: Abril<strong class=\"skrollable skrollable-between\" data-start=\"282\" data-end=\"305\"> \u2013 O<span class=\"HwtZe\" lang=\"es\"><span class=\"jCAhz ChMk0b\"><span class=\"ryNqvb\">ctubre<\/span><\/span><\/span>:<\/strong> 14:30<\/li>\n<li>La reserva en l\u00ednea requiere un dep\u00f3sito de 5\u20ac, no reembolsable en caso de cancelaci\u00f3n por parte del cliente.<\/li>\n<\/ul>\n<\/div>\n","protected":false},"excerpt":{"rendered":"<p>Descubra las variedades Fokiano y Begleri, cultivadas desde la antig\u00fcedad en la isla de Icaria y consideradas un emblema de la regi\u00f3n.<\/p>\n<p>En esta cata, tendr\u00e1 la oportunidad de comprender el \u201cpotencial de envejecimiento\u201d de estas dos variedades, degustando cuatro a\u00f1adas diferentes de vinos excepcionales, envejecidos en tinajas enterradas bajo tierra. El concepto de envejecimiento es fundamental en el mundo del vino. La capacidad de un vino para evolucionar con el tiempo y no solo perdurar es un signo de calidad y de la maestr\u00eda del en\u00f3logo. Se necesita paciencia y confianza para esperar a que un vino madure. Una de las mejores formas de obtener una visi\u00f3n completa de la evoluci\u00f3n de un vino a\u00f1o tras a\u00f1o es probar varias a\u00f1adas consecutivas. Este tipo de cata se denomina cata \u201cvertical\u201d en el mundo del vino, ya que permite \u201cdescender\u201d en el tiempo para observar la transformaci\u00f3n del mismo vino a lo largo de los a\u00f1os.<\/p>\n<p>Realice un recorrido por la finca, comenzando por el \u201cPithostasi\u201d, donde las tinajas de barro tradicionales utilizadas para la fermentaci\u00f3n y envejecimiento de los vinos de Afianes est\u00e1n enterradas en la tierra. Conozca los m\u00e9todos de vinificaci\u00f3n de los antiguos icarios y observe de cerca el lagar de granito donde las uvas son prensadas con los pies.<\/p>\n","protected":false},"author":1,"featured_media":38778,"template":"","meta":[],"product_brand":[],"product_cat":[98],"product_tag":[],"class_list":{"0":"post-39480","1":"product","2":"type-product","3":"status-publish","4":"has-post-thumbnail","6":"product_cat-experiencias","7":"product_shipping_class-event-buy","9":"first","10":"instock","11":"virtual","12":"taxable","13":"purchasable","14":"product-type-simple"},"yoast_head":"<!-- This site is optimized with the Yoast SEO plugin v27.2 - https:\/\/yoast.com\/product\/yoast-seo-wordpress\/ -->\n<title>Cata vertical de vinos en tinajas en la isla de Icaria<\/title>\n<meta name=\"description\" content=\"Descubra el potencial de envejecimiento del Fokiano y Begleri en una cata vertical de vinos envejecidos en tinajas enterradas en Icaria.\" \/>\n<meta name=\"robots\" content=\"index, follow, max-snippet:-1, max-image-preview:large, max-video-preview:-1\" \/>\n<link rel=\"canonical\" href=\"https:\/\/afianeswines.gr\/es\/product\/cata-vertical-de-vinos-pithari-tinto-blanco\/\" \/>\n<meta property=\"og:locale\" content=\"es_ES\" \/>\n<meta property=\"og:type\" content=\"article\" \/>\n<meta property=\"og:title\" content=\"Cata vertical de vinos en tinajas en la isla de Icaria\" \/>\n<meta property=\"og:description\" content=\"Descubra el potencial de envejecimiento del Fokiano y Begleri en una cata vertical de vinos envejecidos en tinajas enterradas en Icaria.\" \/>\n<meta property=\"og:url\" content=\"https:\/\/afianeswines.gr\/es\/product\/cata-vertical-de-vinos-pithari-tinto-blanco\/\" \/>\n<meta property=\"og:site_name\" content=\"Afianes Wines\" \/>\n<meta property=\"article:modified_time\" content=\"2025-07-24T13:33:12+00:00\" \/>\n<meta property=\"og:image\" content=\"https:\/\/afianeswines.gr\/wp-content\/uploads\/2024\/07\/viber_image_2024-07-12_20-31-59-485.jpg\" \/>\n\t<meta property=\"og:image:width\" content=\"1600\" \/>\n\t<meta property=\"og:image:height\" content=\"1067\" \/>\n\t<meta property=\"og:image:type\" content=\"image\/jpeg\" \/>\n<meta name=\"twitter:card\" content=\"summary_large_image\" \/>\n<meta name=\"twitter:label1\" content=\"Tiempo de lectura\" \/>\n\t<meta name=\"twitter:data1\" content=\"1 minuto\" \/>\n<script type=\"application\/ld+json\" class=\"yoast-schema-graph\">{\"@context\":\"https:\/\/schema.org\",\"@graph\":[{\"@type\":\"WebPage\",\"@id\":\"https:\/\/afianeswines.gr\/es\/product\/cata-vertical-de-vinos-pithari-tinto-blanco\/\",\"url\":\"https:\/\/afianeswines.gr\/es\/product\/cata-vertical-de-vinos-pithari-tinto-blanco\/\",\"name\":\"Cata vertical de vinos en tinajas en la isla de Icaria\",\"isPartOf\":{\"@id\":\"https:\/\/afianeswines.gr\/es\/#website\"},\"primaryImageOfPage\":{\"@id\":\"https:\/\/afianeswines.gr\/es\/product\/cata-vertical-de-vinos-pithari-tinto-blanco\/#primaryimage\"},\"image\":{\"@id\":\"https:\/\/afianeswines.gr\/es\/product\/cata-vertical-de-vinos-pithari-tinto-blanco\/#primaryimage\"},\"thumbnailUrl\":\"https:\/\/afianeswines.gr\/wp-content\/uploads\/2024\/07\/viber_image_2024-07-12_20-31-59-485.jpg\",\"datePublished\":\"2024-07-17T10:15:39+00:00\",\"dateModified\":\"2025-07-24T13:33:12+00:00\",\"description\":\"Descubra el potencial de envejecimiento del Fokiano y Begleri en una cata vertical de vinos envejecidos en tinajas enterradas en Icaria.\",\"breadcrumb\":{\"@id\":\"https:\/\/afianeswines.gr\/es\/product\/cata-vertical-de-vinos-pithari-tinto-blanco\/#breadcrumb\"},\"inLanguage\":\"es\",\"potentialAction\":[{\"@type\":\"ReadAction\",\"target\":[\"https:\/\/afianeswines.gr\/es\/product\/cata-vertical-de-vinos-pithari-tinto-blanco\/\"]}]},{\"@type\":\"ImageObject\",\"inLanguage\":\"es\",\"@id\":\"https:\/\/afianeswines.gr\/es\/product\/cata-vertical-de-vinos-pithari-tinto-blanco\/#primaryimage\",\"url\":\"https:\/\/afianeswines.gr\/wp-content\/uploads\/2024\/07\/viber_image_2024-07-12_20-31-59-485.jpg\",\"contentUrl\":\"https:\/\/afianeswines.gr\/wp-content\/uploads\/2024\/07\/viber_image_2024-07-12_20-31-59-485.jpg\",\"width\":1600,\"height\":1067},{\"@type\":\"BreadcrumbList\",\"@id\":\"https:\/\/afianeswines.gr\/es\/product\/cata-vertical-de-vinos-pithari-tinto-blanco\/#breadcrumb\",\"itemListElement\":[{\"@type\":\"ListItem\",\"position\":1,\"name\":\"Home\",\"item\":\"https:\/\/afianeswines.gr\/es\/\"},{\"@type\":\"ListItem\",\"position\":2,\"name\":\"\u0395SHOP\",\"item\":\"https:\/\/afianeswines.gr\/es\/eshop\/\"},{\"@type\":\"ListItem\",\"position\":3,\"name\":\"Cata Vertical de Vinos Pithari Tinto \/ Blanco Dep\u00f3sito: 5 \u20ac \/ Precio: 58 \u20ac por persona\"}]},{\"@type\":\"WebSite\",\"@id\":\"https:\/\/afianeswines.gr\/es\/#website\",\"url\":\"https:\/\/afianeswines.gr\/es\/\",\"name\":\"Afianes Wines\",\"description\":\"\u039f\u03b9\u03bd\u03bf\u03c0\u03bf\u03b9\u03b5\u03af\u03bf \u0399\u03ba\u03b1\u03c1\u03af\u03b1 - \u0395\u03ba\u03bb\u03b5\u03ba\u03c4\u03ac \u03ba\u03c1\u03b1\u03c3\u03b9\u03ac\",\"potentialAction\":[{\"@type\":\"SearchAction\",\"target\":{\"@type\":\"EntryPoint\",\"urlTemplate\":\"https:\/\/afianeswines.gr\/es\/?s={search_term_string}\"},\"query-input\":{\"@type\":\"PropertyValueSpecification\",\"valueRequired\":true,\"valueName\":\"search_term_string\"}}],\"inLanguage\":\"es\"}]}<\/script>\n<!-- \/ Yoast SEO plugin. -->","yoast_head_json":{"title":"Cata vertical de vinos en tinajas en la isla de Icaria","description":"Descubra el potencial de envejecimiento del Fokiano y Begleri en una cata vertical de vinos envejecidos en tinajas enterradas en Icaria.","robots":{"index":"index","follow":"follow","max-snippet":"max-snippet:-1","max-image-preview":"max-image-preview:large","max-video-preview":"max-video-preview:-1"},"canonical":"https:\/\/afianeswines.gr\/es\/product\/cata-vertical-de-vinos-pithari-tinto-blanco\/","og_locale":"es_ES","og_type":"article","og_title":"Cata vertical de vinos en tinajas en la isla de Icaria","og_description":"Descubra el potencial de envejecimiento del Fokiano y Begleri en una cata vertical de vinos envejecidos en tinajas enterradas en Icaria.","og_url":"https:\/\/afianeswines.gr\/es\/product\/cata-vertical-de-vinos-pithari-tinto-blanco\/","og_site_name":"Afianes Wines","article_modified_time":"2025-07-24T13:33:12+00:00","og_image":[{"width":1600,"height":1067,"url":"https:\/\/afianeswines.gr\/wp-content\/uploads\/2024\/07\/viber_image_2024-07-12_20-31-59-485.jpg","type":"image\/jpeg"}],"twitter_card":"summary_large_image","twitter_misc":{"Tiempo de lectura":"1 minuto"},"schema":{"@context":"https:\/\/schema.org","@graph":[{"@type":"WebPage","@id":"https:\/\/afianeswines.gr\/es\/product\/cata-vertical-de-vinos-pithari-tinto-blanco\/","url":"https:\/\/afianeswines.gr\/es\/product\/cata-vertical-de-vinos-pithari-tinto-blanco\/","name":"Cata vertical de vinos en tinajas en la isla de Icaria","isPartOf":{"@id":"https:\/\/afianeswines.gr\/es\/#website"},"primaryImageOfPage":{"@id":"https:\/\/afianeswines.gr\/es\/product\/cata-vertical-de-vinos-pithari-tinto-blanco\/#primaryimage"},"image":{"@id":"https:\/\/afianeswines.gr\/es\/product\/cata-vertical-de-vinos-pithari-tinto-blanco\/#primaryimage"},"thumbnailUrl":"https:\/\/afianeswines.gr\/wp-content\/uploads\/2024\/07\/viber_image_2024-07-12_20-31-59-485.jpg","datePublished":"2024-07-17T10:15:39+00:00","dateModified":"2025-07-24T13:33:12+00:00","description":"Descubra el potencial de envejecimiento del Fokiano y Begleri en una cata vertical de vinos envejecidos en tinajas enterradas en Icaria.","breadcrumb":{"@id":"https:\/\/afianeswines.gr\/es\/product\/cata-vertical-de-vinos-pithari-tinto-blanco\/#breadcrumb"},"inLanguage":"es","potentialAction":[{"@type":"ReadAction","target":["https:\/\/afianeswines.gr\/es\/product\/cata-vertical-de-vinos-pithari-tinto-blanco\/"]}]},{"@type":"ImageObject","inLanguage":"es","@id":"https:\/\/afianeswines.gr\/es\/product\/cata-vertical-de-vinos-pithari-tinto-blanco\/#primaryimage","url":"https:\/\/afianeswines.gr\/wp-content\/uploads\/2024\/07\/viber_image_2024-07-12_20-31-59-485.jpg","contentUrl":"https:\/\/afianeswines.gr\/wp-content\/uploads\/2024\/07\/viber_image_2024-07-12_20-31-59-485.jpg","width":1600,"height":1067},{"@type":"BreadcrumbList","@id":"https:\/\/afianeswines.gr\/es\/product\/cata-vertical-de-vinos-pithari-tinto-blanco\/#breadcrumb","itemListElement":[{"@type":"ListItem","position":1,"name":"Home","item":"https:\/\/afianeswines.gr\/es\/"},{"@type":"ListItem","position":2,"name":"\u0395SHOP","item":"https:\/\/afianeswines.gr\/es\/eshop\/"},{"@type":"ListItem","position":3,"name":"Cata Vertical de Vinos Pithari Tinto \/ Blanco Dep\u00f3sito: 5 \u20ac \/ Precio: 58 \u20ac por persona"}]},{"@type":"WebSite","@id":"https:\/\/afianeswines.gr\/es\/#website","url":"https:\/\/afianeswines.gr\/es\/","name":"Afianes Wines","description":"\u039f\u03b9\u03bd\u03bf\u03c0\u03bf\u03b9\u03b5\u03af\u03bf \u0399\u03ba\u03b1\u03c1\u03af\u03b1 - \u0395\u03ba\u03bb\u03b5\u03ba\u03c4\u03ac \u03ba\u03c1\u03b1\u03c3\u03b9\u03ac","potentialAction":[{"@type":"SearchAction","target":{"@type":"EntryPoint","urlTemplate":"https:\/\/afianeswines.gr\/es\/?s={search_term_string}"},"query-input":{"@type":"PropertyValueSpecification","valueRequired":true,"valueName":"search_term_string"}}],"inLanguage":"es"}]}},"_links":{"self":[{"href":"https:\/\/afianeswines.gr\/es\/wp-json\/wp\/v2\/product\/39480","targetHints":{"allow":["GET"]}}],"collection":[{"href":"https:\/\/afianeswines.gr\/es\/wp-json\/wp\/v2\/product"}],"about":[{"href":"https:\/\/afianeswines.gr\/es\/wp-json\/wp\/v2\/types\/product"}],"author":[{"embeddable":true,"href":"https:\/\/afianeswines.gr\/es\/wp-json\/wp\/v2\/users\/1"}],"wp:featuredmedia":[{"embeddable":true,"href":"https:\/\/afianeswines.gr\/es\/wp-json\/wp\/v2\/media\/38778"}],"wp:attachment":[{"href":"https:\/\/afianeswines.gr\/es\/wp-json\/wp\/v2\/media?parent=39480"}],"wp:term":[{"taxonomy":"product_brand","embeddable":true,"href":"https:\/\/afianeswines.gr\/es\/wp-json\/wp\/v2\/product_brand?post=39480"},{"taxonomy":"product_cat","embeddable":true,"href":"https:\/\/afianeswines.gr\/es\/wp-json\/wp\/v2\/product_cat?post=39480"},{"taxonomy":"product_tag","embeddable":true,"href":"https:\/\/afianeswines.gr\/es\/wp-json\/wp\/v2\/product_tag?post=39480"}],"curies":[{"name":"wp","href":"https:\/\/api.w.org\/{rel}","templated":true}]}}