{"id":39476,"date":"2024-05-28T15:52:57","date_gmt":"2024-05-28T12:52:57","guid":{"rendered":"https:\/\/afianeswines.gr\/product\/tour-clasico\/"},"modified":"2025-10-03T17:15:43","modified_gmt":"2025-10-03T14:15:43","slug":"tour-clasico","status":"publish","type":"product","link":"https:\/\/afianeswines.gr\/es\/product\/tour-clasico\/","title":{"rendered":"Tour Cl\u00e1sico  Dep\u00f3sito: 5 \u20ac \/ Precio: 35 \u20ac por persona"},"content":{"rendered":"<div class=\"gg_list list_style_remove \">\n<ul>\n<li class=\"diarkeia\">90 minutos<\/li>\n<li class=\"dokimi\">4 vinos (40ml)<\/li>\n<li class=\"shmaia\">Recorrido por la finca (casa antipirata, lagar cicl\u00f3peo de granito, pithostasi tradicional, anfiteatro Dionisio y museo folcl\u00f3rico)<\/li>\n<li class=\"people\">Equipo Afianes<\/li>\n<li class=\"geyma\">Bizcochos horneados en horno de le\u00f1a o palitos de pan y agua embotellada<\/li>\n<li class=\"hours\">Tours diarios <strong class=\"skrollable skrollable-between\" data-start=\"292\" data-end=\"312\">Marzo \u2013 Octubre:<\/strong> 12:30 \u2013 18:30<\/li>\n<li>La reserva en l\u00ednea requiere un dep\u00f3sito de 5\u20ac, no reembolsable en caso de cancelaci\u00f3n por parte del cliente.<\/li>\n<\/ul>\n<\/div>\n","protected":false},"excerpt":{"rendered":"<p>Ad\u00e9ntrese en el arte de la cata de vinos y descubra los secretos de la bodega Afianes.<\/p>\n<p>Aprenda a comprender y sentir el verdadero car\u00e1cter de cada vino mientras un gu\u00eda experimentado le introduce en los principios b\u00e1sicos de la cata en una clase especializada. Descubra 2 vinos j\u00f3venes y 2 vinos a\u00f1ejos elaborados con distintos m\u00e9todos, y aprenda a identificar los rasgos y matices especiales de los vinos envejecidos. La clase de cata se acompa\u00f1a de bizcochos horneados en un horno de le\u00f1a tradicional o de palitos de pan. No solo aprender\u00e1 a diferenciar distintos perfiles de vino, sino tambi\u00e9n a seleccionar el vino adecuado para cada ocasi\u00f3n.<\/p>\n<p>Realice un recorrido por la finca visitando el \u201cPithostasi\u201d, donde el vino fermenta y envejece en tinajas de barro enterradas bajo tierra, y experimente el m\u00e9todo de vinificaci\u00f3n de los antiguos icarios. Observe de cerca el lagar de granito donde se realiza el pisado tradicional de las uvas y visite la casa de piedra antipirata de la bodega, donde se resguardan los vinos m\u00e1s antiguos de la finca. Finalmente, explore el \u00e1rea cultural de la bodega, que alberga una colecci\u00f3n de artefactos tradicionales de Icaria, y sum\u00e9rjase en esta atemporal tradici\u00f3n vin\u00edcola.<\/p>\n","protected":false},"author":1,"featured_media":38475,"template":"","meta":[],"product_brand":[],"product_cat":[98],"product_tag":[],"class_list":{"0":"post-39476","1":"product","2":"type-product","3":"status-publish","4":"has-post-thumbnail","6":"product_cat-experiencias","7":"product_shipping_class-event-buy","9":"first","10":"instock","11":"virtual","12":"taxable","13":"purchasable","14":"product-type-simple"},"yoast_head":"<!-- This site is optimized with the Yoast SEO plugin v27.2 - https:\/\/yoast.com\/product\/yoast-seo-wordpress\/ -->\n<title>Tour Cl\u00e1sico Dep\u00f3sito: 5 \u20ac \/ Precio: 35 \u20ac por persona - Afianes Wines<\/title>\n<meta name=\"robots\" content=\"index, follow, max-snippet:-1, max-image-preview:large, max-video-preview:-1\" \/>\n<link rel=\"canonical\" href=\"https:\/\/afianeswines.gr\/es\/product\/tour-clasico\/\" \/>\n<meta property=\"og:locale\" content=\"es_ES\" \/>\n<meta property=\"og:type\" content=\"article\" \/>\n<meta property=\"og:title\" content=\"Tour Cl\u00e1sico Dep\u00f3sito: 5 \u20ac \/ Precio: 35 \u20ac por persona - Afianes Wines\" \/>\n<meta property=\"og:description\" content=\"Ad\u00e9ntrese en el arte de la cata de vinos y descubra los secretos de la bodega Afianes.  Aprenda a comprender y sentir el verdadero car\u00e1cter de cada vino mientras un gu\u00eda experimentado le introduce en los principios b\u00e1sicos de la cata en una clase especializada. Descubra 2 vinos j\u00f3venes y 2 vinos a\u00f1ejos elaborados con distintos m\u00e9todos, y aprenda a identificar los rasgos y matices especiales de los vinos envejecidos. La clase de cata se acompa\u00f1a de bizcochos horneados en un horno de le\u00f1a tradicional o de palitos de pan. No solo aprender\u00e1 a diferenciar distintos perfiles de vino, sino tambi\u00e9n a seleccionar el vino adecuado para cada ocasi\u00f3n.  Realice un recorrido por la finca visitando el \u201cPithostasi\u201d, donde el vino fermenta y envejece en tinajas de barro enterradas bajo tierra, y experimente el m\u00e9todo de vinificaci\u00f3n de los antiguos icarios. Observe de cerca el lagar de granito donde se realiza el pisado tradicional de las uvas y visite la casa de piedra antipirata de la bodega, donde se resguardan los vinos m\u00e1s antiguos de la finca. Finalmente, explore el \u00e1rea cultural de la bodega, que alberga una colecci\u00f3n de artefactos tradicionales de Icaria, y sum\u00e9rjase en esta atemporal tradici\u00f3n vin\u00edcola.\" \/>\n<meta property=\"og:url\" content=\"https:\/\/afianeswines.gr\/es\/product\/tour-clasico\/\" \/>\n<meta property=\"og:site_name\" content=\"Afianes Wines\" \/>\n<meta property=\"article:modified_time\" content=\"2025-10-03T14:15:43+00:00\" \/>\n<meta property=\"og:image\" content=\"https:\/\/afianeswines.gr\/wp-content\/uploads\/2024\/05\/geysignwsia_thumb2.jpg\" \/>\n\t<meta property=\"og:image:width\" content=\"557\" \/>\n\t<meta property=\"og:image:height\" content=\"793\" \/>\n\t<meta property=\"og:image:type\" content=\"image\/jpeg\" \/>\n<meta name=\"twitter:card\" content=\"summary_large_image\" \/>\n<meta name=\"twitter:label1\" content=\"Tiempo de lectura\" \/>\n\t<meta name=\"twitter:data1\" content=\"1 minuto\" \/>\n<script type=\"application\/ld+json\" class=\"yoast-schema-graph\">{\"@context\":\"https:\/\/schema.org\",\"@graph\":[{\"@type\":\"WebPage\",\"@id\":\"https:\/\/afianeswines.gr\/es\/product\/tour-clasico\/\",\"url\":\"https:\/\/afianeswines.gr\/es\/product\/tour-clasico\/\",\"name\":\"Tour Cl\u00e1sico Dep\u00f3sito: 5 \u20ac \/ Precio: 35 \u20ac por persona - Afianes Wines\",\"isPartOf\":{\"@id\":\"https:\/\/afianeswines.gr\/es\/#website\"},\"primaryImageOfPage\":{\"@id\":\"https:\/\/afianeswines.gr\/es\/product\/tour-clasico\/#primaryimage\"},\"image\":{\"@id\":\"https:\/\/afianeswines.gr\/es\/product\/tour-clasico\/#primaryimage\"},\"thumbnailUrl\":\"https:\/\/afianeswines.gr\/wp-content\/uploads\/2024\/05\/geysignwsia_thumb2.jpg\",\"datePublished\":\"2024-05-28T12:52:57+00:00\",\"dateModified\":\"2025-10-03T14:15:43+00:00\",\"breadcrumb\":{\"@id\":\"https:\/\/afianeswines.gr\/es\/product\/tour-clasico\/#breadcrumb\"},\"inLanguage\":\"es\",\"potentialAction\":[{\"@type\":\"ReadAction\",\"target\":[\"https:\/\/afianeswines.gr\/es\/product\/tour-clasico\/\"]}]},{\"@type\":\"ImageObject\",\"inLanguage\":\"es\",\"@id\":\"https:\/\/afianeswines.gr\/es\/product\/tour-clasico\/#primaryimage\",\"url\":\"https:\/\/afianeswines.gr\/wp-content\/uploads\/2024\/05\/geysignwsia_thumb2.jpg\",\"contentUrl\":\"https:\/\/afianeswines.gr\/wp-content\/uploads\/2024\/05\/geysignwsia_thumb2.jpg\",\"width\":557,\"height\":793},{\"@type\":\"BreadcrumbList\",\"@id\":\"https:\/\/afianeswines.gr\/es\/product\/tour-clasico\/#breadcrumb\",\"itemListElement\":[{\"@type\":\"ListItem\",\"position\":1,\"name\":\"Home\",\"item\":\"https:\/\/afianeswines.gr\/es\/\"},{\"@type\":\"ListItem\",\"position\":2,\"name\":\"\u0395SHOP\",\"item\":\"https:\/\/afianeswines.gr\/es\/eshop\/\"},{\"@type\":\"ListItem\",\"position\":3,\"name\":\"Tour Cl\u00e1sico Dep\u00f3sito: 5 \u20ac \/ Precio: 35 \u20ac por persona\"}]},{\"@type\":\"WebSite\",\"@id\":\"https:\/\/afianeswines.gr\/es\/#website\",\"url\":\"https:\/\/afianeswines.gr\/es\/\",\"name\":\"Afianes Wines\",\"description\":\"\u039f\u03b9\u03bd\u03bf\u03c0\u03bf\u03b9\u03b5\u03af\u03bf \u0399\u03ba\u03b1\u03c1\u03af\u03b1 - \u0395\u03ba\u03bb\u03b5\u03ba\u03c4\u03ac \u03ba\u03c1\u03b1\u03c3\u03b9\u03ac\",\"potentialAction\":[{\"@type\":\"SearchAction\",\"target\":{\"@type\":\"EntryPoint\",\"urlTemplate\":\"https:\/\/afianeswines.gr\/es\/?s={search_term_string}\"},\"query-input\":{\"@type\":\"PropertyValueSpecification\",\"valueRequired\":true,\"valueName\":\"search_term_string\"}}],\"inLanguage\":\"es\"}]}<\/script>\n<!-- \/ Yoast SEO plugin. -->","yoast_head_json":{"title":"Tour Cl\u00e1sico Dep\u00f3sito: 5 \u20ac \/ Precio: 35 \u20ac por persona - Afianes Wines","robots":{"index":"index","follow":"follow","max-snippet":"max-snippet:-1","max-image-preview":"max-image-preview:large","max-video-preview":"max-video-preview:-1"},"canonical":"https:\/\/afianeswines.gr\/es\/product\/tour-clasico\/","og_locale":"es_ES","og_type":"article","og_title":"Tour Cl\u00e1sico Dep\u00f3sito: 5 \u20ac \/ Precio: 35 \u20ac por persona - Afianes Wines","og_description":"Ad\u00e9ntrese en el arte de la cata de vinos y descubra los secretos de la bodega Afianes.  Aprenda a comprender y sentir el verdadero car\u00e1cter de cada vino mientras un gu\u00eda experimentado le introduce en los principios b\u00e1sicos de la cata en una clase especializada. Descubra 2 vinos j\u00f3venes y 2 vinos a\u00f1ejos elaborados con distintos m\u00e9todos, y aprenda a identificar los rasgos y matices especiales de los vinos envejecidos. La clase de cata se acompa\u00f1a de bizcochos horneados en un horno de le\u00f1a tradicional o de palitos de pan. No solo aprender\u00e1 a diferenciar distintos perfiles de vino, sino tambi\u00e9n a seleccionar el vino adecuado para cada ocasi\u00f3n.  Realice un recorrido por la finca visitando el \u201cPithostasi\u201d, donde el vino fermenta y envejece en tinajas de barro enterradas bajo tierra, y experimente el m\u00e9todo de vinificaci\u00f3n de los antiguos icarios. Observe de cerca el lagar de granito donde se realiza el pisado tradicional de las uvas y visite la casa de piedra antipirata de la bodega, donde se resguardan los vinos m\u00e1s antiguos de la finca. Finalmente, explore el \u00e1rea cultural de la bodega, que alberga una colecci\u00f3n de artefactos tradicionales de Icaria, y sum\u00e9rjase en esta atemporal tradici\u00f3n vin\u00edcola.","og_url":"https:\/\/afianeswines.gr\/es\/product\/tour-clasico\/","og_site_name":"Afianes Wines","article_modified_time":"2025-10-03T14:15:43+00:00","og_image":[{"width":557,"height":793,"url":"https:\/\/afianeswines.gr\/wp-content\/uploads\/2024\/05\/geysignwsia_thumb2.jpg","type":"image\/jpeg"}],"twitter_card":"summary_large_image","twitter_misc":{"Tiempo de lectura":"1 minuto"},"schema":{"@context":"https:\/\/schema.org","@graph":[{"@type":"WebPage","@id":"https:\/\/afianeswines.gr\/es\/product\/tour-clasico\/","url":"https:\/\/afianeswines.gr\/es\/product\/tour-clasico\/","name":"Tour Cl\u00e1sico Dep\u00f3sito: 5 \u20ac \/ Precio: 35 \u20ac por persona - Afianes Wines","isPartOf":{"@id":"https:\/\/afianeswines.gr\/es\/#website"},"primaryImageOfPage":{"@id":"https:\/\/afianeswines.gr\/es\/product\/tour-clasico\/#primaryimage"},"image":{"@id":"https:\/\/afianeswines.gr\/es\/product\/tour-clasico\/#primaryimage"},"thumbnailUrl":"https:\/\/afianeswines.gr\/wp-content\/uploads\/2024\/05\/geysignwsia_thumb2.jpg","datePublished":"2024-05-28T12:52:57+00:00","dateModified":"2025-10-03T14:15:43+00:00","breadcrumb":{"@id":"https:\/\/afianeswines.gr\/es\/product\/tour-clasico\/#breadcrumb"},"inLanguage":"es","potentialAction":[{"@type":"ReadAction","target":["https:\/\/afianeswines.gr\/es\/product\/tour-clasico\/"]}]},{"@type":"ImageObject","inLanguage":"es","@id":"https:\/\/afianeswines.gr\/es\/product\/tour-clasico\/#primaryimage","url":"https:\/\/afianeswines.gr\/wp-content\/uploads\/2024\/05\/geysignwsia_thumb2.jpg","contentUrl":"https:\/\/afianeswines.gr\/wp-content\/uploads\/2024\/05\/geysignwsia_thumb2.jpg","width":557,"height":793},{"@type":"BreadcrumbList","@id":"https:\/\/afianeswines.gr\/es\/product\/tour-clasico\/#breadcrumb","itemListElement":[{"@type":"ListItem","position":1,"name":"Home","item":"https:\/\/afianeswines.gr\/es\/"},{"@type":"ListItem","position":2,"name":"\u0395SHOP","item":"https:\/\/afianeswines.gr\/es\/eshop\/"},{"@type":"ListItem","position":3,"name":"Tour Cl\u00e1sico Dep\u00f3sito: 5 \u20ac \/ Precio: 35 \u20ac por persona"}]},{"@type":"WebSite","@id":"https:\/\/afianeswines.gr\/es\/#website","url":"https:\/\/afianeswines.gr\/es\/","name":"Afianes Wines","description":"\u039f\u03b9\u03bd\u03bf\u03c0\u03bf\u03b9\u03b5\u03af\u03bf \u0399\u03ba\u03b1\u03c1\u03af\u03b1 - \u0395\u03ba\u03bb\u03b5\u03ba\u03c4\u03ac \u03ba\u03c1\u03b1\u03c3\u03b9\u03ac","potentialAction":[{"@type":"SearchAction","target":{"@type":"EntryPoint","urlTemplate":"https:\/\/afianeswines.gr\/es\/?s={search_term_string}"},"query-input":{"@type":"PropertyValueSpecification","valueRequired":true,"valueName":"search_term_string"}}],"inLanguage":"es"}]}},"_links":{"self":[{"href":"https:\/\/afianeswines.gr\/es\/wp-json\/wp\/v2\/product\/39476","targetHints":{"allow":["GET"]}}],"collection":[{"href":"https:\/\/afianeswines.gr\/es\/wp-json\/wp\/v2\/product"}],"about":[{"href":"https:\/\/afianeswines.gr\/es\/wp-json\/wp\/v2\/types\/product"}],"author":[{"embeddable":true,"href":"https:\/\/afianeswines.gr\/es\/wp-json\/wp\/v2\/users\/1"}],"wp:featuredmedia":[{"embeddable":true,"href":"https:\/\/afianeswines.gr\/es\/wp-json\/wp\/v2\/media\/38475"}],"wp:attachment":[{"href":"https:\/\/afianeswines.gr\/es\/wp-json\/wp\/v2\/media?parent=39476"}],"wp:term":[{"taxonomy":"product_brand","embeddable":true,"href":"https:\/\/afianeswines.gr\/es\/wp-json\/wp\/v2\/product_brand?post=39476"},{"taxonomy":"product_cat","embeddable":true,"href":"https:\/\/afianeswines.gr\/es\/wp-json\/wp\/v2\/product_cat?post=39476"},{"taxonomy":"product_tag","embeddable":true,"href":"https:\/\/afianeswines.gr\/es\/wp-json\/wp\/v2\/product_tag?post=39476"}],"curies":[{"name":"wp","href":"https:\/\/api.w.org\/{rel}","templated":true}]}}