{"id":39424,"date":"2024-05-28T15:52:57","date_gmt":"2024-05-28T12:52:57","guid":{"rendered":"https:\/\/afianeswines.gr\/?post_type=product&#038;p=39424"},"modified":"2025-05-03T15:57:59","modified_gmt":"2025-05-03T12:57:59","slug":"tour-profesional","status":"publish","type":"product","link":"https:\/\/afianeswines.gr\/es\/product\/tour-profesional\/","title":{"rendered":"Vive una Experiencia Gastron\u00f3mica y Enol\u00f3gica Inolvidable  Dep\u00f3sito: 20 \u20ac \/ Precio: 210 \u20ac por persona"},"content":{"rendered":"<div class=\"gg_list list_style_remove \">\n<ul>\n<li class=\"diarkeia\">4 horas<\/li>\n<li class=\"dokimi\">5 vinos de cosechas excepcionales (40ml)<\/li>\n<li>Recorrido por el vi\u00f1edo y las instalaciones de la finca: el lagar cicl\u00f3peo, el tradicional \u201cpithostasi\u201d, el anfiteatro Dionisio, la dependencia antipirata y nuestro museo folcl\u00f3rico<\/li>\n<li>Para finalizar, disfrute de una cena tradicional al estilo de Icaria, preparada en casa por Mar\u00eda: un men\u00fa de 6 platos acompa\u00f1ado de dos copas de vino.<\/li>\n<li class=\"people\">En\u00f3logo (Nikos \u2013 Konstantinos)<\/li>\n<li>Cada Martes, Jueves y S\u00e1bado: horarios de inicio de abril a octubre a las 12:00 y a las 17:00.<br class=\"skrollable skrollable-between\" data-start=\"94\" data-end=\"97\" \/>M\u00ednimo 2, m\u00e1ximo 8 personas.<\/li>\n<li><\/li>\n<li>La reserva en l\u00ednea requiere un dep\u00f3sito de 20\u20ac, no reembolsable en caso de cancelaci\u00f3n por parte del cliente.<\/li>\n<\/ul>\n<\/div>\n","protected":false},"excerpt":{"rendered":"<p>Una experiencia en profundidad con el en\u00f3logo Nikos o Konstantinos.<\/p>\n<p>Comience esta experiencia \u00fanica visitando el \u201cPithostasi\u201d, donde el vino fermenta y envejece en tinajas de barro enterradas bajo tierra, y descubra el m\u00e9todo de vinificaci\u00f3n de los antiguos icarios. Observe de cerca el lagar de granito donde las uvas se pisan con los pies y explore el \u00e1rea cultural de la bodega, que alberga una rica colecci\u00f3n de artefactos tradicionales de Icaria.<\/p>\n<p>Luego, emprenda una caminata hasta el vi\u00f1edo de nuestro abuelo Nikos y sum\u00e9rjase en la biodiversidad de Icaria. Comprenda el suelo y c\u00f3mo funciona el ecosistema tanto dentro como fuera del vi\u00f1edo.<\/p>\n<p>Despu\u00e9s de la caminata, la clase de cata se lleva a cabo bajo la gu\u00eda del propio en\u00f3logo, quien compartir\u00e1 con usted todas sus t\u00e9cnicas de vinificaci\u00f3n y cata perfeccionadas a lo largo de los a\u00f1os. Visite la casa de piedra pirata donde se almacenan los vinos m\u00e1s antiguos de la finca y deguste siete a\u00f1adas exquisitas y estimulantes que ofrece la bodega. Aprenda a identificar aromas complejos y otras caracter\u00edsticas del vino.<\/p>\n<p>Para finalizar, disfrute de una cena tradicional al estilo de Icaria, preparada en casa por Mar\u00eda: un men\u00fa de 6 platos acompa\u00f1ado de dos copas de vino.<\/p>\n<p>\u00a1Estamos encantados de recibirle, mostrarle nuestro mundo y compartir con usted estos sabores y conocimientos!<\/p>\n","protected":false},"author":1,"featured_media":38479,"template":"","meta":[],"product_brand":[],"product_cat":[98],"product_tag":[],"class_list":{"0":"post-39424","1":"product","2":"type-product","3":"status-publish","4":"has-post-thumbnail","6":"product_cat-experiencias","8":"first","9":"instock","10":"virtual","11":"taxable","12":"purchasable","13":"product-type-simple"},"yoast_head":"<!-- This site is optimized with the Yoast SEO plugin v27.2 - https:\/\/yoast.com\/product\/yoast-seo-wordpress\/ -->\n<title>Vive una Experiencia Gastron\u00f3mica y Enol\u00f3gica Inolvidable Dep\u00f3sito: 20 \u20ac \/ Precio: 210 \u20ac por persona - Afianes Wines<\/title>\n<meta name=\"robots\" content=\"index, follow, max-snippet:-1, max-image-preview:large, max-video-preview:-1\" \/>\n<link rel=\"canonical\" href=\"https:\/\/afianeswines.gr\/es\/product\/tour-profesional\/\" \/>\n<meta property=\"og:locale\" content=\"es_ES\" \/>\n<meta property=\"og:type\" content=\"article\" \/>\n<meta property=\"og:title\" content=\"Vive una Experiencia Gastron\u00f3mica y Enol\u00f3gica Inolvidable Dep\u00f3sito: 20 \u20ac \/ Precio: 210 \u20ac por persona - Afianes Wines\" \/>\n<meta property=\"og:description\" content=\"Una experiencia en profundidad con el en\u00f3logo Nikos o Konstantinos.  Comience esta experiencia \u00fanica visitando el \u201cPithostasi\u201d, donde el vino fermenta y envejece en tinajas de barro enterradas bajo tierra, y descubra el m\u00e9todo de vinificaci\u00f3n de los antiguos icarios. Observe de cerca el lagar de granito donde las uvas se pisan con los pies y explore el \u00e1rea cultural de la bodega, que alberga una rica colecci\u00f3n de artefactos tradicionales de Icaria.  Luego, emprenda una caminata hasta el vi\u00f1edo de nuestro abuelo Nikos y sum\u00e9rjase en la biodiversidad de Icaria. Comprenda el suelo y c\u00f3mo funciona el ecosistema tanto dentro como fuera del vi\u00f1edo.  Despu\u00e9s de la caminata, la clase de cata se lleva a cabo bajo la gu\u00eda del propio en\u00f3logo, quien compartir\u00e1 con usted todas sus t\u00e9cnicas de vinificaci\u00f3n y cata perfeccionadas a lo largo de los a\u00f1os. Visite la casa de piedra pirata donde se almacenan los vinos m\u00e1s antiguos de la finca y deguste siete a\u00f1adas exquisitas y estimulantes que ofrece la bodega. Aprenda a identificar aromas complejos y otras caracter\u00edsticas del vino.  Para finalizar, disfrute de una cena tradicional al estilo de Icaria, preparada en casa por Mar\u00eda: un men\u00fa de 6 platos acompa\u00f1ado de dos copas de vino.  \u00a1Estamos encantados de recibirle, mostrarle nuestro mundo y compartir con usted estos sabores y conocimientos!\" \/>\n<meta property=\"og:url\" content=\"https:\/\/afianeswines.gr\/es\/product\/tour-profesional\/\" \/>\n<meta property=\"og:site_name\" content=\"Afianes Wines\" \/>\n<meta property=\"article:modified_time\" content=\"2025-05-03T12:57:59+00:00\" \/>\n<meta property=\"og:image\" content=\"https:\/\/afianeswines.gr\/wp-content\/uploads\/2024\/05\/geysignwsia_thumb3.jpg\" \/>\n\t<meta property=\"og:image:width\" content=\"557\" \/>\n\t<meta property=\"og:image:height\" content=\"793\" \/>\n\t<meta property=\"og:image:type\" content=\"image\/jpeg\" \/>\n<meta name=\"twitter:card\" content=\"summary_large_image\" \/>\n<meta name=\"twitter:label1\" content=\"Tiempo de lectura\" \/>\n\t<meta name=\"twitter:data1\" content=\"1 minuto\" \/>\n<script type=\"application\/ld+json\" class=\"yoast-schema-graph\">{\"@context\":\"https:\/\/schema.org\",\"@graph\":[{\"@type\":\"WebPage\",\"@id\":\"https:\/\/afianeswines.gr\/es\/product\/tour-profesional\/\",\"url\":\"https:\/\/afianeswines.gr\/es\/product\/tour-profesional\/\",\"name\":\"Vive una Experiencia Gastron\u00f3mica y Enol\u00f3gica Inolvidable Dep\u00f3sito: 20 \u20ac \/ Precio: 210 \u20ac por persona - Afianes Wines\",\"isPartOf\":{\"@id\":\"https:\/\/afianeswines.gr\/es\/#website\"},\"primaryImageOfPage\":{\"@id\":\"https:\/\/afianeswines.gr\/es\/product\/tour-profesional\/#primaryimage\"},\"image\":{\"@id\":\"https:\/\/afianeswines.gr\/es\/product\/tour-profesional\/#primaryimage\"},\"thumbnailUrl\":\"https:\/\/afianeswines.gr\/wp-content\/uploads\/2024\/05\/geysignwsia_thumb3.jpg\",\"datePublished\":\"2024-05-28T12:52:57+00:00\",\"dateModified\":\"2025-05-03T12:57:59+00:00\",\"breadcrumb\":{\"@id\":\"https:\/\/afianeswines.gr\/es\/product\/tour-profesional\/#breadcrumb\"},\"inLanguage\":\"es\",\"potentialAction\":[{\"@type\":\"ReadAction\",\"target\":[\"https:\/\/afianeswines.gr\/es\/product\/tour-profesional\/\"]}]},{\"@type\":\"ImageObject\",\"inLanguage\":\"es\",\"@id\":\"https:\/\/afianeswines.gr\/es\/product\/tour-profesional\/#primaryimage\",\"url\":\"https:\/\/afianeswines.gr\/wp-content\/uploads\/2024\/05\/geysignwsia_thumb3.jpg\",\"contentUrl\":\"https:\/\/afianeswines.gr\/wp-content\/uploads\/2024\/05\/geysignwsia_thumb3.jpg\",\"width\":557,\"height\":793},{\"@type\":\"BreadcrumbList\",\"@id\":\"https:\/\/afianeswines.gr\/es\/product\/tour-profesional\/#breadcrumb\",\"itemListElement\":[{\"@type\":\"ListItem\",\"position\":1,\"name\":\"Home\",\"item\":\"https:\/\/afianeswines.gr\/es\/\"},{\"@type\":\"ListItem\",\"position\":2,\"name\":\"\u0395SHOP\",\"item\":\"https:\/\/afianeswines.gr\/es\/eshop\/\"},{\"@type\":\"ListItem\",\"position\":3,\"name\":\"Vive una Experiencia Gastron\u00f3mica y Enol\u00f3gica Inolvidable Dep\u00f3sito: 20 \u20ac \/ Precio: 210 \u20ac por persona\"}]},{\"@type\":\"WebSite\",\"@id\":\"https:\/\/afianeswines.gr\/es\/#website\",\"url\":\"https:\/\/afianeswines.gr\/es\/\",\"name\":\"Afianes Wines\",\"description\":\"\u039f\u03b9\u03bd\u03bf\u03c0\u03bf\u03b9\u03b5\u03af\u03bf \u0399\u03ba\u03b1\u03c1\u03af\u03b1 - \u0395\u03ba\u03bb\u03b5\u03ba\u03c4\u03ac \u03ba\u03c1\u03b1\u03c3\u03b9\u03ac\",\"potentialAction\":[{\"@type\":\"SearchAction\",\"target\":{\"@type\":\"EntryPoint\",\"urlTemplate\":\"https:\/\/afianeswines.gr\/es\/?s={search_term_string}\"},\"query-input\":{\"@type\":\"PropertyValueSpecification\",\"valueRequired\":true,\"valueName\":\"search_term_string\"}}],\"inLanguage\":\"es\"}]}<\/script>\n<!-- \/ Yoast SEO plugin. -->","yoast_head_json":{"title":"Vive una Experiencia Gastron\u00f3mica y Enol\u00f3gica Inolvidable Dep\u00f3sito: 20 \u20ac \/ Precio: 210 \u20ac por persona - Afianes Wines","robots":{"index":"index","follow":"follow","max-snippet":"max-snippet:-1","max-image-preview":"max-image-preview:large","max-video-preview":"max-video-preview:-1"},"canonical":"https:\/\/afianeswines.gr\/es\/product\/tour-profesional\/","og_locale":"es_ES","og_type":"article","og_title":"Vive una Experiencia Gastron\u00f3mica y Enol\u00f3gica Inolvidable Dep\u00f3sito: 20 \u20ac \/ Precio: 210 \u20ac por persona - Afianes Wines","og_description":"Una experiencia en profundidad con el en\u00f3logo Nikos o Konstantinos.  Comience esta experiencia \u00fanica visitando el \u201cPithostasi\u201d, donde el vino fermenta y envejece en tinajas de barro enterradas bajo tierra, y descubra el m\u00e9todo de vinificaci\u00f3n de los antiguos icarios. Observe de cerca el lagar de granito donde las uvas se pisan con los pies y explore el \u00e1rea cultural de la bodega, que alberga una rica colecci\u00f3n de artefactos tradicionales de Icaria.  Luego, emprenda una caminata hasta el vi\u00f1edo de nuestro abuelo Nikos y sum\u00e9rjase en la biodiversidad de Icaria. Comprenda el suelo y c\u00f3mo funciona el ecosistema tanto dentro como fuera del vi\u00f1edo.  Despu\u00e9s de la caminata, la clase de cata se lleva a cabo bajo la gu\u00eda del propio en\u00f3logo, quien compartir\u00e1 con usted todas sus t\u00e9cnicas de vinificaci\u00f3n y cata perfeccionadas a lo largo de los a\u00f1os. Visite la casa de piedra pirata donde se almacenan los vinos m\u00e1s antiguos de la finca y deguste siete a\u00f1adas exquisitas y estimulantes que ofrece la bodega. Aprenda a identificar aromas complejos y otras caracter\u00edsticas del vino.  Para finalizar, disfrute de una cena tradicional al estilo de Icaria, preparada en casa por Mar\u00eda: un men\u00fa de 6 platos acompa\u00f1ado de dos copas de vino.  \u00a1Estamos encantados de recibirle, mostrarle nuestro mundo y compartir con usted estos sabores y conocimientos!","og_url":"https:\/\/afianeswines.gr\/es\/product\/tour-profesional\/","og_site_name":"Afianes Wines","article_modified_time":"2025-05-03T12:57:59+00:00","og_image":[{"width":557,"height":793,"url":"https:\/\/afianeswines.gr\/wp-content\/uploads\/2024\/05\/geysignwsia_thumb3.jpg","type":"image\/jpeg"}],"twitter_card":"summary_large_image","twitter_misc":{"Tiempo de lectura":"1 minuto"},"schema":{"@context":"https:\/\/schema.org","@graph":[{"@type":"WebPage","@id":"https:\/\/afianeswines.gr\/es\/product\/tour-profesional\/","url":"https:\/\/afianeswines.gr\/es\/product\/tour-profesional\/","name":"Vive una Experiencia Gastron\u00f3mica y Enol\u00f3gica Inolvidable Dep\u00f3sito: 20 \u20ac \/ Precio: 210 \u20ac por persona - Afianes Wines","isPartOf":{"@id":"https:\/\/afianeswines.gr\/es\/#website"},"primaryImageOfPage":{"@id":"https:\/\/afianeswines.gr\/es\/product\/tour-profesional\/#primaryimage"},"image":{"@id":"https:\/\/afianeswines.gr\/es\/product\/tour-profesional\/#primaryimage"},"thumbnailUrl":"https:\/\/afianeswines.gr\/wp-content\/uploads\/2024\/05\/geysignwsia_thumb3.jpg","datePublished":"2024-05-28T12:52:57+00:00","dateModified":"2025-05-03T12:57:59+00:00","breadcrumb":{"@id":"https:\/\/afianeswines.gr\/es\/product\/tour-profesional\/#breadcrumb"},"inLanguage":"es","potentialAction":[{"@type":"ReadAction","target":["https:\/\/afianeswines.gr\/es\/product\/tour-profesional\/"]}]},{"@type":"ImageObject","inLanguage":"es","@id":"https:\/\/afianeswines.gr\/es\/product\/tour-profesional\/#primaryimage","url":"https:\/\/afianeswines.gr\/wp-content\/uploads\/2024\/05\/geysignwsia_thumb3.jpg","contentUrl":"https:\/\/afianeswines.gr\/wp-content\/uploads\/2024\/05\/geysignwsia_thumb3.jpg","width":557,"height":793},{"@type":"BreadcrumbList","@id":"https:\/\/afianeswines.gr\/es\/product\/tour-profesional\/#breadcrumb","itemListElement":[{"@type":"ListItem","position":1,"name":"Home","item":"https:\/\/afianeswines.gr\/es\/"},{"@type":"ListItem","position":2,"name":"\u0395SHOP","item":"https:\/\/afianeswines.gr\/es\/eshop\/"},{"@type":"ListItem","position":3,"name":"Vive una Experiencia Gastron\u00f3mica y Enol\u00f3gica Inolvidable Dep\u00f3sito: 20 \u20ac \/ Precio: 210 \u20ac por persona"}]},{"@type":"WebSite","@id":"https:\/\/afianeswines.gr\/es\/#website","url":"https:\/\/afianeswines.gr\/es\/","name":"Afianes Wines","description":"\u039f\u03b9\u03bd\u03bf\u03c0\u03bf\u03b9\u03b5\u03af\u03bf \u0399\u03ba\u03b1\u03c1\u03af\u03b1 - \u0395\u03ba\u03bb\u03b5\u03ba\u03c4\u03ac \u03ba\u03c1\u03b1\u03c3\u03b9\u03ac","potentialAction":[{"@type":"SearchAction","target":{"@type":"EntryPoint","urlTemplate":"https:\/\/afianeswines.gr\/es\/?s={search_term_string}"},"query-input":{"@type":"PropertyValueSpecification","valueRequired":true,"valueName":"search_term_string"}}],"inLanguage":"es"}]}},"_links":{"self":[{"href":"https:\/\/afianeswines.gr\/es\/wp-json\/wp\/v2\/product\/39424","targetHints":{"allow":["GET"]}}],"collection":[{"href":"https:\/\/afianeswines.gr\/es\/wp-json\/wp\/v2\/product"}],"about":[{"href":"https:\/\/afianeswines.gr\/es\/wp-json\/wp\/v2\/types\/product"}],"author":[{"embeddable":true,"href":"https:\/\/afianeswines.gr\/es\/wp-json\/wp\/v2\/users\/1"}],"wp:featuredmedia":[{"embeddable":true,"href":"https:\/\/afianeswines.gr\/es\/wp-json\/wp\/v2\/media\/38479"}],"wp:attachment":[{"href":"https:\/\/afianeswines.gr\/es\/wp-json\/wp\/v2\/media?parent=39424"}],"wp:term":[{"taxonomy":"product_brand","embeddable":true,"href":"https:\/\/afianeswines.gr\/es\/wp-json\/wp\/v2\/product_brand?post=39424"},{"taxonomy":"product_cat","embeddable":true,"href":"https:\/\/afianeswines.gr\/es\/wp-json\/wp\/v2\/product_cat?post=39424"},{"taxonomy":"product_tag","embeddable":true,"href":"https:\/\/afianeswines.gr\/es\/wp-json\/wp\/v2\/product_tag?post=39424"}],"curies":[{"name":"wp","href":"https:\/\/api.w.org\/{rel}","templated":true}]}}