{"id":35378,"date":"2020-11-04T13:53:06","date_gmt":"2020-11-08T10:47:57","guid":{"rendered":"https:\/\/afianeswines.gr\/eshop\/sin%20categor\u00eda\/pithari-light-exrtaction-red-2019-125vol\/"},"modified":"2024-07-11T21:47:54","modified_gmt":"2024-07-11T18:47:54","slug":"pithari-light-extraction-red-2022","status":"publish","type":"product","link":"https:\/\/afianeswines.gr\/es\/product\/pithari-light-extraction-red-2022\/","title":{"rendered":"PITHARI DRY RED LIGHT EXTRACTION 2022 11,5% vol 750 ml"},"content":{"rendered":"<p>[vc_row][vc_column][vc_tta_tabs][vc_tta_section title=\u00bbTECHNICAL CHARACTERISTICS &#8211; VINIFICATION &#8211; AGING\u00bb tab_id=\u00bb1606135966166-c21c8b7f-a059&#8243;][vc_column_text]<strong>Wine:<\/strong> Red dry.<\/p>\n<p><strong>Varietal composition:<\/strong> Fokiano 100%.<\/p>\n<p><strong>Protected Geographical Indication (P.G.I.):<\/strong> Ikaria.<\/p>\n<p><strong>Vineyard:<\/strong> Ikaria , Raches , Profitis Ilias 1,5ha, age of grapevines 50 and 10 years old, yield 25 hl\/ha, organic\/biodynamic cultivation, altitude 600 m. Sandy clay soil from decomposed granite rock with low pH and high concentration in minerals and micronutrients.<\/p>\n<p><strong>Vinification:<\/strong> Manual harvest, stomped in the traditional cyclopean stone press and maceration inside there for 2 days, then it continues<br \/>\nthe fermentation without additing yeast and the aging process without skins in amphorae buried underground and outdoors for<br \/>\n10 months. It was bottled unfiltered, unfined, without added sulphites.<\/p>\n<p><strong>Aging:<\/strong> up to 15 years.<\/p>\n<p><strong>Production:<\/strong> 1000 bottles in ideal weather conditions.[\/vc_column_text][\/vc_tta_section][\/vc_tta_tabs][\/vc_column][\/vc_row]<\/p>\n","protected":false},"excerpt":{"rendered":"<p>Natural red wine from the local variety Fokiano 100%, with Protected Geographical Indication Ikaria.<\/p>\n<p>Crimson red colour with orange highlights and\u00a0 long lasting legs.<\/p>\n<p>Red and black fruits of the forest on nose and mouth. Floral elements with violet being the headstart. Tight and juicy at the same time, it needs<br \/>\ntime to unravel it`s intense temperament . The full longlasting tanins of the variety are integrated and compose definitive structure in the total balance.<br \/>\nReady for consumption but can be aged for 15 years.<\/p>\n<p>It combines strong creamy character cheeses, roasted big fishes with herbs, game in the\u00a0 oven with red plump ,quince sauces and red meats cooked from rare to au point.<br \/>\nCan be served depending the mood, weather and food at 18c or 14c.<\/p>\n","protected":false},"author":10,"featured_media":36685,"template":"","meta":[],"product_brand":[],"product_cat":[88],"product_tag":[],"class_list":{"0":"post-35378","1":"product","2":"type-product","3":"status-publish","4":"has-post-thumbnail","6":"product_cat-vinos-tintos-es","8":"first","9":"instock","10":"taxable","11":"shipping-taxable","12":"purchasable","13":"product-type-simple"},"yoast_head":"<!-- This site is optimized with the Yoast SEO plugin v27.2 - https:\/\/yoast.com\/product\/yoast-seo-wordpress\/ -->\n<title>PITHARI DRY RED LIGHT EXTRACTION 2022 11,5% vol 750 ml - Afianes Wines<\/title>\n<meta name=\"description\" content=\"Vino fermentado y envejecido en \u00e1nfora de la isla de Ikaria en Grecia. Extracci\u00f3n ligera de uvas Fokiano. Cultivo org\u00e1nico y biodin\u00e1mico.\" \/>\n<meta name=\"robots\" content=\"index, follow, max-snippet:-1, max-image-preview:large, max-video-preview:-1\" \/>\n<link rel=\"canonical\" href=\"https:\/\/afianeswines.gr\/es\/product\/pithari-light-extraction-red-2022\/\" \/>\n<meta property=\"og:locale\" content=\"es_ES\" \/>\n<meta property=\"og:type\" content=\"article\" \/>\n<meta property=\"og:title\" content=\"PITHARI DRY RED LIGHT EXTRACTION 2022 11,5% vol 750 ml - Afianes Wines\" \/>\n<meta property=\"og:description\" content=\"Vino fermentado y envejecido en \u00e1nfora de la isla de Ikaria en Grecia. Extracci\u00f3n ligera de uvas Fokiano. Cultivo org\u00e1nico y biodin\u00e1mico.\" \/>\n<meta property=\"og:url\" content=\"https:\/\/afianeswines.gr\/es\/product\/pithari-light-extraction-red-2022\/\" \/>\n<meta property=\"og:site_name\" content=\"Afianes Wines\" \/>\n<meta property=\"article:modified_time\" content=\"2024-07-11T18:47:54+00:00\" \/>\n<meta property=\"og:image\" content=\"https:\/\/afianeswines.gr\/wp-content\/uploads\/2020\/11\/fokiano_rose_website.jpg\" \/>\n\t<meta property=\"og:image:width\" content=\"350\" \/>\n\t<meta property=\"og:image:height\" content=\"957\" \/>\n\t<meta property=\"og:image:type\" content=\"image\/jpeg\" \/>\n<meta name=\"twitter:card\" content=\"summary_large_image\" \/>\n<meta name=\"twitter:label1\" content=\"Tiempo de lectura\" \/>\n\t<meta name=\"twitter:data1\" content=\"1 minuto\" \/>\n<script type=\"application\/ld+json\" class=\"yoast-schema-graph\">{\"@context\":\"https:\/\/schema.org\",\"@graph\":[{\"@type\":\"WebPage\",\"@id\":\"https:\/\/afianeswines.gr\/es\/product\/pithari-light-extraction-red-2022\/\",\"url\":\"https:\/\/afianeswines.gr\/es\/product\/pithari-light-extraction-red-2022\/\",\"name\":\"PITHARI DRY RED LIGHT EXTRACTION 2022 11,5% vol 750 ml - Afianes Wines\",\"isPartOf\":{\"@id\":\"https:\/\/afianeswines.gr\/es\/#website\"},\"primaryImageOfPage\":{\"@id\":\"https:\/\/afianeswines.gr\/es\/product\/pithari-light-extraction-red-2022\/#primaryimage\"},\"image\":{\"@id\":\"https:\/\/afianeswines.gr\/es\/product\/pithari-light-extraction-red-2022\/#primaryimage\"},\"thumbnailUrl\":\"https:\/\/afianeswines.gr\/wp-content\/uploads\/2020\/11\/fokiano_rose_website.jpg\",\"datePublished\":\"2020-11-08T10:47:57+00:00\",\"dateModified\":\"2024-07-11T18:47:54+00:00\",\"description\":\"Vino fermentado y envejecido en \u00e1nfora de la isla de Ikaria en Grecia. Extracci\u00f3n ligera de uvas Fokiano. Cultivo org\u00e1nico y biodin\u00e1mico.\",\"breadcrumb\":{\"@id\":\"https:\/\/afianeswines.gr\/es\/product\/pithari-light-extraction-red-2022\/#breadcrumb\"},\"inLanguage\":\"es\",\"potentialAction\":[{\"@type\":\"ReadAction\",\"target\":[\"https:\/\/afianeswines.gr\/es\/product\/pithari-light-extraction-red-2022\/\"]}]},{\"@type\":\"ImageObject\",\"inLanguage\":\"es\",\"@id\":\"https:\/\/afianeswines.gr\/es\/product\/pithari-light-extraction-red-2022\/#primaryimage\",\"url\":\"https:\/\/afianeswines.gr\/wp-content\/uploads\/2020\/11\/fokiano_rose_website.jpg\",\"contentUrl\":\"https:\/\/afianeswines.gr\/wp-content\/uploads\/2020\/11\/fokiano_rose_website.jpg\",\"width\":350,\"height\":957},{\"@type\":\"BreadcrumbList\",\"@id\":\"https:\/\/afianeswines.gr\/es\/product\/pithari-light-extraction-red-2022\/#breadcrumb\",\"itemListElement\":[{\"@type\":\"ListItem\",\"position\":1,\"name\":\"Home\",\"item\":\"https:\/\/afianeswines.gr\/es\/\"},{\"@type\":\"ListItem\",\"position\":2,\"name\":\"\u0395SHOP\",\"item\":\"https:\/\/afianeswines.gr\/es\/eshop\/\"},{\"@type\":\"ListItem\",\"position\":3,\"name\":\"PITHARI DRY RED LIGHT EXTRACTION 2022 11,5% vol 750 ml\"}]},{\"@type\":\"WebSite\",\"@id\":\"https:\/\/afianeswines.gr\/es\/#website\",\"url\":\"https:\/\/afianeswines.gr\/es\/\",\"name\":\"Afianes Wines\",\"description\":\"\u039f\u03b9\u03bd\u03bf\u03c0\u03bf\u03b9\u03b5\u03af\u03bf \u0399\u03ba\u03b1\u03c1\u03af\u03b1 - \u0395\u03ba\u03bb\u03b5\u03ba\u03c4\u03ac \u03ba\u03c1\u03b1\u03c3\u03b9\u03ac\",\"potentialAction\":[{\"@type\":\"SearchAction\",\"target\":{\"@type\":\"EntryPoint\",\"urlTemplate\":\"https:\/\/afianeswines.gr\/es\/?s={search_term_string}\"},\"query-input\":{\"@type\":\"PropertyValueSpecification\",\"valueRequired\":true,\"valueName\":\"search_term_string\"}}],\"inLanguage\":\"es\"}]}<\/script>\n<!-- \/ Yoast SEO plugin. -->","yoast_head_json":{"title":"PITHARI DRY RED LIGHT EXTRACTION 2022 11,5% vol 750 ml - Afianes Wines","description":"Vino fermentado y envejecido en \u00e1nfora de la isla de Ikaria en Grecia. Extracci\u00f3n ligera de uvas Fokiano. Cultivo org\u00e1nico y biodin\u00e1mico.","robots":{"index":"index","follow":"follow","max-snippet":"max-snippet:-1","max-image-preview":"max-image-preview:large","max-video-preview":"max-video-preview:-1"},"canonical":"https:\/\/afianeswines.gr\/es\/product\/pithari-light-extraction-red-2022\/","og_locale":"es_ES","og_type":"article","og_title":"PITHARI DRY RED LIGHT EXTRACTION 2022 11,5% vol 750 ml - Afianes Wines","og_description":"Vino fermentado y envejecido en \u00e1nfora de la isla de Ikaria en Grecia. Extracci\u00f3n ligera de uvas Fokiano. Cultivo org\u00e1nico y biodin\u00e1mico.","og_url":"https:\/\/afianeswines.gr\/es\/product\/pithari-light-extraction-red-2022\/","og_site_name":"Afianes Wines","article_modified_time":"2024-07-11T18:47:54+00:00","og_image":[{"width":350,"height":957,"url":"https:\/\/afianeswines.gr\/wp-content\/uploads\/2020\/11\/fokiano_rose_website.jpg","type":"image\/jpeg"}],"twitter_card":"summary_large_image","twitter_misc":{"Tiempo de lectura":"1 minuto"},"schema":{"@context":"https:\/\/schema.org","@graph":[{"@type":"WebPage","@id":"https:\/\/afianeswines.gr\/es\/product\/pithari-light-extraction-red-2022\/","url":"https:\/\/afianeswines.gr\/es\/product\/pithari-light-extraction-red-2022\/","name":"PITHARI DRY RED LIGHT EXTRACTION 2022 11,5% vol 750 ml - Afianes Wines","isPartOf":{"@id":"https:\/\/afianeswines.gr\/es\/#website"},"primaryImageOfPage":{"@id":"https:\/\/afianeswines.gr\/es\/product\/pithari-light-extraction-red-2022\/#primaryimage"},"image":{"@id":"https:\/\/afianeswines.gr\/es\/product\/pithari-light-extraction-red-2022\/#primaryimage"},"thumbnailUrl":"https:\/\/afianeswines.gr\/wp-content\/uploads\/2020\/11\/fokiano_rose_website.jpg","datePublished":"2020-11-08T10:47:57+00:00","dateModified":"2024-07-11T18:47:54+00:00","description":"Vino fermentado y envejecido en \u00e1nfora de la isla de Ikaria en Grecia. Extracci\u00f3n ligera de uvas Fokiano. Cultivo org\u00e1nico y biodin\u00e1mico.","breadcrumb":{"@id":"https:\/\/afianeswines.gr\/es\/product\/pithari-light-extraction-red-2022\/#breadcrumb"},"inLanguage":"es","potentialAction":[{"@type":"ReadAction","target":["https:\/\/afianeswines.gr\/es\/product\/pithari-light-extraction-red-2022\/"]}]},{"@type":"ImageObject","inLanguage":"es","@id":"https:\/\/afianeswines.gr\/es\/product\/pithari-light-extraction-red-2022\/#primaryimage","url":"https:\/\/afianeswines.gr\/wp-content\/uploads\/2020\/11\/fokiano_rose_website.jpg","contentUrl":"https:\/\/afianeswines.gr\/wp-content\/uploads\/2020\/11\/fokiano_rose_website.jpg","width":350,"height":957},{"@type":"BreadcrumbList","@id":"https:\/\/afianeswines.gr\/es\/product\/pithari-light-extraction-red-2022\/#breadcrumb","itemListElement":[{"@type":"ListItem","position":1,"name":"Home","item":"https:\/\/afianeswines.gr\/es\/"},{"@type":"ListItem","position":2,"name":"\u0395SHOP","item":"https:\/\/afianeswines.gr\/es\/eshop\/"},{"@type":"ListItem","position":3,"name":"PITHARI DRY RED LIGHT EXTRACTION 2022 11,5% vol 750 ml"}]},{"@type":"WebSite","@id":"https:\/\/afianeswines.gr\/es\/#website","url":"https:\/\/afianeswines.gr\/es\/","name":"Afianes Wines","description":"\u039f\u03b9\u03bd\u03bf\u03c0\u03bf\u03b9\u03b5\u03af\u03bf \u0399\u03ba\u03b1\u03c1\u03af\u03b1 - \u0395\u03ba\u03bb\u03b5\u03ba\u03c4\u03ac \u03ba\u03c1\u03b1\u03c3\u03b9\u03ac","potentialAction":[{"@type":"SearchAction","target":{"@type":"EntryPoint","urlTemplate":"https:\/\/afianeswines.gr\/es\/?s={search_term_string}"},"query-input":{"@type":"PropertyValueSpecification","valueRequired":true,"valueName":"search_term_string"}}],"inLanguage":"es"}]}},"_links":{"self":[{"href":"https:\/\/afianeswines.gr\/es\/wp-json\/wp\/v2\/product\/35378","targetHints":{"allow":["GET"]}}],"collection":[{"href":"https:\/\/afianeswines.gr\/es\/wp-json\/wp\/v2\/product"}],"about":[{"href":"https:\/\/afianeswines.gr\/es\/wp-json\/wp\/v2\/types\/product"}],"author":[{"embeddable":true,"href":"https:\/\/afianeswines.gr\/es\/wp-json\/wp\/v2\/users\/10"}],"wp:featuredmedia":[{"embeddable":true,"href":"https:\/\/afianeswines.gr\/es\/wp-json\/wp\/v2\/media\/36685"}],"wp:attachment":[{"href":"https:\/\/afianeswines.gr\/es\/wp-json\/wp\/v2\/media?parent=35378"}],"wp:term":[{"taxonomy":"product_brand","embeddable":true,"href":"https:\/\/afianeswines.gr\/es\/wp-json\/wp\/v2\/product_brand?post=35378"},{"taxonomy":"product_cat","embeddable":true,"href":"https:\/\/afianeswines.gr\/es\/wp-json\/wp\/v2\/product_cat?post=35378"},{"taxonomy":"product_tag","embeddable":true,"href":"https:\/\/afianeswines.gr\/es\/wp-json\/wp\/v2\/product_tag?post=35378"}],"curies":[{"name":"wp","href":"https:\/\/api.w.org\/{rel}","templated":true}]}}