{"id":34894,"date":"2019-07-01T00:18:05","date_gmt":"2019-06-30T21:18:05","guid":{"rendered":"https:\/\/afianeswines.gr\/%cf%84%ce%b1-%ce%ba%cf%81%ce%b1%cf%83%ce%b9%ce%ac-%ce%bc%ce%b1%cf%82\/%cf%84%ce%bf%cf%80%ce%b9%ce%ba%ce%ad%cf%82-%cf%80%ce%bf%ce%b9%ce%ba%ce%b9%ce%bb%ce%af%ce%b5%cf%82\/"},"modified":"2021-05-05T12:46:07","modified_gmt":"2021-05-05T09:46:07","slug":"variedades-locales","status":"publish","type":"page","link":"https:\/\/afianeswines.gr\/es\/nuestros-vinos\/variedades-locales\/","title":{"rendered":"Variedades locales"},"content":{"rendered":"<p>[vc_row full_width=\u00bbstretch_row\u00bb css=\u00bb.vc_custom_1517560487592{padding-top: 50px !important;background-image: url(https:\/\/afianeswines.gr\/wp-content\/uploads\/2018\/02\/homepage_white_leaves.png?id=1390) !important;background-position: center !important;background-repeat: no-repeat !important;background-size: cover !important;}\u00bb][vc_column width=\u00bb1\/6&#8243;][\/vc_column][vc_column width=\u00bb2\/3&#8243;]\n\t<div class=\"title-subtitle-box   \" style=\" text-align: center;\">\n\t\t<h1 style=\" text-transform: uppercase; font-weight: 400; letter-spacing: 0px;\" >VARIEDADES DE ICARIA<\/h1>\n\t<\/div> [vc_column_text]El suelo del noroeste de Icaria est\u00e1 dotado de caracter\u00edsticas especiales, cuya combinaci\u00f3n nos permite producir frutas y vinos de una textura y sabor \u00fanicos. Se trata de arena arcillosa con pH bajo (\u00e1cida), calcio activo cero, f\u00f3sforo m\u00ednimo, materia org\u00e1nica y concentraciones significativas de oligoelementos, como potasio, manganeso, hierro, boro, etc.<\/p>\n<p>Las dos variedades de uva con indicaciones geogr\u00e1ficas protegidas (IGP) que cultivamos en nuestra isla con mucho \u00e9nfasis en las formas de agricultura ecol\u00f3gica y con esp\u00edritu de experimentaci\u00f3n creativa, son \u00abFokiano\u00bb y \u00abBegleri\u00bb.<\/p>\n<p>Hace ya veinte a\u00f1os que cultivamos estas dos variedades aut\u00f3ctonas, desconocidas para el resto del mundo hasta entonces. Aplicando diferentes t\u00e9cnicas de vinificaci\u00f3n y utilizando vi\u00f1edos experimentales en diferentes altitudes y microclimas en todo el lado oeste de la isla. Finalmente hemos llegado a la conclusi\u00f3n de que Fokiano y Begleri pueden producir excelentes productos finales, duraderos y que mejoran con el tiempo, tanto en mezcla como en monovarietal (as\u00ed es como elaboramos nuestros vinos durante los \u00faltimos diez a\u00f1os).<\/p>\n<p>A lo largo de los a\u00f1os, determinadas a\u00f1adas nos dieron vinos de primera calidad y valor \u00fanico. Los guardamos en nuestra Bodega y te invitamos a degustarlos, acompa\u00f1ados de algunos de los platos m\u00e1s t\u00edpicos de la cocina griega y particularmente de Icaria.[\/vc_column_text][\/vc_column][vc_column width=\u00bb1\/6&#8243;][\/vc_column][\/vc_row][vc_row full_width=\u00bbstretch_row\u00bb css=\u00bb.vc_custom_1562698137826{padding-bottom: 0px !important;background-color: #f1f1f1 !important;}\u00bb][vc_column width=\u00bb1\/3&#8243;][vc_single_image image=\u00bb34899&#8243; img_size=\u00bbfull\u00bb css=\u00bb.vc_custom_1562697924997{padding-top: 41px !important;}\u00bb][\/vc_column][vc_column width=\u00bb2\/3&#8243;][vc_column_text]<strong>VARIEDAD FOKIANO<\/strong><\/p>\n<p>La variedad Fokiano fue mencionada por primera vez por un viajero europeo en el siglo XV, produce un vino con aroma especial, retrogusto largo y color rub\u00ed brillante. Esta variedad se cultiva en vi\u00f1edos en terrazas repartidos por toda la isla, cuyo suelo ha dado a la uva unas propiedades muy especiales. Fokiano produce racimos no muy grandes de bayas de tama\u00f1o mediano y su rendimiento por hect\u00e1rea es inferior a 500 kilos.<\/p>\n<p>Durante sus dos primeros a\u00f1os, la variedad Fokiano produce vinos tintos frescos y de alta calidad que se caracterizan principalmente por aromas de frutos rojos del bosque (cerezas rojas y blancas, guindas y moras). En los siguientes 5 a\u00f1os su sabor evoluciona a frutos rojos maduros del bosque junto con especias (generalmente pimienta blanca), as\u00ed como a arbustos perfumados, recordando particularmente a las especies end\u00e9micas de Icaria (por ejemplo: rosa de roca, melisa).<\/p>\n<p>Despu\u00e9s de 8-10 a\u00f1os esta variedad ofrece todo lo anterior con un sabor mixto a mermelada, creando vinos que se adhieren a toda la cavidad bucal. A partir de ese momento, los vinos son espesos y su sabor recuerda a los dulces y licores caseros de la abuela griega. En algunos casos, seg\u00fan la a\u00f1ada, se producen cambios en los vinos, por ejemplo: color rojo sangre con aromas de cuero y licor fuerte de ciruela. \u00a1Degustar incluso una copa de un vino Fokiano a\u00f1ejo de m\u00e1s de cinco a\u00f1os es una experiencia que vale la pena![\/vc_column_text][\/vc_column][\/vc_row][vc_row full_width=\u00bbstretch_row\u00bb css=\u00bb.vc_custom_1562698143328{padding-top: 0px !important;background-color: #f1f1f1 !important;}\u00bb][vc_column][vc_column_text]A partir de la variedad tinta Fokiano creamos los vinos:<\/p>\n<h3>En nuestra moderna bodega:<\/h3>\n<p>\u00abIcarus Black\u00bb &#8211; vino tinto seco, envejecido en barricas de roble durante 12 meses<br \/>\n\u00abIcarus Ros\u00e9\u00bb &#8211; vino rosado seco<br \/>\n\u00abTama\u00bb &#8211; vino naturalmente dulce, cosecha tard\u00eda<br \/>\n\u00abIcarus Red\u00bb &#8211; vino tinto seco<br \/>\n\u00abAfianes\u00bb &#8211; vino tinto extra brut espumoso natural<\/p>\n<h3>En nuestra prensa de granito con el pithostasi exterior (m\u00e9todo tradicional):<\/h3>\n<p>\u00abPithari Red\u00bb &#8211; vino tinto seco<br \/>\n\u00abNicaria\u00bb &#8211; vino tinto seco<br \/>\n\u00abPithari Light Extraction\u00bb &#8211; vino tinto seco<br \/>\n\u00abTAMA\u00bb &#8211; vino naturalmente dulce, cosecha tard\u00eda[\/vc_column_text][\/vc_column][\/vc_row][vc_row css=\u00bb.vc_custom_1562698202190{padding-bottom: 0px !important;}\u00bb][vc_column width=\u00bb2\/3&#8243;][vc_column_text]<strong>VARIEDAD BEGLERI<\/strong><\/p>\n<p>La variedad blanca Begleri desciende de la variedad siria \u201cBegler\u201d. Sin embargo, hoy se asocia solo con Icaria, ya que nuestra isla es el \u00fanico lugar donde se cultiva Begleri en los \u00faltimos cien a\u00f1os. El vino destaca por su intenso car\u00e1cter arom\u00e1tico y complejo (aromas c\u00edtricos, kiwi y frutas tropicales), as\u00ed como por su caracter\u00edstico frescor. Begleri se cultiva en vi\u00f1edos en terrazas repartidos por toda la isla y su rendimiento alcanza los 500 kilos por hect\u00e1rea. Maridaje: comidas ligeras, mariscos, quesos amarillos y frutas. Se sirve fresco.<\/p>\n<p>Con el tiempo, la frescura de los vinos Begleri se vuelve m\u00e1s explosiva y luego sus sabores vienen a recordar a frutas tropicales frescas, como pi\u00f1a, kiwi, lima y mango. Despu\u00e9s de 2 a\u00f1os se produce una modificaci\u00f3n interesante y agradable hacia la fruta tropical madura, ofreciendo vinos m\u00e1s concisos, con cuerpos m\u00e1s llenos, suaves y espesos. Pasados 5 a\u00f1os, su sabor vuelve a cambiar, esta vez inclin\u00e1ndose hacia la fruta con carozo madura, como la nectarina y el albaricoque, as\u00ed como la mermelada de melocot\u00f3n.<\/p>\n<p>Con los a\u00f1os, a medida que disminuye su frescura, estos vinos blancos cambian hasta tal punto que comienzan a aflorar distintos elementos de licor. Pero el cambio m\u00e1s espectacular aparece despu\u00e9s de un per\u00edodo de diez a\u00f1os en el que prevalecen los aromas m\u00e1s terrosos, que desprenden notas distintas de miel, hongo ostra y otros hongos nativos de Icaria.[\/vc_column_text][\/vc_column][vc_column width=\u00bb1\/3&#8243;][vc_single_image image=\u00bb34898&#8243; img_size=\u00bbfull\u00bb css=\u00bb.vc_custom_1562697936164{padding-top: 41px !important;}\u00bb][\/vc_column][\/vc_row][vc_row css=\u00bb.vc_custom_1562698196312{padding-top: 0px !important;}\u00bb][vc_column][vc_column_text]De la variedad Begleri elaboramos los siguientes vinos blancos:<\/p>\n<h3>En nuestra moderna bodega:<\/h3>\n<p>\u00abBegleri\u00bb &#8211; vino blanco seco<br \/>\n\u00abLitani\u00bb &#8211; vino blanco seco<br \/>\n\u00abAfianes\u00bb &#8211; vino blanco extra brut naturalmente espumoso<\/p>\n<h3>En nuestra prensa de granito con el pithostasi exterior (m\u00e9todo tradicional):<\/h3>\n<p>\u00abPithari White\u00bb- vino blanco seco<br \/>\n\u00abIcarus\u00bb &#8211; vino blanco seco<br \/>\n\u00abPsaro Nikolas\u00bb- vino blanco seco<\/p>\n<h3>Bajo el mar Egeo:<\/h3>\n<p>\u00abAfianes\u00bb &#8211; vino blanco extra brut naturalmente espumoso[\/vc_column_text][\/vc_column][\/vc_row][vc_row full_width=\u00bbstretch_row\u00bb css=\u00bb.vc_custom_1562698447327{background-color: #f1f1f1 !important;}\u00bb][vc_column]\n\t<div class=\"\">\n\t<div class=\"gg_images_slider\">\n\t<div  data-slick='{  \"slidesToShow\": 3,  \"arrows\": true,  \"dots\": true,  \"autoplay\": true,  \"infinite\": true,  \"slidesToScroll\": 1,  \"responsive\": [{\"breakpoint\": 1024, \"settings\": {\"slidesToShow\": 3, \"slidesToScroll\": 1}}, {\"breakpoint\": 600, \"settings\": {\"slidesToShow\": 2, \"slidesToScroll\": 1}}, {\"breakpoint\": 480, \"settings\": {\"slidesToShow\": 1, \"slidesToScroll\": 1}}]  }'  class=\"el-grid no_magnific products row gg-slick-carousel \" data-layout-mode=\"fitRows\" data-pagination=\"\"><div class=\"3\"><img loading=\"lazy\" decoding=\"async\" width=\"762\" height=\"550\" src=\"https:\/\/afianeswines.gr\/wp-content\/uploads\/2019\/07\/poikilies1.jpg\" class=\"attachment-large\" alt=\"\" srcset=\"https:\/\/afianeswines.gr\/wp-content\/uploads\/2019\/07\/poikilies1.jpg 762w, https:\/\/afianeswines.gr\/wp-content\/uploads\/2019\/07\/poikilies1-300x217.jpg 300w\" sizes=\"auto, (max-width: 762px) 100vw, 762px\" \/><\/div><div class=\"3\"><img loading=\"lazy\" decoding=\"async\" width=\"762\" height=\"550\" src=\"https:\/\/afianeswines.gr\/wp-content\/uploads\/2019\/07\/poikilies2.jpg\" class=\"attachment-large\" alt=\"\" srcset=\"https:\/\/afianeswines.gr\/wp-content\/uploads\/2019\/07\/poikilies2.jpg 762w, https:\/\/afianeswines.gr\/wp-content\/uploads\/2019\/07\/poikilies2-300x217.jpg 300w\" sizes=\"auto, (max-width: 762px) 100vw, 762px\" \/><\/div><div class=\"3\"><img loading=\"lazy\" decoding=\"async\" width=\"762\" height=\"550\" src=\"https:\/\/afianeswines.gr\/wp-content\/uploads\/2019\/07\/poikilies3.jpg\" class=\"attachment-large\" alt=\"\" srcset=\"https:\/\/afianeswines.gr\/wp-content\/uploads\/2019\/07\/poikilies3.jpg 762w, https:\/\/afianeswines.gr\/wp-content\/uploads\/2019\/07\/poikilies3-300x217.jpg 300w\" sizes=\"auto, (max-width: 762px) 100vw, 762px\" \/><\/div>\n\t<\/div>\n\t<\/div>\n\t<\/div>[\/vc_column][\/vc_row]<\/p>\n","protected":false},"excerpt":{"rendered":"<p>[vc_row full_width=\u00bbstretch_row\u00bb css=\u00bb.vc_custom_1517560487592{padding-top: 50px !important;background-image: url(https:\/\/afianeswines.gr\/wp-content\/uploads\/2018\/02\/homepage_white_leaves.png?id=1390) !important;background-position: center !important;background-repeat: no-repeat !important;background-size: cover !important;}\u00bb][vc_column width=\u00bb1\/6&#8243;][\/vc_column][vc_column width=\u00bb2\/3&#8243;][vc_column_text]El suelo del noroeste de Icaria est\u00e1 dotado de caracter\u00edsticas especiales, cuya combinaci\u00f3n nos permite producir frutas y vinos de una textura y sabor \u00fanicos. Se trata de arena arcillosa con pH bajo (\u00e1cida), calcio activo cero, f\u00f3sforo m\u00ednimo, materia org\u00e1nica<br class=\"read-more-spacer\"> <a class=\"more-link\" href=\"https:\/\/afianeswines.gr\/es\/nuestros-vinos\/variedades-locales\/\">Read More<\/a><\/p>\n","protected":false},"author":1,"featured_media":34896,"parent":34856,"menu_order":0,"comment_status":"closed","ping_status":"closed","template":"","meta":{"footnotes":""},"class_list":["post-34894","page","type-page","status-publish","has-post-thumbnail","hentry"],"yoast_head":"<!-- This site is optimized with the Yoast SEO plugin v27.2 - https:\/\/yoast.com\/product\/yoast-seo-wordpress\/ -->\n<title>Variedades locales - Afianes Wines<\/title>\n<meta name=\"robots\" content=\"index, follow, max-snippet:-1, max-image-preview:large, max-video-preview:-1\" \/>\n<link rel=\"canonical\" href=\"https:\/\/afianeswines.gr\/es\/nuestros-vinos\/variedades-locales\/\" \/>\n<meta property=\"og:locale\" content=\"es_ES\" \/>\n<meta property=\"og:type\" content=\"article\" \/>\n<meta property=\"og:title\" content=\"Variedades locales - Afianes Wines\" \/>\n<meta property=\"og:description\" content=\"[vc_row full_width=\u00bbstretch_row\u00bb css=\u00bb.vc_custom_1517560487592{padding-top: 50px !important;background-image: url(https:\/\/afianeswines.gr\/wp-content\/uploads\/2018\/02\/homepage_white_leaves.png?id=1390) !important;background-position: center !important;background-repeat: no-repeat !important;background-size: cover !important;}\u00bb][vc_column width=\u00bb1\/6&#8243;][\/vc_column][vc_column width=\u00bb2\/3&#8243;][vc_column_text]El suelo del noroeste de Icaria est\u00e1 dotado de caracter\u00edsticas especiales, cuya combinaci\u00f3n nos permite producir frutas y vinos de una textura y sabor \u00fanicos. Se trata de arena arcillosa con pH bajo (\u00e1cida), calcio activo cero, f\u00f3sforo m\u00ednimo, materia org\u00e1nica Read More\" \/>\n<meta property=\"og:url\" content=\"https:\/\/afianeswines.gr\/es\/nuestros-vinos\/variedades-locales\/\" \/>\n<meta property=\"og:site_name\" content=\"Afianes Wines\" \/>\n<meta property=\"article:modified_time\" content=\"2021-05-05T09:46:07+00:00\" \/>\n<meta property=\"og:image\" content=\"https:\/\/afianeswines.gr\/wp-content\/uploads\/2019\/07\/KFR_8289-1.jpg\" \/>\n\t<meta property=\"og:image:width\" content=\"2000\" \/>\n\t<meta property=\"og:image:height\" content=\"977\" \/>\n\t<meta property=\"og:image:type\" content=\"image\/jpeg\" \/>\n<meta name=\"twitter:card\" content=\"summary_large_image\" \/>\n<meta name=\"twitter:label1\" content=\"Tiempo de lectura\" \/>\n\t<meta name=\"twitter:data1\" content=\"4 minutos\" \/>\n<script type=\"application\/ld+json\" class=\"yoast-schema-graph\">{\"@context\":\"https:\/\/schema.org\",\"@graph\":[{\"@type\":\"WebPage\",\"@id\":\"https:\/\/afianeswines.gr\/es\/nuestros-vinos\/variedades-locales\/\",\"url\":\"https:\/\/afianeswines.gr\/es\/nuestros-vinos\/variedades-locales\/\",\"name\":\"Variedades locales - Afianes Wines\",\"isPartOf\":{\"@id\":\"https:\/\/afianeswines.gr\/es\/#website\"},\"primaryImageOfPage\":{\"@id\":\"https:\/\/afianeswines.gr\/es\/nuestros-vinos\/variedades-locales\/#primaryimage\"},\"image\":{\"@id\":\"https:\/\/afianeswines.gr\/es\/nuestros-vinos\/variedades-locales\/#primaryimage\"},\"thumbnailUrl\":\"https:\/\/afianeswines.gr\/wp-content\/uploads\/2019\/07\/KFR_8289-1.jpg\",\"datePublished\":\"2019-06-30T21:18:05+00:00\",\"dateModified\":\"2021-05-05T09:46:07+00:00\",\"breadcrumb\":{\"@id\":\"https:\/\/afianeswines.gr\/es\/nuestros-vinos\/variedades-locales\/#breadcrumb\"},\"inLanguage\":\"es\",\"potentialAction\":[{\"@type\":\"ReadAction\",\"target\":[\"https:\/\/afianeswines.gr\/es\/nuestros-vinos\/variedades-locales\/\"]}]},{\"@type\":\"ImageObject\",\"inLanguage\":\"es\",\"@id\":\"https:\/\/afianeswines.gr\/es\/nuestros-vinos\/variedades-locales\/#primaryimage\",\"url\":\"https:\/\/afianeswines.gr\/wp-content\/uploads\/2019\/07\/KFR_8289-1.jpg\",\"contentUrl\":\"https:\/\/afianeswines.gr\/wp-content\/uploads\/2019\/07\/KFR_8289-1.jpg\",\"width\":2000,\"height\":977},{\"@type\":\"BreadcrumbList\",\"@id\":\"https:\/\/afianeswines.gr\/es\/nuestros-vinos\/variedades-locales\/#breadcrumb\",\"itemListElement\":[{\"@type\":\"ListItem\",\"position\":1,\"name\":\"Home\",\"item\":\"https:\/\/afianeswines.gr\/es\/\"},{\"@type\":\"ListItem\",\"position\":2,\"name\":\"Nuestros vinos\",\"item\":\"https:\/\/afianeswines.gr\/es\/%cf%84%ce%b1-%ce%ba%cf%81%ce%b1%cf%83%ce%b9%ce%ac-%ce%bc%ce%b1%cf%82\/\"},{\"@type\":\"ListItem\",\"position\":3,\"name\":\"Variedades locales\"}]},{\"@type\":\"WebSite\",\"@id\":\"https:\/\/afianeswines.gr\/es\/#website\",\"url\":\"https:\/\/afianeswines.gr\/es\/\",\"name\":\"Afianes Wines\",\"description\":\"\u039f\u03b9\u03bd\u03bf\u03c0\u03bf\u03b9\u03b5\u03af\u03bf \u0399\u03ba\u03b1\u03c1\u03af\u03b1 - \u0395\u03ba\u03bb\u03b5\u03ba\u03c4\u03ac \u03ba\u03c1\u03b1\u03c3\u03b9\u03ac\",\"potentialAction\":[{\"@type\":\"SearchAction\",\"target\":{\"@type\":\"EntryPoint\",\"urlTemplate\":\"https:\/\/afianeswines.gr\/es\/?s={search_term_string}\"},\"query-input\":{\"@type\":\"PropertyValueSpecification\",\"valueRequired\":true,\"valueName\":\"search_term_string\"}}],\"inLanguage\":\"es\"}]}<\/script>\n<!-- \/ Yoast SEO plugin. -->","yoast_head_json":{"title":"Variedades locales - Afianes Wines","robots":{"index":"index","follow":"follow","max-snippet":"max-snippet:-1","max-image-preview":"max-image-preview:large","max-video-preview":"max-video-preview:-1"},"canonical":"https:\/\/afianeswines.gr\/es\/nuestros-vinos\/variedades-locales\/","og_locale":"es_ES","og_type":"article","og_title":"Variedades locales - Afianes Wines","og_description":"[vc_row full_width=\u00bbstretch_row\u00bb css=\u00bb.vc_custom_1517560487592{padding-top: 50px !important;background-image: url(https:\/\/afianeswines.gr\/wp-content\/uploads\/2018\/02\/homepage_white_leaves.png?id=1390) !important;background-position: center !important;background-repeat: no-repeat !important;background-size: cover !important;}\u00bb][vc_column width=\u00bb1\/6&#8243;][\/vc_column][vc_column width=\u00bb2\/3&#8243;][vc_column_text]El suelo del noroeste de Icaria est\u00e1 dotado de caracter\u00edsticas especiales, cuya combinaci\u00f3n nos permite producir frutas y vinos de una textura y sabor \u00fanicos. Se trata de arena arcillosa con pH bajo (\u00e1cida), calcio activo cero, f\u00f3sforo m\u00ednimo, materia org\u00e1nica Read More","og_url":"https:\/\/afianeswines.gr\/es\/nuestros-vinos\/variedades-locales\/","og_site_name":"Afianes Wines","article_modified_time":"2021-05-05T09:46:07+00:00","og_image":[{"width":2000,"height":977,"url":"https:\/\/afianeswines.gr\/wp-content\/uploads\/2019\/07\/KFR_8289-1.jpg","type":"image\/jpeg"}],"twitter_card":"summary_large_image","twitter_misc":{"Tiempo de lectura":"4 minutos"},"schema":{"@context":"https:\/\/schema.org","@graph":[{"@type":"WebPage","@id":"https:\/\/afianeswines.gr\/es\/nuestros-vinos\/variedades-locales\/","url":"https:\/\/afianeswines.gr\/es\/nuestros-vinos\/variedades-locales\/","name":"Variedades locales - Afianes Wines","isPartOf":{"@id":"https:\/\/afianeswines.gr\/es\/#website"},"primaryImageOfPage":{"@id":"https:\/\/afianeswines.gr\/es\/nuestros-vinos\/variedades-locales\/#primaryimage"},"image":{"@id":"https:\/\/afianeswines.gr\/es\/nuestros-vinos\/variedades-locales\/#primaryimage"},"thumbnailUrl":"https:\/\/afianeswines.gr\/wp-content\/uploads\/2019\/07\/KFR_8289-1.jpg","datePublished":"2019-06-30T21:18:05+00:00","dateModified":"2021-05-05T09:46:07+00:00","breadcrumb":{"@id":"https:\/\/afianeswines.gr\/es\/nuestros-vinos\/variedades-locales\/#breadcrumb"},"inLanguage":"es","potentialAction":[{"@type":"ReadAction","target":["https:\/\/afianeswines.gr\/es\/nuestros-vinos\/variedades-locales\/"]}]},{"@type":"ImageObject","inLanguage":"es","@id":"https:\/\/afianeswines.gr\/es\/nuestros-vinos\/variedades-locales\/#primaryimage","url":"https:\/\/afianeswines.gr\/wp-content\/uploads\/2019\/07\/KFR_8289-1.jpg","contentUrl":"https:\/\/afianeswines.gr\/wp-content\/uploads\/2019\/07\/KFR_8289-1.jpg","width":2000,"height":977},{"@type":"BreadcrumbList","@id":"https:\/\/afianeswines.gr\/es\/nuestros-vinos\/variedades-locales\/#breadcrumb","itemListElement":[{"@type":"ListItem","position":1,"name":"Home","item":"https:\/\/afianeswines.gr\/es\/"},{"@type":"ListItem","position":2,"name":"Nuestros vinos","item":"https:\/\/afianeswines.gr\/es\/%cf%84%ce%b1-%ce%ba%cf%81%ce%b1%cf%83%ce%b9%ce%ac-%ce%bc%ce%b1%cf%82\/"},{"@type":"ListItem","position":3,"name":"Variedades locales"}]},{"@type":"WebSite","@id":"https:\/\/afianeswines.gr\/es\/#website","url":"https:\/\/afianeswines.gr\/es\/","name":"Afianes Wines","description":"\u039f\u03b9\u03bd\u03bf\u03c0\u03bf\u03b9\u03b5\u03af\u03bf \u0399\u03ba\u03b1\u03c1\u03af\u03b1 - \u0395\u03ba\u03bb\u03b5\u03ba\u03c4\u03ac \u03ba\u03c1\u03b1\u03c3\u03b9\u03ac","potentialAction":[{"@type":"SearchAction","target":{"@type":"EntryPoint","urlTemplate":"https:\/\/afianeswines.gr\/es\/?s={search_term_string}"},"query-input":{"@type":"PropertyValueSpecification","valueRequired":true,"valueName":"search_term_string"}}],"inLanguage":"es"}]}},"_links":{"self":[{"href":"https:\/\/afianeswines.gr\/es\/wp-json\/wp\/v2\/pages\/34894","targetHints":{"allow":["GET"]}}],"collection":[{"href":"https:\/\/afianeswines.gr\/es\/wp-json\/wp\/v2\/pages"}],"about":[{"href":"https:\/\/afianeswines.gr\/es\/wp-json\/wp\/v2\/types\/page"}],"author":[{"embeddable":true,"href":"https:\/\/afianeswines.gr\/es\/wp-json\/wp\/v2\/users\/1"}],"replies":[{"embeddable":true,"href":"https:\/\/afianeswines.gr\/es\/wp-json\/wp\/v2\/comments?post=34894"}],"version-history":[{"count":7,"href":"https:\/\/afianeswines.gr\/es\/wp-json\/wp\/v2\/pages\/34894\/revisions"}],"predecessor-version":[{"id":35105,"href":"https:\/\/afianeswines.gr\/es\/wp-json\/wp\/v2\/pages\/34894\/revisions\/35105"}],"up":[{"embeddable":true,"href":"https:\/\/afianeswines.gr\/es\/wp-json\/wp\/v2\/pages\/34856"}],"wp:featuredmedia":[{"embeddable":true,"href":"https:\/\/afianeswines.gr\/es\/wp-json\/wp\/v2\/media\/34896"}],"wp:attachment":[{"href":"https:\/\/afianeswines.gr\/es\/wp-json\/wp\/v2\/media?parent=34894"}],"curies":[{"name":"wp","href":"https:\/\/api.w.org\/{rel}","templated":true}]}}