{"id":34887,"date":"2019-07-13T11:33:19","date_gmt":"2019-07-13T08:33:19","guid":{"rendered":"https:\/\/afianeswines.gr\/%cf%84%ce%b1-%ce%ba%cf%81%ce%b1%cf%83%ce%b9%ce%ac-%ce%bc%ce%b1%cf%82\/%ce%bf%ce%af%ce%bd%ce%bf%cf%82-%ce%ba%ce%b1%ce%b9-%cf%80%ce%b1%cf%81%ce%ac%ce%b4%ce%bf%cf%83%ce%b7\/"},"modified":"2021-05-05T13:12:01","modified_gmt":"2021-05-05T10:12:01","slug":"vino-y-tradicion","status":"publish","type":"page","link":"https:\/\/afianeswines.gr\/es\/nuestros-vinos\/vino-y-tradicion\/","title":{"rendered":"Vino y tradici\u00f3n"},"content":{"rendered":"<p>[vc_row][vc_column]\n\t<div class=\"title-subtitle-box   \" style=\" text-align: left;\">\n\t\t<h2 style=\" text-transform: uppercase; font-weight: 300; letter-spacing: 0px;\" >ICARIA Y EL VINO PRAMNO DE LA ANTIG\u00dcEDAD<\/h2>\n\t<\/div> [vc_column_text]El vino de Icaria, el \u00abPramno\u00bb, como se le llamaba en la antig\u00fcedad, tiene una historia milenaria. Naci\u00f3 en el mito y se asoci\u00f3 con las aventuras y el culto al dios Dioniso en la isla. Los hallazgos arqueol\u00f3gicos y varios nombres de lugares hasta el d\u00eda de hoy atestiguan que los ritos dionis\u00edacos estaban muy extendidos y eran particularmente populares en la isla.<\/p>\n<p>Hoy en d\u00eda, el vino de Icaria, resultado de una antigua receta sobreviviente que se caracteriza por almacenar el vino en vasijas de barro enterradas en el suelo, ha adquirido un reconocimiento formal de su identidad. Icaria est\u00e1 incluida en la lista de los pocos lugares del mundo donde se producen vinos secos con niveles naturalmente altos de alcohol.<\/p>\n<p>Seg\u00fan Homero, los h\u00e9roes de la Il\u00edada prueban los poderes m\u00e1gicos de este vino para aumentar su furia antes de una batalla. Beb\u00edan \u00abKykeon\u00bb, que era un t\u00f3nico elaborado con vino pramnio mezclado con s\u00e9mola de cebada y queso de cabra rallado.[\/vc_column_text]\n\t<blockquote style=\"color: #b61c2a;\" class=\"gg-vc-quote vc_custom_1620139262940\">\n\t\u275dLos h\u00e9roes de la Il\u00edada, prueban el poder m\u00e1gico del vino para prepararse para la batalla, As\u00ed fortalecen su esp\u00edritu guerrero, bebiendo ``Kykeon``, es decir, vino Pramno mezclado con queso de cabra y s\u00e9mola de cebada\u275e\n\t<cite>Homero<\/cite>\n\t<\/blockquote>[\/vc_column][\/vc_row][vc_row full_width=\u00bbstretch_row\u00bb css=\u00bb.vc_custom_1563007681315{padding-top: 10% !important;padding-bottom: 10% !important;background-color: #f1f1f1 !important;}\u00bb][vc_column][vc_row_inner][vc_column_inner width=\u00bb1\/2&#8243;][vc_single_image image=\u00bb34891&#8243; img_size=\u00bbfull\u00bb][vc_column_text css=\u00bb.vc_custom_1620139728604{padding-top: 10% !important;padding-right: 10% !important;padding-bottom: 10% !important;padding-left: 10% !important;}\u00bb]Autores de la literatura antigua y posterior describen las principales caracter\u00edsticas del vino de Icaria con casi los mismos t\u00e9rminos: \u201cUn vino que no es ni dulce ni graso, sino austero y duro\u201d. En particular:<\/p>\n<p>&#8211; \u201cEl Pramnio, como suele decirse, es gordo y fortalecedor y no es adecuado para saciar la sed, sino para aliviar la saciedad\u201d. (Eustacio).<\/p>\n<p>&#8211; \u201c\u2026 seg\u00fan Frynichos, ni grasoso ni dulce, sino pramno\u201d. (Di\u00f3genes Laercio)<\/p>\n<p>&#8211; \u201cy este vino es una especie de vino que no es dulce ni graso, sino seco y duro y de gran fuerza\u2026\u201d (Athenaios)<\/p>\n<p>&#8211; \u00ab&#8230; es un vino loable, aunque duro &#8230;\u00bb (Hesiquio)<\/p>\n<p>&#8211; \u201c\u2026 el vino de Icaria es fuerte y siempre lo mezclan con agua\u201d. (Georgirenes)<\/p>\n<p>&#8211; \u00ab&#8230; en Icaria hacen un vino al que llaman &#8216;sin mezclar&#8217; y es duro y muy fuerte\u00bb. (Stamatiades)<\/p>\n<p>En junio de 2006, el Estado griego atribuy\u00f3 al vino de Icaria la indicaci\u00f3n de procedencia geogr\u00e1fica \u201cVino local\u201d. Este fue el resultado de un esfuerzo colectivo de cinco a\u00f1os emprendido activamente por las autoridades locales de 1\u00ba y 2\u00ba grado, as\u00ed como por Afianes Wines. El primer documento oficial que reconoce la particularidad del vino de Icaria fue emitido el 3 de enero de 1970 gracias a la decisi\u00f3n del Ministro de Agricultura que permiti\u00f3 el cultivo de \u00abFokiano\u00bb en la isla.[\/vc_column_text][\/vc_column_inner][vc_column_inner width=\u00bb1\/2&#8243;][vc_column_text css=\u00bb.vc_custom_1620139803773{padding-top: 0px !important;padding-right: 10% !important;padding-bottom: 10% !important;padding-left: 10% !important;}\u00bb]Se espera que la posici\u00f3n de Icaria entre las regiones productoras de vino en todo el mundo se fortalezca a\u00fan m\u00e1s, gracias a una serie de investigaciones universitarias en curso.<\/p>\n<p>Para ser m\u00e1s espec\u00edficos, los cient\u00edficos del vino coinciden hoy en d\u00eda en que los hongos que se encuentran en diferentes \u00e1reas tienen un papel muy importante en las propiedades organol\u00e9pticas del vino. En palabras m\u00e1s simples, diferentes hongos en la misma uva producen vinos diferentes.<\/p>\n<p>Con estos datos, equipos universitarios llevan a cabo una investigaci\u00f3n sobre la existencia de un grupo especial de microorganismos, que dan la caracter\u00edstica singularmente inusual, de poder fermentar a una concentraci\u00f3n de alcohol de m\u00e1s de 16 grados en condiciones ambientales normales.<\/p>\n<p>Y si a principios de la d\u00e9cada de 1900 y en la de 1920 el vino de Icaria representaba alrededor de 1\/3 de la producci\u00f3n de la isla (seg\u00fan informaci\u00f3n de los libros <strong>\u00abIkaria, descripci\u00f3n geogr\u00e1fica de la isla\u00bb de G. Lombardas y \u00abCr\u00f3nicas de Ikarian\u00bb de L Spanou<\/strong>), \u00bfno podr\u00eda hoy conservar leg\u00edtimamente gran parte de la econom\u00eda de Icaria?[\/vc_column_text][vc_single_image image=\u00bb34888&#8243; img_size=\u00bbfull\u00bb][\/vc_column_inner][\/vc_row_inner][\/vc_column][\/vc_row][vc_row css=\u00bb.vc_custom_1563007691529{padding-top: 10% !important;}\u00bb][vc_column]\n\t<div class=\"title-subtitle-box  vc_custom_1620209513394 \" style=\" text-align: center;\">\n\t\t<h2 style=\" text-transform: uppercase; font-weight: 300; letter-spacing: 0px;\" >``La vid de Icaria``<\/h2>\n\t<\/div> [vc_row_inner css=\u00bb.vc_custom_1563007731833{margin-top: 0px !important;padding-top: 0px !important;}\u00bb][vc_column_inner][vc_column_text css=\u00bb.vc_custom_1620139850193{padding-top: 10px !important;padding-right: 10% !important;padding-bottom: 20px !important;padding-left: 10% !important;}\u00bb]<\/p>\n<p align=\"JUSTIFY\">Una colecci\u00f3n de referencias sobre el vino de Icaria desde la antig\u00fcedad hasta nuestros d\u00edas. Una edici\u00f3n griega \/ inglesa de AFIANES WINES, Icaria \u00a9 2004. Primera edici\u00f3n impresa en 1.000 ejemplares en papel Modigliani Neve.<\/p>\n<ul>\n<li class=\"firstItem\">\n<p align=\"JUSTIFY\">Publicado por: Nikolaos Afianes, Sociedad de Estudios Ikarianos, Universidad del Egeo (Programa Naias)<\/p>\n<\/li>\n<li>\n<p align=\"JUSTIFY\">Material de investigaci\u00f3n, de archivo y fotogr\u00e1fico: Christos Malachias<\/p>\n<\/li>\n<li>\n<p align=\"JUSTIFY\">Colecci\u00f3n y clasificaci\u00f3n de material: Nikos Afianes<\/p>\n<\/li>\n<li>\n<p align=\"JUSTIFY\">Edici\u00f3n de texto: Argyro Fakarou<\/p>\n<\/li>\n<li>\n<p align=\"JUSTIFY\">Traducci\u00f3n: Angelos Kalokairinos<\/p>\n<\/li>\n<li>\n<p align=\"JUSTIFY\">Dise\u00f1o, procesamiento de im\u00e1genes: Kostis Pinas<\/p>\n<\/li>\n<li class=\"lastItem\">\n<p align=\"JUSTIFY\">Impresi\u00f3n: Artypos Ltd. +<\/p>\n<\/li>\n<\/ul>\n<p>[\/vc_column_text][vc_btn title=\u00bbTambi\u00e9n puede leer y descargar la Edici\u00f3n \u00abLa vid que se encuentra en Icaria\u00ab\u00bb style=\u00bbflat\u00bb color=\u00bbblack\u00bb align=\u00bbcenter\u00bb i_icon_fontawesome=\u00bb\u00bb add_icon=\u00bbtrue\u00bb link=\u00bburl:http%3A%2F%2Fafianeswines.gr%2Fwp-content%2Fuploads%2F2019%2F07%2Fafianes.pdf||target:%20_blank|\u00bb][\/vc_column_inner][\/vc_row_inner][\/vc_column][\/vc_row]<\/p>\n","protected":false},"excerpt":{"rendered":"<p>[vc_row][vc_column][vc_column_text]El vino de Icaria, el \u00abPramno\u00bb, como se le llamaba en la antig\u00fcedad, tiene una historia milenaria. Naci\u00f3 en el mito y se asoci\u00f3 con las aventuras y el culto al dios Dioniso en la isla. Los hallazgos arqueol\u00f3gicos y varios nombres de lugares hasta el d\u00eda de hoy atestiguan que los ritos dionis\u00edacos estaban<br class=\"read-more-spacer\"> <a class=\"more-link\" href=\"https:\/\/afianeswines.gr\/es\/nuestros-vinos\/vino-y-tradicion\/\">Read More<\/a><\/p>\n","protected":false},"author":1,"featured_media":34889,"parent":34856,"menu_order":0,"comment_status":"closed","ping_status":"closed","template":"","meta":{"footnotes":""},"class_list":["post-34887","page","type-page","status-publish","has-post-thumbnail","hentry"],"yoast_head":"<!-- This site is optimized with the Yoast SEO plugin v27.2 - https:\/\/yoast.com\/product\/yoast-seo-wordpress\/ -->\n<title>Vino y tradici\u00f3n - Afianes Wines<\/title>\n<meta name=\"robots\" content=\"index, follow, max-snippet:-1, max-image-preview:large, max-video-preview:-1\" \/>\n<link rel=\"canonical\" href=\"https:\/\/afianeswines.gr\/es\/nuestros-vinos\/vino-y-tradicion\/\" \/>\n<meta property=\"og:locale\" content=\"es_ES\" \/>\n<meta property=\"og:type\" content=\"article\" \/>\n<meta property=\"og:title\" content=\"Vino y tradici\u00f3n - Afianes Wines\" \/>\n<meta property=\"og:description\" content=\"[vc_row][vc_column][vc_column_text]El vino de Icaria, el \u00abPramno\u00bb, como se le llamaba en la antig\u00fcedad, tiene una historia milenaria. Naci\u00f3 en el mito y se asoci\u00f3 con las aventuras y el culto al dios Dioniso en la isla. Los hallazgos arqueol\u00f3gicos y varios nombres de lugares hasta el d\u00eda de hoy atestiguan que los ritos dionis\u00edacos estaban Read More\" \/>\n<meta property=\"og:url\" content=\"https:\/\/afianeswines.gr\/es\/nuestros-vinos\/vino-y-tradicion\/\" \/>\n<meta property=\"og:site_name\" content=\"Afianes Wines\" \/>\n<meta property=\"article:modified_time\" content=\"2021-05-05T10:12:01+00:00\" \/>\n<meta property=\"og:image\" content=\"https:\/\/afianeswines.gr\/wp-content\/uploads\/2019\/07\/oinos-paradosi-header-1.jpg\" \/>\n\t<meta property=\"og:image:width\" content=\"2000\" \/>\n\t<meta property=\"og:image:height\" content=\"463\" \/>\n\t<meta property=\"og:image:type\" content=\"image\/jpeg\" \/>\n<meta name=\"twitter:card\" content=\"summary_large_image\" \/>\n<meta name=\"twitter:label1\" content=\"Tiempo de lectura\" \/>\n\t<meta name=\"twitter:data1\" content=\"4 minutos\" \/>\n<script type=\"application\/ld+json\" class=\"yoast-schema-graph\">{\"@context\":\"https:\/\/schema.org\",\"@graph\":[{\"@type\":\"WebPage\",\"@id\":\"https:\/\/afianeswines.gr\/es\/nuestros-vinos\/vino-y-tradicion\/\",\"url\":\"https:\/\/afianeswines.gr\/es\/nuestros-vinos\/vino-y-tradicion\/\",\"name\":\"Vino y tradici\u00f3n - Afianes Wines\",\"isPartOf\":{\"@id\":\"https:\/\/afianeswines.gr\/es\/#website\"},\"primaryImageOfPage\":{\"@id\":\"https:\/\/afianeswines.gr\/es\/nuestros-vinos\/vino-y-tradicion\/#primaryimage\"},\"image\":{\"@id\":\"https:\/\/afianeswines.gr\/es\/nuestros-vinos\/vino-y-tradicion\/#primaryimage\"},\"thumbnailUrl\":\"https:\/\/afianeswines.gr\/wp-content\/uploads\/2019\/07\/oinos-paradosi-header-1.jpg\",\"datePublished\":\"2019-07-13T08:33:19+00:00\",\"dateModified\":\"2021-05-05T10:12:01+00:00\",\"breadcrumb\":{\"@id\":\"https:\/\/afianeswines.gr\/es\/nuestros-vinos\/vino-y-tradicion\/#breadcrumb\"},\"inLanguage\":\"es\",\"potentialAction\":[{\"@type\":\"ReadAction\",\"target\":[\"https:\/\/afianeswines.gr\/es\/nuestros-vinos\/vino-y-tradicion\/\"]}]},{\"@type\":\"ImageObject\",\"inLanguage\":\"es\",\"@id\":\"https:\/\/afianeswines.gr\/es\/nuestros-vinos\/vino-y-tradicion\/#primaryimage\",\"url\":\"https:\/\/afianeswines.gr\/wp-content\/uploads\/2019\/07\/oinos-paradosi-header-1.jpg\",\"contentUrl\":\"https:\/\/afianeswines.gr\/wp-content\/uploads\/2019\/07\/oinos-paradosi-header-1.jpg\",\"width\":2000,\"height\":463},{\"@type\":\"BreadcrumbList\",\"@id\":\"https:\/\/afianeswines.gr\/es\/nuestros-vinos\/vino-y-tradicion\/#breadcrumb\",\"itemListElement\":[{\"@type\":\"ListItem\",\"position\":1,\"name\":\"Home\",\"item\":\"https:\/\/afianeswines.gr\/es\/\"},{\"@type\":\"ListItem\",\"position\":2,\"name\":\"Nuestros vinos\",\"item\":\"https:\/\/afianeswines.gr\/es\/%cf%84%ce%b1-%ce%ba%cf%81%ce%b1%cf%83%ce%b9%ce%ac-%ce%bc%ce%b1%cf%82\/\"},{\"@type\":\"ListItem\",\"position\":3,\"name\":\"Vino y tradici\u00f3n\"}]},{\"@type\":\"WebSite\",\"@id\":\"https:\/\/afianeswines.gr\/es\/#website\",\"url\":\"https:\/\/afianeswines.gr\/es\/\",\"name\":\"Afianes Wines\",\"description\":\"\u039f\u03b9\u03bd\u03bf\u03c0\u03bf\u03b9\u03b5\u03af\u03bf \u0399\u03ba\u03b1\u03c1\u03af\u03b1 - \u0395\u03ba\u03bb\u03b5\u03ba\u03c4\u03ac \u03ba\u03c1\u03b1\u03c3\u03b9\u03ac\",\"potentialAction\":[{\"@type\":\"SearchAction\",\"target\":{\"@type\":\"EntryPoint\",\"urlTemplate\":\"https:\/\/afianeswines.gr\/es\/?s={search_term_string}\"},\"query-input\":{\"@type\":\"PropertyValueSpecification\",\"valueRequired\":true,\"valueName\":\"search_term_string\"}}],\"inLanguage\":\"es\"}]}<\/script>\n<!-- \/ Yoast SEO plugin. -->","yoast_head_json":{"title":"Vino y tradici\u00f3n - Afianes Wines","robots":{"index":"index","follow":"follow","max-snippet":"max-snippet:-1","max-image-preview":"max-image-preview:large","max-video-preview":"max-video-preview:-1"},"canonical":"https:\/\/afianeswines.gr\/es\/nuestros-vinos\/vino-y-tradicion\/","og_locale":"es_ES","og_type":"article","og_title":"Vino y tradici\u00f3n - Afianes Wines","og_description":"[vc_row][vc_column][vc_column_text]El vino de Icaria, el \u00abPramno\u00bb, como se le llamaba en la antig\u00fcedad, tiene una historia milenaria. Naci\u00f3 en el mito y se asoci\u00f3 con las aventuras y el culto al dios Dioniso en la isla. Los hallazgos arqueol\u00f3gicos y varios nombres de lugares hasta el d\u00eda de hoy atestiguan que los ritos dionis\u00edacos estaban Read More","og_url":"https:\/\/afianeswines.gr\/es\/nuestros-vinos\/vino-y-tradicion\/","og_site_name":"Afianes Wines","article_modified_time":"2021-05-05T10:12:01+00:00","og_image":[{"width":2000,"height":463,"url":"https:\/\/afianeswines.gr\/wp-content\/uploads\/2019\/07\/oinos-paradosi-header-1.jpg","type":"image\/jpeg"}],"twitter_card":"summary_large_image","twitter_misc":{"Tiempo de lectura":"4 minutos"},"schema":{"@context":"https:\/\/schema.org","@graph":[{"@type":"WebPage","@id":"https:\/\/afianeswines.gr\/es\/nuestros-vinos\/vino-y-tradicion\/","url":"https:\/\/afianeswines.gr\/es\/nuestros-vinos\/vino-y-tradicion\/","name":"Vino y tradici\u00f3n - Afianes Wines","isPartOf":{"@id":"https:\/\/afianeswines.gr\/es\/#website"},"primaryImageOfPage":{"@id":"https:\/\/afianeswines.gr\/es\/nuestros-vinos\/vino-y-tradicion\/#primaryimage"},"image":{"@id":"https:\/\/afianeswines.gr\/es\/nuestros-vinos\/vino-y-tradicion\/#primaryimage"},"thumbnailUrl":"https:\/\/afianeswines.gr\/wp-content\/uploads\/2019\/07\/oinos-paradosi-header-1.jpg","datePublished":"2019-07-13T08:33:19+00:00","dateModified":"2021-05-05T10:12:01+00:00","breadcrumb":{"@id":"https:\/\/afianeswines.gr\/es\/nuestros-vinos\/vino-y-tradicion\/#breadcrumb"},"inLanguage":"es","potentialAction":[{"@type":"ReadAction","target":["https:\/\/afianeswines.gr\/es\/nuestros-vinos\/vino-y-tradicion\/"]}]},{"@type":"ImageObject","inLanguage":"es","@id":"https:\/\/afianeswines.gr\/es\/nuestros-vinos\/vino-y-tradicion\/#primaryimage","url":"https:\/\/afianeswines.gr\/wp-content\/uploads\/2019\/07\/oinos-paradosi-header-1.jpg","contentUrl":"https:\/\/afianeswines.gr\/wp-content\/uploads\/2019\/07\/oinos-paradosi-header-1.jpg","width":2000,"height":463},{"@type":"BreadcrumbList","@id":"https:\/\/afianeswines.gr\/es\/nuestros-vinos\/vino-y-tradicion\/#breadcrumb","itemListElement":[{"@type":"ListItem","position":1,"name":"Home","item":"https:\/\/afianeswines.gr\/es\/"},{"@type":"ListItem","position":2,"name":"Nuestros vinos","item":"https:\/\/afianeswines.gr\/es\/%cf%84%ce%b1-%ce%ba%cf%81%ce%b1%cf%83%ce%b9%ce%ac-%ce%bc%ce%b1%cf%82\/"},{"@type":"ListItem","position":3,"name":"Vino y tradici\u00f3n"}]},{"@type":"WebSite","@id":"https:\/\/afianeswines.gr\/es\/#website","url":"https:\/\/afianeswines.gr\/es\/","name":"Afianes Wines","description":"\u039f\u03b9\u03bd\u03bf\u03c0\u03bf\u03b9\u03b5\u03af\u03bf \u0399\u03ba\u03b1\u03c1\u03af\u03b1 - \u0395\u03ba\u03bb\u03b5\u03ba\u03c4\u03ac \u03ba\u03c1\u03b1\u03c3\u03b9\u03ac","potentialAction":[{"@type":"SearchAction","target":{"@type":"EntryPoint","urlTemplate":"https:\/\/afianeswines.gr\/es\/?s={search_term_string}"},"query-input":{"@type":"PropertyValueSpecification","valueRequired":true,"valueName":"search_term_string"}}],"inLanguage":"es"}]}},"_links":{"self":[{"href":"https:\/\/afianeswines.gr\/es\/wp-json\/wp\/v2\/pages\/34887","targetHints":{"allow":["GET"]}}],"collection":[{"href":"https:\/\/afianeswines.gr\/es\/wp-json\/wp\/v2\/pages"}],"about":[{"href":"https:\/\/afianeswines.gr\/es\/wp-json\/wp\/v2\/types\/page"}],"author":[{"embeddable":true,"href":"https:\/\/afianeswines.gr\/es\/wp-json\/wp\/v2\/users\/1"}],"replies":[{"embeddable":true,"href":"https:\/\/afianeswines.gr\/es\/wp-json\/wp\/v2\/comments?post=34887"}],"version-history":[{"count":8,"href":"https:\/\/afianeswines.gr\/es\/wp-json\/wp\/v2\/pages\/34887\/revisions"}],"predecessor-version":[{"id":35130,"href":"https:\/\/afianeswines.gr\/es\/wp-json\/wp\/v2\/pages\/34887\/revisions\/35130"}],"up":[{"embeddable":true,"href":"https:\/\/afianeswines.gr\/es\/wp-json\/wp\/v2\/pages\/34856"}],"wp:featuredmedia":[{"embeddable":true,"href":"https:\/\/afianeswines.gr\/es\/wp-json\/wp\/v2\/media\/34889"}],"wp:attachment":[{"href":"https:\/\/afianeswines.gr\/es\/wp-json\/wp\/v2\/media?parent=34887"}],"curies":[{"name":"wp","href":"https:\/\/api.w.org\/{rel}","templated":true}]}}