{"id":34796,"date":"2019-06-30T01:56:28","date_gmt":"2019-06-29T22:56:28","guid":{"rendered":"https:\/\/afianeswines.gr\/%ce%ba%cf%84%ce%ae%ce%bc%ce%b1-%ce%b1%cf%86%ce%b9%ce%b1%ce%bd%ce%ad%cf%82\/%ce%bb%ce%b1%ce%bf%ce%b3%cf%81%ce%b1%cf%86%ce%b9%ce%ba%cf%8c%cf%82-%cf%87%cf%8e%cf%81%ce%bf%cf%82\/"},"modified":"2021-05-05T12:18:10","modified_gmt":"2021-05-05T09:18:10","slug":"galeria-folclorica","status":"publish","type":"page","link":"https:\/\/afianeswines.gr\/es\/bodega-afianes\/galeria-folclorica\/","title":{"rendered":"Galer\u00eda Folcl\u00f3rica"},"content":{"rendered":"<p>[vc_row][vc_column][vc_row_inner][vc_column_inner][vc_column_text css=\u00bb.vc_custom_1619705279977{padding-top: 10% !important;padding-right: 10% !important;padding-bottom: 10% !important;padding-left: 10% !important;}\u00bb]<\/p>\n<h4>Algunos elementos destacados de nuestra galer\u00eda son:<\/h4>\n<ul>\n<li>\u00abKerastari\u00bb, una jarra de terracota con tres boquillas, que data del siglo XVII.<\/li>\n<li>\u00abForesia\u00bb, un vestido de novia del siglo XIX, ejemplo t\u00edpico de la sencillez de la \u00e9poca.<\/li>\n<li>El \u00abMelokoumpi\u00bb, recipiente de arcilla para almacenar miel, que ten\u00eda una ranura alrededor del borde, donde pon\u00edan agua para proteger la miel de las hormigas.<\/li>\n<li>\u00abPitharia\u00bb o \u00abVytines\u00bb, vasijas de barro hechas a mano, que se enterraban en posici\u00f3n y se cubr\u00edan con piedras planas colocadas en su parte superior. Estos recipientes se han utilizado desde la antig\u00fcedad para la fermentaci\u00f3n y maduraci\u00f3n del vino. Este m\u00e9todo local de vinificaci\u00f3n en combinaci\u00f3n con las variedades Fokiano y Begleri y el suelo particularmente favorable, dio a Icaria el nombre de origen del vino m\u00e1s antiguo del mundo: el famoso vino Pramnio.<\/li>\n<li>\u00abSifouni\u00bb y \u00abAvli\u00bb (calabaza vaciada, limpia y seca con una ca\u00f1a hueca ajustada a ella), eran herramientas con las que extra\u00edan el vino de las tinajas y hoy componen art\u00edsticamente el logo de nuestra Bodega.<\/li>\n<\/ul>\n<h4>Objetos y herramientas \u00fatiles de la vida diaria, que fueron utilizados:<\/h4>\n<ul>\n<li>en el hogar: principalmente utensilios hechos a mano con arcilla de Icaria, como el \u00abTsoukali\u00bb (utensilio de cocci\u00f3n). La \u00abPyromachia\u00bb (piedras colocadas en la chimenea para sostener la olla o la parrilla). \u00abKioupi\u00bb (donde guardaban higos secos y pasas), \u00abLadokoumpi\u00bb (recipiente para el aceite de oliva). \u00abKavourdistiri\u00bb (molinillo y tostador), \u00abPinakoti\u00bb(juego de moldes de madera utilizados en la panificaci\u00f3n). \u00abMalachtare\u00bb (tabla para amasar el pan), \u00abPsomoftiaro\u00bb (pala de madera tallada para deslizar el pan dentro o fuera del horno). \u00abKampas\u00bb (manta grande y pesada hecha de piel de cabra para protegerse del fr\u00edo), \u00abCheromilos\u00bb y \u00abSichla\u00bb (un recipiente para transportar alimentos cocidos).<\/li>\n<li>la apicultura: herramientas y recipientes hechos a mano de arcilla o paja, como el \u201cKapnistiri\u201d (ahumador para ahuyentar las abejas). \u201cChastri\u201d (colmena de barro) y \u201cSmar\u00f3logos\u201d (cesto con forma especial) utilizado para capturar enjambres migratorios en el bosque).<\/li>\n<li>la agricultura: herramientas de hierro como \u00abAletri\u00bb, \u00abDikeli\u00bb y \u00abAxina\u00bb utilizadas en el arado de la tierra.<\/li>\n<li>la carpinter\u00eda: herramientas fabricadas por herreros locales, como el \u201cTripani\u201d (taladro manual), \u201cSkarpelo\u201d (gubia), \u201cAlfadi\u201d (nivel) y \u201cKourliasti\u201d (sierra de mano grande para cortar \u00e1rboles).<\/li>\n<\/ul>\n<p>Lo esperamos en nuestra galer\u00eda folcl\u00f3rica que creamos con mucho amor en nuestra Bodega, para guiarle por la historia, la tradici\u00f3n vitivin\u00edcola y el d\u00eda a d\u00eda de Icaria en \u00e9pocas antiguas.[\/vc_column_text][\/vc_column_inner][\/vc_row_inner][vc_row_inner][vc_column_inner]\n\t<div class=\"\">\n\t<div class=\"gg_images_slider\">\n\t<div  data-slick='{  \"slidesToShow\": 3,  \"arrows\": true,  \"dots\": true,  \"autoplay\": true,  \"infinite\": true,  \"slidesToScroll\": 1,  \"responsive\": [{\"breakpoint\": 1024, \"settings\": {\"slidesToShow\": 3, \"slidesToScroll\": 1}}, {\"breakpoint\": 600, \"settings\": {\"slidesToShow\": 2, \"slidesToScroll\": 1}}, {\"breakpoint\": 480, \"settings\": {\"slidesToShow\": 1, \"slidesToScroll\": 1}}]  }'  class=\"el-grid no_magnific products row gg-slick-carousel \" data-layout-mode=\"fitRows\" data-pagination=\"\"><div class=\"3\"><img loading=\"lazy\" decoding=\"async\" width=\"1024\" height=\"740\" src=\"https:\/\/afianeswines.gr\/wp-content\/uploads\/2019\/07\/laografko-photo-1-1024x740.jpg\" class=\"attachment-large\" alt=\"\" srcset=\"https:\/\/afianeswines.gr\/wp-content\/uploads\/2019\/07\/laografko-photo-1-1024x740.jpg 1024w, https:\/\/afianeswines.gr\/wp-content\/uploads\/2019\/07\/laografko-photo-1-300x217.jpg 300w, https:\/\/afianeswines.gr\/wp-content\/uploads\/2019\/07\/laografko-photo-1-768x555.jpg 768w, https:\/\/afianeswines.gr\/wp-content\/uploads\/2019\/07\/laografko-photo-1.jpg 2000w\" sizes=\"auto, (max-width: 1024px) 100vw, 1024px\" \/><\/div><div class=\"3\"><img loading=\"lazy\" decoding=\"async\" width=\"692\" height=\"500\" src=\"https:\/\/afianeswines.gr\/wp-content\/uploads\/2019\/06\/laografikos3.jpg\" class=\"attachment-large\" alt=\"\" srcset=\"https:\/\/afianeswines.gr\/wp-content\/uploads\/2019\/06\/laografikos3.jpg 692w, https:\/\/afianeswines.gr\/wp-content\/uploads\/2019\/06\/laografikos3-300x217.jpg 300w\" sizes=\"auto, (max-width: 692px) 100vw, 692px\" \/><\/div><div class=\"3\"><img loading=\"lazy\" decoding=\"async\" width=\"692\" height=\"500\" src=\"https:\/\/afianeswines.gr\/wp-content\/uploads\/2019\/06\/laografikos2.jpg\" class=\"attachment-large\" alt=\"\" srcset=\"https:\/\/afianeswines.gr\/wp-content\/uploads\/2019\/06\/laografikos2.jpg 692w, https:\/\/afianeswines.gr\/wp-content\/uploads\/2019\/06\/laografikos2-300x217.jpg 300w\" sizes=\"auto, (max-width: 692px) 100vw, 692px\" \/><\/div>\n\t<\/div>\n\t<\/div>\n\t<\/div>[\/vc_column_inner][\/vc_row_inner][\/vc_column][\/vc_row]<\/p>\n","protected":false},"excerpt":{"rendered":"<p>[vc_row][vc_column][vc_row_inner][vc_column_inner][vc_column_text css=\u00bb.vc_custom_1619705279977{padding-top: 10% !important;padding-right: 10% !important;padding-bottom: 10% !important;padding-left: 10% !important;}\u00bb] Algunos elementos destacados de nuestra galer\u00eda son: \u00abKerastari\u00bb, una jarra de terracota con tres boquillas, que data del siglo XVII. \u00abForesia\u00bb, un vestido de novia del siglo XIX, ejemplo t\u00edpico de la sencillez de la \u00e9poca. El \u00abMelokoumpi\u00bb, recipiente de arcilla para almacenar miel, que<br class=\"read-more-spacer\"> <a class=\"more-link\" href=\"https:\/\/afianeswines.gr\/es\/bodega-afianes\/galeria-folclorica\/\">Read More<\/a><\/p>\n","protected":false},"author":1,"featured_media":34798,"parent":34573,"menu_order":0,"comment_status":"closed","ping_status":"closed","template":"","meta":{"footnotes":""},"class_list":["post-34796","page","type-page","status-publish","has-post-thumbnail","hentry"],"yoast_head":"<!-- This site is optimized with the Yoast SEO plugin v27.2 - https:\/\/yoast.com\/product\/yoast-seo-wordpress\/ -->\n<title>Galer\u00eda Folcl\u00f3rica - Afianes Wines<\/title>\n<meta name=\"robots\" content=\"index, follow, max-snippet:-1, max-image-preview:large, max-video-preview:-1\" \/>\n<link rel=\"canonical\" href=\"https:\/\/afianeswines.gr\/es\/bodega-afianes\/galeria-folclorica\/\" \/>\n<meta property=\"og:locale\" content=\"es_ES\" \/>\n<meta property=\"og:type\" content=\"article\" \/>\n<meta property=\"og:title\" content=\"Galer\u00eda Folcl\u00f3rica - Afianes Wines\" \/>\n<meta property=\"og:description\" content=\"[vc_row][vc_column][vc_row_inner][vc_column_inner][vc_column_text css=\u00bb.vc_custom_1619705279977{padding-top: 10% !important;padding-right: 10% !important;padding-bottom: 10% !important;padding-left: 10% !important;}\u00bb] Algunos elementos destacados de nuestra galer\u00eda son: \u00abKerastari\u00bb, una jarra de terracota con tres boquillas, que data del siglo XVII. \u00abForesia\u00bb, un vestido de novia del siglo XIX, ejemplo t\u00edpico de la sencillez de la \u00e9poca. El \u00abMelokoumpi\u00bb, recipiente de arcilla para almacenar miel, que Read More\" \/>\n<meta property=\"og:url\" content=\"https:\/\/afianeswines.gr\/es\/bodega-afianes\/galeria-folclorica\/\" \/>\n<meta property=\"og:site_name\" content=\"Afianes Wines\" \/>\n<meta property=\"article:modified_time\" content=\"2021-05-05T09:18:10+00:00\" \/>\n<meta property=\"og:image\" content=\"https:\/\/afianeswines.gr\/wp-content\/uploads\/2019\/07\/laografikos-header.jpg\" \/>\n\t<meta property=\"og:image:width\" content=\"2000\" \/>\n\t<meta property=\"og:image:height\" content=\"611\" \/>\n\t<meta property=\"og:image:type\" content=\"image\/jpeg\" \/>\n<meta name=\"twitter:card\" content=\"summary_large_image\" \/>\n<meta name=\"twitter:label1\" content=\"Tiempo de lectura\" \/>\n\t<meta name=\"twitter:data1\" content=\"2 minutos\" \/>\n<script type=\"application\/ld+json\" class=\"yoast-schema-graph\">{\"@context\":\"https:\/\/schema.org\",\"@graph\":[{\"@type\":\"WebPage\",\"@id\":\"https:\/\/afianeswines.gr\/es\/bodega-afianes\/galeria-folclorica\/\",\"url\":\"https:\/\/afianeswines.gr\/es\/bodega-afianes\/galeria-folclorica\/\",\"name\":\"Galer\u00eda Folcl\u00f3rica - Afianes Wines\",\"isPartOf\":{\"@id\":\"https:\/\/afianeswines.gr\/es\/#website\"},\"primaryImageOfPage\":{\"@id\":\"https:\/\/afianeswines.gr\/es\/bodega-afianes\/galeria-folclorica\/#primaryimage\"},\"image\":{\"@id\":\"https:\/\/afianeswines.gr\/es\/bodega-afianes\/galeria-folclorica\/#primaryimage\"},\"thumbnailUrl\":\"https:\/\/afianeswines.gr\/wp-content\/uploads\/2019\/07\/laografikos-header.jpg\",\"datePublished\":\"2019-06-29T22:56:28+00:00\",\"dateModified\":\"2021-05-05T09:18:10+00:00\",\"breadcrumb\":{\"@id\":\"https:\/\/afianeswines.gr\/es\/bodega-afianes\/galeria-folclorica\/#breadcrumb\"},\"inLanguage\":\"es\",\"potentialAction\":[{\"@type\":\"ReadAction\",\"target\":[\"https:\/\/afianeswines.gr\/es\/bodega-afianes\/galeria-folclorica\/\"]}]},{\"@type\":\"ImageObject\",\"inLanguage\":\"es\",\"@id\":\"https:\/\/afianeswines.gr\/es\/bodega-afianes\/galeria-folclorica\/#primaryimage\",\"url\":\"https:\/\/afianeswines.gr\/wp-content\/uploads\/2019\/07\/laografikos-header.jpg\",\"contentUrl\":\"https:\/\/afianeswines.gr\/wp-content\/uploads\/2019\/07\/laografikos-header.jpg\",\"width\":2000,\"height\":611},{\"@type\":\"BreadcrumbList\",\"@id\":\"https:\/\/afianeswines.gr\/es\/bodega-afianes\/galeria-folclorica\/#breadcrumb\",\"itemListElement\":[{\"@type\":\"ListItem\",\"position\":1,\"name\":\"Home\",\"item\":\"https:\/\/afianeswines.gr\/es\/\"},{\"@type\":\"ListItem\",\"position\":2,\"name\":\"Bodega Afianes\",\"item\":\"https:\/\/afianeswines.gr\/es\/domaine-afianes\/\"},{\"@type\":\"ListItem\",\"position\":3,\"name\":\"Galer\u00eda Folcl\u00f3rica\"}]},{\"@type\":\"WebSite\",\"@id\":\"https:\/\/afianeswines.gr\/es\/#website\",\"url\":\"https:\/\/afianeswines.gr\/es\/\",\"name\":\"Afianes Wines\",\"description\":\"\u039f\u03b9\u03bd\u03bf\u03c0\u03bf\u03b9\u03b5\u03af\u03bf \u0399\u03ba\u03b1\u03c1\u03af\u03b1 - \u0395\u03ba\u03bb\u03b5\u03ba\u03c4\u03ac \u03ba\u03c1\u03b1\u03c3\u03b9\u03ac\",\"potentialAction\":[{\"@type\":\"SearchAction\",\"target\":{\"@type\":\"EntryPoint\",\"urlTemplate\":\"https:\/\/afianeswines.gr\/es\/?s={search_term_string}\"},\"query-input\":{\"@type\":\"PropertyValueSpecification\",\"valueRequired\":true,\"valueName\":\"search_term_string\"}}],\"inLanguage\":\"es\"}]}<\/script>\n<!-- \/ Yoast SEO plugin. -->","yoast_head_json":{"title":"Galer\u00eda Folcl\u00f3rica - Afianes Wines","robots":{"index":"index","follow":"follow","max-snippet":"max-snippet:-1","max-image-preview":"max-image-preview:large","max-video-preview":"max-video-preview:-1"},"canonical":"https:\/\/afianeswines.gr\/es\/bodega-afianes\/galeria-folclorica\/","og_locale":"es_ES","og_type":"article","og_title":"Galer\u00eda Folcl\u00f3rica - Afianes Wines","og_description":"[vc_row][vc_column][vc_row_inner][vc_column_inner][vc_column_text css=\u00bb.vc_custom_1619705279977{padding-top: 10% !important;padding-right: 10% !important;padding-bottom: 10% !important;padding-left: 10% !important;}\u00bb] Algunos elementos destacados de nuestra galer\u00eda son: \u00abKerastari\u00bb, una jarra de terracota con tres boquillas, que data del siglo XVII. \u00abForesia\u00bb, un vestido de novia del siglo XIX, ejemplo t\u00edpico de la sencillez de la \u00e9poca. El \u00abMelokoumpi\u00bb, recipiente de arcilla para almacenar miel, que Read More","og_url":"https:\/\/afianeswines.gr\/es\/bodega-afianes\/galeria-folclorica\/","og_site_name":"Afianes Wines","article_modified_time":"2021-05-05T09:18:10+00:00","og_image":[{"width":2000,"height":611,"url":"https:\/\/afianeswines.gr\/wp-content\/uploads\/2019\/07\/laografikos-header.jpg","type":"image\/jpeg"}],"twitter_card":"summary_large_image","twitter_misc":{"Tiempo de lectura":"2 minutos"},"schema":{"@context":"https:\/\/schema.org","@graph":[{"@type":"WebPage","@id":"https:\/\/afianeswines.gr\/es\/bodega-afianes\/galeria-folclorica\/","url":"https:\/\/afianeswines.gr\/es\/bodega-afianes\/galeria-folclorica\/","name":"Galer\u00eda Folcl\u00f3rica - Afianes Wines","isPartOf":{"@id":"https:\/\/afianeswines.gr\/es\/#website"},"primaryImageOfPage":{"@id":"https:\/\/afianeswines.gr\/es\/bodega-afianes\/galeria-folclorica\/#primaryimage"},"image":{"@id":"https:\/\/afianeswines.gr\/es\/bodega-afianes\/galeria-folclorica\/#primaryimage"},"thumbnailUrl":"https:\/\/afianeswines.gr\/wp-content\/uploads\/2019\/07\/laografikos-header.jpg","datePublished":"2019-06-29T22:56:28+00:00","dateModified":"2021-05-05T09:18:10+00:00","breadcrumb":{"@id":"https:\/\/afianeswines.gr\/es\/bodega-afianes\/galeria-folclorica\/#breadcrumb"},"inLanguage":"es","potentialAction":[{"@type":"ReadAction","target":["https:\/\/afianeswines.gr\/es\/bodega-afianes\/galeria-folclorica\/"]}]},{"@type":"ImageObject","inLanguage":"es","@id":"https:\/\/afianeswines.gr\/es\/bodega-afianes\/galeria-folclorica\/#primaryimage","url":"https:\/\/afianeswines.gr\/wp-content\/uploads\/2019\/07\/laografikos-header.jpg","contentUrl":"https:\/\/afianeswines.gr\/wp-content\/uploads\/2019\/07\/laografikos-header.jpg","width":2000,"height":611},{"@type":"BreadcrumbList","@id":"https:\/\/afianeswines.gr\/es\/bodega-afianes\/galeria-folclorica\/#breadcrumb","itemListElement":[{"@type":"ListItem","position":1,"name":"Home","item":"https:\/\/afianeswines.gr\/es\/"},{"@type":"ListItem","position":2,"name":"Bodega Afianes","item":"https:\/\/afianeswines.gr\/es\/domaine-afianes\/"},{"@type":"ListItem","position":3,"name":"Galer\u00eda Folcl\u00f3rica"}]},{"@type":"WebSite","@id":"https:\/\/afianeswines.gr\/es\/#website","url":"https:\/\/afianeswines.gr\/es\/","name":"Afianes Wines","description":"\u039f\u03b9\u03bd\u03bf\u03c0\u03bf\u03b9\u03b5\u03af\u03bf \u0399\u03ba\u03b1\u03c1\u03af\u03b1 - \u0395\u03ba\u03bb\u03b5\u03ba\u03c4\u03ac \u03ba\u03c1\u03b1\u03c3\u03b9\u03ac","potentialAction":[{"@type":"SearchAction","target":{"@type":"EntryPoint","urlTemplate":"https:\/\/afianeswines.gr\/es\/?s={search_term_string}"},"query-input":{"@type":"PropertyValueSpecification","valueRequired":true,"valueName":"search_term_string"}}],"inLanguage":"es"}]}},"_links":{"self":[{"href":"https:\/\/afianeswines.gr\/es\/wp-json\/wp\/v2\/pages\/34796","targetHints":{"allow":["GET"]}}],"collection":[{"href":"https:\/\/afianeswines.gr\/es\/wp-json\/wp\/v2\/pages"}],"about":[{"href":"https:\/\/afianeswines.gr\/es\/wp-json\/wp\/v2\/types\/page"}],"author":[{"embeddable":true,"href":"https:\/\/afianeswines.gr\/es\/wp-json\/wp\/v2\/users\/1"}],"replies":[{"embeddable":true,"href":"https:\/\/afianeswines.gr\/es\/wp-json\/wp\/v2\/comments?post=34796"}],"version-history":[{"count":6,"href":"https:\/\/afianeswines.gr\/es\/wp-json\/wp\/v2\/pages\/34796\/revisions"}],"predecessor-version":[{"id":35091,"href":"https:\/\/afianeswines.gr\/es\/wp-json\/wp\/v2\/pages\/34796\/revisions\/35091"}],"up":[{"embeddable":true,"href":"https:\/\/afianeswines.gr\/es\/wp-json\/wp\/v2\/pages\/34573"}],"wp:featuredmedia":[{"embeddable":true,"href":"https:\/\/afianeswines.gr\/es\/wp-json\/wp\/v2\/media\/34798"}],"wp:attachment":[{"href":"https:\/\/afianeswines.gr\/es\/wp-json\/wp\/v2\/media?parent=34796"}],"curies":[{"name":"wp","href":"https:\/\/api.w.org\/{rel}","templated":true}]}}