{"id":34788,"date":"2019-06-30T01:47:28","date_gmt":"2019-06-29T22:47:28","guid":{"rendered":"https:\/\/afianeswines.gr\/%ce%ba%cf%84%ce%ae%ce%bc%ce%b1-%ce%b1%cf%86%ce%b9%ce%b1%ce%bd%ce%ad%cf%82\/%ce%ba%ce%b1%ce%b9%ce%bd%ce%bf%cf%84%ce%bf%ce%bc%ce%af%ce%b1\/"},"modified":"2021-05-05T12:30:27","modified_gmt":"2021-05-05T09:30:27","slug":"innovacion","status":"publish","type":"page","link":"https:\/\/afianeswines.gr\/es\/bodega-afianes\/innovacion\/","title":{"rendered":"Innovaci\u00f3n"},"content":{"rendered":"<p>[vc_row][vc_column]\n\t<div class=\"title-subtitle-box   \" style=\" text-align: left;\">\n\t\t<h2 style=\" text-transform: uppercase; font-weight: 300; letter-spacing: 0px;\" >Vinos naturales, biotecnolog\u00eda, agricultura biodin\u00e1mica, agricultura ecol\u00f3gica.<\/h2>\n\t<\/div> [vc_row_inner][vc_column_inner width=\u00bb1\/2&#8243;][vc_column_text css=\u00bb.vc_custom_1619706307214{padding-top: 10% !important;padding-right: 10% !important;padding-bottom: 10% !important;padding-left: 10% !important;}\u00bb]<\/p>\n<p align=\"JUSTIFY\">Nuestra bodega colabora con el equipo de investigaci\u00f3n del\u00a0<a href=\"http:\/\/www.teiath.gr\/stetrod\/oenology\/\">Departamento de Tecnolog\u00eda de Enolog\u00eda y Bebidas de la Escuela T\u00e9cnica de Atenas<\/a>. En el marco de esta colaboraci\u00f3n, aplicamos ideas innovadoras en los procesos de vinificaci\u00f3n, con el objetivo de encontrar formas de transferir al vino la mayor cantidad posible de elementos naturales de la uva.<\/p>\n<p align=\"JUSTIFY\">Los principales m\u00e9todos que utilizamos est\u00e1n relacionados con la biotecnolog\u00eda y tienen como finalidad el fortalecimiento y preaclimataci\u00f3n de las levaduras (silvestres y refinadas). El objetivo de nuestro enfoque es orientar las levaduras a producir de forma natural vinos autoprotegidos y con la menor cantidad de aditivos posible.<\/p>\n<p>[\/vc_column_text][\/vc_column_inner][vc_column_inner width=\u00bb1\/2&#8243;][vc_column_text css=\u00bb.vc_custom_1619706733333{padding-top: 10% !important;padding-right: 10% !important;padding-bottom: 10% !important;padding-left: 10% !important;}\u00bb]Las pr\u00e1cticas que se han aplicado han sido presentadas en numerosos congresos en el extranjero. Estas se basan en la labor cient\u00edfica y de investigaci\u00f3n del profesor de enolog\u00eda Elias Neratzis, quien ocupa un rol destacado en este esfuerzo. Puede encontrar m\u00e1s informaci\u00f3n sobre el trabajo cient\u00edfico y las patentes de nuestro colaborador Elias Neratzis <a href=\"https:\/\/afianeswines.gr\/kenotomies.pdf\">aqu\u00ed<\/a><\/p>\n<p>En los \u00faltimos dos a\u00f1os hemos desarrollado la vinificaci\u00f3n al aire libre en nuestra bodega, elaborando vinos con la m\u00ednima interferencia mec\u00e1nica (conocidos internacionalmente como Vinos Naturales) con el fin de resaltar la riqueza de la tradici\u00f3n vitivin\u00edcola de Icaria. Este innovador resurgimiento de los m\u00e9todos antiguos se debi\u00f3 principalmente a la contribuci\u00f3n de nuestro hijo, Konstantinos Afianes, en\u00f3logo con estudios en Burdeos, Francia. As\u00ed como a la colaboraci\u00f3n de Lazaros Gatselos, En\u00f3logo del Departamento de Tecnolog\u00eda de Enolog\u00eda y Bebidas de la Escuela T\u00e9cnica de Atenas. Paralelamente, seguimos los principios de la agricultura ecol\u00f3gica, con un organismo de certificaci\u00f3n DIO, tanto para los vi\u00f1edos como para nuestra bodega, al tiempo que hemos comenzado a introducir en el cultivo los principios de la biodin\u00e1mica.[\/vc_column_text][\/vc_column_inner][\/vc_row_inner][vc_row_inner][vc_column_inner]\n\t<div class=\"\">\n\t<div class=\"gg_images_slider\">\n\t<div  data-slick='{  \"slidesToShow\": 3,  \"arrows\": true,  \"dots\": true,  \"autoplay\": true,  \"infinite\": true,  \"slidesToScroll\": 1,  \"responsive\": [{\"breakpoint\": 1024, \"settings\": {\"slidesToShow\": 3, \"slidesToScroll\": 1}}, {\"breakpoint\": 600, \"settings\": {\"slidesToShow\": 2, \"slidesToScroll\": 1}}, {\"breakpoint\": 480, \"settings\": {\"slidesToShow\": 1, \"slidesToScroll\": 1}}]  }'  class=\"el-grid no_magnific products row gg-slick-carousel \" data-layout-mode=\"fitRows\" data-pagination=\"\"><div class=\"3\"><img loading=\"lazy\" decoding=\"async\" width=\"456\" height=\"608\" src=\"https:\/\/afianeswines.gr\/wp-content\/uploads\/2020\/05\/FB_IMG_1565973147587.jpg\" class=\"attachment-full\" alt=\"\" srcset=\"https:\/\/afianeswines.gr\/wp-content\/uploads\/2020\/05\/FB_IMG_1565973147587.jpg 456w, https:\/\/afianeswines.gr\/wp-content\/uploads\/2020\/05\/FB_IMG_1565973147587-225x300.jpg 225w\" sizes=\"auto, (max-width: 456px) 100vw, 456px\" \/><\/div><div class=\"3\"><img loading=\"lazy\" decoding=\"async\" width=\"342\" height=\"608\" src=\"https:\/\/afianeswines.gr\/wp-content\/uploads\/2020\/05\/IMG_6481.jpg\" class=\"attachment-full\" alt=\"\" srcset=\"https:\/\/afianeswines.gr\/wp-content\/uploads\/2020\/05\/IMG_6481.jpg 342w, https:\/\/afianeswines.gr\/wp-content\/uploads\/2020\/05\/IMG_6481-169x300.jpg 169w\" sizes=\"auto, (max-width: 342px) 100vw, 342px\" \/><\/div><div class=\"3\"><img loading=\"lazy\" decoding=\"async\" width=\"456\" height=\"608\" src=\"https:\/\/afianeswines.gr\/wp-content\/uploads\/2020\/05\/IMG_6568.jpg\" class=\"attachment-full\" alt=\"\" srcset=\"https:\/\/afianeswines.gr\/wp-content\/uploads\/2020\/05\/IMG_6568.jpg 456w, https:\/\/afianeswines.gr\/wp-content\/uploads\/2020\/05\/IMG_6568-225x300.jpg 225w\" sizes=\"auto, (max-width: 456px) 100vw, 456px\" \/><\/div>\n\t<\/div>\n\t<\/div>\n\t<\/div>[\/vc_column_inner][\/vc_row_inner][\/vc_column][\/vc_row]<\/p>\n","protected":false},"excerpt":{"rendered":"<p>[vc_row][vc_column][vc_row_inner][vc_column_inner width=\u00bb1\/2&#8243;][vc_column_text css=\u00bb.vc_custom_1619706307214{padding-top: 10% !important;padding-right: 10% !important;padding-bottom: 10% !important;padding-left: 10% !important;}\u00bb] Nuestra bodega colabora con el equipo de investigaci\u00f3n del\u00a0Departamento de Tecnolog\u00eda de Enolog\u00eda y Bebidas de la Escuela T\u00e9cnica de Atenas. En el marco de esta colaboraci\u00f3n, aplicamos ideas innovadoras en los procesos de vinificaci\u00f3n, con el objetivo de encontrar formas de transferir al<br class=\"read-more-spacer\"> <a class=\"more-link\" href=\"https:\/\/afianeswines.gr\/es\/bodega-afianes\/innovacion\/\">Read More<\/a><\/p>\n","protected":false},"author":1,"featured_media":34790,"parent":34573,"menu_order":0,"comment_status":"closed","ping_status":"closed","template":"","meta":{"footnotes":""},"class_list":["post-34788","page","type-page","status-publish","has-post-thumbnail","hentry"],"yoast_head":"<!-- This site is optimized with the Yoast SEO plugin v27.2 - https:\/\/yoast.com\/product\/yoast-seo-wordpress\/ -->\n<title>Innovaci\u00f3n - Afianes Wines<\/title>\n<meta name=\"robots\" content=\"index, follow, max-snippet:-1, max-image-preview:large, max-video-preview:-1\" \/>\n<link rel=\"canonical\" href=\"https:\/\/afianeswines.gr\/es\/bodega-afianes\/innovacion\/\" \/>\n<meta property=\"og:locale\" content=\"es_ES\" \/>\n<meta property=\"og:type\" content=\"article\" \/>\n<meta property=\"og:title\" content=\"Innovaci\u00f3n - Afianes Wines\" \/>\n<meta property=\"og:description\" content=\"[vc_row][vc_column][vc_row_inner][vc_column_inner width=\u00bb1\/2&#8243;][vc_column_text css=\u00bb.vc_custom_1619706307214{padding-top: 10% !important;padding-right: 10% !important;padding-bottom: 10% !important;padding-left: 10% !important;}\u00bb] Nuestra bodega colabora con el equipo de investigaci\u00f3n del\u00a0Departamento de Tecnolog\u00eda de Enolog\u00eda y Bebidas de la Escuela T\u00e9cnica de Atenas. En el marco de esta colaboraci\u00f3n, aplicamos ideas innovadoras en los procesos de vinificaci\u00f3n, con el objetivo de encontrar formas de transferir al Read More\" \/>\n<meta property=\"og:url\" content=\"https:\/\/afianeswines.gr\/es\/bodega-afianes\/innovacion\/\" \/>\n<meta property=\"og:site_name\" content=\"Afianes Wines\" \/>\n<meta property=\"article:modified_time\" content=\"2021-05-05T09:30:27+00:00\" \/>\n<meta property=\"og:image\" content=\"https:\/\/afianeswines.gr\/wp-content\/uploads\/2019\/07\/kainotomia-header.jpg\" \/>\n\t<meta property=\"og:image:width\" content=\"2000\" \/>\n\t<meta property=\"og:image:height\" content=\"611\" \/>\n\t<meta property=\"og:image:type\" content=\"image\/jpeg\" \/>\n<meta name=\"twitter:card\" content=\"summary_large_image\" \/>\n<meta name=\"twitter:label1\" content=\"Tiempo de lectura\" \/>\n\t<meta name=\"twitter:data1\" content=\"2 minutos\" \/>\n<script type=\"application\/ld+json\" class=\"yoast-schema-graph\">{\"@context\":\"https:\/\/schema.org\",\"@graph\":[{\"@type\":\"WebPage\",\"@id\":\"https:\/\/afianeswines.gr\/es\/bodega-afianes\/innovacion\/\",\"url\":\"https:\/\/afianeswines.gr\/es\/bodega-afianes\/innovacion\/\",\"name\":\"Innovaci\u00f3n - Afianes Wines\",\"isPartOf\":{\"@id\":\"https:\/\/afianeswines.gr\/es\/#website\"},\"primaryImageOfPage\":{\"@id\":\"https:\/\/afianeswines.gr\/es\/bodega-afianes\/innovacion\/#primaryimage\"},\"image\":{\"@id\":\"https:\/\/afianeswines.gr\/es\/bodega-afianes\/innovacion\/#primaryimage\"},\"thumbnailUrl\":\"https:\/\/afianeswines.gr\/wp-content\/uploads\/2019\/07\/kainotomia-header.jpg\",\"datePublished\":\"2019-06-29T22:47:28+00:00\",\"dateModified\":\"2021-05-05T09:30:27+00:00\",\"breadcrumb\":{\"@id\":\"https:\/\/afianeswines.gr\/es\/bodega-afianes\/innovacion\/#breadcrumb\"},\"inLanguage\":\"es\",\"potentialAction\":[{\"@type\":\"ReadAction\",\"target\":[\"https:\/\/afianeswines.gr\/es\/bodega-afianes\/innovacion\/\"]}]},{\"@type\":\"ImageObject\",\"inLanguage\":\"es\",\"@id\":\"https:\/\/afianeswines.gr\/es\/bodega-afianes\/innovacion\/#primaryimage\",\"url\":\"https:\/\/afianeswines.gr\/wp-content\/uploads\/2019\/07\/kainotomia-header.jpg\",\"contentUrl\":\"https:\/\/afianeswines.gr\/wp-content\/uploads\/2019\/07\/kainotomia-header.jpg\",\"width\":2000,\"height\":611},{\"@type\":\"BreadcrumbList\",\"@id\":\"https:\/\/afianeswines.gr\/es\/bodega-afianes\/innovacion\/#breadcrumb\",\"itemListElement\":[{\"@type\":\"ListItem\",\"position\":1,\"name\":\"Home\",\"item\":\"https:\/\/afianeswines.gr\/es\/\"},{\"@type\":\"ListItem\",\"position\":2,\"name\":\"Bodega Afianes\",\"item\":\"https:\/\/afianeswines.gr\/es\/domaine-afianes\/\"},{\"@type\":\"ListItem\",\"position\":3,\"name\":\"Innovaci\u00f3n\"}]},{\"@type\":\"WebSite\",\"@id\":\"https:\/\/afianeswines.gr\/es\/#website\",\"url\":\"https:\/\/afianeswines.gr\/es\/\",\"name\":\"Afianes Wines\",\"description\":\"\u039f\u03b9\u03bd\u03bf\u03c0\u03bf\u03b9\u03b5\u03af\u03bf \u0399\u03ba\u03b1\u03c1\u03af\u03b1 - \u0395\u03ba\u03bb\u03b5\u03ba\u03c4\u03ac \u03ba\u03c1\u03b1\u03c3\u03b9\u03ac\",\"potentialAction\":[{\"@type\":\"SearchAction\",\"target\":{\"@type\":\"EntryPoint\",\"urlTemplate\":\"https:\/\/afianeswines.gr\/es\/?s={search_term_string}\"},\"query-input\":{\"@type\":\"PropertyValueSpecification\",\"valueRequired\":true,\"valueName\":\"search_term_string\"}}],\"inLanguage\":\"es\"}]}<\/script>\n<!-- \/ Yoast SEO plugin. -->","yoast_head_json":{"title":"Innovaci\u00f3n - Afianes Wines","robots":{"index":"index","follow":"follow","max-snippet":"max-snippet:-1","max-image-preview":"max-image-preview:large","max-video-preview":"max-video-preview:-1"},"canonical":"https:\/\/afianeswines.gr\/es\/bodega-afianes\/innovacion\/","og_locale":"es_ES","og_type":"article","og_title":"Innovaci\u00f3n - Afianes Wines","og_description":"[vc_row][vc_column][vc_row_inner][vc_column_inner width=\u00bb1\/2&#8243;][vc_column_text css=\u00bb.vc_custom_1619706307214{padding-top: 10% !important;padding-right: 10% !important;padding-bottom: 10% !important;padding-left: 10% !important;}\u00bb] Nuestra bodega colabora con el equipo de investigaci\u00f3n del\u00a0Departamento de Tecnolog\u00eda de Enolog\u00eda y Bebidas de la Escuela T\u00e9cnica de Atenas. En el marco de esta colaboraci\u00f3n, aplicamos ideas innovadoras en los procesos de vinificaci\u00f3n, con el objetivo de encontrar formas de transferir al Read More","og_url":"https:\/\/afianeswines.gr\/es\/bodega-afianes\/innovacion\/","og_site_name":"Afianes Wines","article_modified_time":"2021-05-05T09:30:27+00:00","og_image":[{"width":2000,"height":611,"url":"https:\/\/afianeswines.gr\/wp-content\/uploads\/2019\/07\/kainotomia-header.jpg","type":"image\/jpeg"}],"twitter_card":"summary_large_image","twitter_misc":{"Tiempo de lectura":"2 minutos"},"schema":{"@context":"https:\/\/schema.org","@graph":[{"@type":"WebPage","@id":"https:\/\/afianeswines.gr\/es\/bodega-afianes\/innovacion\/","url":"https:\/\/afianeswines.gr\/es\/bodega-afianes\/innovacion\/","name":"Innovaci\u00f3n - Afianes Wines","isPartOf":{"@id":"https:\/\/afianeswines.gr\/es\/#website"},"primaryImageOfPage":{"@id":"https:\/\/afianeswines.gr\/es\/bodega-afianes\/innovacion\/#primaryimage"},"image":{"@id":"https:\/\/afianeswines.gr\/es\/bodega-afianes\/innovacion\/#primaryimage"},"thumbnailUrl":"https:\/\/afianeswines.gr\/wp-content\/uploads\/2019\/07\/kainotomia-header.jpg","datePublished":"2019-06-29T22:47:28+00:00","dateModified":"2021-05-05T09:30:27+00:00","breadcrumb":{"@id":"https:\/\/afianeswines.gr\/es\/bodega-afianes\/innovacion\/#breadcrumb"},"inLanguage":"es","potentialAction":[{"@type":"ReadAction","target":["https:\/\/afianeswines.gr\/es\/bodega-afianes\/innovacion\/"]}]},{"@type":"ImageObject","inLanguage":"es","@id":"https:\/\/afianeswines.gr\/es\/bodega-afianes\/innovacion\/#primaryimage","url":"https:\/\/afianeswines.gr\/wp-content\/uploads\/2019\/07\/kainotomia-header.jpg","contentUrl":"https:\/\/afianeswines.gr\/wp-content\/uploads\/2019\/07\/kainotomia-header.jpg","width":2000,"height":611},{"@type":"BreadcrumbList","@id":"https:\/\/afianeswines.gr\/es\/bodega-afianes\/innovacion\/#breadcrumb","itemListElement":[{"@type":"ListItem","position":1,"name":"Home","item":"https:\/\/afianeswines.gr\/es\/"},{"@type":"ListItem","position":2,"name":"Bodega Afianes","item":"https:\/\/afianeswines.gr\/es\/domaine-afianes\/"},{"@type":"ListItem","position":3,"name":"Innovaci\u00f3n"}]},{"@type":"WebSite","@id":"https:\/\/afianeswines.gr\/es\/#website","url":"https:\/\/afianeswines.gr\/es\/","name":"Afianes Wines","description":"\u039f\u03b9\u03bd\u03bf\u03c0\u03bf\u03b9\u03b5\u03af\u03bf \u0399\u03ba\u03b1\u03c1\u03af\u03b1 - \u0395\u03ba\u03bb\u03b5\u03ba\u03c4\u03ac \u03ba\u03c1\u03b1\u03c3\u03b9\u03ac","potentialAction":[{"@type":"SearchAction","target":{"@type":"EntryPoint","urlTemplate":"https:\/\/afianeswines.gr\/es\/?s={search_term_string}"},"query-input":{"@type":"PropertyValueSpecification","valueRequired":true,"valueName":"search_term_string"}}],"inLanguage":"es"}]}},"_links":{"self":[{"href":"https:\/\/afianeswines.gr\/es\/wp-json\/wp\/v2\/pages\/34788","targetHints":{"allow":["GET"]}}],"collection":[{"href":"https:\/\/afianeswines.gr\/es\/wp-json\/wp\/v2\/pages"}],"about":[{"href":"https:\/\/afianeswines.gr\/es\/wp-json\/wp\/v2\/types\/page"}],"author":[{"embeddable":true,"href":"https:\/\/afianeswines.gr\/es\/wp-json\/wp\/v2\/users\/1"}],"replies":[{"embeddable":true,"href":"https:\/\/afianeswines.gr\/es\/wp-json\/wp\/v2\/comments?post=34788"}],"version-history":[{"count":5,"href":"https:\/\/afianeswines.gr\/es\/wp-json\/wp\/v2\/pages\/34788\/revisions"}],"predecessor-version":[{"id":35093,"href":"https:\/\/afianeswines.gr\/es\/wp-json\/wp\/v2\/pages\/34788\/revisions\/35093"}],"up":[{"embeddable":true,"href":"https:\/\/afianeswines.gr\/es\/wp-json\/wp\/v2\/pages\/34573"}],"wp:featuredmedia":[{"embeddable":true,"href":"https:\/\/afianeswines.gr\/es\/wp-json\/wp\/v2\/media\/34790"}],"wp:attachment":[{"href":"https:\/\/afianeswines.gr\/es\/wp-json\/wp\/v2\/media?parent=34788"}],"curies":[{"name":"wp","href":"https:\/\/api.w.org\/{rel}","templated":true}]}}