{"id":34739,"date":"2019-07-01T00:21:13","date_gmt":"2019-06-30T21:21:13","guid":{"rendered":"https:\/\/afianeswines.gr\/%ce%ba%cf%84%ce%ae%ce%bc%ce%b1-%ce%b1%cf%86%ce%b9%ce%b1%ce%bd%ce%ad%cf%82\/%ce%b7-%ce%b9%ce%ba%ce%b1%cf%81%ce%af%ce%b1-%ce%bc%ce%b1%cf%82\/"},"modified":"2022-02-23T11:35:50","modified_gmt":"2022-02-23T09:35:50","slug":"nuestra-icaria","status":"publish","type":"page","link":"https:\/\/afianeswines.gr\/es\/bodega-afianes\/nuestra-icaria\/","title":{"rendered":"Nuestra Icaria"},"content":{"rendered":"<p>[vc_row css=\u00bb.vc_custom_1563308773370{margin-bottom: 0px !important;padding-bottom: 0px !important;}\u00bb][vc_column]\n\t<div class=\"title-subtitle-box   \" style=\" text-align: left;\">\n\t\t<h2 style=\" text-transform: uppercase; font-weight: 300; letter-spacing: 0px;\" >Nuestra Icaria<\/h2>\n\t<\/div> [vc_row_inner][vc_column_inner width=\u00bb1\/2&#8243; css=\u00bb.vc_custom_1563308822494{margin-top: 0px !important;margin-bottom: 0px !important;padding-top: 0px !important;padding-bottom: 0px !important;}\u00bb][vc_single_image image=\u00bb34754&#8243; img_size=\u00bbfull\u00bb][vc_column_text css=\u00bb.vc_custom_1619707178196{padding-top: 10% !important;padding-right: 10% !important;padding-bottom: 10% !important;padding-left: 10% !important;}\u00bb]Icaria se encuentra en el noreste del mar Egeo. Es conocida por su naturaleza asombrosa, sus monta\u00f1as, sus costas y playas rocosas, as\u00ed como por sus hermosas rutas de senderismo. En los \u00faltimos a\u00f1os, la isla tambi\u00e9n se hizo famosa por sus numerosas fiestas de pueblo (hay casi 100 durante el a\u00f1o). Por sus sabrosas verduras y frutas y por su excelente vino que, tras una larga ausencia, reapareci\u00f3 din\u00e1micamente en el \u00e1mbito internacional en 2008.<\/p>\n<p>Es una isla \u00fanica en muchos sentidos, con una vasta riqueza natural y uno de los lugares que reivindica el nacimiento del dios Dioniso. En las laderas de las monta\u00f1as hay una gran cantidad de peque\u00f1os pueblos escondidos entre enormes rocas, bosques, barrancos y calas. Una caracter\u00edstica de Icaria es que desde la antig\u00fcedad hasta hoy no se ha construido ning\u00fan edificio grande o imponente. Todo sigue siendo sencillo y simple, as\u00ed como la vida de sus habitantes.[\/vc_column_text][\/vc_column_inner][vc_column_inner width=\u00bb1\/2&#8243; css=\u00bb.vc_custom_1563308829027{margin-top: 0px !important;margin-bottom: 0px !important;padding-top: 0px !important;padding-bottom: 0px !important;}\u00bb][vc_column_text css=\u00bb.vc_custom_1619707450151{padding-top: 0px !important;padding-right: 10% !important;padding-bottom: 10% !important;padding-left: 10% !important;}\u00bb]Durante la \u00faltima d\u00e9cada se ha debatido sobre la longevidad de los habitantes de Icaria, hecho que se atribuye a su buena calidad de vida. Los componentes b\u00e1sicos de la dieta de los lugare\u00f1os que, seg\u00fan los cient\u00edficos, contribuyen a su longevidad, son las hierbas y hortalizas silvestres, las setas, la miel y, por supuesto, el vino local, el \u201cPramnio\u201d, como se llamaba en la antig\u00fcedad.<\/p>\n<p>Icaria es conocida por la particular concepci\u00f3n del tiempo y la filosof\u00eda de sus habitantes. Es un lugar especial, dotado de una cultura que sin duda merece la pena conocer. Los nativos de Icaria son personas hospitalarias, tranquilas y entusiastas. No importa qu\u00e9 hora del d\u00eda sea, por lo general lo invitar\u00e1n a tomar una copa de vino, probar alg\u00fan manjar local y lo involucrar\u00e1n en una charla amistosa. Aunque lo acaban de conocer, descubrir\u00e1 que tienen una forma de hacerlo sentir c\u00f3modo y a gusto.[\/vc_column_text][vc_single_image image=\u00bb34749&#8243; img_size=\u00bbfull\u00bb][\/vc_column_inner][\/vc_row_inner][vc_row_inner css=\u00bb.vc_custom_1563308801058{margin-top: 0px !important;margin-bottom: 0px !important;padding-top: 0px !important;padding-bottom: 0px !important;}\u00bb][vc_column_inner][vc_column_text css=\u00bb.vc_custom_1645608943145{padding-top: 0px !important;padding-right: 10% !important;padding-bottom: 0px !important;padding-left: 10% !important;}\u00bb]Otro atractivo de Icaria son las tradicionales casas de piedra que revela la sencillez y practicidad de los antiguos habitantes. Estos constru\u00edan sus casas bajo los \u00e1rboles o entre grandes rocas para protegerlas de las incursiones piratas. Para conocer m\u00e1s sobre la historia local, puede visitar los peque\u00f1os museos en Agios Polikarpos, Vrakades, Agios Kirikos y la colecci\u00f3n arqueol\u00f3gica de Kampos. Tambi\u00e9n puede ver los restos del templo de la diosa Artemisa en Nas, la antigua torre de Drakanon y los objetos encontrados en las excavaciones recientes, as\u00ed como la peque\u00f1a cala de \u00abIero\u00bb y la cueva donde, seg\u00fan la leyenda, naci\u00f3 Dioniso.<\/p>\n<p>Igualmente puede disfrutar de la belleza del paisaje y observar de cerca la biodiversidad y naturaleza de la isla a trav\u00e9s de recorridos organizados en las antiguas rutas de senderismo. Y, por supuesto, no pierda la oportunidad de divertirse en los famosos festivales de Icaria \u00abPanigiri\u00bb, que se celebran en todos los pueblos, durante los meses de verano.<\/p>\n<p>Icaria es una isla monta\u00f1osa con una superficie de 255 kil\u00f3metros cuadrados y unos 8.000 residentes permanentes. La cordillera que la atraviesa se llama Pramnos (Aetheras), el pico m\u00e1s alto alcanza los 1.050 metros y las costas superan los 150 kil\u00f3metros de longitud. Su lado sur es m\u00e1s empinado, que el lado norte en el que se forman varias mesetas, como Pezi, Ammoudia, Erifi, Arnopezia, etc. Las principales ocupaciones de los habitantes son la ganader\u00eda, la agricultura y el turismo. Por supuesto, muchas veces escuchar\u00e1 a un nativo de Icaria, decir que: \u00abLa felicidad no se encuentra en los bienes materiales\u00bb.[\/vc_column_text][\/vc_column_inner][\/vc_row_inner][\/vc_column][\/vc_row][vc_row css=\u00bb.vc_custom_1563308760258{margin-top: 0px !important;margin-bottom: 0px !important;padding-top: 0px !important;padding-bottom: 0px !important;}\u00bb][vc_column width=\u00bb1\/2&#8243;][vc_single_image image=\u00bb34752&#8243; img_size=\u00bbfull\u00bb alignment=\u00bbcenter\u00bb][\/vc_column][vc_column width=\u00bb1\/2&#8243;][vc_single_image image=\u00bb34750&#8243; img_size=\u00bbfull\u00bb alignment=\u00bbcenter\u00bb][\/vc_column][\/vc_row][vc_row css=\u00bb.vc_custom_1563308780930{margin-top: 0px !important;margin-bottom: 0px !important;padding-top: 0px !important;padding-bottom: 0px !important;}\u00bb][vc_column][vc_column_text css=\u00bb.vc_custom_1619707784492{padding-top: 10% !important;padding-right: 10% !important;padding-bottom: 10% !important;padding-left: 10% !important;}\u00bb]<strong>ENLACES \u00daTILES<\/strong><\/p>\n<p>Para cualquier informaci\u00f3n adicional sobre Icaria (clima, accesos, itinerarios, festivales, etc.), puede visitar los siguientes sitios.<\/p>\n<ul>\n<li class=\"firstItem\"><a href=\"http:\/\/www.visitikaria.gr\/\">www.visitikaria.gr<\/a><\/li>\n<li><a href=\"http:\/\/www.island-ikaria.com\/\">www.island-ikaria.com<\/a><\/li>\n<li><a href=\"http:\/\/www.discoverikaria.com\/\">www.discoverikaria.com<\/a><\/li>\n<li class=\"lastItem\"><a href=\"http:\/\/www.meteo.gr\/meteoplus\/cf.cfm?city_id=74\">www.meteo.gr\/meteoplus\/cf.cfm?city_id=74<\/a><\/li>\n<\/ul>\n<p><em>\u00a0<\/em>[\/vc_column_text][\/vc_column][\/vc_row]<\/p>\n","protected":false},"excerpt":{"rendered":"<p>[vc_row css=\u00bb.vc_custom_1563308773370{margin-bottom: 0px !important;padding-bottom: 0px !important;}\u00bb][vc_column][vc_row_inner][vc_column_inner width=\u00bb1\/2&#8243; css=\u00bb.vc_custom_1563308822494{margin-top: 0px !important;margin-bottom: 0px !important;padding-top: 0px !important;padding-bottom: 0px !important;}\u00bb][vc_single_image image=\u00bb34754&#8243; img_size=\u00bbfull\u00bb][vc_column_text css=\u00bb.vc_custom_1619707178196{padding-top: 10% !important;padding-right: 10% !important;padding-bottom: 10% !important;padding-left: 10% !important;}\u00bb]Icaria se encuentra en el noreste del mar Egeo. Es conocida por su naturaleza asombrosa, sus monta\u00f1as, sus costas y playas rocosas, as\u00ed como por sus hermosas rutas de<br class=\"read-more-spacer\"> <a class=\"more-link\" href=\"https:\/\/afianeswines.gr\/es\/bodega-afianes\/nuestra-icaria\/\">Read More<\/a><\/p>\n","protected":false},"author":1,"featured_media":34741,"parent":34573,"menu_order":0,"comment_status":"closed","ping_status":"closed","template":"","meta":{"footnotes":""},"class_list":["post-34739","page","type-page","status-publish","has-post-thumbnail","hentry"],"yoast_head":"<!-- This site is optimized with the Yoast SEO plugin v27.2 - https:\/\/yoast.com\/product\/yoast-seo-wordpress\/ -->\n<title>Nuestra Icaria - Afianes Wines<\/title>\n<meta name=\"robots\" content=\"index, follow, max-snippet:-1, max-image-preview:large, max-video-preview:-1\" \/>\n<link rel=\"canonical\" href=\"https:\/\/afianeswines.gr\/es\/bodega-afianes\/nuestra-icaria\/\" \/>\n<meta property=\"og:locale\" content=\"es_ES\" \/>\n<meta property=\"og:type\" content=\"article\" \/>\n<meta property=\"og:title\" content=\"Nuestra Icaria - Afianes Wines\" \/>\n<meta property=\"og:description\" content=\"[vc_row css=\u00bb.vc_custom_1563308773370{margin-bottom: 0px !important;padding-bottom: 0px !important;}\u00bb][vc_column][vc_row_inner][vc_column_inner width=\u00bb1\/2&#8243; css=\u00bb.vc_custom_1563308822494{margin-top: 0px !important;margin-bottom: 0px !important;padding-top: 0px !important;padding-bottom: 0px !important;}\u00bb][vc_single_image image=\u00bb34754&#8243; img_size=\u00bbfull\u00bb][vc_column_text css=\u00bb.vc_custom_1619707178196{padding-top: 10% !important;padding-right: 10% !important;padding-bottom: 10% !important;padding-left: 10% !important;}\u00bb]Icaria se encuentra en el noreste del mar Egeo. Es conocida por su naturaleza asombrosa, sus monta\u00f1as, sus costas y playas rocosas, as\u00ed como por sus hermosas rutas de Read More\" \/>\n<meta property=\"og:url\" content=\"https:\/\/afianeswines.gr\/es\/bodega-afianes\/nuestra-icaria\/\" \/>\n<meta property=\"og:site_name\" content=\"Afianes Wines\" \/>\n<meta property=\"article:modified_time\" content=\"2022-02-23T09:35:50+00:00\" \/>\n<meta property=\"og:image\" content=\"https:\/\/afianeswines.gr\/wp-content\/uploads\/2019\/07\/ikaria-header-1.jpg\" \/>\n\t<meta property=\"og:image:width\" content=\"2000\" \/>\n\t<meta property=\"og:image:height\" content=\"611\" \/>\n\t<meta property=\"og:image:type\" content=\"image\/jpeg\" \/>\n<meta name=\"twitter:card\" content=\"summary_large_image\" \/>\n<meta name=\"twitter:label1\" content=\"Tiempo de lectura\" \/>\n\t<meta name=\"twitter:data1\" content=\"4 minutos\" \/>\n<script type=\"application\/ld+json\" class=\"yoast-schema-graph\">{\"@context\":\"https:\/\/schema.org\",\"@graph\":[{\"@type\":\"WebPage\",\"@id\":\"https:\/\/afianeswines.gr\/es\/bodega-afianes\/nuestra-icaria\/\",\"url\":\"https:\/\/afianeswines.gr\/es\/bodega-afianes\/nuestra-icaria\/\",\"name\":\"Nuestra Icaria - Afianes Wines\",\"isPartOf\":{\"@id\":\"https:\/\/afianeswines.gr\/es\/#website\"},\"primaryImageOfPage\":{\"@id\":\"https:\/\/afianeswines.gr\/es\/bodega-afianes\/nuestra-icaria\/#primaryimage\"},\"image\":{\"@id\":\"https:\/\/afianeswines.gr\/es\/bodega-afianes\/nuestra-icaria\/#primaryimage\"},\"thumbnailUrl\":\"https:\/\/afianeswines.gr\/wp-content\/uploads\/2019\/07\/ikaria-header-1.jpg\",\"datePublished\":\"2019-06-30T21:21:13+00:00\",\"dateModified\":\"2022-02-23T09:35:50+00:00\",\"breadcrumb\":{\"@id\":\"https:\/\/afianeswines.gr\/es\/bodega-afianes\/nuestra-icaria\/#breadcrumb\"},\"inLanguage\":\"es\",\"potentialAction\":[{\"@type\":\"ReadAction\",\"target\":[\"https:\/\/afianeswines.gr\/es\/bodega-afianes\/nuestra-icaria\/\"]}]},{\"@type\":\"ImageObject\",\"inLanguage\":\"es\",\"@id\":\"https:\/\/afianeswines.gr\/es\/bodega-afianes\/nuestra-icaria\/#primaryimage\",\"url\":\"https:\/\/afianeswines.gr\/wp-content\/uploads\/2019\/07\/ikaria-header-1.jpg\",\"contentUrl\":\"https:\/\/afianeswines.gr\/wp-content\/uploads\/2019\/07\/ikaria-header-1.jpg\",\"width\":2000,\"height\":611},{\"@type\":\"BreadcrumbList\",\"@id\":\"https:\/\/afianeswines.gr\/es\/bodega-afianes\/nuestra-icaria\/#breadcrumb\",\"itemListElement\":[{\"@type\":\"ListItem\",\"position\":1,\"name\":\"Home\",\"item\":\"https:\/\/afianeswines.gr\/es\/\"},{\"@type\":\"ListItem\",\"position\":2,\"name\":\"Bodega Afianes\",\"item\":\"https:\/\/afianeswines.gr\/es\/domaine-afianes\/\"},{\"@type\":\"ListItem\",\"position\":3,\"name\":\"Nuestra Icaria\"}]},{\"@type\":\"WebSite\",\"@id\":\"https:\/\/afianeswines.gr\/es\/#website\",\"url\":\"https:\/\/afianeswines.gr\/es\/\",\"name\":\"Afianes Wines\",\"description\":\"\u039f\u03b9\u03bd\u03bf\u03c0\u03bf\u03b9\u03b5\u03af\u03bf \u0399\u03ba\u03b1\u03c1\u03af\u03b1 - \u0395\u03ba\u03bb\u03b5\u03ba\u03c4\u03ac \u03ba\u03c1\u03b1\u03c3\u03b9\u03ac\",\"potentialAction\":[{\"@type\":\"SearchAction\",\"target\":{\"@type\":\"EntryPoint\",\"urlTemplate\":\"https:\/\/afianeswines.gr\/es\/?s={search_term_string}\"},\"query-input\":{\"@type\":\"PropertyValueSpecification\",\"valueRequired\":true,\"valueName\":\"search_term_string\"}}],\"inLanguage\":\"es\"}]}<\/script>\n<!-- \/ Yoast SEO plugin. -->","yoast_head_json":{"title":"Nuestra Icaria - Afianes Wines","robots":{"index":"index","follow":"follow","max-snippet":"max-snippet:-1","max-image-preview":"max-image-preview:large","max-video-preview":"max-video-preview:-1"},"canonical":"https:\/\/afianeswines.gr\/es\/bodega-afianes\/nuestra-icaria\/","og_locale":"es_ES","og_type":"article","og_title":"Nuestra Icaria - Afianes Wines","og_description":"[vc_row css=\u00bb.vc_custom_1563308773370{margin-bottom: 0px !important;padding-bottom: 0px !important;}\u00bb][vc_column][vc_row_inner][vc_column_inner width=\u00bb1\/2&#8243; css=\u00bb.vc_custom_1563308822494{margin-top: 0px !important;margin-bottom: 0px !important;padding-top: 0px !important;padding-bottom: 0px !important;}\u00bb][vc_single_image image=\u00bb34754&#8243; img_size=\u00bbfull\u00bb][vc_column_text css=\u00bb.vc_custom_1619707178196{padding-top: 10% !important;padding-right: 10% !important;padding-bottom: 10% !important;padding-left: 10% !important;}\u00bb]Icaria se encuentra en el noreste del mar Egeo. Es conocida por su naturaleza asombrosa, sus monta\u00f1as, sus costas y playas rocosas, as\u00ed como por sus hermosas rutas de Read More","og_url":"https:\/\/afianeswines.gr\/es\/bodega-afianes\/nuestra-icaria\/","og_site_name":"Afianes Wines","article_modified_time":"2022-02-23T09:35:50+00:00","og_image":[{"width":2000,"height":611,"url":"https:\/\/afianeswines.gr\/wp-content\/uploads\/2019\/07\/ikaria-header-1.jpg","type":"image\/jpeg"}],"twitter_card":"summary_large_image","twitter_misc":{"Tiempo de lectura":"4 minutos"},"schema":{"@context":"https:\/\/schema.org","@graph":[{"@type":"WebPage","@id":"https:\/\/afianeswines.gr\/es\/bodega-afianes\/nuestra-icaria\/","url":"https:\/\/afianeswines.gr\/es\/bodega-afianes\/nuestra-icaria\/","name":"Nuestra Icaria - Afianes Wines","isPartOf":{"@id":"https:\/\/afianeswines.gr\/es\/#website"},"primaryImageOfPage":{"@id":"https:\/\/afianeswines.gr\/es\/bodega-afianes\/nuestra-icaria\/#primaryimage"},"image":{"@id":"https:\/\/afianeswines.gr\/es\/bodega-afianes\/nuestra-icaria\/#primaryimage"},"thumbnailUrl":"https:\/\/afianeswines.gr\/wp-content\/uploads\/2019\/07\/ikaria-header-1.jpg","datePublished":"2019-06-30T21:21:13+00:00","dateModified":"2022-02-23T09:35:50+00:00","breadcrumb":{"@id":"https:\/\/afianeswines.gr\/es\/bodega-afianes\/nuestra-icaria\/#breadcrumb"},"inLanguage":"es","potentialAction":[{"@type":"ReadAction","target":["https:\/\/afianeswines.gr\/es\/bodega-afianes\/nuestra-icaria\/"]}]},{"@type":"ImageObject","inLanguage":"es","@id":"https:\/\/afianeswines.gr\/es\/bodega-afianes\/nuestra-icaria\/#primaryimage","url":"https:\/\/afianeswines.gr\/wp-content\/uploads\/2019\/07\/ikaria-header-1.jpg","contentUrl":"https:\/\/afianeswines.gr\/wp-content\/uploads\/2019\/07\/ikaria-header-1.jpg","width":2000,"height":611},{"@type":"BreadcrumbList","@id":"https:\/\/afianeswines.gr\/es\/bodega-afianes\/nuestra-icaria\/#breadcrumb","itemListElement":[{"@type":"ListItem","position":1,"name":"Home","item":"https:\/\/afianeswines.gr\/es\/"},{"@type":"ListItem","position":2,"name":"Bodega Afianes","item":"https:\/\/afianeswines.gr\/es\/domaine-afianes\/"},{"@type":"ListItem","position":3,"name":"Nuestra Icaria"}]},{"@type":"WebSite","@id":"https:\/\/afianeswines.gr\/es\/#website","url":"https:\/\/afianeswines.gr\/es\/","name":"Afianes Wines","description":"\u039f\u03b9\u03bd\u03bf\u03c0\u03bf\u03b9\u03b5\u03af\u03bf \u0399\u03ba\u03b1\u03c1\u03af\u03b1 - \u0395\u03ba\u03bb\u03b5\u03ba\u03c4\u03ac \u03ba\u03c1\u03b1\u03c3\u03b9\u03ac","potentialAction":[{"@type":"SearchAction","target":{"@type":"EntryPoint","urlTemplate":"https:\/\/afianeswines.gr\/es\/?s={search_term_string}"},"query-input":{"@type":"PropertyValueSpecification","valueRequired":true,"valueName":"search_term_string"}}],"inLanguage":"es"}]}},"_links":{"self":[{"href":"https:\/\/afianeswines.gr\/es\/wp-json\/wp\/v2\/pages\/34739","targetHints":{"allow":["GET"]}}],"collection":[{"href":"https:\/\/afianeswines.gr\/es\/wp-json\/wp\/v2\/pages"}],"about":[{"href":"https:\/\/afianeswines.gr\/es\/wp-json\/wp\/v2\/types\/page"}],"author":[{"embeddable":true,"href":"https:\/\/afianeswines.gr\/es\/wp-json\/wp\/v2\/users\/1"}],"replies":[{"embeddable":true,"href":"https:\/\/afianeswines.gr\/es\/wp-json\/wp\/v2\/comments?post=34739"}],"version-history":[{"count":8,"href":"https:\/\/afianeswines.gr\/es\/wp-json\/wp\/v2\/pages\/34739\/revisions"}],"predecessor-version":[{"id":36143,"href":"https:\/\/afianeswines.gr\/es\/wp-json\/wp\/v2\/pages\/34739\/revisions\/36143"}],"up":[{"embeddable":true,"href":"https:\/\/afianeswines.gr\/es\/wp-json\/wp\/v2\/pages\/34573"}],"wp:featuredmedia":[{"embeddable":true,"href":"https:\/\/afianeswines.gr\/es\/wp-json\/wp\/v2\/media\/34741"}],"wp:attachment":[{"href":"https:\/\/afianeswines.gr\/es\/wp-json\/wp\/v2\/media?parent=34739"}],"curies":[{"name":"wp","href":"https:\/\/api.w.org\/{rel}","templated":true}]}}