{"id":34560,"date":"2019-07-10T00:46:06","date_gmt":"2019-07-09T21:46:06","guid":{"rendered":"https:\/\/afianeswines.gr\/%ce%b5%cf%80%ce%b9%cf%83%ce%ba%ce%b5%cf%86%ce%b8%ce%b5%ce%af%cf%84%ce%b5-%ce%bc%ce%b1%cf%82\/%ce%bf%ce%b9%ce%bd%ce%b9%ce%ba%ce%ad%cf%82-%ce%b5%ce%bc%cf%80%ce%b5%ce%b9%cf%81%ce%af%ce%b5%cf%82\/"},"modified":"2023-06-05T19:48:19","modified_gmt":"2023-06-05T16:48:19","slug":"experiencias-enologicas","status":"publish","type":"page","link":"https:\/\/afianeswines.gr\/es\/visitenos\/experiencias-enologicas\/","title":{"rendered":"Experiencias enol\u00f3gicas"},"content":{"rendered":"<p>[vc_row][vc_column][vc_row_inner][vc_column_inner width=\u00bb1\/2&#8243; css=\u00bb.vc_custom_1562072768076{margin-top: 35px !important;}\u00bb]\n\t<div class=\"featured-image-box  text-align-left normal_hover_style\">\n\t\t<figure class=\" default\">\n\t\t\t <img decoding=\"async\" class=\"wp-post-image default\" src=\"https:\/\/afianeswines.gr\/wp-content\/uploads\/2019\/07\/picnic-1.jpg\" alt=\"\" \/> \n\t\t<figcaption>\n\t\t\t<h4><\/h4>\n\t\t\t<p><\/p>\n\t\t<\/figcaption>\n\t\t<\/figure>\n\t<\/div> [\/vc_column_inner][vc_column_inner width=\u00bb1\/2&#8243;][vc_column_text el_class=\u00bbsmall-box-text\u00bb]<\/p>\n<h2>1. Experto de Vinos durante 4 horas<\/h2>\n<p><span class=\"VIiyi\" lang=\"es\"><span class=\"JLqJ4b\" data-language-for-alternatives=\"es\" data-language-to-translate-into=\"en\" data-phrase-index=\"0\">\u00a1Crea un recuerdo \u00fanico de tus vacaciones e explora el lado aut\u00e9ntico de Ikaria y una faceta de su tradici\u00f3n gastron\u00f3mica y folcl\u00f3rica en la Bodega Afianes! Hemos dise\u00f1ado una caminata \u00fanica que dura 4 horas e incluye: <\/span><\/span><\/p>\n<ul>\n<li><span class=\"VIiyi\" lang=\"es\"><span class=\"JLqJ4b\" data-language-for-alternatives=\"es\" data-language-to-translate-into=\"en\" data-phrase-index=\"0\">Una visita al vi\u00f1edo m\u00e1s cercano de la bodega a 600 m. altitud.<\/span><\/span><\/li>\n<li><span class=\"VIiyi\" lang=\"es\"><span class=\"JLqJ4b\" data-language-for-alternatives=\"es\" data-language-to-translate-into=\"en\" data-phrase-index=\"0\"> Tres paradas \u00fanicas durante la caminata, con \u00e1reas esc\u00e9nicas especialmente escogidas donde degustaremos tres vinos naturales diferentes.<\/span><\/span><\/li>\n<\/ul>\n<p><span class=\"VIiyi\" lang=\"es\"><span class=\"JLqJ4b\" data-language-for-alternatives=\"es\" data-language-to-translate-into=\"en\" data-phrase-index=\"0\">1. Litani Begleri 2019, blanco seco (acompa\u00f1ado de: aceite de oliva virgen extra de Ikaria y pan seco tradicional horneado en horno de le\u00f1a)<\/span><\/span><\/p>\n<p><span class=\"VIiyi\" lang=\"es\"><span class=\"JLqJ4b\" data-language-for-alternatives=\"es\" data-language-to-translate-into=\"en\" data-phrase-index=\"0\"> 2. Icarus Black 2016, rojo seco (acompa\u00f1ado de: queso gruyere curado de la isla de Naxos y tomates locales de Ikaria) <\/span><\/span><\/p>\n<p><span class=\"VIiyi\" lang=\"es\"><span class=\"JLqJ4b\" data-language-for-alternatives=\"es\" data-language-to-translate-into=\"en\" data-phrase-index=\"0\">3. Pithari Red 2018, rojo seco (acompa\u00f1ado de: fresas org\u00e1nicas locales de Ikaria)<\/span><\/span><\/p>\n<p><span class=\"VIiyi\" lang=\"es\"><span class=\"JLqJ4b\" data-language-for-alternatives=\"es\" data-language-to-translate-into=\"en\" data-phrase-index=\"0\">(Todos los vinos de Bodega Afianes se someten a cultivo natural, org\u00e1nico y biodin\u00e1mico con el uso exclusivo de levaduras silvestres). <\/span><\/span><\/p>\n<ul>\n<li><span class=\"VIiyi\" lang=\"es\"><span class=\"JLqJ4b\" data-language-for-alternatives=\"es\" data-language-to-translate-into=\"en\" data-phrase-index=\"0\">\u00a1Regrese a la finca y disfrute de un recorrido completo por la bodega! Visitaremos el mini museo folcl\u00f3rico, la prensa de granito, la casa de piedra \u00abantipirata\u00bb, la bodega, y el aljibe. El recorrido est\u00e1 dirigido por nuestros profesionales m\u00e1s consolidados, ya sea por un sumiller certificado o por el en\u00f3logo Sr. K. Afianes. Este recorrido le presentar\u00e1 la rica historia de la isla y las formas en que la tradici\u00f3n se mantiene y se abraza incluso hoy.<\/span><\/span><\/li>\n<li><span class=\"VIiyi\" lang=\"es\"><span class=\"JLqJ4b\" data-language-for-alternatives=\"es\" data-language-to-translate-into=\"en\" data-phrase-index=\"0\">Disfrute de una comida completa a base de productos frescos de la zona y acompa\u00f1ado de 2 copas de vino por persona (la elecci\u00f3n se realiza a partir de las 3 etiquetas probadas previamente en la caminata), mientras disfruta de las vistas del hermoso mar abierto. Si tiene ni\u00f1os con usted, existe la posibilidad de personalizar algunos platos, pero por favor cont\u00e1ctanos con anticipaci\u00f3n.<\/span><\/span><\/li>\n<\/ul>\n<p>[\/vc_column_text]\n\t<div class=\"gg_list list_style_remove  \">\n<ul>\n<li class=\"diarkeia\">4 horas<\/li>\n<li class=\"dokimi\">Degustaci\u00f3n de 3 vinos de Bodegas Afianes<\/li>\n<li class=\"shmaia\">Recorrido por la finca &amp; visita a la bodega,<\/li>\n<li class=\"shmaia\">Comida a base de productos locales<\/li>\n<li class=\"people\">Gu\u00eda tur\u00edstico dirigido por un sumiller certificado o el en\u00f3logo Sr. K. Afianes<\/li>\n<li class=\"hours\">Todos los d\u00edas de 11:00 a 15:00. <strong>Reservas con al menos 48 horas de anticipaci\u00f3n.<\/strong><\/li>\n<\/ul>\n<\/div>[\/vc_column_inner][\/vc_row_inner][\/vc_column][\/vc_row][vc_row full_width=\u00bbstretch_row\u00bb css=\u00bb.vc_custom_1562707232967{background: #f1f1f1 url(https:\/\/afianeswines.gr\/wp-content\/uploads\/2018\/02\/homepage_white_leaves.png?id=1390) !important;background-position: center !important;background-repeat: no-repeat !important;background-size: cover !important;}\u00bb][vc_column][vc_row_inner][vc_column_inner width=\u00bb1\/2&#8243;][vc_column_text el_class=\u00bbsmall-box-text\u00bb]<\/p>\n<h2>2. Cena bajo las estrellas<\/h2>\n<p>Cene bajo las estrellas en el jard\u00edn de una casa tradicional de granito en las tierras altas de Icaria y disfrute de los tesoros gastron\u00f3micos locales.<\/p>\n<p>Disfrute de una cena a cargo de un chef privado, bajo las estrellas, en la finca de la bodega Afianes. Comience el recorrido privado de la bodega, con una visita al \u00abpithostasi\u00bb, donde se entierran las tradicionales tinajas de barro para fermentar y envejecer el vino y conoce el antiguo m\u00e9todo de vinificaci\u00f3n de Icaria. Dir\u00edjase hasta la cava de granito de la bodega donde se guardan los vinos m\u00e1s antiguos de la finca, pruebe tres vinos a\u00f1ejos y elija el m\u00e1s adecuado para acompa\u00f1ar su cena con la ayuda del en\u00f3logo. Acom\u00f3dese en la mesa preparada para usted en el jard\u00edn, junto a un casta\u00f1o de 200 a\u00f1os, y observe c\u00f3mo el chef prepara la cena de varios platos exclusivamente para usted.<\/p>\n<p>Cene bajo la discreta luz del cielo, disfrutando de delicias locales cocinadas exclusivamente con productos frescos de Icaria y combinados con un excelente vino, en un espacio tranquilo, completamente natural y privado.<\/p>\n<p>Finalmente, observe las estrellas con un telescopio desde la colina de la bodega.[\/vc_column_text]\n\t<div class=\"gg_list list_style_remove  \">\n<ul>\n<li class=\"diarkeia\">3,5 horas<\/li>\n<li class=\"dokimi\">3 vinos de la cava<\/li>\n<li class=\"shmaia\">Visita privada a la cava, degustaci\u00f3n de vinos, cena privada con chef<\/li>\n<li class=\"people\">En\u00f3logo<\/li>\n<li class=\"geyma\">Cena con men\u00fa de 3 platos<\/li>\n<li class=\"hours\">Todos los d\u00edas de 19:30 a 23:00. <strong>Reservas con al menos 48 horas de anticipaci\u00f3n.<\/strong><\/li>\n<\/ul>\n<\/div>[\/vc_column_inner][vc_column_inner width=\u00bb1\/2&#8243; css=\u00bb.vc_custom_1562072776801{margin-top: 35px !important;}\u00bb]\n\t<div class=\"featured-image-box  text-align-left normal_hover_style\">\n\t\t<figure class=\" default\">\n\t\t\t <img decoding=\"async\" class=\"wp-post-image default\" src=\"https:\/\/afianeswines.gr\/wp-content\/uploads\/2019\/07\/dine.jpg\" alt=\"\" \/> \n\t\t<figcaption>\n\t\t\t<h4><\/h4>\n\t\t\t<p><\/p>\n\t\t<\/figcaption>\n\t\t<\/figure>\n\t<\/div> [\/vc_column_inner][\/vc_row_inner][\/vc_column][\/vc_row][vc_row full_width=\u00bbstretch_row\u00bb parallax=\u00bbcontent-moving-fade\u00bb parallax_image=\u00bb2100&#8243; disable_element=\u00bbyes\u00bb css=\u00bb.vc_custom_1685983697403{margin-bottom: 0px !important;border-bottom-width: 0px !important;background-position: center;background-repeat: no-repeat !important;background-size: cover !important;}\u00bb][vc_column][vc_row_inner equal_height=\u00bbyes\u00bb][vc_column_inner width=\u00bb1\/6&#8243;][\/vc_column_inner][vc_column_inner width=\u00bb1\/3&#8243;]\n\t<div class=\"gg-infobox  vc_custom_1654606809846\" style=\"text-align:left;\">\n\t\t\n\t\t<h4 style=\"color: #b61c2a;\">Experto de Vinos durante 4 horas<\/h4>\n\t\t<div class=\"description\" ><h3>Precio: 60\u20ac\/persona<\/h3>\n<ul>\n<li class=\"diarkeia\">4 horas<\/li>\n<li class=\"dokimi\">Degustaci\u00f3n de 3 vinos de Bodegas Afianes<\/li>\n<li class=\"shmaia\">Caminata por la finca &amp; Visita guiada de la Bodega,<\/li>\n<li class=\"shmaia\">Comida tradicional con productos locales.<\/li>\n<li class=\"people\">Gu\u00eda dirigido por un sumiller certificado o por el en\u00f3logo Sr. K. Afianes<\/li>\n<li class=\"hours\">Todos los d\u00edas de 11:00 a 15:00. <strong>Reservas con al menos 48 horas de anticipaci\u00f3n<\/strong><\/li>\n<li class=\"hours\">Grupos de 4 a 12 personas. Precio de ni\u00f1os: 18<span class=\"ILfuVd NA6bn\"><span class=\"hgKElc\">\u20ac<\/span><\/span><\/li>\n<\/ul>\n<p><a class=\"call-to-book\" href=\"tel:+3022750 40008\">Llame para reservar<\/a><\/p>\n<\/div>\n\t<\/div> [\/vc_column_inner][vc_column_inner width=\u00bb1\/3&#8243;]\n\t<div class=\"gg-infobox  vc_custom_1653489380924\" style=\"text-align:left;\">\n\t\t\n\t\t<h4 style=\"color: #b61c2a;\">Cena bajo las estrellas<\/h4>\n\t\t<div class=\"description\" ><h3>Precio: 121\u20ac\/persona<\/h3>\n<ul>\n<li class=\"diarkeia\">3,5 horas<\/li>\n<li class=\"dokimi\">3 vinos de la cava<\/li>\n<li class=\"shmaia\">Visita privada de la bodega, degustaci\u00f3n, cena con chef privado y observaci\u00f3n de estrellas con telescopio.<\/li>\n<li class=\"people\">En\u00f3logo<\/li>\n<li class=\"geyma\">Cena con men\u00fa de 3 platos<\/li>\n<li class=\"hours\">Todos los d\u00edas de 19:30 a 23:00<strong>. Reservar con al menos 48 horas de anticipaci\u00f3n<\/strong><\/li>\n<\/ul>\n<p><a class=\"call-to-book\" href=\"tel:+3022750 40008\">Llame para reservar<\/a><\/p>\n<\/div>\n\t<\/div> [\/vc_column_inner][vc_column_inner width=\u00bb1\/6&#8243;][\/vc_column_inner][\/vc_row_inner][\/vc_column][\/vc_row]<\/p>\n","protected":false},"excerpt":{"rendered":"<p>[vc_row][vc_column][vc_row_inner][vc_column_inner width=\u00bb1\/2&#8243; css=\u00bb.vc_custom_1562072768076{margin-top: 35px !important;}\u00bb][\/vc_column_inner][vc_column_inner width=\u00bb1\/2&#8243;][vc_column_text el_class=\u00bbsmall-box-text\u00bb] 1. Experto de Vinos durante 4 horas \u00a1Crea un recuerdo \u00fanico de tus vacaciones e explora el lado aut\u00e9ntico de Ikaria y una faceta de su tradici\u00f3n gastron\u00f3mica y folcl\u00f3rica en la Bodega Afianes! Hemos dise\u00f1ado una caminata \u00fanica que dura 4 horas e incluye: Una visita al<br class=\"read-more-spacer\"> <a class=\"more-link\" href=\"https:\/\/afianeswines.gr\/es\/visitenos\/experiencias-enologicas\/\">Read More<\/a><\/p>\n","protected":false},"author":1,"featured_media":34562,"parent":34501,"menu_order":0,"comment_status":"closed","ping_status":"closed","template":"","meta":{"footnotes":""},"class_list":["post-34560","page","type-page","status-publish","has-post-thumbnail","hentry"],"yoast_head":"<!-- This site is optimized with the Yoast SEO plugin v27.2 - https:\/\/yoast.com\/product\/yoast-seo-wordpress\/ -->\n<title>Experiencias enol\u00f3gicas - Afianes Wines<\/title>\n<meta name=\"robots\" content=\"index, follow, max-snippet:-1, max-image-preview:large, max-video-preview:-1\" \/>\n<link rel=\"canonical\" href=\"https:\/\/afianeswines.gr\/es\/visitenos\/experiencias-enologicas\/\" \/>\n<meta property=\"og:locale\" content=\"es_ES\" \/>\n<meta property=\"og:type\" content=\"article\" \/>\n<meta property=\"og:title\" content=\"Experiencias enol\u00f3gicas - Afianes Wines\" \/>\n<meta property=\"og:description\" content=\"[vc_row][vc_column][vc_row_inner][vc_column_inner width=\u00bb1\/2&#8243; css=\u00bb.vc_custom_1562072768076{margin-top: 35px !important;}\u00bb][\/vc_column_inner][vc_column_inner width=\u00bb1\/2&#8243;][vc_column_text el_class=\u00bbsmall-box-text\u00bb] 1. Experto de Vinos durante 4 horas \u00a1Crea un recuerdo \u00fanico de tus vacaciones e explora el lado aut\u00e9ntico de Ikaria y una faceta de su tradici\u00f3n gastron\u00f3mica y folcl\u00f3rica en la Bodega Afianes! Hemos dise\u00f1ado una caminata \u00fanica que dura 4 horas e incluye: Una visita al Read More\" \/>\n<meta property=\"og:url\" content=\"https:\/\/afianeswines.gr\/es\/visitenos\/experiencias-enologicas\/\" \/>\n<meta property=\"og:site_name\" content=\"Afianes Wines\" \/>\n<meta property=\"article:modified_time\" content=\"2023-06-05T16:48:19+00:00\" \/>\n<meta property=\"og:image\" content=\"https:\/\/afianeswines.gr\/wp-content\/uploads\/2019\/07\/fysiolatrikes-header.jpg\" \/>\n\t<meta property=\"og:image:width\" content=\"2000\" \/>\n\t<meta property=\"og:image:height\" content=\"611\" \/>\n\t<meta property=\"og:image:type\" content=\"image\/jpeg\" \/>\n<meta name=\"twitter:card\" content=\"summary_large_image\" \/>\n<meta name=\"twitter:label1\" content=\"Tiempo de lectura\" \/>\n\t<meta name=\"twitter:data1\" content=\"4 minutos\" \/>\n<script type=\"application\/ld+json\" class=\"yoast-schema-graph\">{\"@context\":\"https:\/\/schema.org\",\"@graph\":[{\"@type\":\"WebPage\",\"@id\":\"https:\/\/afianeswines.gr\/es\/visitenos\/experiencias-enologicas\/\",\"url\":\"https:\/\/afianeswines.gr\/es\/visitenos\/experiencias-enologicas\/\",\"name\":\"Experiencias enol\u00f3gicas - Afianes Wines\",\"isPartOf\":{\"@id\":\"https:\/\/afianeswines.gr\/es\/#website\"},\"primaryImageOfPage\":{\"@id\":\"https:\/\/afianeswines.gr\/es\/visitenos\/experiencias-enologicas\/#primaryimage\"},\"image\":{\"@id\":\"https:\/\/afianeswines.gr\/es\/visitenos\/experiencias-enologicas\/#primaryimage\"},\"thumbnailUrl\":\"https:\/\/afianeswines.gr\/wp-content\/uploads\/2019\/07\/fysiolatrikes-header.jpg\",\"datePublished\":\"2019-07-09T21:46:06+00:00\",\"dateModified\":\"2023-06-05T16:48:19+00:00\",\"breadcrumb\":{\"@id\":\"https:\/\/afianeswines.gr\/es\/visitenos\/experiencias-enologicas\/#breadcrumb\"},\"inLanguage\":\"es\",\"potentialAction\":[{\"@type\":\"ReadAction\",\"target\":[\"https:\/\/afianeswines.gr\/es\/visitenos\/experiencias-enologicas\/\"]}]},{\"@type\":\"ImageObject\",\"inLanguage\":\"es\",\"@id\":\"https:\/\/afianeswines.gr\/es\/visitenos\/experiencias-enologicas\/#primaryimage\",\"url\":\"https:\/\/afianeswines.gr\/wp-content\/uploads\/2019\/07\/fysiolatrikes-header.jpg\",\"contentUrl\":\"https:\/\/afianeswines.gr\/wp-content\/uploads\/2019\/07\/fysiolatrikes-header.jpg\",\"width\":2000,\"height\":611},{\"@type\":\"BreadcrumbList\",\"@id\":\"https:\/\/afianeswines.gr\/es\/visitenos\/experiencias-enologicas\/#breadcrumb\",\"itemListElement\":[{\"@type\":\"ListItem\",\"position\":1,\"name\":\"Home\",\"item\":\"https:\/\/afianeswines.gr\/es\/\"},{\"@type\":\"ListItem\",\"position\":2,\"name\":\"Vis\u00edtenos\",\"item\":\"https:\/\/afianeswines.gr\/es\/visitenos\/\"},{\"@type\":\"ListItem\",\"position\":3,\"name\":\"Experiencias enol\u00f3gicas\"}]},{\"@type\":\"WebSite\",\"@id\":\"https:\/\/afianeswines.gr\/es\/#website\",\"url\":\"https:\/\/afianeswines.gr\/es\/\",\"name\":\"Afianes Wines\",\"description\":\"\u039f\u03b9\u03bd\u03bf\u03c0\u03bf\u03b9\u03b5\u03af\u03bf \u0399\u03ba\u03b1\u03c1\u03af\u03b1 - \u0395\u03ba\u03bb\u03b5\u03ba\u03c4\u03ac \u03ba\u03c1\u03b1\u03c3\u03b9\u03ac\",\"potentialAction\":[{\"@type\":\"SearchAction\",\"target\":{\"@type\":\"EntryPoint\",\"urlTemplate\":\"https:\/\/afianeswines.gr\/es\/?s={search_term_string}\"},\"query-input\":{\"@type\":\"PropertyValueSpecification\",\"valueRequired\":true,\"valueName\":\"search_term_string\"}}],\"inLanguage\":\"es\"}]}<\/script>\n<!-- \/ Yoast SEO plugin. -->","yoast_head_json":{"title":"Experiencias enol\u00f3gicas - Afianes Wines","robots":{"index":"index","follow":"follow","max-snippet":"max-snippet:-1","max-image-preview":"max-image-preview:large","max-video-preview":"max-video-preview:-1"},"canonical":"https:\/\/afianeswines.gr\/es\/visitenos\/experiencias-enologicas\/","og_locale":"es_ES","og_type":"article","og_title":"Experiencias enol\u00f3gicas - Afianes Wines","og_description":"[vc_row][vc_column][vc_row_inner][vc_column_inner width=\u00bb1\/2&#8243; css=\u00bb.vc_custom_1562072768076{margin-top: 35px !important;}\u00bb][\/vc_column_inner][vc_column_inner width=\u00bb1\/2&#8243;][vc_column_text el_class=\u00bbsmall-box-text\u00bb] 1. Experto de Vinos durante 4 horas \u00a1Crea un recuerdo \u00fanico de tus vacaciones e explora el lado aut\u00e9ntico de Ikaria y una faceta de su tradici\u00f3n gastron\u00f3mica y folcl\u00f3rica en la Bodega Afianes! Hemos dise\u00f1ado una caminata \u00fanica que dura 4 horas e incluye: Una visita al Read More","og_url":"https:\/\/afianeswines.gr\/es\/visitenos\/experiencias-enologicas\/","og_site_name":"Afianes Wines","article_modified_time":"2023-06-05T16:48:19+00:00","og_image":[{"width":2000,"height":611,"url":"https:\/\/afianeswines.gr\/wp-content\/uploads\/2019\/07\/fysiolatrikes-header.jpg","type":"image\/jpeg"}],"twitter_card":"summary_large_image","twitter_misc":{"Tiempo de lectura":"4 minutos"},"schema":{"@context":"https:\/\/schema.org","@graph":[{"@type":"WebPage","@id":"https:\/\/afianeswines.gr\/es\/visitenos\/experiencias-enologicas\/","url":"https:\/\/afianeswines.gr\/es\/visitenos\/experiencias-enologicas\/","name":"Experiencias enol\u00f3gicas - Afianes Wines","isPartOf":{"@id":"https:\/\/afianeswines.gr\/es\/#website"},"primaryImageOfPage":{"@id":"https:\/\/afianeswines.gr\/es\/visitenos\/experiencias-enologicas\/#primaryimage"},"image":{"@id":"https:\/\/afianeswines.gr\/es\/visitenos\/experiencias-enologicas\/#primaryimage"},"thumbnailUrl":"https:\/\/afianeswines.gr\/wp-content\/uploads\/2019\/07\/fysiolatrikes-header.jpg","datePublished":"2019-07-09T21:46:06+00:00","dateModified":"2023-06-05T16:48:19+00:00","breadcrumb":{"@id":"https:\/\/afianeswines.gr\/es\/visitenos\/experiencias-enologicas\/#breadcrumb"},"inLanguage":"es","potentialAction":[{"@type":"ReadAction","target":["https:\/\/afianeswines.gr\/es\/visitenos\/experiencias-enologicas\/"]}]},{"@type":"ImageObject","inLanguage":"es","@id":"https:\/\/afianeswines.gr\/es\/visitenos\/experiencias-enologicas\/#primaryimage","url":"https:\/\/afianeswines.gr\/wp-content\/uploads\/2019\/07\/fysiolatrikes-header.jpg","contentUrl":"https:\/\/afianeswines.gr\/wp-content\/uploads\/2019\/07\/fysiolatrikes-header.jpg","width":2000,"height":611},{"@type":"BreadcrumbList","@id":"https:\/\/afianeswines.gr\/es\/visitenos\/experiencias-enologicas\/#breadcrumb","itemListElement":[{"@type":"ListItem","position":1,"name":"Home","item":"https:\/\/afianeswines.gr\/es\/"},{"@type":"ListItem","position":2,"name":"Vis\u00edtenos","item":"https:\/\/afianeswines.gr\/es\/visitenos\/"},{"@type":"ListItem","position":3,"name":"Experiencias enol\u00f3gicas"}]},{"@type":"WebSite","@id":"https:\/\/afianeswines.gr\/es\/#website","url":"https:\/\/afianeswines.gr\/es\/","name":"Afianes Wines","description":"\u039f\u03b9\u03bd\u03bf\u03c0\u03bf\u03b9\u03b5\u03af\u03bf \u0399\u03ba\u03b1\u03c1\u03af\u03b1 - \u0395\u03ba\u03bb\u03b5\u03ba\u03c4\u03ac \u03ba\u03c1\u03b1\u03c3\u03b9\u03ac","potentialAction":[{"@type":"SearchAction","target":{"@type":"EntryPoint","urlTemplate":"https:\/\/afianeswines.gr\/es\/?s={search_term_string}"},"query-input":{"@type":"PropertyValueSpecification","valueRequired":true,"valueName":"search_term_string"}}],"inLanguage":"es"}]}},"_links":{"self":[{"href":"https:\/\/afianeswines.gr\/es\/wp-json\/wp\/v2\/pages\/34560","targetHints":{"allow":["GET"]}}],"collection":[{"href":"https:\/\/afianeswines.gr\/es\/wp-json\/wp\/v2\/pages"}],"about":[{"href":"https:\/\/afianeswines.gr\/es\/wp-json\/wp\/v2\/types\/page"}],"author":[{"embeddable":true,"href":"https:\/\/afianeswines.gr\/es\/wp-json\/wp\/v2\/users\/1"}],"replies":[{"embeddable":true,"href":"https:\/\/afianeswines.gr\/es\/wp-json\/wp\/v2\/comments?post=34560"}],"version-history":[{"count":13,"href":"https:\/\/afianeswines.gr\/es\/wp-json\/wp\/v2\/pages\/34560\/revisions"}],"predecessor-version":[{"id":35588,"href":"https:\/\/afianeswines.gr\/es\/wp-json\/wp\/v2\/pages\/34560\/revisions\/35588"}],"up":[{"embeddable":true,"href":"https:\/\/afianeswines.gr\/es\/wp-json\/wp\/v2\/pages\/34501"}],"wp:featuredmedia":[{"embeddable":true,"href":"https:\/\/afianeswines.gr\/es\/wp-json\/wp\/v2\/media\/34562"}],"wp:attachment":[{"href":"https:\/\/afianeswines.gr\/es\/wp-json\/wp\/v2\/media?parent=34560"}],"curies":[{"name":"wp","href":"https:\/\/api.w.org\/{rel}","templated":true}]}}