{"id":34501,"date":"2017-06-02T09:31:33","date_gmt":"2017-06-02T09:31:33","guid":{"rendered":"https:\/\/afianeswines.gr\/%ce%b5%cf%80%ce%b9%cf%83%ce%ba%ce%b5%cf%86%ce%b8%ce%b5%ce%af%cf%84%ce%b5-%ce%bc%ce%b1%cf%82\/"},"modified":"2025-09-08T17:21:31","modified_gmt":"2025-09-08T14:21:31","slug":"visitenos","status":"publish","type":"page","link":"https:\/\/afianeswines.gr\/es\/visitenos\/","title":{"rendered":"Vis\u00edtenos"},"content":{"rendered":"<p>[vc_row][vc_column]\n\t<div class=\"title-subtitle-box   \" style=\" text-align: center;\">\n\t\t<hr class=\"has-topline\"  \/>\n\t\t<div class=\"subtitle\" style=\"\"><p>Situada en las tierras altas de Ikaria con vistas al extremo occidental de la isla, la bodega de Afianes es un lugar donde el vino, los amigos, la naturaleza y la tradici\u00f3n se unen. La bodega se extiende a lo largo de una colina verde con piedras de granito natural, un verdadero refugio para los amantes del vino y la naturaleza.<\/p>\n<\/div>\n\t<\/div> [vc_row_inner][vc_column_inner width=\u00bb1\/2&#8243;][vc_column_text]<\/p>\n<h2>Cata de vinos y visitas guiadas<\/h2>\n<p>La bodega Afianes se encuentra en las tierras altas de Icaria, con vistas al oeste de la isla, un lugar donde el vino, los amigos, la naturaleza y la tradici\u00f3n se unen.<\/p>\n<p>La bodega est\u00e1 abierta todo el a\u00f1o, en invierno s\u00e1bados y domingos con cita previa, para visitas de degustaci\u00f3n.<\/p>\n<article class=\"text-token-text-primary w-full\" dir=\"auto\" data-testid=\"conversation-turn-2\" data-scroll-anchor=\"true\">\n<div class=\"text-base my-auto mx-auto py-5 px-6\">\n<div class=\"mx-auto flex flex-1 text-base gap-4 md:gap-5 lg:gap-6 md:max-w-3xl lg:max-w-[40rem] xl:max-w-[48rem] group\/turn-messages focus-visible:outline-hidden\" tabindex=\"-1\">\n<div class=\"group\/conversation-turn relative flex w-full min-w-0 flex-col agent-turn @xs\/thread:px-0 @sm\/thread:px-1.5 @md\/thread:px-4\">\n<div class=\"relative flex-col gap-1 md:gap-3\">\n<div class=\"flex max-w-full flex-col grow\">\n<div class=\"min-h-8 text-message relative flex w-full flex-col items-end gap-2 text-start break-words whitespace-normal [.text-message+&amp;]:mt-5\" dir=\"auto\" data-message-author-role=\"assistant\" data-message-id=\"3188147f-003b-4a1f-a60e-2295b6448b90\" data-message-model-slug=\"gpt-4o\">\n<div class=\"flex w-full flex-col gap-1 empty:hidden first:pt-[3px]\">\n<div class=\"markdown prose dark:prose-invert w-full break-words dark\">\n<p class=\"\" data-start=\"0\" data-end=\"62\">\u2022 Del 1 de noviembre al 31 de marzo, solo con cita previa.<\/p>\n<p class=\"\" data-start=\"64\" data-end=\"192\">\u2022 De abril a octubre, todos los d\u00edas de 12:00 a 19:00. Recomendamos hacer una reserva para poder organizar mejor su experiencia. Los visitantes pueden realizar un recorrido por la bodega y aprender sobre las t\u00e9cnicas tradicionales de la vinificaci\u00f3n de Icaria, como el proceso de fermentaci\u00f3n en tinajas de barro enterradas bajo tierra. Tambi\u00e9n puede visitar el lagar de granito donde se realiza la tradicional pisada de uvas, la casa pirata de piedra en la que se guardan los vinos m\u00e1s antiguos de la bodega, el anfiteatro de piedra \u00abDioniso\u00bb donde se llevan a cabo varios eventos culturales, y la galer\u00eda cultural donde se exhiben utensilios dom\u00e9sticos tradicionales de Icaria. Adem\u00e1s, existe la opci\u00f3n de adquirir vinos de nuestra colecci\u00f3n en la tienda de la bodega. Finalmente, puede degustar platos fr\u00edos acompa\u00f1ados con nuestros vinos en la enoteca al aire libre entre los vi\u00f1edos y con vistas al Egeo o vivir experiencias \u00fanicas que combinan naturaleza &#8211; gastronom\u00eda &#8211; degustaci\u00f3n con sus familiares y amigos. Para obtener m\u00e1s informaci\u00f3n, visite la secci\u00f3n Experiencias del vino.<\/p>\n<\/div>\n<\/div>\n<\/div>\n<\/div>\n<\/div>\n<\/div>\n<\/div>\n<\/div>\n<\/article>\n<p>[\/vc_column_text][vc_single_image image=\u00bb34515&#8243; img_size=\u00bblarge\u00bb][\/vc_column_inner][vc_column_inner width=\u00bb1\/2&#8243;][vc_column_text]<\/p>\n<h2>Bar al aire libre verano 2025<\/h2>\n<p>Te esperamos todos los d\u00edas desde el 1 de \u0391bril hasta el 31 de \u039fctubre, de 12:00 a 20:00 podr\u00e1 degustar quesos griegos y embutidos, tartas de verduras, platos de productos org\u00e1nicos locales, apio con pescado fresco de Icaria y, por supuesto, para degustar nuestra rica colecci\u00f3n de vinos de Icaria al aire libre en el bar de vinos. No olvide preguntar por el postre del d\u00eda.<\/p>\n<p>\u00a1Venga y disfrute de un almuerzo ligero con amigos o su media naranja y observe el mar Egeo!<\/p>\n<p>Tambi\u00e9n se sirven platos vegetarianos, eres bienvenido con tu mascota (no olvides su correa).<\/p>\n<p>Le informamos que todas nuestras mesas guardan las distancias adecuadas respetando las medidas de prevenci\u00f3n y protecci\u00f3n.[\/vc_column_text][vc_single_image image=\u00bb2731&#8243; img_size=\u00bblarge\u00bb][\/vc_column_inner][\/vc_row_inner][\/vc_column][\/vc_row][vc_row equal_height=\u00bbyes\u00bb content_placement=\u00bbmiddle\u00bb css=\u00bb.vc_custom_1496402809943{padding-top: 0px !important;padding-bottom: 0px !important;}\u00bb][vc_column width=\u00bb1\/2&#8243; css=\u00bb.vc_custom_1496401745421{padding: 0px !important;}\u00bb][vc_single_image image=\u00bb2753&#8243; img_size=\u00bblarge\u00bb css=\u00bb.vc_custom_1563313873386{margin-bottom: 0px !important;}\u00bb][\/vc_column][vc_column width=\u00bb1\/2&#8243; css=\u00bb.vc_custom_1517562096471{padding-top: 10% !important;padding-right: 10% !important;padding-bottom: 10% !important;padding-left: 10% !important;background-color: #f1f1f1 !important;}\u00bb]\n\t<div class=\"title-subtitle-box   \" style=\" text-align: left;\">\n\t\t<h2 style=\" text-transform: uppercase; font-weight: 400; letter-spacing: 0px;\" >Degustaci\u00f3n y visitas<\/h2>\n\t\t<div class=\"subtitle\" style=\"\"><p>Pruebe nuestras finas variedades de vino. Reserve y deg\u00fastelos en una experiencia \u00fanica.<\/p>\n<\/div>\n\t<\/div> \n\t<div class=\"gg-special-link-wrapper  special-link-align-left\"><a  class=\"gg-special-link has-left-hor-line\" href=\"https:\/\/afianeswines.gr\/es\/visitenos\/degustacion-y-visitas\/\" title=\"\u039c\u00e1s informaci\u00f3n\" target=\"_self\">\u039c\u00e1s informaci\u00f3n<\/a><\/div>[\/vc_column][\/vc_row][vc_row equal_height=\u00bbyes\u00bb content_placement=\u00bbmiddle\u00bb css=\u00bb.vc_custom_1496403138638{padding-top: 0px !important;padding-bottom: 0px !important;}\u00bb][vc_column width=\u00bb1\/2&#8243; css=\u00bb.vc_custom_1517562106955{padding-top: 10% !important;padding-right: 10% !important;padding-bottom: 10% !important;padding-left: 10% !important;background-color: #f1f1f1 !important;}\u00bb]\n\t<div class=\"title-subtitle-box   \" style=\" text-align: left;\">\n\t\t<h2 style=\" text-transform: uppercase; font-weight: 400; letter-spacing: 0px;\" >Eventos<\/h2>\n\t\t<div class=\"subtitle\" style=\"\"><p>En nuestra bodega tambi\u00e9n se realizan eventos. \u00a1Desde conciertos y representaciones teatrales hasta bodas y fiestas!<\/p>\n<\/div>\n\t<\/div> \n\t<div class=\"gg-special-link-wrapper  special-link-align-left\"><a  class=\"gg-special-link has-left-hor-line\" href=\"https:\/\/afianeswines.gr\/es\/visitenos\/eventos\/\" title=\"M\u00e1s informaci\u00f3n\" target=\"_self\">M\u00e1s informaci\u00f3n<\/a><\/div>[\/vc_column][vc_column width=\u00bb1\/2&#8243; css=\u00bb.vc_custom_1496402597496{padding: 0px !important;}\u00bb][vc_single_image image=\u00bb2237&#8243; img_size=\u00bblarge\u00bb css=\u00bb.vc_custom_1562794631771{margin-bottom: 0px !important;}\u00bb][\/vc_column][\/vc_row][vc_row equal_height=\u00bbyes\u00bb content_placement=\u00bbmiddle\u00bb css=\u00bb.vc_custom_1496402809943{padding-top: 0px !important;padding-bottom: 0px !important;}\u00bb][vc_column width=\u00bb1\/2&#8243; css=\u00bb.vc_custom_1496401745421{padding: 0px !important;}\u00bb][vc_single_image image=\u00bb2750&#8243; img_size=\u00bblarge\u00bb css=\u00bb.vc_custom_1563313769884{margin-bottom: 0px !important;}\u00bb][\/vc_column][vc_column width=\u00bb1\/2&#8243; css=\u00bb.vc_custom_1517562096471{padding-top: 10% !important;padding-right: 10% !important;padding-bottom: 10% !important;padding-left: 10% !important;background-color: #f1f1f1 !important;}\u00bb]\n\t<div class=\"title-subtitle-box   \" style=\" text-align: left;\">\n\t\t<h2 style=\" text-transform: uppercase; font-weight: 400; letter-spacing: 0px;\" >Experiencias enol\u00f3gicas<\/h2>\n\t\t<div class=\"subtitle\" style=\"\"><p>\u00a1Ven a conocer el mundo de nuestra bodega a trav\u00e9s de una visita guiada \u00fanica!<\/p>\n<\/div>\n\t<\/div> \n\t<div class=\"gg-special-link-wrapper  special-link-align-left\"><a  class=\"gg-special-link has-left-hor-line\" href=\"https:\/\/afianeswines.gr\/es\/visitenos\/experiencias-enologicas\/\" title=\"M\u00e1s informaci\u00f3n\" target=\"_self\">M\u00e1s informaci\u00f3n<\/a><\/div>[\/vc_column][\/vc_row]<\/p>\n","protected":false},"excerpt":{"rendered":"<p>[vc_row][vc_column][vc_row_inner][vc_column_inner width=\u00bb1\/2&#8243;][vc_column_text] Cata de vinos y visitas guiadas La bodega Afianes se encuentra en las tierras altas de Icaria, con vistas al oeste de la isla, un lugar donde el vino, los amigos, la naturaleza y la tradici\u00f3n se unen. La bodega est\u00e1 abierta todo el a\u00f1o, en invierno s\u00e1bados y domingos con cita previa,<br class=\"read-more-spacer\"> <a class=\"more-link\" href=\"https:\/\/afianeswines.gr\/es\/visitenos\/\">Read More<\/a><\/p>\n","protected":false},"author":1,"featured_media":34503,"parent":0,"menu_order":0,"comment_status":"closed","ping_status":"closed","template":"","meta":{"footnotes":""},"class_list":["post-34501","page","type-page","status-publish","has-post-thumbnail","hentry"],"yoast_head":"<!-- This site is optimized with the Yoast SEO plugin v27.2 - https:\/\/yoast.com\/product\/yoast-seo-wordpress\/ -->\n<title>Vis\u00edtenos - Afianes Wines<\/title>\n<meta name=\"description\" content=\"Los visitantes pueden realizar un recorrido por la bodega y aprender sobre las t\u00e9cnicas tradicionales de la vinificaci\u00f3n de Icaria.\" \/>\n<meta name=\"robots\" content=\"index, follow, max-snippet:-1, max-image-preview:large, max-video-preview:-1\" \/>\n<link rel=\"canonical\" href=\"https:\/\/afianeswines.gr\/es\/visitenos\/\" \/>\n<meta property=\"og:locale\" content=\"es_ES\" \/>\n<meta property=\"og:type\" content=\"article\" \/>\n<meta property=\"og:title\" content=\"Vis\u00edtenos - Afianes Wines\" \/>\n<meta property=\"og:description\" content=\"Los visitantes pueden realizar un recorrido por la bodega y aprender sobre las t\u00e9cnicas tradicionales de la vinificaci\u00f3n de Icaria.\" \/>\n<meta property=\"og:url\" content=\"https:\/\/afianeswines.gr\/es\/visitenos\/\" \/>\n<meta property=\"og:site_name\" content=\"Afianes Wines\" \/>\n<meta property=\"article:modified_time\" content=\"2025-09-08T14:21:31+00:00\" \/>\n<meta property=\"og:image\" content=\"https:\/\/afianeswines.gr\/wp-content\/uploads\/2018\/02\/shop-page-header-light.jpg\" \/>\n\t<meta property=\"og:image:width\" content=\"1440\" \/>\n\t<meta property=\"og:image:height\" content=\"610\" \/>\n\t<meta property=\"og:image:type\" content=\"image\/jpeg\" \/>\n<meta name=\"twitter:card\" content=\"summary_large_image\" \/>\n<meta name=\"twitter:label1\" content=\"Tiempo de lectura\" \/>\n\t<meta name=\"twitter:data1\" content=\"3 minutos\" \/>\n<script type=\"application\/ld+json\" class=\"yoast-schema-graph\">{\"@context\":\"https:\/\/schema.org\",\"@graph\":[{\"@type\":\"WebPage\",\"@id\":\"https:\/\/afianeswines.gr\/es\/visitenos\/\",\"url\":\"https:\/\/afianeswines.gr\/es\/visitenos\/\",\"name\":\"Vis\u00edtenos - Afianes Wines\",\"isPartOf\":{\"@id\":\"https:\/\/afianeswines.gr\/es\/#website\"},\"primaryImageOfPage\":{\"@id\":\"https:\/\/afianeswines.gr\/es\/visitenos\/#primaryimage\"},\"image\":{\"@id\":\"https:\/\/afianeswines.gr\/es\/visitenos\/#primaryimage\"},\"thumbnailUrl\":\"https:\/\/afianeswines.gr\/wp-content\/uploads\/2018\/02\/shop-page-header-light.jpg\",\"datePublished\":\"2017-06-02T09:31:33+00:00\",\"dateModified\":\"2025-09-08T14:21:31+00:00\",\"description\":\"Los visitantes pueden realizar un recorrido por la bodega y aprender sobre las t\u00e9cnicas tradicionales de la vinificaci\u00f3n de Icaria.\",\"breadcrumb\":{\"@id\":\"https:\/\/afianeswines.gr\/es\/visitenos\/#breadcrumb\"},\"inLanguage\":\"es\",\"potentialAction\":[{\"@type\":\"ReadAction\",\"target\":[\"https:\/\/afianeswines.gr\/es\/visitenos\/\"]}]},{\"@type\":\"ImageObject\",\"inLanguage\":\"es\",\"@id\":\"https:\/\/afianeswines.gr\/es\/visitenos\/#primaryimage\",\"url\":\"https:\/\/afianeswines.gr\/wp-content\/uploads\/2018\/02\/shop-page-header-light.jpg\",\"contentUrl\":\"https:\/\/afianeswines.gr\/wp-content\/uploads\/2018\/02\/shop-page-header-light.jpg\",\"width\":1440,\"height\":610},{\"@type\":\"BreadcrumbList\",\"@id\":\"https:\/\/afianeswines.gr\/es\/visitenos\/#breadcrumb\",\"itemListElement\":[{\"@type\":\"ListItem\",\"position\":1,\"name\":\"Home\",\"item\":\"https:\/\/afianeswines.gr\/es\/\"},{\"@type\":\"ListItem\",\"position\":2,\"name\":\"Vis\u00edtenos\"}]},{\"@type\":\"WebSite\",\"@id\":\"https:\/\/afianeswines.gr\/es\/#website\",\"url\":\"https:\/\/afianeswines.gr\/es\/\",\"name\":\"Afianes Wines\",\"description\":\"\u039f\u03b9\u03bd\u03bf\u03c0\u03bf\u03b9\u03b5\u03af\u03bf \u0399\u03ba\u03b1\u03c1\u03af\u03b1 - \u0395\u03ba\u03bb\u03b5\u03ba\u03c4\u03ac \u03ba\u03c1\u03b1\u03c3\u03b9\u03ac\",\"potentialAction\":[{\"@type\":\"SearchAction\",\"target\":{\"@type\":\"EntryPoint\",\"urlTemplate\":\"https:\/\/afianeswines.gr\/es\/?s={search_term_string}\"},\"query-input\":{\"@type\":\"PropertyValueSpecification\",\"valueRequired\":true,\"valueName\":\"search_term_string\"}}],\"inLanguage\":\"es\"}]}<\/script>\n<!-- \/ Yoast SEO plugin. -->","yoast_head_json":{"title":"Vis\u00edtenos - Afianes Wines","description":"Los visitantes pueden realizar un recorrido por la bodega y aprender sobre las t\u00e9cnicas tradicionales de la vinificaci\u00f3n de Icaria.","robots":{"index":"index","follow":"follow","max-snippet":"max-snippet:-1","max-image-preview":"max-image-preview:large","max-video-preview":"max-video-preview:-1"},"canonical":"https:\/\/afianeswines.gr\/es\/visitenos\/","og_locale":"es_ES","og_type":"article","og_title":"Vis\u00edtenos - Afianes Wines","og_description":"Los visitantes pueden realizar un recorrido por la bodega y aprender sobre las t\u00e9cnicas tradicionales de la vinificaci\u00f3n de Icaria.","og_url":"https:\/\/afianeswines.gr\/es\/visitenos\/","og_site_name":"Afianes Wines","article_modified_time":"2025-09-08T14:21:31+00:00","og_image":[{"width":1440,"height":610,"url":"https:\/\/afianeswines.gr\/wp-content\/uploads\/2018\/02\/shop-page-header-light.jpg","type":"image\/jpeg"}],"twitter_card":"summary_large_image","twitter_misc":{"Tiempo de lectura":"3 minutos"},"schema":{"@context":"https:\/\/schema.org","@graph":[{"@type":"WebPage","@id":"https:\/\/afianeswines.gr\/es\/visitenos\/","url":"https:\/\/afianeswines.gr\/es\/visitenos\/","name":"Vis\u00edtenos - Afianes Wines","isPartOf":{"@id":"https:\/\/afianeswines.gr\/es\/#website"},"primaryImageOfPage":{"@id":"https:\/\/afianeswines.gr\/es\/visitenos\/#primaryimage"},"image":{"@id":"https:\/\/afianeswines.gr\/es\/visitenos\/#primaryimage"},"thumbnailUrl":"https:\/\/afianeswines.gr\/wp-content\/uploads\/2018\/02\/shop-page-header-light.jpg","datePublished":"2017-06-02T09:31:33+00:00","dateModified":"2025-09-08T14:21:31+00:00","description":"Los visitantes pueden realizar un recorrido por la bodega y aprender sobre las t\u00e9cnicas tradicionales de la vinificaci\u00f3n de Icaria.","breadcrumb":{"@id":"https:\/\/afianeswines.gr\/es\/visitenos\/#breadcrumb"},"inLanguage":"es","potentialAction":[{"@type":"ReadAction","target":["https:\/\/afianeswines.gr\/es\/visitenos\/"]}]},{"@type":"ImageObject","inLanguage":"es","@id":"https:\/\/afianeswines.gr\/es\/visitenos\/#primaryimage","url":"https:\/\/afianeswines.gr\/wp-content\/uploads\/2018\/02\/shop-page-header-light.jpg","contentUrl":"https:\/\/afianeswines.gr\/wp-content\/uploads\/2018\/02\/shop-page-header-light.jpg","width":1440,"height":610},{"@type":"BreadcrumbList","@id":"https:\/\/afianeswines.gr\/es\/visitenos\/#breadcrumb","itemListElement":[{"@type":"ListItem","position":1,"name":"Home","item":"https:\/\/afianeswines.gr\/es\/"},{"@type":"ListItem","position":2,"name":"Vis\u00edtenos"}]},{"@type":"WebSite","@id":"https:\/\/afianeswines.gr\/es\/#website","url":"https:\/\/afianeswines.gr\/es\/","name":"Afianes Wines","description":"\u039f\u03b9\u03bd\u03bf\u03c0\u03bf\u03b9\u03b5\u03af\u03bf \u0399\u03ba\u03b1\u03c1\u03af\u03b1 - \u0395\u03ba\u03bb\u03b5\u03ba\u03c4\u03ac \u03ba\u03c1\u03b1\u03c3\u03b9\u03ac","potentialAction":[{"@type":"SearchAction","target":{"@type":"EntryPoint","urlTemplate":"https:\/\/afianeswines.gr\/es\/?s={search_term_string}"},"query-input":{"@type":"PropertyValueSpecification","valueRequired":true,"valueName":"search_term_string"}}],"inLanguage":"es"}]}},"_links":{"self":[{"href":"https:\/\/afianeswines.gr\/es\/wp-json\/wp\/v2\/pages\/34501","targetHints":{"allow":["GET"]}}],"collection":[{"href":"https:\/\/afianeswines.gr\/es\/wp-json\/wp\/v2\/pages"}],"about":[{"href":"https:\/\/afianeswines.gr\/es\/wp-json\/wp\/v2\/types\/page"}],"author":[{"embeddable":true,"href":"https:\/\/afianeswines.gr\/es\/wp-json\/wp\/v2\/users\/1"}],"replies":[{"embeddable":true,"href":"https:\/\/afianeswines.gr\/es\/wp-json\/wp\/v2\/comments?post=34501"}],"version-history":[{"count":15,"href":"https:\/\/afianeswines.gr\/es\/wp-json\/wp\/v2\/pages\/34501\/revisions"}],"predecessor-version":[{"id":39755,"href":"https:\/\/afianeswines.gr\/es\/wp-json\/wp\/v2\/pages\/34501\/revisions\/39755"}],"wp:featuredmedia":[{"embeddable":true,"href":"https:\/\/afianeswines.gr\/es\/wp-json\/wp\/v2\/media\/34503"}],"wp:attachment":[{"href":"https:\/\/afianeswines.gr\/es\/wp-json\/wp\/v2\/media?parent=34501"}],"curies":[{"name":"wp","href":"https:\/\/api.w.org\/{rel}","templated":true}]}}