{"id":34495,"date":"2019-06-30T03:19:09","date_gmt":"2019-06-30T00:19:09","guid":{"rendered":"https:\/\/afianeswines.gr\/%cf%8c%cf%81%ce%bf%ce%b9-%cf%87%cf%81%ce%ae%cf%83%ce%b7%cf%82\/"},"modified":"2024-01-22T21:01:27","modified_gmt":"2024-01-22T19:01:27","slug":"envios-y-condiciones-generales","status":"publish","type":"page","link":"https:\/\/afianeswines.gr\/es\/envios-y-condiciones-generales\/","title":{"rendered":"Env\u00edos de productos y condiciones generales"},"content":{"rendered":"<h2>Pedidos<\/h2>\n<p>Online en cualquier momento del d\u00eda, seleccione los productos que desee y agr\u00e9guelos en su carrito. Una vez que haya terminado sus compras, complete el formulario de pedido:<br \/>\nA. Si es la primera vez que realiza un pedido, complete los campos obligatorios en el Registro de Nuevo Miembro.<br \/>\nB. Si ya se registr\u00f3, simplemente ingrese su correo electr\u00f3nico y contrase\u00f1a en Mi Cuenta.<br \/>\nC. Si desea completar su pedido sin registrarse, haga clic en Pedido sin Registro, complete sus datos y su pedido se completar\u00e1 inmediatamente seleccionando: Finalizar Pedido.<\/p>\n<h2>M\u00e9todos de pago<\/h2>\n<p>1. Al depositar en una cuenta bancaria, el \u00abRemitente\u00bb se selecciona en la opci\u00f3n donde se solicita qui\u00e9n es responsable de los costos.<br \/>\nElija su Banco, realice el dep\u00f3sito y<br \/>\nA. El depositario nos env\u00eda si se realiza a trav\u00e9s de la banca web.<br \/>\nB. Nos informa por tel\u00e9fono que se ha realizado el dep\u00f3sito.<br \/>\n2. Tarjeta de cr\u00e9dito o d\u00e9bito. La Transacci\u00f3n es completamente segura y se realiza a trav\u00e9s del sistema Piraeus Bank.<br \/>\n3. Sistema de pago a trav\u00e9s de Paypal.<\/p>\n<h2>Plazos y tarifas de env\u00edo a Grecia<\/h2>\n<p>El env\u00edo a Grecia tarda de 7 a 10 d\u00edas laborables y los costos de env\u00edo son:<br \/>\n1 a 3 botellas 6 euros costo de env\u00edo<br \/>\n4 a + botellas 8 euros de costo de env\u00edo m\u00e1s 2 euros por cada botella extra.<br \/>\n(Ej. 1 botella el costo de env\u00edo es de 6 euros. 2 botellas el costo de env\u00edo es de 6 euros. 3 botellas el costo de env\u00edo es de 6 euros. 4 botellas el costo de env\u00edo es de 8 euros. 5 botellas el costo de env\u00edo es de 10 euros).<br \/>\nLos plazos de env\u00edo incluyen el tiempo que le lleva al barco llegar a Icaria y recoger sus botellas &lt;3.<\/p>\n<h2>Plazos y tarifas de env\u00edo internacional<\/h2>\n<p>Los plazos incluyen de 2-3 d\u00edas de procesamiento, para que el barco llegue a Icaria y recoja sus botellas.<br \/>\nAustralia: 15-50 d\u00edas laborables, de 1-3 botellas total de 130 euros. De 4-6 botellas total de 170 euros m\u00e1s 40 euros de impuestos<br \/>\nAustria: 15-50 d\u00edas laborables, de 1-3 botellas total de 30 euros. De 4-6 botellas total de 37 euros<br \/>\nB\u00e9lgica: 15-50 d\u00edas laborables, de 1-3 botellas total de 30 euros. De 4-6 botellas total de 37 euros<br \/>\nBrasil: 15-50 d\u00edas laborables, de 1-3 botellas total de 35 euros. De 4-6 botellas total de<br \/>\nCanad\u00e1: 15-50 d\u00edas laborables, de 1-3 botellas total de 62 euros. De 4-6 botellas total de 82 euros m\u00e1s 40 euros de impuestos<br \/>\nChipre: 15-50 d\u00edas laborables, de 1-3 botellas total de 35 euros. De 4-6 botellas total de<br \/>\nRep\u00fablica Checa: 15-50 d\u00edas laborables, de 1-3 botellas total de 35 euros. De 4-6 botellas total de 42 euros<br \/>\nDinamarca: 15-50 d\u00edas laborables, de 1-3 botellas total de 37 euros. De 4-6 botellas total de 44 euros<br \/>\nFinlandia: 15-50 d\u00edas laborables, de 1-3 botellas total de 37 euros. De 4-6 botellas total de 44 euros<br \/>\nFrancia: 15-50 d\u00edas laborables, de 1-3 botellas total de 30 euros. De 4-6 botellas total de 37 euros<br \/>\nAlemania: 15-50 d\u00edas laborables, de 1-3 botellas total de 30 euros. De 4-6 botellas total de 37 euros<br \/>\nIslandia: 15-50 d\u00edas laborables, de 1-3 botellas total de 35 euros. De 4-6 botellas total de<br \/>\nIrlanda: 15-50 d\u00edas laborables, de 1-3 botellas total de 39 euros. De 4-6 botellas total de<br \/>\nItalia: 15-50 d\u00edas laborables, de 1-3 botellas total de 30 euros. De 4-6 botellas total de 37 euros<br \/>\nLuxemburgo: 15-50 d\u00edas laborables, de 1-3 botellas total de 30 euros. De 4-6 botellas total de 37 euros<br \/>\nLituania: 15-50 d\u00edas laborables, de 1-3 botellas total de 37 euros. De 4-6 botellas total de 44 euros<br \/>\nLetonia: 15-50 d\u00edas laborables, de 1-3 botellas total de 37 euros. De 4-6 botellas total de 44 euros<br \/>\nM\u00e9xico: 15-50 d\u00edas laborables, de 1-3 botellas total de 62 euros. De 4-6 botellas total de 82 euros m\u00e1s 40 euros de impuestos<br \/>\nM\u00f3naco: 15-50 d\u00edas laborables, de 1-3 botellas total de 30 euros. De 4-6 botellas total de 37 euros<br \/>\nNueva Zelanda: 15-50 d\u00edas laborables, de 1-3 botellas total de 77 euros. De 4-6 botellas total de 102 euros m\u00e1s 40 euros de impuestos<br \/>\nNoruega: de 15-50 d\u00edas laborables, de 1-3 botellas total de 35 euros. De 4-6 botellas total de<br \/>\nHolanda: 15-50 d\u00edas laborables, de 1-3 botellas total de 30 euros. De 4-6 botellas total de 37 euros<br \/>\nPolonia: 15-50 d\u00edas laborables, de 1-3 botellas total de 35 euros. De 4 a 6 botellas total de 42 euros<br \/>\nPortugal: 15-50 d\u00edas laborables, de 1-3 botellas total de 35 euros. De 4-6 botellas total de 42 euros<br \/>\nCorea del Sur: 15-50 d\u00edas laborables, de 1-3 botellas total de 77 euros de 4-6 botellas total de 102 euros m\u00e1s 40 euros de impuestos<br \/>\nEspa\u00f1a: 15-50 d\u00edas laborables, de 1-3 botellas total de 35 euros. De 4-6 botellas total de 42 euros<br \/>\nSuecia: 15-50 d\u00edas laborables, de 1-3 botellas total de 37 euros. De 4-6 botellas total de 44 euros<br \/>\nSuiza: 15-50 d\u00edas laborables, de 1-3 botellas total de 51 euros. De 4-6 botellas total de 64 euros<br \/>\nEslovenia: 15-50 d\u00edas laborables, de 1-3 botellas total 35 euros. De 4-6 botellas total de 42 euros<br \/>\nJap\u00f3n: 15-50 d\u00edas laborables, de 1-3 botellas total de 77 euros. De 4-6 botellas total de 102 euros m\u00e1s 40 euros de impuestos<br \/>\nHong Kong: 15-50 d\u00edas laborables, de 1-3 botellas total de 77 euros. De 4-6 botellas total de 102 euros m\u00e1s 40 euros de impuestos<br \/>\nHungr\u00eda: 15-50 d\u00edas laborables, de 1-3 botellas total de 30 euros. De 4-6 botellas total de 37 euros<br \/>\nReino Unido: 15-50 d\u00edas laborables, de 1-3 botellas total de 39 euros. De 4-6 botellas total de 42 euros<br \/>\nEstados Unidos *: 15-50 d\u00edas laborables, de 1-3 botellas total de 62 euros. De 4-6 botellas total de 82 euros m\u00e1s 40 euros de tasas de impuestos<\/p>\n<p>*<em> Hay un l\u00edmite de cantidad en env\u00edos, seg\u00fan el estado:<\/em><\/p>\n<p><em>Alaska AK: Sin limitaci\u00f3n de cantidad. Missouri: 18 litros.<\/em><\/p>\n<p><em>Arizona AZ: 1 litro. Nevada: Sin l\u00edmite de cantidad.<\/em><\/p>\n<p><em>Colorado CO: Sin l\u00edmite de cantidad. New Hampshire: 2.8 litros.<\/em><\/p>\n<p><em>Connecticut CT: 18 litros. Nuevo M\u00e9xico: Sin l\u00edmite de cantidad.<\/em><\/p>\n<p><em>Delaware: 9 litros. Nueva York NY: Sin l\u00edmite de cantidad.<\/em><\/p>\n<p><em>Florida: 3,8 litros. Carolina del Norte: 8 litros.<\/em><\/p>\n<p><em>Georgia GA: 18 litros. Dakota del Norte: Sin l\u00edmite de cantidad.<\/em><\/p>\n<p><em>Hawaii HI: 18 litros. Ohio OH: 4,5 litros.<\/em><\/p>\n<p><em>Illinois IL: 9 litros. Oklahoma: 1 litro.<\/em><\/p>\n<p><em>Indiana: 18 litros. Pensilvania: 3,8 litros.<\/em><\/p>\n<p><em>Iowa: 4 litros. Rhode Island: Sin l\u00edmite de cantidad.<\/em><\/p>\n<p><em>Luisiana: Sin limitaci\u00f3n de cantidad. Tennessee: 18 litros.<\/em><\/p>\n<p><em>Maine: 3,8 litros. Washington: 1 litro.<\/em><\/p>\n<p><em>Michigan MI: 9 litros. Washington, DC DC: 9 litros.<\/em><\/p>\n<p><strong>Estados a los que no enviamos<\/strong>: <em>Alabama, Arkansas, California, Idaho, Kansas, Kentucky, Maryland, Massachusetts, Minnesota, Mississippi, Montana, Nebraska, Nueva Jersey, Oreg\u00f3n, Carolina del Sur, Dakota del Sur, Texas, Utah, Vermont, Virginia, Oeste Virginia, Wisconsin y Wyoming.<\/em><\/p>\n<h2>Pol\u00edtica de Cancelaci\u00f3n<\/h2>\n<ul>\n<li><strong>Cancelaci\u00f3n de Pedidos:<\/strong> Si desea cancelar un pedido, por favor cont\u00e1ctenos en info@afianeswines.gr o ll\u00e1menos al 2275040008.<\/li>\n<li><strong>Plazo de Cancelaci\u00f3n:<\/strong> Los pedidos pueden ser cancelados dentro de las 24 horas posteriores a su colocaci\u00f3n, siempre que no hayan sido enviados o procesados.<\/li>\n<li><strong>Gastos de Cancelaci\u00f3n:<\/strong> El 25% del monto total pagado ser\u00e1 retenido por nuestra empresa para cubrir gastos de procesamiento y penalidades.<\/li>\n<\/ul>\n<p>Productos que llegaron da\u00f1ados<br \/>\nLos reemplazamos sin costo si nos informa el d\u00eda de la recepci\u00f3n.<br \/>\nGarant\u00eda de seguridad de transacciones personales<br \/>\nGracias por elegirnos y le devolvemos el dinero con la m\u00e1xima seguridad. Tenga en cuenta que sus transacciones son completamente seguras, ya que es imposible decodificar los datos que se transmiten mediante SSL (SecureSockerLayer). El entorno de seguridad est\u00e1 certificado y respaldado por Piraeus Bank y Alphabank.<br \/>\nAdem\u00e1s, le informamos que por motivos de seguridad, Afianes Wines nunca almacena la informaci\u00f3n de su tarjeta de cr\u00e9dito, por lo que se le pedir\u00e1 la informaci\u00f3n de su tarjeta de cr\u00e9dito cada vez que realice un pedido. Esto le permite realizar de forma segura sus compras en l\u00ednea, ya sea en efectivo o con tarjeta de cr\u00e9dito a trav\u00e9s de Piraeus Bank y Alpha Bank todos los d\u00edas, las 24 horas del d\u00eda, los 365 d\u00edas del a\u00f1o.<\/p>\n<p>Si tiene alguna pregunta sobre su env\u00edo, env\u00edenos un mensaje \ud83d\ude42<\/p>\n<h2>Protecci\u00f3n y privacidad<\/h2>\n<p>PROTEGEMOS A NUESTROS CLIENTES<br \/>\nEn Afianes Wines respetamos a nuestros clientes por eso estamos comprometidos a proteger su informaci\u00f3n personal y salvaguardar sus compras<\/p>\n<p><strong>1. Garant\u00eda de seguridad de datos personales<\/strong><br \/>\nLa gesti\u00f3n y protecci\u00f3n de los datos personales de nuestros clientes en www.afianeswines.gr respeta el Reglamento General de Protecci\u00f3n de Datos Personales 2016\/679 \/ UE y la legislaci\u00f3n griega y europea, de conformidad con todas las normas de seguridad exigidas y bajo las normas de este archivo. El responsable del tratamiento de los datos anteriores es el Sr. Afianos Grigoris, a quien se puede contactar para el ejercicio de sus derechos legales en Prof. Elias, Raches, Ikaria, 83301, tel. 2275040008. www.afianeswines.gr act\u00faa de acuerdo con la ley aplicable, salvaguarda la privacidad de cada visitante y miembro registrado y se compromete a no transmitir a ning\u00fan tercero (legal o natural) por ning\u00fan motivo, con la excepci\u00f3n de las disposiciones legales pertinentes y a las autoridades competentes \u00fanicamente.<\/p>\n<p>Mantiene archivos con datos personales, que el propio visitante registra y env\u00eda al registrarse como miembro, o los env\u00eda a trav\u00e9s de cualquier formulario de contacto, bajo pedido, \u00fanicamente con la finalidad de contactar a www.afianeswines.gr con los datos del interesado. www.afianeswines.gr colabora con proveedores de servicios de pago (por ejemplo, empresas de transporte y mensajer\u00eda, bancos, etc.), servicios estad\u00edsticos, proveedores de servicios de TI, necesarios para prestar servicio a los usuarios del sitio, para realizar negocios pero tambi\u00e9n para proteger los datos. Los proveedores anteriores tienen acceso a los datos personales, siempre que sean necesarios para el funcionamiento de sus servicios y est\u00e9n obligados a utilizar los datos personales de acuerdo con esta declaraci\u00f3n de privacidad y las leyes de protecci\u00f3n de datos personales de la legislaci\u00f3n griega.<br \/>\nwww.afianeswines.gr no puede garantizar la seguridad de los datos transmitidos a trav\u00e9s de las redes, siempre y cuando no est\u00e9 protegido por las medidas de seguridad adecuadas exigidas por la ley y no tome ninguna copia de seguridad directa, indirecta, positiva, relevante, material o sin da\u00f1o que el usuario pueda haber sufrido por acceder a Internet.<br \/>\nEl visitante \/ usuario puede contactar con la empresa en info@afianeswines.gr para obtener cualquier informaci\u00f3n sobre su pol\u00edtica de privacidad, su correcci\u00f3n o su eliminaci\u00f3n completa. Tambi\u00e9n puede realizar correcciones en su cuenta o eliminar su cuenta de www.afianeswines.gr a \u200b\u200btrav\u00e9s de la gesti\u00f3n de su cuenta.<br \/>\nPor \u00faltimo, www.afianeswines.gr puede mantener datos no personales, es decir, datos que no identifican a la persona que los envi\u00f3, debido a estad\u00edsticas y estimaciones de tr\u00e1fico.<\/p>\n<p><strong>2. Cookies<\/strong><br \/>\nwww.afianeswines.gr no utiliza cookies de forma permanente para recopilar informaci\u00f3n personal de los visitantes mientras navegan por el sitio. Sin embargo, algunos sitios web en el sitio pueden activar temporalmente cookies que se eliminan cuando el navegador del visitante termina en www.afianeswines.gr.<\/p>\n<p><strong>3. Direcciones IP<\/strong><br \/>\nLa direcci\u00f3n IP a trav\u00e9s de la cual la computadora del visitante tiene acceso a Internet y posteriormente a www.afianeswines.gr se utiliza \u00fanicamente para la recopilaci\u00f3n de estad\u00edsticas o para la protecci\u00f3n de ataques maliciosos en www.afianeswines.gr. Esta se encuentra sujeta a los t\u00e9rminos de protecci\u00f3n personal. Datos analizados anteriormente.<\/p>\n","protected":false},"excerpt":{"rendered":"<p>Pedidos Online en cualquier momento del d\u00eda, seleccione los productos que desee y agr\u00e9guelos en su carrito. Una vez que haya terminado sus compras, complete el formulario de pedido: A. Si es la primera vez que realiza un pedido, complete los campos obligatorios en el Registro de Nuevo Miembro. B. Si ya se registr\u00f3, simplemente<br class=\"read-more-spacer\"> <a class=\"more-link\" href=\"https:\/\/afianeswines.gr\/es\/envios-y-condiciones-generales\/\">Read More<\/a><\/p>\n","protected":false},"author":1,"featured_media":34496,"parent":0,"menu_order":0,"comment_status":"closed","ping_status":"closed","template":"","meta":{"footnotes":""},"class_list":["post-34495","page","type-page","status-publish","has-post-thumbnail","hentry"],"yoast_head":"<!-- This site is optimized with the Yoast SEO plugin v27.2 - https:\/\/yoast.com\/product\/yoast-seo-wordpress\/ -->\n<title>Env\u00edos de productos y condiciones generales - Afianes Wines<\/title>\n<meta name=\"robots\" content=\"index, follow, max-snippet:-1, max-image-preview:large, max-video-preview:-1\" \/>\n<link rel=\"canonical\" href=\"https:\/\/afianeswines.gr\/es\/envios-y-condiciones-generales\/\" \/>\n<meta property=\"og:locale\" content=\"es_ES\" \/>\n<meta property=\"og:type\" content=\"article\" \/>\n<meta property=\"og:title\" content=\"Env\u00edos de productos y condiciones generales - Afianes Wines\" \/>\n<meta property=\"og:description\" content=\"Pedidos Online en cualquier momento del d\u00eda, seleccione los productos que desee y agr\u00e9guelos en su carrito. Una vez que haya terminado sus compras, complete el formulario de pedido: A. Si es la primera vez que realiza un pedido, complete los campos obligatorios en el Registro de Nuevo Miembro. B. Si ya se registr\u00f3, simplemente Read More\" \/>\n<meta property=\"og:url\" content=\"https:\/\/afianeswines.gr\/es\/envios-y-condiciones-generales\/\" \/>\n<meta property=\"og:site_name\" content=\"Afianes Wines\" \/>\n<meta property=\"article:modified_time\" content=\"2024-01-22T19:01:27+00:00\" \/>\n<meta property=\"og:image\" content=\"https:\/\/afianeswines.gr\/wp-content\/uploads\/2019\/07\/episk-1.jpg\" \/>\n\t<meta property=\"og:image:width\" content=\"2000\" \/>\n\t<meta property=\"og:image:height\" content=\"329\" \/>\n\t<meta property=\"og:image:type\" content=\"image\/jpeg\" \/>\n<meta name=\"twitter:card\" content=\"summary_large_image\" \/>\n<meta name=\"twitter:label1\" content=\"Tiempo de lectura\" \/>\n\t<meta name=\"twitter:data1\" content=\"9 minutos\" \/>\n<script type=\"application\/ld+json\" class=\"yoast-schema-graph\">{\"@context\":\"https:\/\/schema.org\",\"@graph\":[{\"@type\":\"WebPage\",\"@id\":\"https:\/\/afianeswines.gr\/es\/envios-y-condiciones-generales\/\",\"url\":\"https:\/\/afianeswines.gr\/es\/envios-y-condiciones-generales\/\",\"name\":\"Env\u00edos de productos y condiciones generales - Afianes Wines\",\"isPartOf\":{\"@id\":\"https:\/\/afianeswines.gr\/es\/#website\"},\"primaryImageOfPage\":{\"@id\":\"https:\/\/afianeswines.gr\/es\/envios-y-condiciones-generales\/#primaryimage\"},\"image\":{\"@id\":\"https:\/\/afianeswines.gr\/es\/envios-y-condiciones-generales\/#primaryimage\"},\"thumbnailUrl\":\"https:\/\/afianeswines.gr\/wp-content\/uploads\/2019\/07\/episk-1.jpg\",\"datePublished\":\"2019-06-30T00:19:09+00:00\",\"dateModified\":\"2024-01-22T19:01:27+00:00\",\"breadcrumb\":{\"@id\":\"https:\/\/afianeswines.gr\/es\/envios-y-condiciones-generales\/#breadcrumb\"},\"inLanguage\":\"es\",\"potentialAction\":[{\"@type\":\"ReadAction\",\"target\":[\"https:\/\/afianeswines.gr\/es\/envios-y-condiciones-generales\/\"]}]},{\"@type\":\"ImageObject\",\"inLanguage\":\"es\",\"@id\":\"https:\/\/afianeswines.gr\/es\/envios-y-condiciones-generales\/#primaryimage\",\"url\":\"https:\/\/afianeswines.gr\/wp-content\/uploads\/2019\/07\/episk-1.jpg\",\"contentUrl\":\"https:\/\/afianeswines.gr\/wp-content\/uploads\/2019\/07\/episk-1.jpg\",\"width\":2000,\"height\":329},{\"@type\":\"BreadcrumbList\",\"@id\":\"https:\/\/afianeswines.gr\/es\/envios-y-condiciones-generales\/#breadcrumb\",\"itemListElement\":[{\"@type\":\"ListItem\",\"position\":1,\"name\":\"Home\",\"item\":\"https:\/\/afianeswines.gr\/es\/\"},{\"@type\":\"ListItem\",\"position\":2,\"name\":\"Env\u00edos de productos y condiciones generales\"}]},{\"@type\":\"WebSite\",\"@id\":\"https:\/\/afianeswines.gr\/es\/#website\",\"url\":\"https:\/\/afianeswines.gr\/es\/\",\"name\":\"Afianes Wines\",\"description\":\"\u039f\u03b9\u03bd\u03bf\u03c0\u03bf\u03b9\u03b5\u03af\u03bf \u0399\u03ba\u03b1\u03c1\u03af\u03b1 - \u0395\u03ba\u03bb\u03b5\u03ba\u03c4\u03ac \u03ba\u03c1\u03b1\u03c3\u03b9\u03ac\",\"potentialAction\":[{\"@type\":\"SearchAction\",\"target\":{\"@type\":\"EntryPoint\",\"urlTemplate\":\"https:\/\/afianeswines.gr\/es\/?s={search_term_string}\"},\"query-input\":{\"@type\":\"PropertyValueSpecification\",\"valueRequired\":true,\"valueName\":\"search_term_string\"}}],\"inLanguage\":\"es\"}]}<\/script>\n<!-- \/ Yoast SEO plugin. -->","yoast_head_json":{"title":"Env\u00edos de productos y condiciones generales - Afianes Wines","robots":{"index":"index","follow":"follow","max-snippet":"max-snippet:-1","max-image-preview":"max-image-preview:large","max-video-preview":"max-video-preview:-1"},"canonical":"https:\/\/afianeswines.gr\/es\/envios-y-condiciones-generales\/","og_locale":"es_ES","og_type":"article","og_title":"Env\u00edos de productos y condiciones generales - Afianes Wines","og_description":"Pedidos Online en cualquier momento del d\u00eda, seleccione los productos que desee y agr\u00e9guelos en su carrito. Una vez que haya terminado sus compras, complete el formulario de pedido: A. Si es la primera vez que realiza un pedido, complete los campos obligatorios en el Registro de Nuevo Miembro. B. Si ya se registr\u00f3, simplemente Read More","og_url":"https:\/\/afianeswines.gr\/es\/envios-y-condiciones-generales\/","og_site_name":"Afianes Wines","article_modified_time":"2024-01-22T19:01:27+00:00","og_image":[{"width":2000,"height":329,"url":"https:\/\/afianeswines.gr\/wp-content\/uploads\/2019\/07\/episk-1.jpg","type":"image\/jpeg"}],"twitter_card":"summary_large_image","twitter_misc":{"Tiempo de lectura":"9 minutos"},"schema":{"@context":"https:\/\/schema.org","@graph":[{"@type":"WebPage","@id":"https:\/\/afianeswines.gr\/es\/envios-y-condiciones-generales\/","url":"https:\/\/afianeswines.gr\/es\/envios-y-condiciones-generales\/","name":"Env\u00edos de productos y condiciones generales - Afianes Wines","isPartOf":{"@id":"https:\/\/afianeswines.gr\/es\/#website"},"primaryImageOfPage":{"@id":"https:\/\/afianeswines.gr\/es\/envios-y-condiciones-generales\/#primaryimage"},"image":{"@id":"https:\/\/afianeswines.gr\/es\/envios-y-condiciones-generales\/#primaryimage"},"thumbnailUrl":"https:\/\/afianeswines.gr\/wp-content\/uploads\/2019\/07\/episk-1.jpg","datePublished":"2019-06-30T00:19:09+00:00","dateModified":"2024-01-22T19:01:27+00:00","breadcrumb":{"@id":"https:\/\/afianeswines.gr\/es\/envios-y-condiciones-generales\/#breadcrumb"},"inLanguage":"es","potentialAction":[{"@type":"ReadAction","target":["https:\/\/afianeswines.gr\/es\/envios-y-condiciones-generales\/"]}]},{"@type":"ImageObject","inLanguage":"es","@id":"https:\/\/afianeswines.gr\/es\/envios-y-condiciones-generales\/#primaryimage","url":"https:\/\/afianeswines.gr\/wp-content\/uploads\/2019\/07\/episk-1.jpg","contentUrl":"https:\/\/afianeswines.gr\/wp-content\/uploads\/2019\/07\/episk-1.jpg","width":2000,"height":329},{"@type":"BreadcrumbList","@id":"https:\/\/afianeswines.gr\/es\/envios-y-condiciones-generales\/#breadcrumb","itemListElement":[{"@type":"ListItem","position":1,"name":"Home","item":"https:\/\/afianeswines.gr\/es\/"},{"@type":"ListItem","position":2,"name":"Env\u00edos de productos y condiciones generales"}]},{"@type":"WebSite","@id":"https:\/\/afianeswines.gr\/es\/#website","url":"https:\/\/afianeswines.gr\/es\/","name":"Afianes Wines","description":"\u039f\u03b9\u03bd\u03bf\u03c0\u03bf\u03b9\u03b5\u03af\u03bf \u0399\u03ba\u03b1\u03c1\u03af\u03b1 - \u0395\u03ba\u03bb\u03b5\u03ba\u03c4\u03ac \u03ba\u03c1\u03b1\u03c3\u03b9\u03ac","potentialAction":[{"@type":"SearchAction","target":{"@type":"EntryPoint","urlTemplate":"https:\/\/afianeswines.gr\/es\/?s={search_term_string}"},"query-input":{"@type":"PropertyValueSpecification","valueRequired":true,"valueName":"search_term_string"}}],"inLanguage":"es"}]}},"_links":{"self":[{"href":"https:\/\/afianeswines.gr\/es\/wp-json\/wp\/v2\/pages\/34495","targetHints":{"allow":["GET"]}}],"collection":[{"href":"https:\/\/afianeswines.gr\/es\/wp-json\/wp\/v2\/pages"}],"about":[{"href":"https:\/\/afianeswines.gr\/es\/wp-json\/wp\/v2\/types\/page"}],"author":[{"embeddable":true,"href":"https:\/\/afianeswines.gr\/es\/wp-json\/wp\/v2\/users\/1"}],"replies":[{"embeddable":true,"href":"https:\/\/afianeswines.gr\/es\/wp-json\/wp\/v2\/comments?post=34495"}],"version-history":[{"count":10,"href":"https:\/\/afianeswines.gr\/es\/wp-json\/wp\/v2\/pages\/34495\/revisions"}],"predecessor-version":[{"id":37995,"href":"https:\/\/afianeswines.gr\/es\/wp-json\/wp\/v2\/pages\/34495\/revisions\/37995"}],"wp:featuredmedia":[{"embeddable":true,"href":"https:\/\/afianeswines.gr\/es\/wp-json\/wp\/v2\/media\/34496"}],"wp:attachment":[{"href":"https:\/\/afianeswines.gr\/es\/wp-json\/wp\/v2\/media?parent=34495"}],"curies":[{"name":"wp","href":"https:\/\/api.w.org\/{rel}","templated":true}]}}